{"id":3024,"date":"2018-05-23T15:43:59","date_gmt":"2018-05-23T14:43:59","guid":{"rendered":"https:\/\/www.standard-industrie.com\/pt\/?page_id=3024"},"modified":"2023-02-20T16:33:45","modified_gmt":"2023-02-20T15:33:45","slug":"politica-de-privacidade","status":"publish","type":"page","link":"https:\/\/www.standard-industrie.com\/pt\/politica-de-privacidade\/","title":{"rendered":"POL\u00cdTICA DE PRIVACIDADE"},"content":{"rendered":"<p>[vc_row][vc_column][vc_empty_space][vc_column_text]<\/p>\n<h1>Gest\u00e3o de bolachas &#8211; Pol\u00edtica de privacidade<\/h1>\n<p>Levamos a sua privacidade muito a s\u00e9rio!<\/p>\n<p>Obrigado por utilizar os nossos s\u00edtios e servi\u00e7os. Tal como voc\u00ea, acreditamos que a integridade pessoal \u00e9 importante e levamos a sua privacidade muito a s\u00e9rio. Esta declara\u00e7\u00e3o de privacidade \u00e9 relevante para qualquer indiv\u00edduo que partilhe dados pessoais directa ou indirectamente com a Standard Industrie, visitando os nossos websites ou utilizando os nossos servi\u00e7os.<\/p>\n<p>A Standard Industrie \u00e9 uma empresa estabelecida em Fran\u00e7a e, como tal, aderimos \u00e0 legisla\u00e7\u00e3o francesa sobre a protec\u00e7\u00e3o de informa\u00e7\u00f5es pessoais (1998: 204) que implementa a Directiva Europeia de Protec\u00e7\u00e3o de Dados 95\/46\/CE.<\/p>\n<p>A nossa sede social est\u00e1 localizada em 139 -141 rue du LuxembourgCS 50207<br \/>\n59054 ROUBAIX Cedex 1<br \/>\nFRANCE.<\/p>\n<p>Se tiver quaisquer perguntas ou preocupa\u00e7\u00f5es sobre protec\u00e7\u00e3o de dados, por favor contacte-nos em info@www.standard-industrie.com.<\/p>\n<p>Nesta declara\u00e7\u00e3o de privacidade, explicamos que tipos de dados pessoais podem ser processados e para que fins. Explicamos tamb\u00e9m as escolhas que tem em rela\u00e7\u00e3o ao nosso processamento e como pode saber mais sobre o nosso processamento e os seus direitos.<\/p>\n<h2>\u00c2MBITO DA POL\u00cdTICA DE PRIVACIDADE<\/h2>\n<p>Note que esta pol\u00edtica de privacidade diz respeito ao processamento de dados pessoais para os quais a Standard Industrie \u00e9 o Controlador de Dados, ou seja, onde a Standard Industrie decidiu sobre as finalidades e meios de processamento.<\/p>\n<p>Para evitar d\u00favidas, esta Pol\u00edtica de Privacidade n\u00e3o cobre qualquer processamento de dados pessoais que a Standard Industrie possa efectuar como Subcontratado em resultado da sua utiliza\u00e7\u00e3o dos nossos servi\u00e7os.<\/p>\n<p>Para mais informa\u00e7\u00f5es sobre como os nossos servi\u00e7os podem ser utilizados para facilitar o seu processamento de dados pessoais, e sobre as responsabilidades e compromissos da Standard Industrie em rela\u00e7\u00e3o aos mesmos, queira consultar os termos aplic\u00e1veis.<\/p>\n<h2>DADOS PESSOAIS PROCESSADOS<\/h2>\n<p>Dados pessoais significam dados que o identificam como indiv\u00edduo. Podemos processar os seguintes tipos de dados pessoais sobre si:<\/p>\n<p>Os seus dados de contacto, incluindo nome, endere\u00e7o de correio electr\u00f3nico e n\u00famero de telefone<\/p>\n<p>Informa\u00e7\u00e3o do utilizador, por exemplo, se entrar no nosso servi\u00e7o ou visitar os nossos websites. Esta informa\u00e7\u00e3o pode incluir n\u00famero IP, tipo de dispositivo e navegador, fuso hor\u00e1rio, localiza\u00e7\u00e3o geogr\u00e1fica, bem como os seus interesses e prefer\u00eancias Informa\u00e7\u00f5es sobre como interage com os nossos servi\u00e7os, por exemplo, sobre as caracter\u00edsticas utilizadas e os bot\u00f5es clicados<\/p>\n<p>Outras informa\u00e7\u00f5es que recebemos atrav\u00e9s dos seus contactos<\/p>\n<h2>FINS DE PROCESSAMENTO<\/h2>\n<p>Processamos os seus dados pessoais para os seguintes fins:<\/p>\n<p>Prestar os nossos servi\u00e7os de acordo com os termos aplic\u00e1veis<\/p>\n<p>Para administrar a rela\u00e7\u00e3o comercial consigo e com o cliente Standard Industrie que representa<\/p>\n<p>Para desenvolver e melhorar os nossos servi\u00e7os<\/p>\n<p>Fornecer informa\u00e7\u00f5es e ofertas a clientes da Ind\u00fastria Standard ou potenciais clientes sobre os nossos servi\u00e7os de terceiros seleccionados. Para evitar d\u00favidas, qualquer material de marketing distribu\u00eddo utilizando os seus dados pessoais \u00e9-lhe enviado como representante de um cliente actual ou potencial da Ind\u00fastria Standard e n\u00e3o a si como indiv\u00edduo.<\/p>\n<h2>PARTILHA COM TERCEIROS E TRANSFER\u00caNCIA PARA PA\u00cdSES TERCEIROS<\/h2>\n<p>Podemos partilhar dados pessoais com terceiros para os fins acima explicados. Para evitar d\u00favidas, n\u00e3o partilharemos dados pessoais com terceiros de tal forma que esses terceiros utilizem os dados pessoais para fins de marketing directo em rela\u00e7\u00e3o ao cliente como indiv\u00edduo, mas apenas como representante de um cliente actual ou potencial da Standard Industrie.<\/p>\n<p>Podemos transferir dados pessoais para um pa\u00eds fora do EEE, mas precisaremos primeiro de obter o seu consentimento ou assegurar que a transfer\u00eancia seja l\u00edcita e segura, tomando outras provid\u00eancias.<\/p>\n<p>Como explicado acima, lembre-se que esta pol\u00edtica de privacidade n\u00e3o cobre qualquer processamento de dados pelo qual o utilizador possa ser respons\u00e1vel em resultado da utiliza\u00e7\u00e3o dos nossos servi\u00e7os. O cliente, ou a parte que representa, \u00e9 sempre respons\u00e1vel pelo seu processamento de dados pessoais, de acordo com a lei aplic\u00e1vel.<\/p>\n<h2>SEUS DIREITOS<\/h2>\n<p>Temos a obriga\u00e7\u00e3o de processar dados pessoais precisos, relevantes e necess\u00e1rios, tendo em conta os nossos objectivos leg\u00edtimos. O utilizador tem o direito de nos controlar.<\/p>\n<p>Para actualizar os dados pessoais que processamos sobre si, por favor contacte-nos em info@www.standard-industrie.com. Para receber um extracto gratuito dos dados pessoais que processamos sobre si, envie-nos uma carta assinada para Standard Industrie.<\/p>\n<h3>Gest\u00e3o de bolos<\/h3>\n<p>Utilizamos cookies para v\u00e1rios fins. Pode mudar de ideias em qualquer altura, clicando no \u00edcone no canto inferior direito das p\u00e1ginas.<\/p>\n<p>Cookies necess\u00e1rios para o bom funcionamento do site<\/p>\n<p>Estes cookies s\u00e3o utilizados principalmente para detectar spam e para melhorar a seguran\u00e7a do site, cujos dados s\u00e3o armazenados em Fran\u00e7a. S\u00e3o obrigat\u00f3rios para o funcionamento do site e n\u00e3o incluem quaisquer dados pessoais explor\u00e1veis.<\/p>\n<h3>Cookies de medi\u00e7\u00e3o de tr\u00e1fego<\/h3>\n<p>Estes cookies s\u00e3o utilizados para lhe apresentar conte\u00fados relevantes para os seus h\u00e1bitos de navega\u00e7\u00e3o.<br \/>\nEm particular, estes cookies s\u00e3o utilizados pelo Youtube (dados armazenados nos EUA) para acompanhar os v\u00eddeos visualizados.<\/p>\n<p><iframe loading=\"lazy\" style=\"border: 0; height: 200px; width: 100%;\" src=\"https:\/\/analytics.d2bconsulting.fr\/index.php?module=CoreAdminHome&amp;action=optOut&amp;language=fr&amp;backgroundColor=ffffff&amp;fontColor=&amp;fontSize=15px&amp;fontFamily='Open Sans', sans-serif\" width=\"300\" height=\"150\"><\/iframe><\/p>\n<h2>Disposi\u00e7\u00f5es do RGPD<\/h2>\n<p>Standard Industrie \u00e9 a empresa respons\u00e1vel pelo processamento dos dados recolhidos no website www.standard-industrie.com.<\/p>\n<p>O utilizador \u00e9 nomeadamente informado de que, em conformidade com o artigo 32 da lei francesa modificada sobre a Inform\u00e1tica e Liberdade, de 6 de Janeiro de 1978, as informa\u00e7\u00f5es que comunica atrav\u00e9s dos formul\u00e1rios presentes no site Standard Industrie s\u00e3o necess\u00e1rias para responder ao seu pedido e destinam-se aos departamentos encarregados de responder ao seu pedido com o objectivo de dar seguimento a este pedido.<\/p>\n<p>Em conformidade com as disposi\u00e7\u00f5es dos artigos 39\u00ba e 40\u00ba da lei francesa da protec\u00e7\u00e3o de dados de 6 de Janeiro de 1978, alterada em 2004, o utilizador tem o direito de acesso, rectifica\u00e7\u00e3o, actualiza\u00e7\u00e3o e supress\u00e3o das informa\u00e7\u00f5es que lhe dizem respeito, que pode exercer contactando a Standard Industrie &#8211; 139 -141 rue du Luxembourg<\/p>\n<p>CS 50207 &#8211; 59054 ROUBAIX Cedex 1 &#8211; FRAN\u00c7A, especificando &#8220;Direitos pessoais&#8221; na linha de assunto da carta e anexando uma c\u00f3pia da sua prova de identidade.<\/p>\n<p>Tem tamb\u00e9m o direito de dar instru\u00e7\u00f5es sobre o destino dos seus dados ap\u00f3s a sua morte.<\/p>\n<p>Em conformidade com as disposi\u00e7\u00f5es do artigo 38 da lei francesa sobre a protec\u00e7\u00e3o de dados de 6 de Janeiro de 1978, alterada em 2004, o utilizador pode igualmente opor-se, por raz\u00f5es leg\u00edtimas, ao tratamento dos seus dados e, sem qualquer raz\u00e3o e sem custos, \u00e0 utiliza\u00e7\u00e3o dos seus dados para fins de prospec\u00e7\u00e3o comercial.<\/p>\n<p>O utilizador \u00e9 informado de que durante as suas visitas ao site www.standard-industrie.com, um cookie pode ser automaticamente instalado no seu navegador.<\/p>\n<p>As informa\u00e7\u00f5es recolhidas neste site ser\u00e3o guardadas por um per\u00edodo de tr\u00eas anos.<\/p>\n<p>O cookie \u00e9 um bloco de dados que n\u00e3o identifica os utilizadores, mas \u00e9 utilizado para registar informa\u00e7\u00f5es sobre a navega\u00e7\u00e3o do utilizador no site. O software do navegador pode ser configurado para informar os utilizadores da presen\u00e7a de um cookie e, se necess\u00e1rio, para o recusar, tal como descrito no seguinte endere\u00e7o www.cnil.fr.<\/p>\n<p>O utilizador tem o direito de aceder, retirar e modificar os dados pessoais comunicados por meio de cookies nas condi\u00e7\u00f5es acima indicadas.<\/p>\n<p>O utilizador do s\u00edtio web Standard Industrie \u00e9 obrigado a respeitar as disposi\u00e7\u00f5es da lei alterada da protec\u00e7\u00e3o de dados francesa de 6 de Janeiro de 1978, cuja viola\u00e7\u00e3o \u00e9 pass\u00edvel de san\u00e7\u00f5es penais. Em particular, deve abster-se de recolher ou utilizar qualquer informa\u00e7\u00e3o pessoal a que aceda e, em geral, de qualquer acto suscept\u00edvel de infringir a vida privada ou a reputa\u00e7\u00e3o das pessoas.[\/vc_column_text][\/vc_column][\/vc_row]<\/p>\n","protected":false},"excerpt":{"rendered":"<p>[vc_row][vc_column][vc_empty_space][vc_column_text] Gest\u00e3o de bolachas &#8211; Pol\u00edtica de privacidade Levamos a sua privacidade muito a s\u00e9rio! Obrigado por utilizar os nossos s\u00edtios e servi\u00e7os. Tal como voc\u00ea,<span class=\"excerpt-hellip\"> [\u2026]<\/span><\/p>\n","protected":false},"author":1,"featured_media":0,"parent":0,"menu_order":52,"comment_status":"closed","ping_status":"closed","template":"","meta":{"footnotes":""},"class_list":["post-3024","page","type-page","status-publish","hentry"],"_links":{"self":[{"href":"https:\/\/www.standard-industrie.com\/pt\/wp-json\/wp\/v2\/pages\/3024","targetHints":{"allow":["GET"]}}],"collection":[{"href":"https:\/\/www.standard-industrie.com\/pt\/wp-json\/wp\/v2\/pages"}],"about":[{"href":"https:\/\/www.standard-industrie.com\/pt\/wp-json\/wp\/v2\/types\/page"}],"author":[{"embeddable":true,"href":"https:\/\/www.standard-industrie.com\/pt\/wp-json\/wp\/v2\/users\/1"}],"replies":[{"embeddable":true,"href":"https:\/\/www.standard-industrie.com\/pt\/wp-json\/wp\/v2\/comments?post=3024"}],"version-history":[{"count":0,"href":"https:\/\/www.standard-industrie.com\/pt\/wp-json\/wp\/v2\/pages\/3024\/revisions"}],"wp:attachment":[{"href":"https:\/\/www.standard-industrie.com\/pt\/wp-json\/wp\/v2\/media?parent=3024"}],"curies":[{"name":"wp","href":"https:\/\/api.w.org\/{rel}","templated":true}]}}