{"id":3496,"date":"2021-10-22T11:01:19","date_gmt":"2021-10-22T10:01:19","guid":{"rendered":"https:\/\/www.standard-industrie.com\/pt\/?page_id=3496"},"modified":"2025-06-05T11:01:07","modified_gmt":"2025-06-05T10:01:07","slug":"solucao-aspiracao-industrial-desobstrucao-para-fabrica-cimento","status":"publish","type":"page","link":"https:\/\/www.standard-industrie.com\/pt\/solucao-aspiracao-industrial-desobstrucao-para-fabrica-cimento\/","title":{"rendered":"SOLU\u00c7\u00c3O DE ASPIRA\u00c7\u00c3O INDUSTRIAL E DESOBSTRU\u00c7\u00c3O PARA F\u00c1BRICA DE CIMENTO"},"content":{"rendered":"<p>[vc_row][vc_column][vc_empty_space][vc_column_text el_class=&#8221;gros-titre fort trait-bleu traits-gris-droite-gauche titre-centre vc_separator wpb_content_element vc_separator_align_center vc_sep_width_100 vc_sep_border_width_2 vc_sep_pos_align_center vc_separator-has-text&#8221;]<\/p>\n<div class=\"vc_sep_holder vc_sep_holder_l\">\n<p class=\"vc_sep_line\" style=\"border-color: grey;\">\n<\/div>\n<h2 style=\"text-align: center;\">Solu\u00e7\u00e3o de desobstru\u00e7\u00e3o para f\u00e1brica de cimento<\/h2>\n<div class=\"vc_sep_holder vc_sep_holder_r\">\n<p class=\"vc_sep_line\" style=\"border-color: grey;\">\n<\/div>\n<p>[\/vc_column_text][\/vc_column][\/vc_row][vc_row el_class=&#8221;invert-block&#8221;][vc_column width=&#8221;1\/2&#8243;][vc_column_text]As nossas solu\u00e7\u00f5es de limpeza para f\u00e1bricas de cimento ou cimenteiras permitem eliminar as obstru\u00e7\u00f5es de areia e solidifica\u00e7\u00f5es presentes nas unidades de armazenamento e nas condutas de g\u00e1s presentes no processo. Estas t\u00e9cnicas permitem diminuir os problemas de derrocada de material antes e depois da combust\u00e3o.<\/p>\n<p style=\"text-align: left;\">A Standard Industrie prop\u00f5e diferentes ferramentas e presta\u00e7\u00f5es de servi\u00e7os para <a href=\"\/pt\/eliminacao-das-obstrucoes-e-concrecoes\/\">elimina\u00e7\u00e3o de obstru\u00e7\u00e3o de areia<\/a>, cal, cimento, cinzas, farinha crua ou mesmo cl\u00ednquer.<\/p>\n<p>Seguem-se alguns exemplos das nossas solu\u00e7\u00f5es de desobstru\u00e7\u00e3o:[\/vc_column_text][vc_column_text]<\/p>\n<ul>\n<li>Limpeza durante as paragens do forno<\/li>\n<li>Limpeza da calha da tremonha de alimenta\u00e7\u00e3o<\/li>\n<li>Limpeza das entradas do forno e bypass, conduta terci\u00e1ria<\/li>\n<li>Limpeza das chamin\u00e9s do forno de cal \u2013 ab\u00f3bada<\/li>\n<li>Limpeza das condutas de g\u00e1s<\/li>\n<li>Limpeza da c\u00e2mara de fumo<\/li>\n<li><a href=\"https:\/\/www.standard-industrie.com\/pt\/estojo-de-utilizacao\/fabrica-de-cimento-de-betao\/\" target=\"_blank\" rel=\"noopener\">Limpeza da torre de pr\u00e9-secagem<\/a><\/li>\n<li>Limpeza do ciclone e do pesco\u00e7o de cisne<\/li>\n<li>Limpeza do triturador<\/li>\n<li>Limpeza do filtro do aspirador de p\u00f3, catalisador, SCR<\/li>\n<li>Limpeza da prancha<\/li>\n<li><a href=\"https:\/\/www.standard-industrie.com\/pt\/estojo-de-utilizacao\/industria-do-cimento-de-betao\/\" target=\"_blank\" rel=\"noopener\">Desentupimento da descida da farinha<\/a><\/li>\n<li>Limpeza dos silos de armazenamento de areia, silos de cimento, silos de crus<\/li>\n<li>Extra\u00e7\u00e3o das ab\u00f3badas<\/li>\n<\/ul>\n<p>[\/vc_column_text][vc_column_text]Estas solu\u00e7\u00f5es de limpeza s\u00e3o realizadas com um sistema de desobstru\u00e7\u00e3o por canh\u00e3o de ar AIRCHOC\u00ae ou desobstruidor pneum\u00e1tico.[\/vc_column_text][\/vc_column][vc_column css_animation=&#8221;slideInRight&#8221; width=&#8221;1\/2&#8243;][vc_single_image image=&#8221;4506&#8243; img_size=&#8221;full&#8221; alignment=&#8221;center&#8221;][\/vc_column][\/vc_row][vc_row][vc_column][vc_btn title=&#8221;Contacte-nos&#8221; style=&#8221;flat&#8221; shape=&#8221;square&#8221; color=&#8221;black&#8221; align=&#8221;center&#8221; link=&#8221;url:%2Fpt%2Fcontacto%2F|title:Contact%20Standard%20industrie&#8221;][\/vc_column][\/vc_row][vc_row][vc_column][vc_empty_space][vc_column_text el_class=&#8221;gros-titre fort trait-bleu traits-gris-droite-gauche titre-centre vc_separator wpb_content_element vc_separator_align_center vc_sep_width_100 vc_sep_border_width_2 vc_sep_pos_align_center vc_separator-has-text&#8221;]<\/p>\n<div class=\"vc_sep_holder vc_sep_holder_l\">\n<p class=\"vc_sep_line\" style=\"border-color: grey;\">\n<\/div>\n<h2 style=\"text-align: center;\">Aspira\u00e7\u00e3o industrial, redu\u00e7\u00e3o da acumula\u00e7\u00e3o de p\u00f3 e recupera\u00e7\u00e3o do material nas f\u00e1bricas de cimento<\/h2>\n<div class=\"vc_sep_holder vc_sep_holder_r\">\n<p class=\"vc_sep_line\" style=\"border-color: grey;\">\n<\/div>\n<p>[\/vc_column_text][\/vc_column][\/vc_row][vc_row el_class=&#8221;invert-block&#8221;][vc_column css_animation=&#8221;slideInLeft&#8221; width=&#8221;1\/2&#8243;][vc_single_image image=&#8221;4507&#8243; img_size=&#8221;full&#8221; alignment=&#8221;center&#8221;][\/vc_column][vc_column width=&#8221;1\/2&#8243;][vc_column_text]Propomos solu\u00e7\u00f5es de aspira\u00e7\u00e3o para reduzir a acumula\u00e7\u00e3o de p\u00f3 e recuperar o material em diversos locais da f\u00e1brica, para cada etapa de produ\u00e7\u00e3o do cimento.<\/p>\n<p>Podemos aspirar cimento, <a href=\"https:\/\/www.standard-industrie.com\/pt\/estojo-de-utilizacao\/aspiracao-de-clinquer-numa-fabrica-de-cimento\/\" target=\"_blank\" rel=\"noopener\">cl\u00ednquer<\/a>, cal, cinzas, carv\u00e3o, min\u00e9rio de ferro, argila ou at\u00e9 combust\u00edveis alternativos.<\/p>\n<p>Alguns exemplos das nossas solu\u00e7\u00f5es:[\/vc_column_text][vc_column_text]<\/p>\n<ul>\n<li>Limpeza da zona de armazenamento de mat\u00e9rias-primas<\/li>\n<li>Limpeza da zona de Tritura\u00e7\u00e3o<\/li>\n<li>Limpeza da zona de Acondicionamento e ensacamento<\/li>\n<li>Limpeza dos moinhos de cimento<\/li>\n<li>Limpeza das ab\u00f3badas do forno<\/li>\n<li>Limpeza das zonas ATEX<\/li>\n<\/ul>\n<p>[\/vc_column_text][vc_column_text]A limpeza destas zonas \u00e9 realizada com um sistema de aspira\u00e7\u00e3o industrial centralizada.[\/vc_column_text][\/vc_column][\/vc_row][vc_row][vc_column][vc_empty_space][vc_column_text el_class=&#8221;gros-titre fort trait-bleu traits-gris-droite-gauche titre-centre vc_separator wpb_content_element vc_separator_align_center vc_sep_width_100 vc_sep_border_width_2 vc_sep_pos_align_center vc_separator-has-text&#8221;]<\/p>\n<div class=\"vc_sep_holder vc_sep_holder_l\">\n<p class=\"vc_sep_line\" style=\"border-color: grey;\">\n<\/div>\n<h2 style=\"text-align: center;\">Veda\u00e7\u00e3o dos transportadores de correia para f\u00e1bricas de cimento<\/h2>\n<div class=\"vc_sep_holder vc_sep_holder_r\">\n<p class=\"vc_sep_line\" style=\"border-color: grey;\">\n<\/div>\n<p>[\/vc_column_text][\/vc_column][\/vc_row][vc_row el_class=&#8221;invert-block&#8221;][vc_column width=&#8221;1\/2&#8243;][vc_column_text]A Standard Industrie prop\u00f5e solu\u00e7\u00f5es para eliminar os transbordamentos do transportador de correia e da correia de transporte.[\/vc_column_text][vc_column_text]<\/p>\n<ul>\n<li>Sistema de confinamento de poeiras do transportador, veda\u00e7\u00e3o da correia de transporte<\/li>\n<li>Supress\u00e3o das emiss\u00f5es de poeiras, veda\u00e7\u00e3o<\/li>\n<\/ul>\n<p>[\/vc_column_text][vc_column_text]Solu\u00e7\u00f5es de conten\u00e7\u00e3o de transportador e <a href=\"\/pt\/otimizacao-das-correias-transportadoras\/\">veda\u00e7\u00e3o de correias de transporte<\/a>: gra\u00e7as \u00e0 conten\u00e7\u00e3o da correia garantida pelo dispositivo LIFTUBE\u00ae, o produto circula como se estivesse num revestimento herm\u00e9tico, o que reduz o fluxo de material para o exterior, bem como a perda de material da correia.[\/vc_column_text][\/vc_column][vc_column css_animation=&#8221;slideInRight&#8221; width=&#8221;1\/2&#8243;][vc_single_image image=&#8221;4508&#8243; img_size=&#8221;full&#8221; alignment=&#8221;center&#8221;][\/vc_column][\/vc_row][vc_row][vc_column][vc_btn title=&#8221;Contacte-nos&#8221; style=&#8221;flat&#8221; shape=&#8221;square&#8221; color=&#8221;black&#8221; align=&#8221;center&#8221; link=&#8221;url:%2Fpt%2Fcontacto%2F|title:Contact%20Standard%20industrie&#8221;][\/vc_column][\/vc_row]<\/p>\n","protected":false},"excerpt":{"rendered":"<p>[vc_row][vc_column][vc_empty_space][vc_column_text el_class=&#8221;gros-titre fort trait-bleu traits-gris-droite-gauche titre-centre vc_separator wpb_content_element vc_separator_align_center vc_sep_width_100 vc_sep_border_width_2 vc_sep_pos_align_center vc_separator-has-text&#8221;] Solu\u00e7\u00e3o de desobstru\u00e7\u00e3o para f\u00e1brica de cimento [\/vc_column_text][\/vc_column][\/vc_row][vc_row el_class=&#8221;invert-block&#8221;][vc_column width=&#8221;1\/2&#8243;][vc_column_text]As nossas solu\u00e7\u00f5es de<span class=\"excerpt-hellip\"> [\u2026]<\/span><\/p>\n","protected":false},"author":1,"featured_media":0,"parent":0,"menu_order":35,"comment_status":"closed","ping_status":"closed","template":"","meta":{"footnotes":""},"class_list":["post-3496","page","type-page","status-publish","hentry"],"_links":{"self":[{"href":"https:\/\/www.standard-industrie.com\/pt\/wp-json\/wp\/v2\/pages\/3496","targetHints":{"allow":["GET"]}}],"collection":[{"href":"https:\/\/www.standard-industrie.com\/pt\/wp-json\/wp\/v2\/pages"}],"about":[{"href":"https:\/\/www.standard-industrie.com\/pt\/wp-json\/wp\/v2\/types\/page"}],"author":[{"embeddable":true,"href":"https:\/\/www.standard-industrie.com\/pt\/wp-json\/wp\/v2\/users\/1"}],"replies":[{"embeddable":true,"href":"https:\/\/www.standard-industrie.com\/pt\/wp-json\/wp\/v2\/comments?post=3496"}],"version-history":[{"count":0,"href":"https:\/\/www.standard-industrie.com\/pt\/wp-json\/wp\/v2\/pages\/3496\/revisions"}],"wp:attachment":[{"href":"https:\/\/www.standard-industrie.com\/pt\/wp-json\/wp\/v2\/media?parent=3496"}],"curies":[{"name":"wp","href":"https:\/\/api.w.org\/{rel}","templated":true}]}}