{"id":3525,"date":"2021-10-22T14:54:01","date_gmt":"2021-10-22T13:54:01","guid":{"rendered":"https:\/\/www.standard-industrie.com\/pt\/?page_id=3525"},"modified":"2025-06-05T11:04:00","modified_gmt":"2025-06-05T10:04:00","slug":"solucao-aspiracao-desobstrucao-minas-e-extracao-pedreiras-minerios","status":"publish","type":"page","link":"https:\/\/www.standard-industrie.com\/pt\/solucao-aspiracao-desobstrucao-minas-e-extracao-pedreiras-minerios\/","title":{"rendered":"SOLU\u00c7\u00c3O DE ASPIRA\u00c7\u00c3O E DESOBSTRU\u00c7\u00c3O DE MINAS E EXTRA\u00c7\u00c3O DE PEDREIRAS DE MIN\u00c9RIOS"},"content":{"rendered":"<p>[vc_row][vc_column][vc_empty_space][vc_column_text el_class=&#8221;gros-titre fort trait-bleu traits-gris-droite-gauche titre-centre vc_separator wpb_content_element vc_separator_align_center vc_sep_width_100 vc_sep_border_width_2 vc_sep_pos_align_center vc_separator-has-text&#8221;]<\/p>\n<div class=\"vc_sep_holder vc_sep_holder_l\">\n<p class=\"vc_sep_line\" style=\"border-color: grey;\">\n<\/div>\n<h2 style=\"text-align: center;\">Solu\u00e7\u00e3o de desobstru\u00e7\u00e3o para minas e extra\u00e7\u00e3o de pedreiras de min\u00e9rios<\/h2>\n<div class=\"vc_sep_holder vc_sep_holder_r\">\n<p class=\"vc_sep_line\" style=\"border-color: grey;\">\n<\/div>\n<p>[\/vc_column_text][\/vc_column][\/vc_row][vc_row el_class=&#8221;invert-block&#8221;][vc_column width=&#8221;1\/2&#8243;][vc_column_text]As nossas solu\u00e7\u00f5es de desobstru\u00e7\u00e3o por canh\u00e3o de ar comprimid permitem eliminar os dep\u00f3sitos de material, as obstru\u00e7\u00f5es e solidifica\u00e7\u00f5es nas unidades de armazenamento e nas calhas de encaminhamento de material. Podemos eliminar uma grande quantidade de dep\u00f3sitos de material, como:[\/vc_column_text][vc_row_inner][vc_column_inner width=&#8221;1\/2&#8243;][vc_column_text]<\/p>\n<ul>\n<li>Obstru\u00e7\u00e3o de areia,<\/li>\n<li>Granulados,<\/li>\n<li>Dolomita,<\/li>\n<li>Marga,<\/li>\n<li>Argila,<\/li>\n<li>Min\u00e9rio de ferro,<\/li>\n<li>Zinco,<\/li>\n<li>S\u00edlica,<\/li>\n<li>Cromo,<\/li>\n<\/ul>\n<p>[\/vc_column_text][\/vc_column_inner][vc_column_inner width=&#8221;1\/2&#8243;][vc_column_text]<\/p>\n<ul>\n<li>Xisto,<\/li>\n<li>Cinzas,<\/li>\n<li>Cal,<\/li>\n<li>Fosfato,<\/li>\n<li>Caulino,<\/li>\n<li>Cobre,<\/li>\n<li>Bauxite,<\/li>\n<li>Carv\u00e3o.<\/li>\n<\/ul>\n<p>[\/vc_column_text][\/vc_column_inner][\/vc_row_inner][vc_column_text]Seguem-se alguns exemplos de situa\u00e7\u00f5es que necessitam dos nossos canh\u00f5es de ar comprimido:[\/vc_column_text][vc_column_text]<\/p>\n<ul>\n<li>Limpeza da tremonha de alimenta\u00e7\u00e3o do triturador<\/li>\n<li>Limpeza da tremonha de carregamento<\/li>\n<li>Limpeza do t\u00fanel de extra\u00e7\u00e3o<\/li>\n<li>Limpeza dos fornos de calcina\u00e7\u00e3o<\/li>\n<li>Limpeza das condutas do refrigerador<\/li>\n<li>Limpeza das calhas<\/li>\n<li>Elimina\u00e7\u00e3o das ab\u00f3badas nas tremonhas, extra\u00e7\u00e3o das ab\u00f3badas das tremonhas<\/li>\n<li>Limpeza de silo de fundo plano<\/li>\n<li>Limpeza de silo de p\u00f3rfiro<\/li>\n<\/ul>\n<p>[\/vc_column_text][\/vc_column][vc_column css_animation=&#8221;slideInRight&#8221; width=&#8221;1\/2&#8243;][vc_single_image image=&#8221;4470&#8243; img_size=&#8221;full&#8221; alignment=&#8221;center&#8221;][\/vc_column][\/vc_row][vc_row][vc_column][vc_btn title=&#8221;Contacte-nos&#8221; style=&#8221;flat&#8221; shape=&#8221;square&#8221; color=&#8221;black&#8221; align=&#8221;center&#8221; link=&#8221;url:%2Fpt%2Fcontacto%2F|title:Contact%20Standard%20industrie&#8221;][\/vc_column][\/vc_row][vc_row][vc_column][vc_empty_space][vc_column_text el_class=&#8221;gros-titre fort trait-bleu traits-gris-droite-gauche titre-centre vc_separator wpb_content_element vc_separator_align_center vc_sep_width_100 vc_sep_border_width_2 vc_sep_pos_align_center vc_separator-has-text&#8221;]<\/p>\n<div class=\"vc_sep_holder vc_sep_holder_l\">\n<p class=\"vc_sep_line\" style=\"border-color: grey;\">\n<\/div>\n<h2 style=\"text-align: center;\">Aspira\u00e7\u00e3o de poeiras para o setor mineiro e pedreira de min\u00e9rios<\/h2>\n<div class=\"vc_sep_holder vc_sep_holder_r\">\n<p class=\"vc_sep_line\" style=\"border-color: grey;\">\n<\/div>\n<p>[\/vc_column_text][\/vc_column][\/vc_row][vc_row el_class=&#8221;invert-block&#8221;][vc_column css_animation=&#8221;slideInLeft&#8221; width=&#8221;1\/4&#8243;][vc_single_image image=&#8221;4473&#8243; img_size=&#8221;full&#8221; alignment=&#8221;center&#8221;][\/vc_column][vc_column width=&#8221;1\/2&#8243;][vc_column_text]Propomos solu\u00e7\u00f5es para reduzir a acumula\u00e7\u00e3o de p\u00f3 e recuperar o material em diversos locais da f\u00e1brica, gra\u00e7as \u00e0 aspira\u00e7\u00e3o de cinzas volantes, poeiras muito finas ou poeiras CMR (cancer\u00edgenas, mutag\u00e9nicas e t\u00f3xicas para a reprodu\u00e7\u00e3o).<\/p>\n<p>Alguns exemplos das nossas solu\u00e7\u00f5es de aspira\u00e7\u00e3o de poeiras industrial:[\/vc_column_text][vc_column_text]<\/p>\n<ul>\n<li>Limpeza da zona de armazenamento de mat\u00e9rias-primas<\/li>\n<li>Limpeza da zona de extra\u00e7\u00e3o<\/li>\n<li>Limpeza sob o transportador de encaminhamento<\/li>\n<li>Limpeza da zona de tritura\u00e7\u00e3o<\/li>\n<li>Limpeza das bases dos elevadores<\/li>\n<\/ul>\n<p>A limpeza destas zonas \u00e9 realizada com um <a href=\"\/pt\/prestacoes-de-servicos-de-limpeza-de-silos-e-tremonhas\/\">sistema de aspira\u00e7\u00e3o industrial centralizada.<\/a>[\/vc_column_text][\/vc_column][vc_column css_animation=&#8221;slideInRight&#8221; width=&#8221;1\/4&#8243;][vc_single_image image=&#8221;4472&#8243; img_size=&#8221;full&#8221; alignment=&#8221;center&#8221;][\/vc_column][\/vc_row][vc_row][vc_column][vc_empty_space][vc_column_text el_class=&#8221;gros-titre fort trait-bleu traits-gris-droite-gauche titre-centre vc_separator wpb_content_element vc_separator_align_center vc_sep_width_100 vc_sep_border_width_2 vc_sep_pos_align_center vc_separator-has-text&#8221;]<\/p>\n<div class=\"vc_sep_holder vc_sep_holder_l\">\n<p class=\"vc_sep_line\" style=\"border-color: grey;\">\n<\/div>\n<h2 style=\"text-align: center;\">Veda\u00e7\u00e3o das correias de transporte para mina e pedreira<\/h2>\n<div class=\"vc_sep_holder vc_sep_holder_r\">\n<p class=\"vc_sep_line\" style=\"border-color: grey;\">\n<\/div>\n<p>[\/vc_column_text][\/vc_column][\/vc_row][vc_row el_class=&#8221;invert-block&#8221;][vc_column width=&#8221;1\/2&#8243;][vc_column_text]<\/p>\n<ul>\n<li>Confinamento das poeiras da esteira de transporte para os trituradores<\/li>\n<li>Supress\u00e3o das emiss\u00f5es de poeiras<\/li>\n<\/ul>\n<p>[\/vc_column_text][\/vc_column][vc_column css_animation=&#8221;slideInRight&#8221; width=&#8221;1\/2&#8243;][vc_single_image image=&#8221;4471&#8243; img_size=&#8221;full&#8221; alignment=&#8221;center&#8221;][\/vc_column][\/vc_row][vc_row][vc_column][vc_btn title=&#8221;Contacte-nos&#8221; style=&#8221;flat&#8221; shape=&#8221;square&#8221; color=&#8221;black&#8221; align=&#8221;center&#8221; link=&#8221;url:%2Fpt%2Fcontacto%2F|title:Contact%20Standard%20industrie&#8221;][\/vc_column][\/vc_row]<\/p>\n","protected":false},"excerpt":{"rendered":"<p>[vc_row][vc_column][vc_empty_space][vc_column_text el_class=&#8221;gros-titre fort trait-bleu traits-gris-droite-gauche titre-centre vc_separator wpb_content_element vc_separator_align_center vc_sep_width_100 vc_sep_border_width_2 vc_sep_pos_align_center vc_separator-has-text&#8221;] Solu\u00e7\u00e3o de desobstru\u00e7\u00e3o para minas e extra\u00e7\u00e3o de pedreiras de min\u00e9rios [\/vc_column_text][\/vc_column][\/vc_row][vc_row el_class=&#8221;invert-block&#8221;][vc_column<span class=\"excerpt-hellip\"> [\u2026]<\/span><\/p>\n","protected":false},"author":1,"featured_media":0,"parent":0,"menu_order":37,"comment_status":"closed","ping_status":"closed","template":"","meta":{"footnotes":""},"class_list":["post-3525","page","type-page","status-publish","hentry"],"_links":{"self":[{"href":"https:\/\/www.standard-industrie.com\/pt\/wp-json\/wp\/v2\/pages\/3525","targetHints":{"allow":["GET"]}}],"collection":[{"href":"https:\/\/www.standard-industrie.com\/pt\/wp-json\/wp\/v2\/pages"}],"about":[{"href":"https:\/\/www.standard-industrie.com\/pt\/wp-json\/wp\/v2\/types\/page"}],"author":[{"embeddable":true,"href":"https:\/\/www.standard-industrie.com\/pt\/wp-json\/wp\/v2\/users\/1"}],"replies":[{"embeddable":true,"href":"https:\/\/www.standard-industrie.com\/pt\/wp-json\/wp\/v2\/comments?post=3525"}],"version-history":[{"count":0,"href":"https:\/\/www.standard-industrie.com\/pt\/wp-json\/wp\/v2\/pages\/3525\/revisions"}],"wp:attachment":[{"href":"https:\/\/www.standard-industrie.com\/pt\/wp-json\/wp\/v2\/media?parent=3525"}],"curies":[{"name":"wp","href":"https:\/\/api.w.org\/{rel}","templated":true}]}}