{"id":3533,"date":"2021-10-22T15:30:05","date_gmt":"2021-10-22T14:30:05","guid":{"rendered":"https:\/\/www.standard-industrie.com\/pt\/?page_id=3533"},"modified":"2025-06-05T11:00:22","modified_gmt":"2025-06-05T10:00:22","slug":"solucao-de-desobstrucao-para-fabricas-de-tratamento-de-residuos","status":"publish","type":"page","link":"https:\/\/www.standard-industrie.com\/pt\/solucao-de-desobstrucao-para-fabricas-de-tratamento-de-residuos\/","title":{"rendered":"Tratamento de residuos"},"content":{"rendered":"<p>[vc_row][vc_column][vc_empty_space][vc_column_text el_class=&#8221;gros-titre fort trait-bleu traits-gris-droite-gauche titre-centre vc_separator wpb_content_element vc_separator_align_center vc_sep_width_100 vc_sep_border_width_2 vc_sep_pos_align_center vc_separator-has-text&#8221;]<\/p>\n<div class=\"vc_sep_holder vc_sep_holder_l\">\n<p class=\"vc_sep_line\" style=\"border-color: grey;\">\n<\/div>\n<h2 style=\"text-align: center;\">Solu\u00e7\u00e3o de desobstru\u00e7\u00e3o para f\u00e1bricas de tratamento de res\u00edduos<\/h2>\n<div class=\"vc_sep_holder vc_sep_holder_r\">\n<p class=\"vc_sep_line\" style=\"border-color: grey;\">\n<\/div>\n<p>[\/vc_column_text][\/vc_column][\/vc_row][vc_row el_class=&#8221;invert-block&#8221;][vc_column width=&#8221;1\/2&#8243;][vc_column_text]As nossas solu\u00e7\u00f5es de limpeza industrial para as f\u00e1bricas de tratamento de res\u00edduos permitem eliminar as obstru\u00e7\u00f5es e solidifica\u00e7\u00f5es presentes nas unidades de armazenamento.<\/p>\n<p>As nossas presta\u00e7\u00f5es de servi\u00e7os permitem a <a href=\"\/pt\/eliminacao-das-obstrucoes-e-concrecoes\/\">desobstru\u00e7\u00e3o de poeiras<\/a> ou outros materiais provenientes da reciclagem.<\/p>\n<p>Seguem-se alguns exemplos das nossas solu\u00e7\u00f5es de desobstru\u00e7\u00e3o:[\/vc_column_text][vc_column_text]<\/p>\n<ul>\n<li>Limpeza da tremonha de carregamento de poeiras na f\u00e1brica de tratamento de res\u00edduos sider\u00fargicos<\/li>\n<li>Limpeza da c\u00e2mara de pr\u00e9-combust\u00e3o: A combust\u00e3o cont\u00ednua dos res\u00edduos dom\u00e9sticos provoca solidifica\u00e7\u00f5es de material na c\u00e2mara de pr\u00e9-combust\u00e3o, principalmente durante a passagem de gases carregados de poeiras. Estas solidifica\u00e7\u00f5es, se n\u00e3o forem tratadas diariamente, provocam uma redu\u00e7\u00e3o da velocidade de passagem dos gases e uma perda de depress\u00e3o.<\/li>\n<li>Desobstru\u00e7\u00e3o das cinzas provenientes da combust\u00e3o de res\u00edduos especiais: \u00f3leos industriais, solventes, res\u00edduos perigosos, etc.<\/li>\n<\/ul>\n<p>[\/vc_column_text][\/vc_column][vc_column css_animation=&#8221;slideInRight&#8221; width=&#8221;1\/2&#8243;][vc_single_image image=&#8221;5800&#8243; img_size=&#8221;full&#8221; alignment=&#8221;center&#8221;][\/vc_column][\/vc_row][vc_row][vc_column][vc_btn title=&#8221;Contacte-nos&#8221; style=&#8221;flat&#8221; shape=&#8221;square&#8221; color=&#8221;black&#8221; align=&#8221;center&#8221; link=&#8221;url:%2Fpt%2Fcontacto%2F|title:Contact%20Standard%20industrie&#8221;][\/vc_column][\/vc_row][vc_row][vc_column][vc_empty_space][vc_column_text el_class=&#8221;gros-titre fort trait-bleu traits-gris-droite-gauche titre-centre vc_separator wpb_content_element vc_separator_align_center vc_sep_width_100 vc_sep_border_width_2 vc_sep_pos_align_center vc_separator-has-text&#8221;]<\/p>\n<div class=\"vc_sep_holder vc_sep_holder_l\">\n<p class=\"vc_sep_line\" style=\"border-color: grey;\">\n<\/div>\n<h2 style=\"text-align: center;\">Aspira\u00e7\u00e3o industrial para redu\u00e7\u00e3o da acumula\u00e7\u00e3o de p\u00f3 e recupera\u00e7\u00e3o de material<\/h2>\n<div class=\"vc_sep_holder vc_sep_holder_r\">\n<p class=\"vc_sep_line\" style=\"border-color: grey;\">\n<\/div>\n<p>[\/vc_column_text][\/vc_column][\/vc_row][vc_row el_class=&#8221;invert-block&#8221;][vc_column css_animation=&#8221;slideInLeft&#8221; width=&#8221;1\/2&#8243;][vc_single_image image=&#8221;5804&#8243; img_size=&#8221;full&#8221; alignment=&#8221;center&#8221;][\/vc_column][vc_column width=&#8221;1\/2&#8243;][vc_column_text]Propomos <a href=\"\/pt\/limpeza-industrial-por-aspiracao\/\">solu\u00e7\u00f5es de aspira\u00e7\u00e3o<\/a>\u00a0que permitam aspirar cinzas, carv\u00e3o, poeiras, res\u00edduos, combust\u00edveis alternativos e pellets de madeira.<\/p>\n<p>Alguns exemplos das nossas solu\u00e7\u00f5es de aspira\u00e7\u00e3o industrial:[\/vc_column_text][vc_column_text]<\/p>\n<ul>\n<li>Aspira\u00e7\u00e3o das poeiras de restos de res\u00edduos<\/li>\n<li>Aspira\u00e7\u00e3o centralizada de poeiras finas<\/li>\n<li>Aspira\u00e7\u00e3o ao longo dos transportadores<\/li>\n<\/ul>\n<p>[\/vc_column_text][\/vc_column][\/vc_row][vc_row][vc_column][vc_empty_space][vc_column_text el_class=&#8221;gros-titre fort trait-bleu traits-gris-droite-gauche titre-centre vc_separator wpb_content_element vc_separator_align_center vc_sep_width_100 vc_sep_border_width_2 vc_sep_pos_align_center vc_separator-has-text&#8221;]<\/p>\n<div class=\"vc_sep_holder vc_sep_holder_l\">\n<p class=\"vc_sep_line\" style=\"border-color: grey;\">\n<\/div>\n<h2 style=\"text-align: center;\">Veda\u00e7\u00e3o dos transportadores de correia para f\u00e1bricas de tratamento de res\u00edduos<\/h2>\n<div class=\"vc_sep_holder vc_sep_holder_r\">\n<p class=\"vc_sep_line\" style=\"border-color: grey;\">\n<\/div>\n<p>[\/vc_column_text][\/vc_column][\/vc_row][vc_row el_class=&#8221;invert-block&#8221;][vc_column width=&#8221;1\/2&#8243;][vc_column_text]A Standard Industrie prop\u00f5e solu\u00e7\u00f5es para eliminar os <a href=\"\/pt\/otimizacao-das-correias-transportadoras\/\">transbordamentos do transportador de correia<\/a> e da correia de transporte.[\/vc_column_text][vc_column_text]<\/p>\n<ul>\n<li>Veda\u00e7\u00e3o das correias de transporte de combust\u00edveis<\/li>\n<li>Supress\u00e3o dos odores e das emiss\u00f5es de poeiras<\/li>\n<li>Zona ATEX<\/li>\n<li>Transporte de aparas de madeira, serradura<\/li>\n<\/ul>\n<p>[\/vc_column_text][\/vc_column][vc_column css_animation=&#8221;slideInRight&#8221; width=&#8221;1\/2&#8243;][vc_single_image image=&#8221;4523&#8243; img_size=&#8221;full&#8221; alignment=&#8221;center&#8221;][\/vc_column][\/vc_row][vc_row][vc_column][vc_btn title=&#8221;Contacte-nos&#8221; style=&#8221;flat&#8221; shape=&#8221;square&#8221; color=&#8221;black&#8221; align=&#8221;center&#8221; link=&#8221;url:%2Fpt%2Fcontacto%2F|title:Contact%20Standard%20industrie&#8221;][\/vc_column][\/vc_row]<\/p>\n","protected":false},"excerpt":{"rendered":"<p>[vc_row][vc_column][vc_empty_space][vc_column_text el_class=&#8221;gros-titre fort trait-bleu traits-gris-droite-gauche titre-centre vc_separator wpb_content_element vc_separator_align_center vc_sep_width_100 vc_sep_border_width_2 vc_sep_pos_align_center vc_separator-has-text&#8221;] Solu\u00e7\u00e3o de desobstru\u00e7\u00e3o para f\u00e1bricas de tratamento de res\u00edduos [\/vc_column_text][\/vc_column][\/vc_row][vc_row el_class=&#8221;invert-block&#8221;][vc_column width=&#8221;1\/2&#8243;][vc_column_text]As nossas<span class=\"excerpt-hellip\"> [\u2026]<\/span><\/p>\n","protected":false},"author":1,"featured_media":0,"parent":0,"menu_order":34,"comment_status":"closed","ping_status":"closed","template":"","meta":{"footnotes":""},"class_list":["post-3533","page","type-page","status-publish","hentry"],"_links":{"self":[{"href":"https:\/\/www.standard-industrie.com\/pt\/wp-json\/wp\/v2\/pages\/3533","targetHints":{"allow":["GET"]}}],"collection":[{"href":"https:\/\/www.standard-industrie.com\/pt\/wp-json\/wp\/v2\/pages"}],"about":[{"href":"https:\/\/www.standard-industrie.com\/pt\/wp-json\/wp\/v2\/types\/page"}],"author":[{"embeddable":true,"href":"https:\/\/www.standard-industrie.com\/pt\/wp-json\/wp\/v2\/users\/1"}],"replies":[{"embeddable":true,"href":"https:\/\/www.standard-industrie.com\/pt\/wp-json\/wp\/v2\/comments?post=3533"}],"version-history":[{"count":0,"href":"https:\/\/www.standard-industrie.com\/pt\/wp-json\/wp\/v2\/pages\/3533\/revisions"}],"wp:attachment":[{"href":"https:\/\/www.standard-industrie.com\/pt\/wp-json\/wp\/v2\/media?parent=3533"}],"curies":[{"name":"wp","href":"https:\/\/api.w.org\/{rel}","templated":true}]}}