{"id":3899,"date":"2022-05-30T09:00:20","date_gmt":"2022-05-30T08:00:20","guid":{"rendered":"https:\/\/www.standard-industrie.com\/pt\/?page_id=3899"},"modified":"2025-06-05T10:59:04","modified_gmt":"2025-06-05T09:59:04","slug":"solucao-aspiracao-desobstrucao-industria-alimentar","status":"publish","type":"page","link":"https:\/\/www.standard-industrie.com\/pt\/solucao-aspiracao-desobstrucao-industria-alimentar\/","title":{"rendered":"SOLU\u00c7\u00c3O DE ASPIRA\u00c7\u00c3O E DESOBSTRU\u00c7\u00c3O PARA A IND\u00daSTRIA ALIMENTAR"},"content":{"rendered":"<p>[vc_row][vc_column][vc_empty_space][vc_column_text el_class=&#8221;gros-titre fort trait-bleu traits-gris-droite-gauche titre-centre vc_separator wpb_content_element vc_separator_align_center vc_sep_width_100 vc_sep_border_width_2 vc_sep_pos_align_center vc_separator-has-text&#8221;]<\/p>\n<div class=\"vc_sep_holder vc_sep_holder_l\">\n<p class=\"vc_sep_line\" style=\"border-color: grey;\">\n<\/div>\n<h2 style=\"text-align: center;\">Solu\u00e7\u00e3o de desobstru\u00e7\u00e3o para a ind\u00fastria alimentar<\/h2>\n<div class=\"vc_sep_holder vc_sep_holder_r\">\n<p class=\"vc_sep_line\" style=\"border-color: grey;\">\n<\/div>\n<p>[\/vc_column_text][\/vc_column][\/vc_row][vc_row el_class=&#8221;invert-block&#8221;][vc_column width=&#8221;1\/2&#8243;][vc_column_text]As nossas solu\u00e7\u00f5es de desobstru\u00e7\u00e3o para tornar a produ\u00e7\u00e3o de alimenta\u00e7\u00e3o animal ou humana mais fluida permitem <a href=\"\/pt\/eliminacao-das-obstrucoes-e-concrecoes\/\">eliminar os dep\u00f3sitos de material><\/a>, as obstru\u00e7\u00f5es e solidifica\u00e7\u00f5es nas unidades de armazenamento e nas calhas de encaminhamento de material. Em fun\u00e7\u00e3o da taxa de humidade no silo, pode produzir-se uma obstru\u00e7\u00e3o de a\u00e7\u00facar, soja, farelo, farinha.<\/p>\n<p>Seguem-se alguns exemplos das nossas solu\u00e7\u00f5es de limpeza industrial:[\/vc_column_text][vc_column_text]<\/p>\n<ul>\n<li>Limpeza da tremonha de armazenamento de mat\u00e9rias-primas<\/li>\n<li>Limpeza de silo de gr\u00e3os, silo de soja, silo de farelo<\/li>\n<li>Evitar que o farelo seja manuseado em massa ao colocar canh\u00f5es de ar na unidade de armazenamento<\/li>\n<li>Elimina\u00e7\u00e3o do bloqueio de material ao n\u00edvel da extra\u00e7\u00e3o do descarregador<\/li>\n<li>Limpeza das tremonhas de armazenamento de alimenta\u00e7\u00e3o do gado<\/li>\n<li>Min\u00e9rio de ferro,<\/li>\n<li>Limpeza com equipamentos segundo a norma ATEX21, nomeadamente para facilitar o escoamento do a\u00e7\u00facar cristal<\/li>\n<\/ul>\n<p>[\/vc_column_text][vc_column_text]Na ind\u00fastria alimentar, os sistemas de recupera\u00e7\u00e3o nos silos s\u00e3o geralmente parafusos de Arquimedes, tubos vibrat\u00f3rios, transporte pneum\u00e1tico. A utiliza\u00e7\u00e3o de canh\u00f5es de ar permitir\u00e1 uma regularidade da alimenta\u00e7\u00e3o dos equipamentos de recupera\u00e7\u00e3o, os quais s\u00e3o, muitas vezes, elementos de regula\u00e7\u00e3o e de dosagem.<\/p>\n<p>Os silos podem estar em balan\u00e7as de pesos. O impacto da onda de choque gerada pelos canh\u00f5es de ar n\u00e3o ter\u00e1 qualquer incid\u00eancia na precis\u00e3o da pesagem.[\/vc_column_text][\/vc_column][vc_column css_animation=&#8221;none&#8221; width=&#8221;1\/2&#8243;][vc_single_image image=&#8221;4535&#8243; img_size=&#8221;full&#8221; alignment=&#8221;center&#8221; css_animation=&#8221;fadeInRight&#8221;][vc_single_image image=&#8221;4533&#8243; img_size=&#8221;full&#8221; alignment=&#8221;center&#8221; css_animation=&#8221;fadeInRightBig&#8221;][\/vc_column][\/vc_row][vc_row][vc_column][vc_btn title=&#8221;Contacte-nos&#8221; style=&#8221;flat&#8221; shape=&#8221;square&#8221; color=&#8221;black&#8221; align=&#8221;center&#8221; link=&#8221;url:%2Fpt%2Fcontacto%2F|title:Contact%20Standard%20industrie&#8221;][\/vc_column][\/vc_row][vc_row][vc_column][vc_empty_space][vc_column_text el_class=&#8221;gros-titre fort trait-bleu traits-gris-droite-gauche titre-centre vc_separator wpb_content_element vc_separator_align_center vc_sep_width_100 vc_sep_border_width_2 vc_sep_pos_align_center vc_separator-has-text&#8221;]<\/p>\n<div class=\"vc_sep_holder vc_sep_holder_l\">\n<p class=\"vc_sep_line\" style=\"border-color: grey;\">\n<\/div>\n<h2 style=\"text-align: center;\">Solu\u00e7\u00e3o de aspira\u00e7\u00e3o das f\u00e1bricas agroalimentares<\/h2>\n<div class=\"vc_sep_holder vc_sep_holder_r\">\n<p class=\"vc_sep_line\" style=\"border-color: grey;\">\n<\/div>\n<p>[\/vc_column_text][\/vc_column][\/vc_row][vc_row el_class=&#8221;invert-block&#8221;][vc_column css_animation=&#8221;slideInLeft&#8221; width=&#8221;1\/4&#8243;][vc_single_image image=&#8221;4531&#8243; img_size=&#8221;full&#8221; alignment=&#8221;center&#8221;][\/vc_column][vc_column width=&#8221;1\/2&#8243;][vc_column_text]A produ\u00e7\u00e3o alimentar est\u00e1 sujeita a exig\u00eancias sanit\u00e1rias e \u00e0 norma ATEX, \u00e0s quais as m\u00e1quinas de aspira\u00e7\u00e3o na rede podem responder.<\/p>\n<p>Alguns exemplos das nossas <b>solu\u00e7\u00f5es de aspira\u00e7\u00e3o de poeiras industrial<\/b>:[\/vc_column_text][vc_column_text]<\/p>\n<ul>\n<li>Limpeza por sistema de aspira\u00e7\u00e3o centralizada das zonas de armazenamento<\/li>\n<li>Aspira\u00e7\u00e3o industrial da zona de embalamento<\/li>\n<li>Aspira\u00e7\u00e3o de gr\u00e3os ou granulados finos<\/li>\n<li>Limpeza por aspira\u00e7\u00e3o de poeiras provenientes do processo de produ\u00e7\u00e3o alimentar<\/li>\n<\/ul>\n<p>A limpeza destas zonas \u00e9 realizada com um <a href=\"\/pt\/limpeza-industrial-por-aspiracao\/\">sistema de aspira\u00e7\u00e3o industrial centralizada<\/a>.<\/p>\n<ul>\n<li style=\"list-style-type: none;\"><\/li>\n<\/ul>\n<p>[\/vc_column_text][\/vc_column][vc_column css_animation=&#8221;slideInRight&#8221; width=&#8221;1\/4&#8243;][vc_single_image image=&#8221;4534&#8243; img_size=&#8221;full&#8221; alignment=&#8221;center&#8221;][\/vc_column][\/vc_row][vc_row][vc_column][vc_empty_space][vc_column_text el_class=&#8221;gros-titre fort trait-bleu traits-gris-droite-gauche titre-centre vc_separator wpb_content_element vc_separator_align_center vc_sep_width_100 vc_sep_border_width_2 vc_sep_pos_align_center vc_separator-has-text&#8221;]<\/p>\n<div class=\"vc_sep_holder vc_sep_holder_l\">\n<p class=\"vc_sep_line\" style=\"border-color: grey;\">\n<\/div>\n<h2 style=\"text-align: center;\">Veda\u00e7\u00e3o das correias de transporte para a ind\u00fastria alimentar<\/h2>\n<div class=\"vc_sep_holder vc_sep_holder_r\">\n<p class=\"vc_sep_line\" style=\"border-color: grey;\">\n<\/div>\n<p>[\/vc_column_text][\/vc_column][\/vc_row][vc_row el_class=&#8221;invert-block&#8221;][vc_column width=&#8221;1\/2&#8243;][vc_column_text]A Standard Industrie prop\u00f5e solu\u00e7\u00f5es para eliminar os transbordamentos do transportador de correia e da correia de transporte.<\/p>\n<p>Gra\u00e7as \u00e0 conten\u00e7\u00e3o da correia de transporte que oferece o design do LIFTUBE\u00ae, o produto circula como se estivesse num revestimento herm\u00e9tico, o que permite reduzir as subidas de material para o exterior, bem como a perda de material durante a correia de transporte. Como a tampa tem um encaixe, permite encaixa-se perfeitamente nas ranhuras superiores dos suportes de extremos e, portanto, oferece uma veda\u00e7\u00e3o perfeita ao sistema. Esta veda\u00e7\u00e3o tamb\u00e9m ocorre gra\u00e7as aos arcos laminados de espuma que, instalados em cada extremidade, envolvem a correia de transporte.<\/p>\n<p>S\u00e3o estas as vantagens que podem criar um interesse sanit\u00e1rio quando o produto transportado tem de ser protegido do ambiente exterior.[\/vc_column_text][\/vc_column][vc_column css_animation=&#8221;slideInRight&#8221; width=&#8221;1\/2&#8243;][vc_single_image image=&#8221;4532&#8243; img_size=&#8221;full&#8221; alignment=&#8221;center&#8221;][\/vc_column][\/vc_row][vc_row][vc_column][vc_btn title=&#8221;Contacte-nos&#8221; style=&#8221;flat&#8221; shape=&#8221;square&#8221; color=&#8221;black&#8221; align=&#8221;center&#8221; link=&#8221;url:%2Fpt%2Fcontacto%2F|title:Contact%20Standard%20industrie&#8221;][\/vc_column][\/vc_row]<\/p>\n","protected":false},"excerpt":{"rendered":"<p>[vc_row][vc_column][vc_empty_space][vc_column_text el_class=&#8221;gros-titre fort trait-bleu traits-gris-droite-gauche titre-centre vc_separator wpb_content_element vc_separator_align_center vc_sep_width_100 vc_sep_border_width_2 vc_sep_pos_align_center vc_separator-has-text&#8221;] Solu\u00e7\u00e3o de desobstru\u00e7\u00e3o para a ind\u00fastria alimentar [\/vc_column_text][\/vc_column][\/vc_row][vc_row el_class=&#8221;invert-block&#8221;][vc_column width=&#8221;1\/2&#8243;][vc_column_text]As nossas solu\u00e7\u00f5es de<span class=\"excerpt-hellip\"> [\u2026]<\/span><\/p>\n","protected":false},"author":1,"featured_media":0,"parent":0,"menu_order":33,"comment_status":"closed","ping_status":"closed","template":"","meta":{"footnotes":""},"class_list":["post-3899","page","type-page","status-publish","hentry"],"_links":{"self":[{"href":"https:\/\/www.standard-industrie.com\/pt\/wp-json\/wp\/v2\/pages\/3899","targetHints":{"allow":["GET"]}}],"collection":[{"href":"https:\/\/www.standard-industrie.com\/pt\/wp-json\/wp\/v2\/pages"}],"about":[{"href":"https:\/\/www.standard-industrie.com\/pt\/wp-json\/wp\/v2\/types\/page"}],"author":[{"embeddable":true,"href":"https:\/\/www.standard-industrie.com\/pt\/wp-json\/wp\/v2\/users\/1"}],"replies":[{"embeddable":true,"href":"https:\/\/www.standard-industrie.com\/pt\/wp-json\/wp\/v2\/comments?post=3899"}],"version-history":[{"count":0,"href":"https:\/\/www.standard-industrie.com\/pt\/wp-json\/wp\/v2\/pages\/3899\/revisions"}],"wp:attachment":[{"href":"https:\/\/www.standard-industrie.com\/pt\/wp-json\/wp\/v2\/media?parent=3899"}],"curies":[{"name":"wp","href":"https:\/\/api.w.org\/{rel}","templated":true}]}}