{"id":3934,"date":"2022-05-30T13:06:37","date_gmt":"2022-05-30T12:06:37","guid":{"rendered":"https:\/\/www.standard-industrie.com\/pt\/?page_id=3934"},"modified":"2025-06-05T10:57:54","modified_gmt":"2025-06-05T09:57:54","slug":"olucao-de-aspiracao-e-desobstrucao-para-a-siderurgia","status":"publish","type":"page","link":"https:\/\/www.standard-industrie.com\/pt\/olucao-de-aspiracao-e-desobstrucao-para-a-siderurgia\/","title":{"rendered":"SOLU\u00c7\u00c3O DE ASPIRA\u00c7\u00c3O E DESOBSTRU\u00c7\u00c3O PARA A SIDERURGIA"},"content":{"rendered":"<p>[vc_row][vc_column][vc_empty_space][vc_column_text el_class=&#8221;gros-titre fort trait-bleu traits-gris-droite-gauche titre-centre vc_separator wpb_content_element vc_separator_align_center vc_sep_width_100 vc_sep_border_width_2 vc_sep_pos_align_center vc_separator-has-text&#8221;]<\/p>\n<div class=\"vc_sep_holder vc_sep_holder_l\">\n<p class=\"vc_sep_line\" style=\"border-color: grey;\">\n<\/div>\n<h2 style=\"text-align: center;\">Solu\u00e7\u00e3o de desobstru\u00e7\u00e3o para a siderurgia<\/h2>\n<div class=\"vc_sep_holder vc_sep_holder_r\">\n<p class=\"vc_sep_line\" style=\"border-color: grey;\">\n<\/div>\n<p>[\/vc_column_text][\/vc_column][\/vc_row][vc_row el_class=&#8221;invert-block&#8221;][vc_column width=&#8221;1\/2&#8243;][vc_column_text]As nossas solu\u00e7\u00f5es de desobstru\u00e7\u00e3o para a siderurgia permitem <a href=\"\/pt\/eliminacao-das-obstrucoes-e-concrecoes\/\">eliminar os dep\u00f3sitos de material<\/a>, as obstru\u00e7\u00f5es e solidifica\u00e7\u00f5es nas unidades de armazenamento e nas zonas de tratamento de gases e poeiras.<\/p>\n<p>Seguem-se alguns exemplos das nossas solu\u00e7\u00f5es de limpeza industrial:[\/vc_column_text][vc_column_text]<\/p>\n<ul>\n<li>Limpeza das tremonhas de min\u00e9rio de ferro, calc\u00e1rio, carbono<\/li>\n<li>Limpeza das torres de carbono<\/li>\n<li>Limpeza das tremonhas com filtro ou eletrofiltro<\/li>\n<li>Limpeza do permutador de calor, da torre de refrigera\u00e7\u00e3o de gases<\/li>\n<li>Limpeza dos silos de poeiras provenientes da sider\u00fargica<\/li>\n<\/ul>\n<p>[\/vc_column_text][\/vc_column][vc_column css_animation=&#8221;slideInRight&#8221; width=&#8221;1\/2&#8243;][vc_single_image image=&#8221;4543&#8243; img_size=&#8221;full&#8221; alignment=&#8221;center&#8221;][\/vc_column][\/vc_row][vc_row][vc_column][vc_btn title=&#8221;Contacte-nos&#8221; style=&#8221;flat&#8221; shape=&#8221;square&#8221; color=&#8221;black&#8221; align=&#8221;center&#8221; link=&#8221;url:%2Fpt%2Fcontacto%2F|title:Contact%20Standard%20industrie&#8221;][\/vc_column][\/vc_row][vc_row][vc_column][vc_empty_space][vc_column_text el_class=&#8221;gros-titre fort trait-bleu traits-gris-droite-gauche titre-centre vc_separator wpb_content_element vc_separator_align_center vc_sep_width_100 vc_sep_border_width_2 vc_sep_pos_align_center vc_separator-has-text&#8221;]<\/p>\n<div class=\"vc_sep_holder vc_sep_holder_l\">\n<p class=\"vc_sep_line\" style=\"border-color: grey;\">\n<\/div>\n<h2 style=\"text-align: center;\">Solu\u00e7\u00e3o de aspira\u00e7\u00e3o das f\u00e1bricas de siderurgia<\/h2>\n<div class=\"vc_sep_holder vc_sep_holder_r\">\n<p class=\"vc_sep_line\" style=\"border-color: grey;\">\n<\/div>\n<p>[\/vc_column_text][\/vc_column][\/vc_row][vc_row el_class=&#8221;invert-block&#8221;][vc_column css_animation=&#8221;slideInLeft&#8221; width=&#8221;1\/2&#8243;][vc_single_image image=&#8221;4542&#8243; img_size=&#8221;full&#8221; alignment=&#8221;center&#8221;][\/vc_column][vc_column width=&#8221;1\/2&#8243;][vc_column_text]As nossas solu\u00e7\u00f5es de aspira\u00e7\u00e3o para a siderurgia permitem eliminar poeiras de carbono, min\u00e9rio de ferro, coque, dolomita, calc\u00e1rio e aglomerado.<\/p>\n<p>Alguns exemplos das nossas solu\u00e7\u00f5es de aspira\u00e7\u00e3o de poeiras industrial:[\/vc_column_text][vc_column_text]<\/p>\n<ul>\n<li>Aspira\u00e7\u00e3o ao longo do transportador ao n\u00edvel do cais (instala\u00e7\u00e3o portu\u00e1ria)<\/li>\n<li>Limpeza da zona de prepara\u00e7\u00e3o das cargas: bancada de trabalho, transportador, triturador, base do elevador<\/li>\n<li>Limpeza da coqueria: bancada de trabalho, transportador, torre<\/li>\n<li>Sistema de aspira\u00e7\u00e3o para a zona de aglomera\u00e7\u00e3o: bancada de trabalho, transportador<\/li>\n<li>Limpeza da zona dos altos-fornos<\/li>\n<li>Limpeza da sider\u00fargica: ch\u00e3o da fundi\u00e7\u00e3o, filtro ou eletrofiltro<\/li>\n<\/ul>\n<p>A limpeza destas zonas \u00e9 realizada com um <a href=\"\/pt\/limpeza-por-aspiracao\/\">sistema de aspira\u00e7\u00e3o industrial centralizada<\/a>.[\/vc_column_text][\/vc_column][\/vc_row][vc_row][vc_column][vc_empty_space][vc_column_text el_class=&#8221;gros-titre fort trait-bleu traits-gris-droite-gauche titre-centre vc_separator wpb_content_element vc_separator_align_center vc_sep_width_100 vc_sep_border_width_2 vc_sep_pos_align_center vc_separator-has-text&#8221;]<\/p>\n<div class=\"vc_sep_holder vc_sep_holder_l\">\n<p class=\"vc_sep_line\" style=\"border-color: grey;\">\n<\/div>\n<h2 style=\"text-align: center;\">Veda\u00e7\u00e3o das correias de transporte para a siderurgia<\/h2>\n<div class=\"vc_sep_holder vc_sep_holder_r\">\n<p class=\"vc_sep_line\" style=\"border-color: grey;\">\n<\/div>\n<p>[\/vc_column_text][\/vc_column][\/vc_row][vc_row el_class=&#8221;invert-block&#8221;][vc_column width=&#8221;1\/2&#8243;][vc_column_text]A Standard Industrie prop\u00f5e solu\u00e7\u00f5es para eliminar os transbordamentos do transportador de correia que transporta min\u00e9rio, calc\u00e1rio, coque, carbono e aglomerado.[\/vc_column_text][vc_column_text]<\/p>\n<ul>\n<li>Veda\u00e7\u00e3o das correias de transporte<\/li>\n<li>Supress\u00e3o dos odores e das emiss\u00f5es de poeiras<\/li>\n<li>zona ATEX<\/li>\n<\/ul>\n<p>[\/vc_column_text][\/vc_column][vc_column css_animation=&#8221;slideInRight&#8221; width=&#8221;1\/2&#8243;][vc_single_image image=&#8221;4544&#8243; img_size=&#8221;full&#8221; alignment=&#8221;center&#8221;][\/vc_column][\/vc_row][vc_row][vc_column][vc_btn title=&#8221;Contacte-nos&#8221; style=&#8221;flat&#8221; shape=&#8221;square&#8221; color=&#8221;black&#8221; align=&#8221;center&#8221; link=&#8221;url:%2Fpt%2Fcontacto%2F|title:Contact%20Standard%20industrie&#8221;][\/vc_column][\/vc_row]<\/p>\n","protected":false},"excerpt":{"rendered":"<p>[vc_row][vc_column][vc_empty_space][vc_column_text el_class=&#8221;gros-titre fort trait-bleu traits-gris-droite-gauche titre-centre vc_separator wpb_content_element vc_separator_align_center vc_sep_width_100 vc_sep_border_width_2 vc_sep_pos_align_center vc_separator-has-text&#8221;] Solu\u00e7\u00e3o de desobstru\u00e7\u00e3o para a siderurgia [\/vc_column_text][\/vc_column][\/vc_row][vc_row el_class=&#8221;invert-block&#8221;][vc_column width=&#8221;1\/2&#8243;][vc_column_text]As nossas solu\u00e7\u00f5es de desobstru\u00e7\u00e3o<span class=\"excerpt-hellip\"> [\u2026]<\/span><\/p>\n","protected":false},"author":1,"featured_media":0,"parent":0,"menu_order":31,"comment_status":"closed","ping_status":"closed","template":"","meta":{"footnotes":""},"class_list":["post-3934","page","type-page","status-publish","hentry"],"_links":{"self":[{"href":"https:\/\/www.standard-industrie.com\/pt\/wp-json\/wp\/v2\/pages\/3934","targetHints":{"allow":["GET"]}}],"collection":[{"href":"https:\/\/www.standard-industrie.com\/pt\/wp-json\/wp\/v2\/pages"}],"about":[{"href":"https:\/\/www.standard-industrie.com\/pt\/wp-json\/wp\/v2\/types\/page"}],"author":[{"embeddable":true,"href":"https:\/\/www.standard-industrie.com\/pt\/wp-json\/wp\/v2\/users\/1"}],"replies":[{"embeddable":true,"href":"https:\/\/www.standard-industrie.com\/pt\/wp-json\/wp\/v2\/comments?post=3934"}],"version-history":[{"count":0,"href":"https:\/\/www.standard-industrie.com\/pt\/wp-json\/wp\/v2\/pages\/3934\/revisions"}],"wp:attachment":[{"href":"https:\/\/www.standard-industrie.com\/pt\/wp-json\/wp\/v2\/media?parent=3934"}],"curies":[{"name":"wp","href":"https:\/\/api.w.org\/{rel}","templated":true}]}}