{"id":3999,"date":"2022-08-30T09:36:56","date_gmt":"2022-08-30T08:36:56","guid":{"rendered":"https:\/\/www.standard-industrie.com\/pt\/?page_id=3999"},"modified":"2025-06-05T10:32:13","modified_gmt":"2025-06-05T09:32:13","slug":"accueil-standard-industrie","status":"publish","type":"page","link":"https:\/\/www.standard-industrie.com\/pt\/","title":{"rendered":"Accueil Standard Industrie"},"content":{"rendered":"<p>[vc_row][vc_column][vc_empty_space][vc_column_text el_class=&#8221;gros-titre fort traits-gris-droite-gauche titre-centre vc_separator wpb_content_element vc_separator_align_center vc_sep_width_100 vc_sep_border_width_2 vc_sep_pos_align_center vc_separator-has-text&#8221;]<\/p>\n<div class=\"vc_sep_holder vc_sep_holder_l\">\n<p class=\"vc_sep_line\" style=\"border-color: grey;\">\n<\/div>\n<h2>NOSSAS SOLU\u00c7\u00d5ES<\/h2>\n<div class=\"vc_sep_holder vc_sep_holder_r\">\n<p class=\"vc_sep_line\" style=\"border-color: grey;\">\n<\/div>\n<p>[\/vc_column_text][vc_row_inner][vc_column_inner width=&#8221;1\/2&#8243;][vc_column_text]A Standard Industrie fornece solu\u00e7\u00f5es diversificadas para ajudar os fabricantes de granel em todo o mundo e para todos os tipos de ind\u00fastrias.[\/vc_column_text][\/vc_column_inner][vc_column_inner width=&#8221;1\/2&#8243;][\/vc_column_inner][\/vc_row_inner][vc_row_inner el_class=&#8221;range-5-block&#8221;][vc_column_inner width=&#8221;1\/5&#8243; offset=&#8221;vc_col-xs-6&#8243;][vc_single_image image=&#8221;4336&#8243; img_size=&#8221;full&#8221; onclick=&#8221;custom_link&#8221; el_class=&#8221;effect-slide-top-img-hover animation-trait-img-hover trait-rouge img-trait-titre&#8221; link=&#8221;https:\/\/www.standard-industrie.com\/pt\/eliminacao-das-obstrucoes-e-concrecoes\/&#8221; title=&#8221;ELIMINA\u00c7\u00c3O DE ENTUPIMENTOS E CONCRE\u00c7\u00d5ES&#8221;][\/vc_column_inner][vc_column_inner width=&#8221;1\/5&#8243; offset=&#8221;vc_col-xs-6&#8243;][vc_single_image image=&#8221;4129&#8243; img_size=&#8221;full&#8221; onclick=&#8221;custom_link&#8221; el_class=&#8221;effect-slide-top-img-hover animation-trait-img-hover trait-jaune img-trait-titre&#8221; link=&#8221;https:\/\/www.standard-industrie.com\/pt\/limpeza-industrial-por-aspiracao\/&#8221; title=&#8221;LIMPEZA A V\u00c1CUO INDUSTRIAL&#8221;][\/vc_column_inner][vc_column_inner width=&#8221;1\/5&#8243; offset=&#8221;vc_col-xs-6&#8243;][vc_single_image image=&#8221;4130&#8243; img_size=&#8221;full&#8221; onclick=&#8221;custom_link&#8221; el_class=&#8221;effect-slide-top-img-hover animation-trait-img-hover trait-vert img-trait-titre&#8221; link=&#8221;https:\/\/www.standard-industrie.com\/pt\/otimizacao-das-correias-transportadoras\/&#8221; title=&#8221;OTIMIZA\u00c7\u00c3O DE CORREIAS TRANSPORTADORAS&#8221;][\/vc_column_inner][vc_column_inner width=&#8221;1\/5&#8243; offset=&#8221;vc_col-xs-6&#8243;][vc_single_image image=&#8221;4131&#8243; img_size=&#8221;full&#8221; onclick=&#8221;custom_link&#8221; el_class=&#8221;effect-slide-top-img-hover animation-trait-img-hover trait-bleu img-trait-titre&#8221; link=&#8221;\/pt\/prestacoes-de-servicos-de-limpeza-de-silos-e-tremonhas\/&#8221; title=&#8221;SERVI\u00c7OS DE LIMPEZA DE SILOS E TREMONHAS&#8221;][\/vc_column_inner][\/vc_row_inner][vc_row_inner disable_element=&#8221;yes&#8221; el_class=&#8221;range-5-block&#8221;][vc_column_inner width=&#8221;1\/5&#8243; offset=&#8221;vc_col-xs-6&#8243;][vc_single_image image=&#8221;4336&#8243; img_size=&#8221;full&#8221; onclick=&#8221;custom_link&#8221; el_class=&#8221;effect-slide-top-img-hover animation-trait-img-hover trait-rouge img-trait-titre&#8221; link=&#8221;\/elimination-colmatages-concretions\/&#8221; title=&#8221;ELIMINA\u00c7\u00c3O DE ENTUPIMENTOS E CONCRE\u00c7\u00d5ES&#8221;][\/vc_column_inner][vc_column_inner width=&#8221;1\/5&#8243; offset=&#8221;vc_col-xs-6&#8243;][vc_single_image image=&#8221;4129&#8243; img_size=&#8221;full&#8221; onclick=&#8221;custom_link&#8221; el_class=&#8221;effect-slide-top-img-hover animation-trait-img-hover trait-jaune img-trait-titre&#8221; link=&#8221;\/nettoyage-industriel-aspiration\/&#8221; title=&#8221;LIMPEZA A V\u00c1CUO INDUSTRIAL&#8221;][\/vc_column_inner][vc_column_inner width=&#8221;1\/5&#8243; offset=&#8221;vc_col-xs-6&#8243;][vc_single_image image=&#8221;4130&#8243; img_size=&#8221;full&#8221; onclick=&#8221;custom_link&#8221; el_class=&#8221;effect-slide-top-img-hover animation-trait-img-hover trait-vert img-trait-titre&#8221; link=&#8221;\/optimisation-convoyeurs-bande\/&#8221; title=&#8221;OTIMIZA\u00c7\u00c3O DE CORREIAS TRANSPORTADORAS&#8221;][\/vc_column_inner][vc_column_inner width=&#8221;1\/5&#8243; offset=&#8221;vc_col-xs-6&#8243;][vc_single_image image=&#8221;4131&#8243; img_size=&#8221;full&#8221; onclick=&#8221;custom_link&#8221; el_class=&#8221;effect-slide-top-img-hover animation-trait-img-hover trait-bleu img-trait-titre&#8221; link=&#8221;\/prestations-nettoyage-silos-tremies\/&#8221; title=&#8221;SERVI\u00c7OS DE LIMPEZA DE SILOS E TREMORES&#8221;][\/vc_column_inner][vc_column_inner width=&#8221;1\/5&#8243; offset=&#8221;vc_col-xs-6&#8243;][vc_single_image image=&#8221;4132&#8243; img_size=&#8221;full&#8221; onclick=&#8221;custom_link&#8221; el_class=&#8221;effect-slide-top-img-hover animation-trait-img-hover trait-violet img-trait-titre&#8221; link=&#8221;\/transport-criblage-ecoulement-2\/&#8221; title=&#8221;Transport, criblage, \u00e9coulement&#8221;][\/vc_column_inner][vc_column_inner][\/vc_column_inner][\/vc_row_inner][\/vc_column][\/vc_row][vc_row][vc_column][vc_empty_space][vc_column_text el_class=&#8221;gros-titre fort traits-gris-droite-gauche titre-centre vc_separator wpb_content_element vc_separator_align_center vc_sep_width_100 vc_sep_border_width_2 vc_sep_pos_align_center vc_separator-has-text&#8221;]<\/p>\n<div class=\"vc_sep_holder vc_sep_holder_l\">\n<p class=\"vc_sep_line\" style=\"border-color: grey;\">\n<\/div>\n<h2>Os nossos sectores<\/h2>\n<div class=\"vc_sep_holder vc_sep_holder_r\">\n<p class=\"vc_sep_line\" style=\"border-color: grey;\">\n<\/div>\n<p>[\/vc_column_text][vc_row_inner][vc_column_inner width=&#8221;1\/2&#8243;][vc_column_text]Trabalhamos em v\u00e1rios sectores tais como cimento, vidro, minera\u00e7\u00e3o e pedreiras e muitos outros para fornecer solu\u00e7\u00f5es de limpeza para a ind\u00fastria a granel.[\/vc_column_text][\/vc_column_inner][vc_column_inner width=&#8221;1\/2&#8243;][\/vc_column_inner][\/vc_row_inner][vc_tta_tour active_section=&#8221;1&#8243; el_class=&#8221;range-secteurs&#8221;][vc_tta_section title=&#8221;Cimenteira&#8221; tab_id=&#8221;1663676834756-aab29fd0-e048&#8243;][vc_row_inner el_class=&#8221;txt-btn-page-secteurs&#8221;][vc_column_inner width=&#8221;1\/2&#8243; css=&#8221;.vc_custom_1676564945446{padding-top: 30px !important;padding-right: 30px !important;padding-bottom: 30px !important;padding-left: 30px !important;background-color: rgba(255,255,255,0.8) !important;*background-color: rgb(255,255,255) !important;}&#8221;][vc_column_text]As nossas <b>solu\u00e7\u00f5es de limpeza para f\u00e1bricas de cimento<\/b> ou cimenteiras permitem <b>eliminar as obstru\u00e7\u00f5es de areia<\/b> e solidifica\u00e7\u00f5es presentes nas <b>unidades de armazenamento<\/b> e nas condutas de g\u00e1s presentes no processo[\/vc_column_text][vc_btn title=&#8221;Leia mais&#8221; shape=&#8221;square&#8221; color=&#8221;warning&#8221; link=&#8221;url:%2Fpt%2Fsolucao-aspiracao-industrial-desobstrucao-para-fabrica-cimento%2F&#8221;][\/vc_column_inner][vc_column_inner width=&#8221;1\/2&#8243;][\/vc_column_inner][\/vc_row_inner][vc_single_image image=&#8221;4444&#8243; img_size=&#8221;full&#8221; alignment=&#8221;center&#8221;][\/vc_tta_section][vc_tta_section title=&#8221;Vidraria&#8221; tab_id=&#8221;1663678802508-3dd6017c-2a4f&#8221;][vc_row_inner el_class=&#8221;txt-btn-page-secteurs&#8221;][vc_column_inner width=&#8221;1\/2&#8243; css=&#8221;.vc_custom_1676564955309{padding-top: 30px !important;padding-right: 30px !important;padding-bottom: 30px !important;padding-left: 30px !important;background-color: rgba(255,255,255,0.8) !important;*background-color: rgb(255,255,255) !important;}&#8221;][vc_column_text]As nossas\u00a0<b>solu\u00e7\u00f5es de canh\u00e3o de ar comprimido<\/b>\u00a0permitem\u00a0<a href=\"https:\/\/www.standard-industrie.com\/pt\/eliminacao-das-obstrucoes-e-concrecoes\/\"><b>eliminar as obstru\u00e7\u00f5es<\/b><\/a>\u00a0e\u00a0<b>solidifica\u00e7\u00f5es nas unidades de armazenamento<\/b>\u00a0e nas\u00a0condutas de g\u00e1s\u00a0e tratamento de fumo, enfornamento e prepara\u00e7\u00e3o das cargas.[\/vc_column_text][vc_btn title=&#8221;Leia mais&#8221; shape=&#8221;square&#8221; color=&#8221;warning&#8221; link=&#8221;url:%2Fpt%2Fsolucao-aspiracao-desobstrucao-para-industria-vidro%2F&#8221;][\/vc_column_inner][vc_column_inner width=&#8221;1\/2&#8243;][\/vc_column_inner][\/vc_row_inner][vc_single_image image=&#8221;4441&#8243; img_size=&#8221;full&#8221; alignment=&#8221;center&#8221;][\/vc_tta_section][vc_tta_section title=&#8221;Minas e pedreira&#8221; tab_id=&#8221;1663679084549-396f71bf-654f&#8221;][vc_row_inner el_class=&#8221;txt-btn-page-secteurs&#8221;][vc_column_inner width=&#8221;1\/2&#8243; css=&#8221;.vc_custom_1676564962833{padding-top: 30px !important;padding-right: 30px !important;padding-bottom: 30px !important;padding-left: 30px !important;background-color: rgba(255,255,255,0.8) !important;*background-color: rgb(255,255,255) !important;}&#8221;][vc_column_text]As nossas\u00a0solu\u00e7\u00f5es de desobstru\u00e7\u00e3o por canh\u00e3o de ar comprimido permitem\u00a0<b>eliminar os dep\u00f3sitos de material<\/b>, as\u00a0obstru\u00e7\u00f5es\u00a0e\u00a0solidifica\u00e7\u00f5es\u00a0nas unidades de armazenamento e nas calhas de encaminhamento de material.[\/vc_column_text][vc_btn title=&#8221;Leila mais&#8221; shape=&#8221;square&#8221; color=&#8221;warning&#8221; link=&#8221;url:%2Fpt%2Fsolucao-aspiracao-desobstrucao-minas-e-extracao-pedreiras-minerios%2F&#8221;][\/vc_column_inner][vc_column_inner width=&#8221;1\/2&#8243;][\/vc_column_inner][\/vc_row_inner][vc_single_image image=&#8221;4445&#8243; img_size=&#8221;full&#8221; alignment=&#8221;center&#8221;][\/vc_tta_section][vc_tta_section title=&#8221;Tratamento de residuos&#8221; tab_id=&#8221;1663679126140-a1414a3c-0f2b&#8221;][vc_row_inner el_class=&#8221;txt-btn-page-secteurs&#8221;][vc_column_inner width=&#8221;1\/2&#8243; css=&#8221;.vc_custom_1676564975027{padding-top: 30px !important;padding-right: 30px !important;padding-bottom: 30px !important;padding-left: 30px !important;background-color: rgba(255,255,255,0.8) !important;*background-color: rgb(255,255,255) !important;}&#8221;][vc_column_text]As nossas\u00a0<b>solu\u00e7\u00f5es de limpeza industrial para as f\u00e1bricas de tratamento de res\u00edduos<\/b>\u00a0permitem eliminar as\u00a0obstru\u00e7\u00f5es\u00a0e solidifica\u00e7\u00f5es presentes nas unidades de armazenamento.[\/vc_column_text][vc_btn title=&#8221;Leia mais&#8221; shape=&#8221;square&#8221; color=&#8221;warning&#8221; link=&#8221;url:%2Fpt%2Fsolucao-de-desobstrucao-para-fabricas-de-tratamento-de-residuos%2F&#8221;][\/vc_column_inner][vc_column_inner width=&#8221;1\/2&#8243;][\/vc_column_inner][\/vc_row_inner][vc_single_image image=&#8221;4448&#8243; img_size=&#8221;full&#8221; alignment=&#8221;center&#8221;][\/vc_tta_section][vc_tta_section title=&#8221;Produ\u00e7\u00e3o de energia&#8221; tab_id=&#8221;1663679159217-2320528c-519b&#8221;][vc_row_inner el_class=&#8221;txt-btn-page-secteurs&#8221;][vc_column_inner width=&#8221;1\/2&#8243; css=&#8221;.vc_custom_1676564982059{padding-top: 30px !important;padding-right: 30px !important;padding-bottom: 30px !important;padding-left: 30px !important;background-color: rgba(255,255,255,0.8) !important;*background-color: rgb(255,255,255) !important;}&#8221;][vc_column_text]As nossas solu\u00e7\u00f5es de limpeza industrial para as f\u00e1bricas de incinera\u00e7\u00e3o de res\u00edduos, centrais t\u00e9rmicas ou centrais de biomassa.[\/vc_column_text][vc_btn title=&#8221;Leia mais&#8221; shape=&#8221;square&#8221; color=&#8221;warning&#8221; link=&#8221;url:%2Fpt%2Fproducao-de-energia%2F&#8221;][\/vc_column_inner][vc_column_inner width=&#8221;1\/2&#8243;][\/vc_column_inner][\/vc_row_inner][vc_single_image image=&#8221;4446&#8243; img_size=&#8221;full&#8221; alignment=&#8221;center&#8221;][\/vc_tta_section][vc_tta_section title=&#8221;Alimenta\u00e7\u00e3o&#8221; tab_id=&#8221;1663679205414-cd0cd74c-3ee9&#8243;][vc_row_inner el_class=&#8221;txt-btn-page-secteurs&#8221;][vc_column_inner width=&#8221;1\/2&#8243; css=&#8221;.vc_custom_1676564990307{padding-top: 30px !important;padding-right: 30px !important;padding-bottom: 30px !important;padding-left: 30px !important;background-color: rgba(255,255,255,0.8) !important;*background-color: rgb(255,255,255) !important;}&#8221;][vc_column_text]As nossas\u00a0solu\u00e7\u00f5es de desobstru\u00e7\u00e3o\u00a0para\u00a0tornar a produ\u00e7\u00e3o de alimenta\u00e7\u00e3o animal ou humana\u00a0mais fluida permitem\u00a0<a href=\"https:\/\/www.standard-industrie.com\/pt\/eliminacao-das-obstrucoes-e-concrecoes\/\"><b>eliminar os dep\u00f3sitos de material<\/b><\/a>,[\/vc_column_text][vc_btn title=&#8221;Leia mais&#8221; shape=&#8221;square&#8221; color=&#8221;warning&#8221; link=&#8221;url:%2Fpt%2Fsolucao-aspiracao-desobstrucao-industria-alimentar%2F&#8221;][\/vc_column_inner][vc_column_inner width=&#8221;1\/2&#8243;][\/vc_column_inner][\/vc_row_inner][vc_single_image image=&#8221;4442&#8243; img_size=&#8221;full&#8221; alignment=&#8221;center&#8221;][\/vc_tta_section][vc_tta_section title=&#8221;Siderurgia&#8221; tab_id=&#8221;1663679274544-30d45493-5251&#8243;][vc_row_inner el_class=&#8221;txt-btn-page-secteurs&#8221;][vc_column_inner width=&#8221;1\/2&#8243; css=&#8221;.vc_custom_1676565003750{padding-top: 30px !important;padding-right: 30px !important;padding-bottom: 30px !important;padding-left: 30px !important;background-color: rgba(255,255,255,0.8) !important;*background-color: rgb(255,255,255) !important;}&#8221;][vc_column_text]As nossas\u00a0<b>solu\u00e7\u00f5es de desobstru\u00e7\u00e3o para a siderurgia<\/b>\u00a0permitem\u00a0<a href=\"https:\/\/www.standard-industrie.com\/pt\/eliminacao-das-obstrucoes-e-concrecoes\/\"><b>eliminar os dep\u00f3sitos de material<\/b><\/a>, as\u00a0obstru\u00e7\u00f5es\u00a0e\u00a0solidifica\u00e7\u00f5es\u00a0nas unidades de armazenamento e nas zonas de tratamento de gases e poeiras.[\/vc_column_text][vc_btn title=&#8221;Leia mais&#8221; shape=&#8221;square&#8221; color=&#8221;warning&#8221; link=&#8221;url:%2Fpt%2Folucao-de-aspiracao-e-desobstrucao-para-a-siderurgia%2F&#8221;][\/vc_column_inner][vc_column_inner width=&#8221;1\/2&#8243;][\/vc_column_inner][\/vc_row_inner][vc_single_image image=&#8221;4447&#8243; img_size=&#8221;full&#8221; alignment=&#8221;center&#8221;][\/vc_tta_section][vc_tta_section title=&#8221;Gesso&#8221; tab_id=&#8221;1676460062200-1aae1775-cf96&#8243;][vc_row_inner el_class=&#8221;txt-btn-page-secteurs&#8221;][vc_column_inner width=&#8221;1\/2&#8243; css=&#8221;.vc_custom_1676565010116{padding-top: 30px !important;padding-right: 30px !important;padding-bottom: 30px !important;padding-left: 30px !important;background-color: rgba(255,255,255,0.8) !important;*background-color: rgb(255,255,255) !important;}&#8221;][vc_column_text]bra\u00e7o articulado da\u00a0<a href=\"https:\/\/www.standard-industrie.com\/pt\/gironet\/\"><strong>GIRONET<\/strong><\/a>\u00a0que roda 360\u00b0 elimina os problemas de obstru\u00e7\u00f5es ou de forma\u00e7\u00e3o de crostas de gesso.[\/vc_column_text][vc_btn title=&#8221;Leia mais&#8221; shape=&#8221;square&#8221; color=&#8221;warning&#8221; link=&#8221;url:%2Fpt%2Ffabrico-de-gesso%2F&#8221;][\/vc_column_inner][vc_column_inner width=&#8221;1\/2&#8243;][\/vc_column_inner][\/vc_row_inner][vc_single_image image=&#8221;6247&#8243; img_size=&#8221;full&#8221; alignment=&#8221;center&#8221;][\/vc_tta_section][vc_tta_section title=&#8221;Madeira&#8221; tab_id=&#8221;1684155392588-34967285-53c6&#8243;][vc_row_inner el_class=&#8221;txt-btn-page-secteurs&#8221;][vc_column_inner width=&#8221;1\/2&#8243; css=&#8221;.vc_custom_1676565010116{padding-top: 30px !important;padding-right: 30px !important;padding-bottom: 30px !important;padding-left: 30px !important;background-color: rgba(255,255,255,0.8) !important;*background-color: rgb(255,255,255) !important;}&#8221;][vc_column_text]Descubra as nossas solu\u00e7\u00f5es de manuten\u00e7\u00e3o para a ind\u00fastria da madeira, do papel e do cart\u00e3o[\/vc_column_text][vc_btn title=&#8221;Leia mais&#8221; shape=&#8221;square&#8221; color=&#8221;warning&#8221; link=&#8221;url:https%3A%2F%2Fwww.standard-industrie.com%2Fpt%2Fsolucao-de-aspiracao-e-limpeza-para-a-industria-da-madeira%2F|title:Solu%C3%A7%C3%A3o%20de%20aspira%C3%A7%C3%A3o%20e%20limpeza%20para%20a%20ind%C3%BAstria%20da%20madeira&#8221;][\/vc_column_inner][vc_column_inner width=&#8221;1\/2&#8243;][\/vc_column_inner][\/vc_row_inner][vc_single_image image=&#8221;6366&#8243; img_size=&#8221;full&#8221; alignment=&#8221;center&#8221;][\/vc_tta_section][vc_tta_section title=&#8221;Papel e cart\u00e3o&#8221; tab_id=&#8221;1707295510907-e465fc5e-ebb3&#8243;][vc_row_inner el_class=&#8221;txt-btn-page-secteurs&#8221;][vc_column_inner width=&#8221;1\/2&#8243; css=&#8221;.vc_custom_1676565010116{padding-top: 30px !important;padding-right: 30px !important;padding-bottom: 30px !important;padding-left: 30px !important;background-color: rgba(255,255,255,0.8) !important;*background-color: rgb(255,255,255) !important;}&#8221;][vc_column_text]A produ\u00e7\u00e3o de papel e cart\u00e3o resulta em dep\u00f3sitos de p\u00f3 de celulose. Isto requer uma limpeza regular, o que tem um impacto consider\u00e1vel nos custos de funcionamento.[\/vc_column_text][vc_btn title=&#8221;Leia mais&#8221; shape=&#8221;square&#8221; color=&#8221;warning&#8221; link=&#8221;url:%2Fpt%2Fsolucoes-limpeza-despoeiramento-para-industria-papel-cartao%2F|title:Solu%C3%A7%C3%A3o%20de%20aspira%C3%A7%C3%A3o%20e%20limpeza%20para%20a%20ind%C3%BAstria%20da%20madeira&#8221;][\/vc_column_inner][vc_column_inner width=&#8221;1\/2&#8243;][\/vc_column_inner][\/vc_row_inner][vc_single_image image=&#8221;6409&#8243; img_size=&#8221;full&#8221; alignment=&#8221;center&#8221;][\/vc_tta_section][\/vc_tta_tour][\/vc_column][\/vc_row][vc_row][vc_column][vc_empty_space][vc_column_text el_class=&#8221;gros-titre fort traits-gris-droite-gauche titre-centre vc_separator wpb_content_element vc_separator_align_center vc_sep_width_100 vc_sep_border_width_2 vc_sep_pos_align_center vc_separator-has-text&#8221;]<\/p>\n<div class=\"vc_sep_holder vc_sep_holder_l\">\n<p class=\"vc_sep_line\" style=\"border-color: grey;\">\n<\/div>\n<h2 class=\"\">Standard Industrie<\/h2>\n<div class=\"vc_sep_holder vc_sep_holder_r\">\n<p class=\"vc_sep_line\" style=\"border-color: grey;\">\n<\/div>\n<p>[\/vc_column_text][vc_tta_tabs active_section=&#8221;1&#8243; el_class=&#8221;range-standard-industrie&#8221;][vc_tta_section title=&#8221;Nossa hist\u00f3ria&#8221; tab_id=&#8221;1663681684697-08ed2588-35cc&#8221;][vc_row_inner][vc_column_inner width=&#8221;1\/2&#8243;][vc_column_text]Em 1977, Herv\u00e9 Simo\u00ebns lidava com as limita\u00e7\u00f5es regulares da evacua\u00e7\u00e3o de materiais nas unidades de armazenamento de tipo silo ou tremonha. Na \u00e9poca, para resolver o problema, o painel infl\u00e1vel era a principal solu\u00e7\u00e3o.[\/vc_column_text][vc_btn title=&#8221;Leia mais&#8221; shape=&#8221;square&#8221; color=&#8221;warning&#8221; link=&#8221;url:https%3A%2F%2Fwww.standard-industrie.com%2Fpt%2Fnossa-historia%2F&#8221;][\/vc_column_inner][vc_column_inner width=&#8221;1\/2&#8243;][vc_single_image image=&#8221;4068&#8243; img_size=&#8221;full&#8221;][\/vc_column_inner][\/vc_row_inner][\/vc_tta_section][vc_tta_section title=&#8221;Nossa equipe&#8221; tab_id=&#8221;1663681850419-d8a8e18d-2833&#8243;][vc_row_inner][vc_column_inner width=&#8221;1\/2&#8243;][vc_column_text]Nossa equipe t\u00e9cnica, especializada em processos industriais, interv\u00e9m em todo o mundo e est\u00e1 a sua disposi\u00e7\u00e3o para aconselhar voc\u00ea na instala\u00e7\u00e3o e coloca\u00e7\u00e3o em funcionamento de seus equipamentos.<br \/>\nGra\u00e7as ao\u00a0<em>know-how<\/em>\u00a0e \u00e0 experi\u00eancia de seus peritos, sugere, na sequ\u00eancia de um estudo t\u00e9cnico personalizado, solu\u00e7\u00f5es concretas e adequadas aos problemas e limita\u00e7\u00f5es que encontra na manuten\u00e7\u00e3o dos dep\u00f3sitos a granel.[\/vc_column_text][vc_btn title=&#8221;Leia mais&#8221; shape=&#8221;square&#8221; color=&#8221;warning&#8221; link=&#8221;url:https%3A%2F%2Fwww.standard-industrie.com%2Fpt%2Fnossa-equipe%2F&#8221;][\/vc_column_inner][vc_column_inner width=&#8221;1\/2&#8243;][vc_single_image image=&#8221;4072&#8243; img_size=&#8221;full&#8221;][\/vc_column_inner][\/vc_row_inner][\/vc_tta_section][vc_tta_section title=&#8221;Nossos clientes&#8221; tab_id=&#8221;1663681919907-ff3a65cd-cfcf&#8221;][vc_row_inner][vc_column_inner width=&#8221;1\/2&#8243;][vc_column_text]As nossas solu\u00e7\u00f5es destinam-se a todos os industriais, em mais de 90 pa\u00edses, que armazenam e trabalham com produtos em p\u00f3\u2026 ou seja, mais de 60 sectores de actividade.[\/vc_column_text][vc_btn title=&#8221;Leia mais&#8221; shape=&#8221;square&#8221; color=&#8221;warning&#8221; link=&#8221;url:https%3A%2F%2Fwww.standard-industrie.com%2Fpt%2Fnossos-clientes%2F|title:NOSSOS%20CLIENTES&#8221;][\/vc_column_inner][vc_column_inner width=&#8221;1\/2&#8243;][vc_single_image image=&#8221;4064&#8243; img_size=&#8221;full&#8221;][\/vc_column_inner][\/vc_row_inner][\/vc_tta_section][\/vc_tta_tabs][\/vc_column][\/vc_row]<\/p>\n","protected":false},"excerpt":{"rendered":"<p>[vc_row][vc_column][vc_empty_space][vc_column_text el_class=&#8221;gros-titre fort traits-gris-droite-gauche titre-centre vc_separator wpb_content_element vc_separator_align_center vc_sep_width_100 vc_sep_border_width_2 vc_sep_pos_align_center vc_separator-has-text&#8221;] NOSSAS SOLU\u00c7\u00d5ES [\/vc_column_text][vc_row_inner][vc_column_inner width=&#8221;1\/2&#8243;][vc_column_text]A Standard Industrie fornece solu\u00e7\u00f5es diversificadas para ajudar os fabricantes de<span class=\"excerpt-hellip\"> [\u2026]<\/span><\/p>\n","protected":false},"author":1,"featured_media":0,"parent":0,"menu_order":2,"comment_status":"closed","ping_status":"closed","template":"","meta":{"footnotes":""},"class_list":["post-3999","page","type-page","status-publish","hentry"],"_links":{"self":[{"href":"https:\/\/www.standard-industrie.com\/pt\/wp-json\/wp\/v2\/pages\/3999","targetHints":{"allow":["GET"]}}],"collection":[{"href":"https:\/\/www.standard-industrie.com\/pt\/wp-json\/wp\/v2\/pages"}],"about":[{"href":"https:\/\/www.standard-industrie.com\/pt\/wp-json\/wp\/v2\/types\/page"}],"author":[{"embeddable":true,"href":"https:\/\/www.standard-industrie.com\/pt\/wp-json\/wp\/v2\/users\/1"}],"replies":[{"embeddable":true,"href":"https:\/\/www.standard-industrie.com\/pt\/wp-json\/wp\/v2\/comments?post=3999"}],"version-history":[{"count":0,"href":"https:\/\/www.standard-industrie.com\/pt\/wp-json\/wp\/v2\/pages\/3999\/revisions"}],"wp:attachment":[{"href":"https:\/\/www.standard-industrie.com\/pt\/wp-json\/wp\/v2\/media?parent=3999"}],"curies":[{"name":"wp","href":"https:\/\/api.w.org\/{rel}","templated":true}]}}