{"id":4049,"date":"2022-08-30T12:57:46","date_gmt":"2022-08-30T11:57:46","guid":{"rendered":"https:\/\/www.standard-industrie.com\/pt\/?page_id=4049"},"modified":"2025-06-05T10:47:27","modified_gmt":"2025-06-05T09:47:27","slug":"producao-de-energia","status":"publish","type":"page","link":"https:\/\/www.standard-industrie.com\/pt\/producao-de-energia\/","title":{"rendered":"Produ\u00e7\u00e3o de energia"},"content":{"rendered":"<p>[vc_row][vc_column][vc_column_text][\/vc_column_text][\/vc_column][\/vc_row][vc_row][vc_column][vc_empty_space][vc_column_text el_class=&#8221;gros-titre fort trait-bleu traits-gris-droite-gauche titre-centre vc_separator wpb_content_element vc_separator_align_center vc_sep_width_100 vc_sep_border_width_2 vc_sep_pos_align_center vc_separator-has-text&#8221;]<\/p>\n<div class=\"vc_sep_holder vc_sep_holder_l\">\n<p class=\"vc_sep_line\" style=\"border-color: grey;\">\n<\/div>\n<h2 style=\"text-align: center;\">Solu\u00e7\u00e3o de desobstru\u00e7\u00e3o para as f\u00e1bricas de incinera\u00e7\u00e3o e produ\u00e7\u00e3o de energia, central t\u00e9rmica e central de biomassa<\/h2>\n<div class=\"vc_sep_holder vc_sep_holder_r\">\n<p class=\"vc_sep_line\" style=\"border-color: grey;\">\n<\/div>\n<p>[\/vc_column_text][\/vc_column][\/vc_row][vc_row el_class=&#8221;invert-block&#8221;][vc_column width=&#8221;1\/2&#8243;][vc_column_text]As nossas <b>solu\u00e7\u00f5es de limpeza industrial para as f\u00e1bricas de incinera\u00e7\u00e3o de res\u00edduos, centrais t\u00e9rmicas ou centrais de biomassa<\/b> permitem eliminar as obstru\u00e7\u00f5es e solidifica\u00e7\u00f5es presentes nas tremonhas, calhas de encaminhamento, condutas de g\u00e1s e tratamento de fumos, feixes do economizador de caldeira de biomassa.<\/p>\n<p>As nossas presta\u00e7\u00f5es de servi\u00e7os permitem a <a href=\"\/pt\/eliminacao-das-obstrucoes-e-concrecoes\/\">desobstru\u00e7\u00e3o de cinzas<\/a>, cal, gesso, REFIOM ou materiais vegetais usados para alimentar as caldeiras de biomassa<\/p>\n<p>Seguem-se alguns exemplos das nossas solu\u00e7\u00f5es de desobstru\u00e7\u00e3o:[\/vc_column_text][vc_column_text]<\/p>\n<ul>\n<li>Limpeza de uma tremonha de alimenta\u00e7\u00e3o de triturador de carbono<\/li>\n<li>Limpeza da Caldeira de biomassa<\/li>\n<li>Limpeza da c\u00e2mara de p\u00f3s-combust\u00e3o<\/li>\n<li>Limpeza dos dep\u00f3sitos de material na calha<\/li>\n<li>Limpeza das cinzas nos feixes de refrigera\u00e7\u00e3o<\/li>\n<li>O AIRCHOC\u00ae permite varrer os feixes atrav\u00e9s de rajadas de ar.<\/li>\n<li>Limpeza do permutador de calor<\/li>\n<li>Limpeza dos dep\u00f3sitos de poeiras nos tubos do economizador<\/li>\n<li>Limpeza dos filtros de mangas, eletrofiltro, tremonha com filtro<\/li>\n<li>Limpeza do reator de tratamento de fumos (absorvedor), desobstru\u00e7\u00e3o de REFIOM, lavagem dos gases<\/li>\n<\/ul>\n<p>[\/vc_column_text][\/vc_column][vc_column css_animation=&#8221;slideInRight&#8221; width=&#8221;1\/2&#8243;][vc_single_image image=&#8221;4522&#8243; img_size=&#8221;full&#8221; alignment=&#8221;center&#8221;][\/vc_column][\/vc_row][vc_row][vc_column][vc_btn title=&#8221;Contacte-nos&#8221; style=&#8221;flat&#8221; shape=&#8221;square&#8221; color=&#8221;black&#8221; align=&#8221;center&#8221; link=&#8221;url:%2Fpt%2Fcontacto%2F|title:Contact%20Standard%20industrie&#8221;][\/vc_column][\/vc_row][vc_row][vc_column][vc_empty_space][vc_column_text el_class=&#8221;gros-titre fort trait-bleu traits-gris-droite-gauche titre-centre vc_separator wpb_content_element vc_separator_align_center vc_sep_width_100 vc_sep_border_width_2 vc_sep_pos_align_center vc_separator-has-text&#8221;]<\/p>\n<div class=\"vc_sep_holder vc_sep_holder_l\">\n<p class=\"vc_sep_line\" style=\"border-color: grey;\">\n<\/div>\n<h2 style=\"text-align: center;\">Aspira\u00e7\u00e3o industrial para redu\u00e7\u00e3o da acumula\u00e7\u00e3o de p\u00f3 e recupera\u00e7\u00e3o de material<\/h2>\n<div class=\"vc_sep_holder vc_sep_holder_r\">\n<p class=\"vc_sep_line\" style=\"border-color: grey;\">\n<\/div>\n<p>[\/vc_column_text][\/vc_column][\/vc_row][vc_row el_class=&#8221;invert-block&#8221;][vc_column css_animation=&#8221;slideInLeft&#8221; width=&#8221;1\/2&#8243;][vc_single_image image=&#8221;4520&#8243; img_size=&#8221;full&#8221; alignment=&#8221;center&#8221;][\/vc_column][vc_column width=&#8221;1\/2&#8243;][vc_column_text]Propomos <a href=\"\/pt\/limpeza-industrial-por-aspiracao\/\">solu\u00e7\u00f5es de aspira\u00e7\u00e3o<\/a> que permitam aspirar cinzas, carv\u00e3o, poeiras, res\u00edduos, combust\u00edveis alternativos e pellets de madeira.<\/p>\n<p>Alguns exemplos das nossas solu\u00e7\u00f5es de aspira\u00e7\u00e3o industrial:[\/vc_column_text][vc_column_text]<\/p>\n<ul>\n<li>Aspira\u00e7\u00e3o das cinzas da caldeira durante paragens planeadas<\/li>\n<li>Aspira\u00e7\u00e3o de part\u00edculas finas de hidrocarbonetos n\u00e3o queimados na caldeira resultantes da combust\u00e3o controlada por cron\u00f3metro com o objetivo de reduzir a taxa de NOx de acordo com a legisla\u00e7\u00e3o europeia. Este produto tem uma densidade de 0,33 e apresenta-se sob a forma de poeiras.<\/li>\n<li>Aspira\u00e7\u00e3o de res\u00edduos de poeiras nas tremonhas de eletrofiltros, no aquecedor de ar e nas condutas de g\u00e1s.<\/li>\n<li>Aspira\u00e7\u00e3o de min\u00e9rio de ferro nas diferentes oficinas da central.<\/li>\n<li>Aspira\u00e7\u00e3o de pellets de madeira numa central t\u00e9rmica de biomassa<\/li>\n<li>Limpeza da sala da caldeira e recupera\u00e7\u00e3o do material num big-bag<\/li>\n<li>Todas as f\u00e1bricas de incinera\u00e7\u00e3o com REFIOM s\u00e3o consideradas como de risco CMR (cancer\u00edgeno, mutag\u00e9nico e t\u00f3xico para a reprodu\u00e7\u00e3o). Por isso, os operadores foram proibidos de utilizar vassouras e sopradores. A solu\u00e7\u00e3o \u00e9 a aspira\u00e7\u00e3o com um SAM no silo e filtra\u00e7\u00e3o absoluta. Este est\u00e1 ligado a uma rede fixa que permite limpar as instala\u00e7\u00f5es com toda a seguran\u00e7a para os operadores e equipamentos.<\/li>\n<li>Aspira\u00e7\u00e3o ao longo dos transportadores<\/li>\n<\/ul>\n<p>[\/vc_column_text][\/vc_column][\/vc_row][vc_row][vc_column][vc_empty_space][vc_column_text el_class=&#8221;gros-titre fort trait-bleu traits-gris-droite-gauche titre-centre vc_separator wpb_content_element vc_separator_align_center vc_sep_width_100 vc_sep_border_width_2 vc_sep_pos_align_center vc_separator-has-text&#8221;]<\/p>\n<div class=\"vc_sep_holder vc_sep_holder_l\">\n<p class=\"vc_sep_line\" style=\"border-color: grey;\">\n<\/div>\n<h2 style=\"text-align: center;\">Veda\u00e7\u00e3o dos transportadores de correia utilizados para a alimenta\u00e7\u00e3o de fornos ou caldeiras<\/h2>\n<div class=\"vc_sep_holder vc_sep_holder_r\">\n<p class=\"vc_sep_line\" style=\"border-color: grey;\">\n<\/div>\n<p>[\/vc_column_text][\/vc_column][\/vc_row][vc_row el_class=&#8221;invert-block&#8221;][vc_column width=&#8221;1\/2&#8243;][vc_column_text]A Standard Industrie prop\u00f5e solu\u00e7\u00f5es para eliminar os<a href=\"\/pt\/otimizacao-das-correias-transportadoras\/\"> transbordamentos do transportador de correia<\/a> e da correia de transporte.[\/vc_column_text][vc_column_text]<\/p>\n<ul>\n<li>Veda\u00e7\u00e3o das correias de transporte de combust\u00edveis<\/li>\n<li>Supress\u00e3o dos odores e das emiss\u00f5es de poeiras<\/li>\n<li>Zona ATEX<\/li>\n<li>Prote\u00e7\u00e3o da correia de transporte de aparas de madeira, serradura<\/li>\n<li>Seguran\u00e7a do transportador de res\u00edduos impregnados, de res\u00edduos perigosos<\/li>\n<\/ul>\n<p>[\/vc_column_text][\/vc_column][vc_column css_animation=&#8221;slideInRight&#8221; width=&#8221;1\/2&#8243;][vc_single_image image=&#8221;5806&#8243; img_size=&#8221;full&#8221; alignment=&#8221;center&#8221;][\/vc_column][\/vc_row][vc_row][vc_column][vc_btn title=&#8221;Contacte-nos&#8221; style=&#8221;flat&#8221; shape=&#8221;square&#8221; color=&#8221;black&#8221; align=&#8221;center&#8221; link=&#8221;url:%2Fpt%2Fcontacto%2F|title:Contact%20Standard%20industrie&#8221;][\/vc_column][\/vc_row]<\/p>\n","protected":false},"excerpt":{"rendered":"<p>[vc_row][vc_column][vc_column_text][\/vc_column_text][\/vc_column][\/vc_row][vc_row][vc_column][vc_empty_space][vc_column_text el_class=&#8221;gros-titre fort trait-bleu traits-gris-droite-gauche titre-centre vc_separator wpb_content_element vc_separator_align_center vc_sep_width_100 vc_sep_border_width_2 vc_sep_pos_align_center vc_separator-has-text&#8221;] Solu\u00e7\u00e3o de desobstru\u00e7\u00e3o para as f\u00e1bricas de incinera\u00e7\u00e3o e produ\u00e7\u00e3o de energia, central<span class=\"excerpt-hellip\"> [\u2026]<\/span><\/p>\n","protected":false},"author":1,"featured_media":0,"parent":0,"menu_order":15,"comment_status":"closed","ping_status":"closed","template":"","meta":{"footnotes":""},"class_list":["post-4049","page","type-page","status-publish","hentry"],"_links":{"self":[{"href":"https:\/\/www.standard-industrie.com\/pt\/wp-json\/wp\/v2\/pages\/4049","targetHints":{"allow":["GET"]}}],"collection":[{"href":"https:\/\/www.standard-industrie.com\/pt\/wp-json\/wp\/v2\/pages"}],"about":[{"href":"https:\/\/www.standard-industrie.com\/pt\/wp-json\/wp\/v2\/types\/page"}],"author":[{"embeddable":true,"href":"https:\/\/www.standard-industrie.com\/pt\/wp-json\/wp\/v2\/users\/1"}],"replies":[{"embeddable":true,"href":"https:\/\/www.standard-industrie.com\/pt\/wp-json\/wp\/v2\/comments?post=4049"}],"version-history":[{"count":0,"href":"https:\/\/www.standard-industrie.com\/pt\/wp-json\/wp\/v2\/pages\/4049\/revisions"}],"wp:attachment":[{"href":"https:\/\/www.standard-industrie.com\/pt\/wp-json\/wp\/v2\/media?parent=4049"}],"curies":[{"name":"wp","href":"https:\/\/api.w.org\/{rel}","templated":true}]}}