{"id":4060,"date":"2022-08-30T13:14:13","date_gmt":"2022-08-30T12:14:13","guid":{"rendered":"https:\/\/www.standard-industrie.com\/pt\/?page_id=4060"},"modified":"2023-03-15T10:24:32","modified_gmt":"2023-03-15T09:24:32","slug":"contacto","status":"publish","type":"page","link":"https:\/\/www.standard-industrie.com\/pt\/contacto\/","title":{"rendered":"Contacto Standard industrie"},"content":{"rendered":"<p>[vc_row gap=&#8221;35&#8243;][vc_column width=&#8221;1\/2&#8243;][vc_column_text el_class=&#8221;gros-titre fort trait-bleu traits-gris-droite-gauche titre-gauche vc_sep_border_width_2 vc_separator wpb_content_element vc_separator_align_left vc_sep_width_100 vc_sep_pos_align_center vc_sep_color_grey vc_separator-has-text&#8221;]<\/p>\n<div class=\"vc_sep_holder vc_sep_holder_l\">\n<p class=\"vc_sep_line\" style=\"border-color: grey;\">\n<\/div>\n<h2>Sede social<\/h2>\n<div class=\"vc_sep_holder vc_sep_holder_r\">\n<p class=\"vc_sep_line\" style=\"border-color: grey;\">\n<\/div>\n<p>[\/vc_column_text][vc_raw_html]JTNDc3Ryb25nJTNFU1RBTkRBUkQlMjBJTkRVU1RSSUUlM0MlMkZzdHJvbmclM0UlM0NiciUzRSUwQSUzQ3N0cm9uZyUzRUludGVybmF0aW9uYWwlM0MlMkZzdHJvbmclM0UlM0NiciUzRSUwQSUzQ2JyJTNFJTBBMTM5JTIwLTE0MSUyMHJ1ZSUyMGRlJTIwTHV4ZW1ib3VyZyUzQ2JyJTNFJTBBQ1MlMjA1MDIwNyUzQ2JyJTNFJTBBNTkwNTQlMjBST1VCQUlYJTIwQ2VkZXglMjAxJTNDYnIlM0UlMEFGUkFOQ0UlM0NiciUzRSUwQSUzQ2JyJTNFJTBBJTNDYSUyMGNsYXNzJTNEJTIydGVsZXBob25lJTIyJTIwaHJlZiUzRCUyMnRlbCUzQSUyQjMzMzIwMjgzMjMyJTIyJTIwb25jbGljayUzRCUyMl9wYXEucHVzaCUyOCU1QiUyN3RyYWNrTGluayUyNyUyQyUyMCUyN2h0dHBzJTNBJTJGJTJGd3d3LnN0YW5kYXJkLWluZHVzdHJpZS5jb20lMkZjbGljLXRlbCUyRnB0JTI3JTJDJTIwJTI3bGluayUyNyU1RCUyOSUzQiUyMiUzRVRlbCUyMCUzQSUyMCUyQjMzJTIwJTI4MDMlMjklMjAyMCUyMDI4JTIwMzIlMjAzMiUzQyUyRmElM0UlM0NiciUzRSUwQSUzQ2ElMjBjbGFzcyUzRCUyMm1haWwlMjIlMjBocmVmJTNEJTIybWFpbHRvJTNBbWFya2V0JTQwc3RhbmRhcmQtaW5kdXN0cmllLmNvbSUyMiUyMG9uY2xpY2slM0QlMjJfcGFxLnB1c2glMjglNUIlMjd0cmFja0xpbmslMjclMkMlMjAlMjdodHRwcyUzQSUyRiUyRnd3dy5zdGFuZGFyZC1pbmR1c3RyaWUuY29tJTJGY2xpYy1tYWlsJTJGcHQlMjclMkMlMjAlMjdsaW5rJTI3JTVEJTI5JTNCJTIyJTNFRW1haWwlMjAlM0ElMjBtYXJrZXQlNDBzdGFuZGFyZC1pbmR1c3RyaWUuY29tJTNDJTJGYSUzRQ==[\/vc_raw_html][vc_column_text]<span class=\"fort\">AS NOSSAS FILIAIS<\/span><\/p>\n<p><a href=\"\/pt\/filiais\/\">Todas as nossas filiais<\/a>[\/vc_column_text][vc_column_text]<iframe loading=\"lazy\" style=\"border: 0;\" src=\"https:\/\/www.google.com\/maps\/embed?pb=!1m14!1m8!1m3!1d12484055.149852829!2d3.106740351513427!3d50.0312430469302!3m2!1i1024!2i768!4f13.1!3m3!1m2!1s0x0%3A0xdbd69af7ed9addd7!2sStandard%20Industrie%20International!5e0!3m2!1sfr!2sfr!4v1667983676120!5m2!1sfr!2sfr\" width=\"600\" height=\"450\" allowfullscreen=\"allowfullscreen\"><\/iframe>[\/vc_column_text][\/vc_column][vc_column width=&#8221;1\/2&#8243;][vc_column_text el_class=&#8221;gros-titre fort trait-bleu traits-gris-droite-gauche titre-gauche vc_sep_border_width_2 vc_separator wpb_content_element vc_separator_align_left vc_sep_width_100 vc_sep_pos_align_center vc_sep_color_grey vc_separator-has-text&#8221;]<\/p>\n<div class=\"vc_sep_holder vc_sep_holder_l\">\n<p class=\"vc_sep_line\" style=\"border-color: grey;\">\n<\/div>\n<h2>Contacte-nos<\/h2>\n<div class=\"vc_sep_holder vc_sep_holder_r\">\n<p class=\"vc_sep_line\" style=\"border-color: grey;\">\n<\/div>\n<p>[\/vc_column_text]\n<div class=\"wpcf7 no-js\" id=\"wpcf7-f4340-o1\" lang=\"pt-PT\" dir=\"ltr\" data-wpcf7-id=\"4340\">\n<div class=\"screen-reader-response\"><p role=\"status\" aria-live=\"polite\" aria-atomic=\"true\"><\/p> <ul><\/ul><\/div>\n<form action=\"\/pt\/wp-json\/wp\/v2\/pages\/4060#wpcf7-f4340-o1\" method=\"post\" class=\"wpcf7-form init\" aria-label=\"Formul\u00e1rio de contacto\" novalidate=\"novalidate\" data-status=\"init\">\n<fieldset class=\"hidden-fields-container\"><input type=\"hidden\" name=\"_wpcf7\" value=\"4340\" \/><input type=\"hidden\" name=\"_wpcf7_version\" value=\"6.1\" \/><input type=\"hidden\" name=\"_wpcf7_locale\" value=\"pt_PT\" \/><input type=\"hidden\" name=\"_wpcf7_unit_tag\" value=\"wpcf7-f4340-o1\" \/><input type=\"hidden\" name=\"_wpcf7_container_post\" value=\"0\" \/><input type=\"hidden\" name=\"_wpcf7_posted_data_hash\" value=\"\" \/>\n<\/fieldset>\n<div class=\"formulaire-page-contact\">\n\t<p class=\"cinq\"><label> Nome de fam\u00edlia*<br \/>\n<span class=\"wpcf7-form-control-wrap\" data-name=\"your-name\"><input size=\"40\" maxlength=\"400\" class=\"wpcf7-form-control wpcf7-text wpcf7-validates-as-required\" aria-required=\"true\" aria-invalid=\"false\" value=\"\" type=\"text\" name=\"your-name\" \/><\/span> <\/label>\n\t<\/p>\n\t<p class=\"cinq\"><label>Primeiro nome*<br \/>\n<span class=\"wpcf7-form-control-wrap\" data-name=\"text-prenom\"><input size=\"40\" maxlength=\"400\" class=\"wpcf7-form-control wpcf7-text wpcf7-validates-as-required\" aria-required=\"true\" aria-invalid=\"false\" value=\"\" type=\"text\" name=\"text-prenom\" \/><\/span><\/label>\n\t<\/p>\n\t<p class=\"cinq\"><label>Telefone*<br \/>\n<span class=\"wpcf7-form-control-wrap\" data-name=\"tel-846\"><input size=\"40\" maxlength=\"400\" class=\"wpcf7-form-control wpcf7-tel wpcf7-validates-as-required wpcf7-text wpcf7-validates-as-tel\" aria-required=\"true\" aria-invalid=\"false\" value=\"\" type=\"tel\" name=\"tel-846\" \/><\/span><\/label>\n\t<\/p>\n\t<p class=\"cinq\"><label>Pa\u00eds*<br \/>\n<span class=\"wpcf7-form-control-wrap\" data-name=\"text-pays\"><input size=\"40\" maxlength=\"400\" class=\"wpcf7-form-control wpcf7-text wpcf7-validates-as-required\" aria-required=\"true\" aria-invalid=\"false\" value=\"\" type=\"text\" name=\"text-pays\" \/><\/span><\/label>\n\t<\/p>\n\t<p class=\"cent\"><label>Empresa*<br \/>\n<span class=\"wpcf7-form-control-wrap\" data-name=\"text-societe\"><input size=\"40\" maxlength=\"400\" class=\"wpcf7-form-control wpcf7-text wpcf7-validates-as-required\" aria-required=\"true\" aria-invalid=\"false\" value=\"\" type=\"text\" name=\"text-societe\" \/><\/span><\/label>\n\t<\/p>\n\t<p class=\"cent\"><label>Fun\u00e7\u00e3o*<br \/>\n<span class=\"wpcf7-form-control-wrap\" data-name=\"text-fonction\"><input size=\"40\" maxlength=\"400\" class=\"wpcf7-form-control wpcf7-text wpcf7-validates-as-required\" aria-required=\"true\" aria-invalid=\"false\" value=\"\" type=\"text\" name=\"text-fonction\" \/><\/span><\/label>\n\t<\/p>\n\t<p class=\"cent\"><label> E-mail*<br \/>\n<span class=\"wpcf7-form-control-wrap\" data-name=\"your-email\"><input size=\"40\" maxlength=\"400\" class=\"wpcf7-form-control wpcf7-email wpcf7-validates-as-required wpcf7-text wpcf7-validates-as-email\" aria-required=\"true\" aria-invalid=\"false\" value=\"\" type=\"email\" name=\"your-email\" \/><\/span> <\/label>\n\t<\/p>\n\t<p class=\"cent\"><label> Tema*<br \/>\n<span class=\"wpcf7-form-control-wrap\" data-name=\"checkbox-411\"><span class=\"wpcf7-form-control wpcf7-checkbox wpcf7-validates-as-required\"><span class=\"wpcf7-list-item first\"><label><input type=\"checkbox\" name=\"checkbox-411[]\" value=\"Elimina\u00e7\u00e3o de obstru\u00e7\u00e3o e concre\u00e7\u00e3o\" \/><span class=\"wpcf7-list-item-label\">Elimina\u00e7\u00e3o de obstru\u00e7\u00e3o e concre\u00e7\u00e3o<\/span><\/label><\/span><span class=\"wpcf7-list-item\"><label><input type=\"checkbox\" name=\"checkbox-411[]\" value=\"Limpeza industrial por aspira\u00e7\u00e3o\" \/><span class=\"wpcf7-list-item-label\">Limpeza industrial por aspira\u00e7\u00e3o<\/span><\/label><\/span><span class=\"wpcf7-list-item\"><label><input type=\"checkbox\" name=\"checkbox-411[]\" value=\"Optimiza\u00e7\u00e3o das correias transportadoras\" \/><span class=\"wpcf7-list-item-label\">Optimiza\u00e7\u00e3o das correias transportadoras<\/span><\/label><\/span><span class=\"wpcf7-list-item\"><label><input type=\"checkbox\" name=\"checkbox-411[]\" value=\"Presta\u00e7\u00e3o de servi\u00e7os de limpeza de silos e termonhas\" \/><span class=\"wpcf7-list-item-label\">Presta\u00e7\u00e3o de servi\u00e7os de limpeza de silos e termonhas<\/span><\/label><\/span><span class=\"wpcf7-list-item last\"><label><input type=\"checkbox\" name=\"checkbox-411[]\" value=\"Outros servi\u00e7os\" \/><span class=\"wpcf7-list-item-label\">Outros servi\u00e7os<\/span><\/label><\/span><\/span><\/span><\/label>\n\t<\/p>\n\t<p class=\"cent\"><label> A sua mensagem (opcional)<br \/>\n<span class=\"wpcf7-form-control-wrap\" data-name=\"your-message\"><textarea cols=\"40\" rows=\"2\" maxlength=\"2000\" class=\"wpcf7-form-control wpcf7-textarea\" aria-invalid=\"false\" name=\"your-message\"><\/textarea><\/span> <\/label>\n\t<\/p>\n\t<p class=\"cent\"><label>Como \u00e9 que soube da nossa exist\u00eancia?*<br \/>\n<span class=\"wpcf7-form-control-wrap\" data-name=\"source\"><select class=\"wpcf7-form-control wpcf7-select wpcf7-validates-as-required\" aria-required=\"true\" aria-invalid=\"false\" name=\"source\"><option value=\"\">&#8212;Por favor escolha uma op\u00e7\u00e3o&#8212;<\/option><option value=\"Pesquisa no Google\">Pesquisa no Google<\/option><option value=\"Feira comercial\">Feira comercial<\/option><option value=\"Palavra de boca\">Palavra de boca<\/option><option value=\"Redes sociais\">Redes sociais<\/option><option value=\"Boletim informativo\">Boletim informativo<\/option><\/select><\/span> <\/label>\n\t<\/p>\n\t<p class=\"cent\"><span class=\"wpcf7-form-control-wrap\" data-name=\"your-consent\"><span class=\"wpcf7-form-control wpcf7-acceptance\"><span class=\"wpcf7-list-item\"><label><input type=\"checkbox\" name=\"your-consent\" value=\"1\" aria-invalid=\"false\" \/><span class=\"wpcf7-list-item-label\">Ao utilizar este formul\u00e1rio, concordo com o armazenamento e tratamento dos meus dados por este website.<\/span><\/label><\/span><\/span><\/span>\n\t<\/p>\n\t<p class=\"cent\"><input class=\"wpcf7-form-control wpcf7-submit has-spinner\" type=\"submit\" value=\"Enviar\" \/>\n\t<\/p>\n<\/div><div class=\"wpcf7-response-output\" aria-hidden=\"true\"><\/div>\n<\/form>\n<\/div>\n[\/vc_column][\/vc_row][vc_row][vc_column][\/vc_column][\/vc_row]<\/p>\n","protected":false},"excerpt":{"rendered":"<p>[vc_row gap=&#8221;35&#8243;][vc_column width=&#8221;1\/2&#8243;][vc_column_text el_class=&#8221;gros-titre fort trait-bleu traits-gris-droite-gauche titre-gauche vc_sep_border_width_2 vc_separator wpb_content_element vc_separator_align_left vc_sep_width_100 vc_sep_pos_align_center vc_sep_color_grey vc_separator-has-text&#8221;] Sede social [\/vc_column_text][vc_raw_html]JTNDc3Ryb25nJTNFU1RBTkRBUkQlMjBJTkRVU1RSSUUlM0MlMkZzdHJvbmclM0UlM0NiciUzRSUwQSUzQ3N0cm9uZyUzRUludGVybmF0aW9uYWwlM0MlMkZzdHJvbmclM0UlM0NiciUzRSUwQSUzQ2JyJTNFJTBBMTM5JTIwLTE0MSUyMHJ1ZSUyMGRlJTIwTHV4ZW1ib3VyZyUzQ2JyJTNFJTBBQ1MlMjA1MDIwNyUzQ2JyJTNFJTBBNTkwNTQlMjBST1VCQUlYJTIwQ2VkZXglMjAxJTNDYnIlM0UlMEFGUkFOQ0UlM0NiciUzRSUwQSUzQ2JyJTNFJTBBJTNDYSUyMGNsYXNzJTNEJTIydGVsZXBob25lJTIyJTIwaHJlZiUzRCUyMnRlbCUzQSUyQjMzMzIwMjgzMjMyJTIyJTIwb25jbGljayUzRCUyMl9wYXEucHVzaCUyOCU1QiUyN3RyYWNrTGluayUyNyUyQyUyMCUyN2h0dHBzJTNBJTJGJTJGd3d3LnN0YW5kYXJkLWluZHVzdHJpZS5jb20lMkZjbGljLXRlbCUyRnB0JTI3JTJDJTIwJTI3bGluayUyNyU1RCUyOSUzQiUyMiUzRVRlbCUyMCUzQSUyMCUyQjMzJTIwJTI4MDMlMjklMjAyMCUyMDI4JTIwMzIlMjAzMiUzQyUyRmElM0UlM0NiciUzRSUwQSUzQ2ElMjBjbGFzcyUzRCUyMm1haWwlMjIlMjBocmVmJTNEJTIybWFpbHRvJTNBbWFya2V0JTQwc3RhbmRhcmQtaW5kdXN0cmllLmNvbSUyMiUyMG9uY2xpY2slM0QlMjJfcGFxLnB1c2glMjglNUIlMjd0cmFja0xpbmslMjclMkMlMjAlMjdodHRwcyUzQSUyRiUyRnd3dy5zdGFuZGFyZC1pbmR1c3RyaWUuY29tJTJGY2xpYy1tYWlsJTJGcHQlMjclMkMlMjAlMjdsaW5rJTI3JTVEJTI5JTNCJTIyJTNFRW1haWwlMjAlM0ElMjBtYXJrZXQlNDBzdGFuZGFyZC1pbmR1c3RyaWUuY29tJTNDJTJGYSUzRQ==[\/vc_raw_html][vc_column_text]AS NOSSAS FILIAIS Todas as nossas filiais[\/vc_column_text][vc_column_text][\/vc_column_text][\/vc_column][vc_column width=&#8221;1\/2&#8243;][vc_column_text<span class=\"excerpt-hellip\"> [\u2026]<\/span><\/p>\n","protected":false},"author":1,"featured_media":0,"parent":0,"menu_order":12,"comment_status":"closed","ping_status":"closed","template":"","meta":{"footnotes":""},"class_list":["post-4060","page","type-page","status-publish","hentry"],"_links":{"self":[{"href":"https:\/\/www.standard-industrie.com\/pt\/wp-json\/wp\/v2\/pages\/4060","targetHints":{"allow":["GET"]}}],"collection":[{"href":"https:\/\/www.standard-industrie.com\/pt\/wp-json\/wp\/v2\/pages"}],"about":[{"href":"https:\/\/www.standard-industrie.com\/pt\/wp-json\/wp\/v2\/types\/page"}],"author":[{"embeddable":true,"href":"https:\/\/www.standard-industrie.com\/pt\/wp-json\/wp\/v2\/users\/1"}],"replies":[{"embeddable":true,"href":"https:\/\/www.standard-industrie.com\/pt\/wp-json\/wp\/v2\/comments?post=4060"}],"version-history":[{"count":0,"href":"https:\/\/www.standard-industrie.com\/pt\/wp-json\/wp\/v2\/pages\/4060\/revisions"}],"wp:attachment":[{"href":"https:\/\/www.standard-industrie.com\/pt\/wp-json\/wp\/v2\/media?parent=4060"}],"curies":[{"name":"wp","href":"https:\/\/api.w.org\/{rel}","templated":true}]}}