{"id":4175,"date":"2022-09-21T15:45:26","date_gmt":"2022-09-21T14:45:26","guid":{"rendered":"https:\/\/www.standard-industrie.com\/pt\/?page_id=4175"},"modified":"2025-06-05T10:25:58","modified_gmt":"2025-06-05T09:25:58","slug":"liftube","status":"publish","type":"page","link":"https:\/\/www.standard-industrie.com\/pt\/liftube\/","title":{"rendered":"LIFTUBE\u00ae"},"content":{"rendered":"<p>[vc_row css=&#8221;.vc_custom_1671810831523{margin-top: 30px !important;}&#8221;][vc_column][vc_column_text el_class=&#8221;btn-retour txt-rouge&#8221;]<a href=\"\/pt\/otimizacao-das-correias-transportadoras\/\">&lt; Otimiza\u00e7\u00e3o dos transportadores de correia\/<\/a>[\/vc_column_text][\/vc_column][\/vc_row][vc_row][vc_column][vc_empty_space][vc_column_text el_class=&#8221;gros-titre fort trait-vert traits-gris-droite-gauche titre-centre vc_separator wpb_content_element vc_separator_align_center vc_sep_width_100 vc_sep_border_width_2 vc_sep_pos_align_center vc_separator-has-text&#8221;]<\/p>\n<div class=\"vc_sep_holder vc_sep_holder_l\">\n<p class=\"vc_sep_line\" style=\"border-color: grey;\">\n<\/div>\n<h2 style=\"text-align: center;\">NOSSOS ACESS\u00d3RIOS PARA AS CORREIAS TRANSPORTADORAS : A SOLU\u00c7\u00c3O PARA OS PROBLEMAS DE ESTANQUEIDADE E SEGURAN\u00c7A<\/h2>\n<div class=\"vc_sep_holder vc_sep_holder_r\">\n<p class=\"vc_sep_line\" style=\"border-color: grey;\">\n<\/div>\n<p>[\/vc_column_text][\/vc_column][\/vc_row][vc_row el_class=&#8221;invert-block&#8221;][vc_column width=&#8221;1\/2&#8243;][vc_column_text]O\u00a0<b>sistema patenteado LIFTUBE\u00ae<\/b>\u00a0e\u00a0<b>o coletor de poeiras<\/b>\u00a0s\u00e3o acess\u00f3rios destinados \u00e0s correias transportadoras.<br \/>\nO\u00a0<strong>LIFTUBE\u00ae<\/strong> permite a passagem da correia transportadora em um rolo horizontal central<br \/>\ndeslizante por calhas laterais, que tamb\u00e9m s\u00e3o basculantes.<br \/>\nUma tampa remov\u00edvel se adapta no conjunto para assegurar a redu\u00e7\u00e3o das emiss\u00f5es de poeiras do transportador.<br \/>\nA tampa e o rolo central horizontal s\u00e3o os \u00fanicos cuja dimens\u00e3o dependem da largura do transportador.<br \/>\nA <b>correia transportadora<\/b> permanece acess\u00edvel ao inclinar as laterais depois que as tampas, os rodap\u00e9s e os v\u00e1rios elementos de orienta\u00e7\u00e3o do produto s\u00e3o removidos.[\/vc_column_text][vc_column_text]<b>O coletor de poeiras<\/b>\u00a0\u00e9 um kit com 2 m do sistema LIFTUBE\u00ae que inclui uma tampa na qual est\u00e1 montado um conjunto filtrante com desobstru\u00e7\u00e3o pneum\u00e1tica. Permite a redu\u00e7\u00e3o adicional das emiss\u00f5es de poeiras muito finas logo ap\u00f3s uma queda.<\/p>\n<p>&nbsp;<\/p>\n<ul>\n<li>Largura da correia :\u00a0de 500 a 1400 mm<\/li>\n<li>Velocidade da correia : At\u00e9\u00a05 m\/s<\/li>\n<li>Fluxo : At\u00e9 1200 t\/h<\/li>\n<li>Granulometria : At\u00e9 300 mm<\/li>\n<li>Temperatura do produto : At\u00e9 220\u00b0C<\/li>\n<li>M\u00f3dulos\u00a0padr\u00e3o\u00a0e\u00a0evolutivos<\/li>\n<li>Instala\u00e7\u00e3o em transportador novo ou\u00a0existente<\/li>\n<\/ul>\n<p>[\/vc_column_text][vc_btn title=&#8221;baixar o folheto&#8221; style=&#8221;custom&#8221; custom_background=&#8221;#1a7a54&#8243; custom_text=&#8221;#ffffff&#8221; shape=&#8221;square&#8221; align=&#8221;center&#8221; i_icon_fontawesome=&#8221;fas fa-file-pdf&#8221; add_icon=&#8221;true&#8221; link=&#8221;url:https%3A%2F%2Fwww.standard-industrie.com%2Fpt%2Fwp-content%2Fuploads%2Fsites%2F13%2F2024%2F03%2FBROCHURE_CONVEYOR_P-28022024.pdf|target:_blank&#8221; el_class=&#8221;btn-vert btn-animation&#8221;][\/vc_column][vc_column width=&#8221;1\/2&#8243;][vc_column_text]<style id=\"wp_carousel_dynamic_css4357\">#sp-wp-carousel-free-id-4357 .wpcp-swiper-dots {margin: 40px 0px 0px 0px;}.wpcp-wrapper-4357 .swiper-wrapper .swiper-slide-kenburn, .wpcp-wrapper-4357 .swiper-wrapper, .wpcp-wrapper-4357 .wpcpro-row{align-items: center;}#sp-wp-carousel-free-id-4357 .wpcp-single-item {box-shadow: 0px 0px 0px 0px #dddddd;transition: all .3s;margin: 0px;}#sp-wp-carousel-free-id-4357.swiper-flip .wpcp-single-item{margin: 0!important;}#sp-wp-carousel-free-id-4357 .wpcp-single-item:hover {box-shadow: 0px 0px 0px 0px #dddddd;}#sp-wp-carousel-free-id-4357.sp-wpcp-4357 .wpcp-single-item {border: 0px none #dddddd;}#sp-wp-carousel-free-id-4357.sp-wpcp-4357 .swiper-button-prev,#sp-wp-carousel-free-id-4357.sp-wpcp-4357 .swiper-button-next,#sp-wp-carousel-free-id-4357.sp-wpcp-4357 .swiper-button-prev:hover,#sp-wp-carousel-free-id-4357.sp-wpcp-4357 .swiper-button-next:hover {background: none;border: none;font-size: 30px;}#sp-wp-carousel-free-id-4357.sp-wpcp-4357 .swiper-button-prev i,#sp-wp-carousel-free-id-4357.sp-wpcp-4357 .swiper-button-next i {color: #aaa;}#sp-wp-carousel-free-id-4357.sp-wpcp-4357 .swiper-button-prev i:hover,#sp-wp-carousel-free-id-4357.sp-wpcp-4357 .swiper-button-next i:hover {color: #009fe3;}#sp-wp-carousel-free-id-4357.sp-wpcp-4357 .wpcp-swiper-dots .swiper-pagination-bullet {background-color: #cccccc;}#sp-wp-carousel-free-id-4357.sp-wpcp-4357 .wpcp-swiper-dots .swiper-pagination-bullet.swiper-pagination-bullet-active {background-color: #009fe3;} #sp-wp-carousel-free-id-4357.sp-wpcp-4357.wpcp-image-carousel .wpcp-single-item:hover img, #sp-wp-carousel-free-id-4357.sp-wpcp-4357.wpcp-post-carousel .wpcp-single-item:hover img, #sp-wp-carousel-free-id-4357.sp-wpcp-4357.wpcp-product-carousel .wpcp-single-item:hover img{-webkit-transform: scale(1.2);-moz-transform: scale(1.2);transform: scale(1.2);}@media screen and (max-width: 479px) {#sp-wp-carousel-free-id-4357.nav-vertical-center {padding: 0;margin:0;}#sp-wp-carousel-free-id-4357.nav-vertical-center .wpcp-next-button,#sp-wp-carousel-free-id-4357.nav-vertical-center .wpcp-prev-button {display: none;}}#sp-wp-carousel-free-id-4357 .wpcpro-row>[class*=\"wpcpro-col-\"] { padding: 0 10px; padding-bottom: 20px;} #sp-wp-carousel-free-id-4357 .swiper-slide .single-item-fade:not(:last-child) { margin-right: 20px;}@media (min-width: 480px) { .wpcpro-row .wpcpro-col-sm-1 { flex: 0 0 100%; max-width: 100%; } .wpcpro-row .wpcpro-col-sm-2 { flex: 0 0 50%; max-width: 50%; } .wpcpro-row .wpcpro-col-sm-2-5 { flex: 0 0 75%; max-width: 75%; } .wpcpro-row .wpcpro-col-sm-3 { flex: 0 0 33.333%; max-width: 33.333%; } .wpcpro-row .wpcpro-col-sm-4 { flex: 0 0 25%; max-width: 25%; } .wpcpro-row .wpcpro-col-sm-5 { flex: 0 0 20%; max-width: 20%; } .wpcpro-row .wpcpro-col-sm-6 { flex: 0 0 16.66666666666667%; max-width: 16.66666666666667%; } .wpcpro-row .wpcpro-col-sm-7 { flex: 0 0 14.28571428%; max-width: 14.28571428%; } .wpcpro-row .wpcpro-col-sm-8 { flex: 0 0 12.5%; max-width: 12.5%; } } @media (max-width: 480px) { .wpcpro-row .wpcpro-col-xs-1 { flex: 0 0 100%; max-width: 100%; } .wpcpro-row .wpcpro-col-xs-2 { flex: 0 0 50%; max-width: 50%; } .wpcpro-row .wpcpro-col-xs-3 { flex: 0 0 33.222%; max-width: 33.222%; } .wpcpro-row .wpcpro-col-xs-4 { flex: 0 0 25%; max-width: 25%; } .wpcpro-row .wpcpro-col-xs-5 { flex: 0 0 20%; max-width: 20%; } .wpcpro-row .wpcpro-col-xs-6 { flex: 0 0 16.6667%; max-width: 16.6667%; } .wpcpro-row .wpcpro-col-xs-7 { flex: 0 0 14.28571428%; max-width: 14.28571428%; } .wpcpro-row .wpcpro-col-xs-8 { flex: 0 0 12.5%; max-width: 12.5%; } } @media (min-width: 736px) { .wpcpro-row .wpcpro-col-md-1 { flex: 0 0 100%; max-width: 100%; } .wpcpro-row .wpcpro-col-md-2 { flex: 0 0 50%; max-width: 50%; } .wpcpro-row .wpcpro-col-md-2-5 { flex: 0 0 75%; max-width: 75%; } .wpcpro-row .wpcpro-col-md-3 { flex: 0 0 33.333%; max-width: 33.333%; } .wpcpro-row .wpcpro-col-md-4 { flex: 0 0 25%; max-width: 25%; } .wpcpro-row .wpcpro-col-md-5 { flex: 0 0 20%; max-width: 20%; } .wpcpro-row .wpcpro-col-md-6 { flex: 0 0 16.66666666666667%; max-width: 16.66666666666667%; } .wpcpro-row .wpcpro-col-md-7 { flex: 0 0 14.28571428%; max-width: 14.28571428%; } .wpcpro-row .wpcpro-col-md-8 { flex: 0 0 12.5%; max-width: 12.5%; } } @media (min-width: 980px) { .wpcpro-row .wpcpro-col-lg-1 { flex: 0 0 100%; max-width: 100%; } .wpcpro-row .wpcpro-col-lg-2 { flex: 0 0 50%; max-width: 50%; } .wpcpro-row .wpcpro-col-lg-3 { flex: 0 0 33.222%; max-width: 33.222%; } .wpcpro-row .wpcpro-col-lg-4 { flex: 0 0 25%; max-width: 25%; } .wpcpro-row .wpcpro-col-lg-5 { flex: 0 0 20%; max-width: 20%; } .wpcpro-row .wpcpro-col-lg-6 { flex: 0 0 16.6667%; max-width: 16.6667%; } .wpcpro-row .wpcpro-col-lg-7 { flex: 0 0 14.28571428%; max-width: 14.28571428%; } .wpcpro-row .wpcpro-col-lg-8 { flex: 0 0 12.5%; max-width: 12.5%; } } @media (min-width: 1200px) { .wpcpro-row .wpcpro-col-xl-1 { flex: 0 0 100%; max-width: 100%; } .wpcpro-row .wpcpro-col-xl-2 { flex: 0 0 50%; max-width: 50%; } .wpcpro-row .wpcpro-col-xl-3 { flex: 0 0 33.22222222%; max-width: 33.22222222%; } .wpcpro-row .wpcpro-col-xl-4 { flex: 0 0 25%; max-width: 25%; } .wpcpro-row .wpcpro-col-xl-5 { flex: 0 0 20%; max-width: 20%; } .wpcpro-row .wpcpro-col-xl-6 { flex: 0 0 16.66667%; max-width: 16.66667%; } .wpcpro-row .wpcpro-col-xl-7 { flex: 0 0 14.28571428%; max-width: 14.28571428%; } .wpcpro-row .wpcpro-col-xl-8 { flex: 0 0 12.5%; max-width: 12.5%; } }<\/style><div class=\"wpcp-carousel-wrapper wpcp-wrapper-4357\">\n\t<div id=\"wpcp-preloader-4357\" class=\"wpcp-carousel-preloader\"><img decoding=\"async\" src=\"https:\/\/www.standard-industrie.com\/pt\/wp-content\/plugins\/wp-carousel-free\/public\/css\/spinner.svg\" alt=\"Preloader Image\" \/><\/div>\t<div class=\"wpcp-carousel-content-wrapper\">\n\t<div id=\"sp-wp-carousel-free-id-4357\" class=\"wpcp-carousel-section sp-wpcp-4357  nav-vertical-center wpcp-image-carousel wpcp-preloader wpcp-standard\" data-swiper='{ &quot;accessibility&quot;:true, &quot;spaceBetween&quot;:20, &quot;arrows&quot;:true, &quot;freeMode&quot;: false, &quot;autoplay&quot;:true, &quot;effect&quot;: &quot;&quot;, &quot;centerMode&quot;: false, &quot;autoplaySpeed&quot;:3000, &quot;dots&quot;:true, &quot;infinite&quot;:true, &quot;speed&quot;:600, &quot;pauseOnHover&quot;:true,\n\t\t\t&quot;slidesToShow&quot;:{&quot;lg_desktop&quot;:1, &quot;desktop&quot;: 1, &quot;laptop&quot;: 1, &quot;tablet&quot;: 1, &quot;mobile&quot;: 1}, &quot;responsive&quot;:{&quot;desktop&quot;:1200, &quot;laptop&quot;: 980, &quot;tablet&quot;: 736, &quot;mobile&quot;: 480}, &quot;rtl&quot;:false, &quot;lazyLoad&quot;: &quot;false&quot;, &quot;swipe&quot;: true, &quot;draggable&quot;: true, &quot;swipeToSlide&quot;:false }' dir=\"ltr\">\n\t\t<div class=\"swiper-wrapper\">\n\t\t<div class=\"swiper-slide\">\n\t<div class=\"wpcp-single-item\">\n\t\t\t<div class=\"wpcp-slide-image\">\n\t\t<img loading=\"lazy\" decoding=\"async\" class=\"skip-lazy\" src=\"https:\/\/www.standard-industrie.com\/pt\/wp-content\/uploads\/sites\/13\/2014\/06\/01_Liftube-1-300x300.jpg\" alt=\"01_Liftube\" width=\"300\" height=\"300\">\t<\/div>\n\t\t<\/div>\n<\/div>\n\t<div class=\"swiper-slide\">\n\t<div class=\"wpcp-single-item\">\n\t\t\t<div class=\"wpcp-slide-image\">\n\t\t<img loading=\"lazy\" decoding=\"async\" class=\"skip-lazy\" src=\"https:\/\/www.standard-industrie.com\/pt\/wp-content\/uploads\/sites\/13\/2014\/06\/02_Liftube-1-300x300.jpg\" alt=\"02_Liftube\" width=\"300\" height=\"300\">\t<\/div>\n\t\t<\/div>\n<\/div>\n\t<div class=\"swiper-slide\">\n\t<div class=\"wpcp-single-item\">\n\t\t\t<div class=\"wpcp-slide-image\">\n\t\t<img loading=\"lazy\" decoding=\"async\" class=\"skip-lazy\" src=\"https:\/\/www.standard-industrie.com\/pt\/wp-content\/uploads\/sites\/13\/2022\/11\/DEPOUSSIEREUR-300x300.jpg\" alt=\"DEPOUSSIEREUR\" width=\"300\" height=\"300\">\t<\/div>\n\t\t<\/div>\n<\/div>\n\t<div class=\"swiper-slide\">\n\t<div class=\"wpcp-single-item\">\n\t\t\t<div class=\"wpcp-slide-image\">\n\t\t<img loading=\"lazy\" decoding=\"async\" class=\"skip-lazy\" src=\"https:\/\/www.standard-industrie.com\/pt\/wp-content\/uploads\/sites\/13\/2022\/11\/03_Liftube-1-1-300x300.jpg\" alt=\"03_Liftube-1\" width=\"300\" height=\"300\">\t<\/div>\n\t\t<\/div>\n<\/div>\n\t<div class=\"swiper-slide\">\n\t<div class=\"wpcp-single-item\">\n\t\t\t<div class=\"wpcp-slide-image\">\n\t\t<img loading=\"lazy\" decoding=\"async\" class=\"skip-lazy\" src=\"https:\/\/www.standard-industrie.com\/pt\/wp-content\/uploads\/sites\/13\/2022\/11\/04_Liftube-1-1-300x300.jpg\" alt=\"04_Liftube-1\" width=\"300\" height=\"300\">\t<\/div>\n\t\t<\/div>\n<\/div>\n\t<div class=\"swiper-slide\">\n\t<div class=\"wpcp-single-item\">\n\t\t\t<div class=\"wpcp-slide-image\">\n\t\t<img loading=\"lazy\" decoding=\"async\" class=\"skip-lazy\" src=\"https:\/\/www.standard-industrie.com\/pt\/wp-content\/uploads\/sites\/13\/2022\/11\/05_Liftube-1-1-300x300.jpg\" alt=\"05_Liftube-1\" width=\"300\" height=\"300\">\t<\/div>\n\t\t<\/div>\n<\/div>\n\t<div class=\"swiper-slide\">\n\t<div class=\"wpcp-single-item\">\n\t\t\t<div class=\"wpcp-slide-image\">\n\t\t<img loading=\"lazy\" decoding=\"async\" class=\"skip-lazy\" src=\"https:\/\/www.standard-industrie.com\/pt\/wp-content\/uploads\/sites\/13\/2022\/11\/06_LIFTUBE_Centrale_thermique_Proche_Orient-1-300x300.jpg\" alt=\"06_LIFTUBE_Centrale_thermique_Proche_Orient (1)\" width=\"300\" height=\"300\">\t<\/div>\n\t\t<\/div>\n<\/div>\n\t<div class=\"swiper-slide\">\n\t<div class=\"wpcp-single-item\">\n\t\t\t<div class=\"wpcp-slide-image\">\n\t\t<img loading=\"lazy\" decoding=\"async\" class=\"skip-lazy\" src=\"https:\/\/www.standard-industrie.com\/pt\/wp-content\/uploads\/sites\/13\/2022\/11\/07_LIFTUBE_cimenterie_Etats_unis-1-300x300.jpg\" alt=\"07_LIFTUBE_cimenterie_Etats_unis (1)\" width=\"300\" height=\"300\">\t<\/div>\n\t\t<\/div>\n<\/div>\n\t\t\t<\/div>\n\t\t\t\t\t<div class=\"wpcp-swiper-dots swiper-pagination\"><\/div>\n\t\t\t\t<!-- If we need navigation buttons -->\n\t\t\t\t\t<div class=\"wpcp-prev-button swiper-button-prev\"><i class=\"fa fa-angle-left\"><\/i><\/div>\n\t\t\t<div class=\"wpcp-next-button swiper-button-next\"><i class=\"fa fa-angle-right\"><\/i><\/div>\n\t\t\t<\/div>\n\t<\/div>\n<\/div>\n[\/vc_column_text][vc_empty_space][\/vc_column][\/vc_row][vc_row][vc_column width=&#8221;1\/4&#8243;][\/vc_column][vc_column width=&#8221;1\/2&#8243;][vc_raw_html]JTNDZGl2JTIwY2xhc3MlM0QlMjJ5b3V0dWJlX3BsYXllciUyMiUyMHZpZGVvSUQlM0QlMjJFWk9sak5vZnpKcyUyMiUyMHdpZHRoJTNEJTIyNjAwJTIyJTIwaGVpZ2h0JTNEJTIyNDAwJTIyJTIwdGhlbWUlM0QlMjJsaWdodCUyMiUyMHJlbCUzRCUyMjAlMjIlMjBjb250cm9scyUzRCUyMjAlMjIlMjBzaG93aW5mbyUzRCUyMjAlMjIlMjBhdXRvcGxheSUzRCUyMjElMjIlMjBtdXRlJTNEJTIyMSUyMiUyMCUyMGxvb3AlM0QlMjIxJTIyJTIwbG9hZGluZyUzRCUyMjElMjIlM0UlM0MlMkZkaXYlM0U=[\/vc_raw_html][\/vc_column][vc_column width=&#8221;1\/4&#8243;][\/vc_column][\/vc_row][vc_row][vc_column][vc_tta_tabs style=&#8221;flat&#8221; shape=&#8221;square&#8221; color=&#8221;white&#8221; active_section=&#8221;1&#8243; el_class=&#8221;encart-plus-infos infos-vert&#8221;][vc_tta_section title=&#8221;BENEF\u00cdCIOS&#8221; tab_id=&#8221;1663937971177-be64cebd-0221&#8243;][vc_row_inner][vc_column_inner width=&#8221;1\/2&#8243;][vc_column_text]<\/p>\n<ul>\n<li>AMBIENTE :\u00a0Redu\u00e7\u00e3o das emiss\u00f5es de poeiras entre o ponto de carga e descarga: cumprimento das normas em vigor (ISO 14001)<\/li>\n<li>QUALIDADE :\u00a0Sem contamina\u00e7\u00e3o do produto transportado\/Maior vida \u00fatil da correia<\/li>\n<li>SEGURAN\u00c7A TOTAL :\u00a0Prote\u00e7\u00e3o dos pontos c\u00f4ncavos de acordo com o decreto n\u00b0 93-40<\/li>\n<li>ECONOMIAS :\u00a0Nenhuma altera\u00e7\u00e3o da estrutura existente\/Otimiza\u00e7\u00e3o dos fluxos\/Sem perda de explora\u00e7\u00e3o<\/li>\n<li>MANUTEN\u00c7\u00c3O :\u00a0Margens e sistema de rolos remov\u00edveis que permitem acesso e manuten\u00e7\u00e3o f\u00e1ceis e r\u00e1pidos<\/li>\n<li>FLEX\u00cdVEL :\u00a0Elementos padr\u00e3o, adapt\u00e1veis, evolutivos em transportadores novos ou existentes\/Instala\u00e7\u00e3o em todo ou parte do transportador\/Acess\u00f3rio para correias de transportador compat\u00edvel com correias revers\u00edveis<\/li>\n<\/ul>\n<p>[\/vc_column_text][\/vc_column_inner][vc_column_inner width=&#8221;1\/2&#8243;][vc_single_image image=&#8221;4245&#8243; img_size=&#8221;full&#8221; alignment=&#8221;center&#8221;][\/vc_column_inner][\/vc_row_inner][\/vc_tta_section][vc_tta_section title=&#8221;SERVI\u00c7OS RELACIONADOS&#8221; tab_id=&#8221;1663938142981-6b5d81f0-143c&#8221;][vc_row_inner][vc_column_inner width=&#8221;1\/2&#8243;][vc_column_text]<\/p>\n<ul>\n<li>Inspe\u00e7\u00f5es e recomenda\u00e7\u00f5es t\u00e9cnicas (dimensionamento e instala\u00e7\u00e3o)<\/li>\n<li>Fornecimento do plano de instala\u00e7\u00e3o do acess\u00f3rio LIFTUBE\u00ae para correias transportadoras<\/li>\n<li>Possibilidade de montagem, supervis\u00e3o e coloca\u00e7\u00e3o em funcionamento feitas por n\u00f3s<\/li>\n<li>Garantia at\u00e9 3 anos<\/li>\n<li>Forma\u00e7\u00e3o interna e externa (Instituto de Forma\u00e7\u00e3o STANDARD INDUSTRIA: IFSI \u2013 N\u00b0 31 59 05660 59)<\/li>\n<li>SPV e contrato de manuten\u00e7\u00e3o :<\/li>\n<li>Acompanhamentos Regulamentares<\/li>\n<\/ul>\n<p>[\/vc_column_text][\/vc_column_inner][vc_column_inner width=&#8221;1\/2&#8243;][vc_single_image image=&#8221;4246&#8243; img_size=&#8221;full&#8221; alignment=&#8221;center&#8221;][\/vc_column_inner][\/vc_row_inner][\/vc_tta_section][vc_tta_section title=&#8221;OP\u00c7\u00d5ES \/ ACESS\u00d3RIOS&#8221; tab_id=&#8221;1663938171381-dcb55700-be8e&#8221;][vc_row_inner][vc_column_inner width=&#8221;1\/6&#8243; offset=&#8221;vc_hidden-md vc_hidden-sm vc_hidden-xs&#8221;][\/vc_column_inner][vc_column_inner offset=&#8221;vc_col-lg-8&#8243;][vc_column_text]<\/p>\n<ul>\n<li>Modelo ATEX\/Alimentar\/Extingu\u00edvel automaticamente<\/li>\n<li>Temperatura alta (Temperatura do produto at\u00e9 300 \u00baC)<\/li>\n<\/ul>\n<p>[\/vc_column_text][\/vc_column_inner][vc_column_inner width=&#8221;1\/6&#8243; offset=&#8221;vc_hidden-md vc_hidden-sm vc_hidden-xs&#8221;][\/vc_column_inner][\/vc_row_inner][\/vc_tta_section][\/vc_tta_tabs][\/vc_column][\/vc_row][vc_row][vc_column][vc_column_text el_class=&#8221;gros-titre fort trait-vert traits-gris-droite-gauche titre-gauche vc_sep_border_width_2 vc_separator wpb_content_element vc_separator_align_left vc_sep_width_100 vc_sep_pos_align_center vc_sep_color_grey vc_separator-has-text&#8221;]<\/p>\n<div class=\"vc_sep_holder vc_sep_holder_l\">\n<p class=\"vc_sep_line\" style=\"border-color: grey;\">\n<\/div>\n<h2>ESTUDOS DE CASO<\/h2>\n<div class=\"vc_sep_holder vc_sep_holder_r\">\n<p class=\"vc_sep_line\" style=\"border-color: grey;\">\n<\/div>\n<p>[\/vc_column_text][vc_basic_grid post_type=&#8221;cas-client&#8221; max_items=&#8221;10&#8243; show_filter=&#8221;yes&#8221; item=&#8221;4303&#8243; grid_id=&#8221;vc_gid:1709305371915-a4dbd0be-dad1-8&#8243; taxonomies=&#8221;111&#8243; filter_source=&#8221;secteur&#8221;][\/vc_column][\/vc_row][vc_row css=&#8221;.vc_custom_1671810831523{margin-top: 30px !important;}&#8221;][vc_column][vc_column_text el_class=&#8221;btn-retour txt-rouge&#8221;]<a href=\"\/pt\/otimizacao-das-correias-transportadoras\/\">&lt; Otimiza\u00e7\u00e3o dos transportadores de correia\/<\/a>[\/vc_column_text][\/vc_column][\/vc_row]<\/p>\n","protected":false},"excerpt":{"rendered":"<p>[vc_row css=&#8221;.vc_custom_1671810831523{margin-top: 30px !important;}&#8221;][vc_column][vc_column_text el_class=&#8221;btn-retour txt-rouge&#8221;]&lt; Otimiza\u00e7\u00e3o dos transportadores de correia\/[\/vc_column_text][\/vc_column][\/vc_row][vc_row][vc_column][vc_empty_space][vc_column_text el_class=&#8221;gros-titre fort trait-vert traits-gris-droite-gauche titre-centre vc_separator wpb_content_element vc_separator_align_center vc_sep_width_100 vc_sep_border_width_2 vc_sep_pos_align_center vc_separator-has-text&#8221;] NOSSOS ACESS\u00d3RIOS PARA<span class=\"excerpt-hellip\"> [\u2026]<\/span><\/p>\n","protected":false},"author":1,"featured_media":0,"parent":0,"menu_order":11,"comment_status":"closed","ping_status":"closed","template":"single-optimisation-convoyeurs-bande-light.php","meta":{"footnotes":""},"class_list":["post-4175","page","type-page","status-publish","hentry"],"_links":{"self":[{"href":"https:\/\/www.standard-industrie.com\/pt\/wp-json\/wp\/v2\/pages\/4175","targetHints":{"allow":["GET"]}}],"collection":[{"href":"https:\/\/www.standard-industrie.com\/pt\/wp-json\/wp\/v2\/pages"}],"about":[{"href":"https:\/\/www.standard-industrie.com\/pt\/wp-json\/wp\/v2\/types\/page"}],"author":[{"embeddable":true,"href":"https:\/\/www.standard-industrie.com\/pt\/wp-json\/wp\/v2\/users\/1"}],"replies":[{"embeddable":true,"href":"https:\/\/www.standard-industrie.com\/pt\/wp-json\/wp\/v2\/comments?post=4175"}],"version-history":[{"count":0,"href":"https:\/\/www.standard-industrie.com\/pt\/wp-json\/wp\/v2\/pages\/4175\/revisions"}],"wp:attachment":[{"href":"https:\/\/www.standard-industrie.com\/pt\/wp-json\/wp\/v2\/media?parent=4175"}],"curies":[{"name":"wp","href":"https:\/\/api.w.org\/{rel}","templated":true}]}}