{"id":4178,"date":"2022-09-21T15:46:25","date_gmt":"2022-09-21T14:46:25","guid":{"rendered":"https:\/\/www.standard-industrie.com\/pt\/?page_id=4178"},"modified":"2024-03-01T16:01:57","modified_gmt":"2024-03-01T15:01:57","slug":"removedor-de-po","status":"publish","type":"page","link":"https:\/\/www.standard-industrie.com\/pt\/removedor-de-po\/","title":{"rendered":"REMOVEDOR DE P\u00d3"},"content":{"rendered":"<p>[vc_row][vc_column][vc_empty_space][vc_column_text el_class=&#8221;gros-titre fort trait-vert traits-gris-droite-gauche titre-centre vc_separator wpb_content_element vc_separator_align_center vc_sep_width_100 vc_sep_border_width_2 vc_sep_pos_align_center vc_separator-has-text&#8221;]<\/p>\n<div class=\"vc_sep_holder vc_sep_holder_l\">\n<p class=\"vc_sep_line\" style=\"border-color: grey;\">\n<\/div>\n<h2 style=\"text-align: center;\">OTIMIZAR A VEDA\u00c7\u00c3O DOS TRANSPORTADORES DE CORREIA<\/h2>\n<div class=\"vc_sep_holder vc_sep_holder_r\">\n<p class=\"vc_sep_line\" style=\"border-color: grey;\">\n<\/div>\n<p>[\/vc_column_text][\/vc_column][\/vc_row][vc_row el_class=&#8221;invert-block&#8221;][vc_column width=&#8221;1\/2&#8243;][vc_column_text]NOVO ACESS\u00d3RIO: Kit de 2m do sistema de remo\u00e7\u00e3o de p\u00f3 LIFTUBE\u00ae que inclui uma capota na qual \u00e9 montada um conjunto filtrante com desobstru\u00e7\u00e3o pneum\u00e1tica. Permite a redu\u00e7\u00e3o suplementar das emiss\u00f5es de poeiras muito finas logo ap\u00f3s uma queda.<\/p>\n<ul>\n<li>Remo\u00e7\u00e3o de p\u00f3 em linha ou aspira\u00e7\u00e3o das poeiras durante o processo.<\/li>\n<li>Largura da correia: de 650 a 1400 mm<\/li>\n<li>Compat\u00edvel com modelos LIFTUBE\u00ae Atex, elevada temperatura, alimentar e de autoextin\u00e7\u00e3o<\/li>\n<\/ul>\n<p>O ACESS\u00d3RIO PARA TRANSPORTADORES EQUIPADOS COM <a href=\"\/pt\/liftube\/\">LIFTUBE<\/a>\u00ae[\/vc_column_text][vc_btn title=&#8221;Descarregar a brochura&#8221; style=&#8221;custom&#8221; custom_background=&#8221;#1a7a54&#8243; custom_text=&#8221;#ffffff&#8221; shape=&#8221;square&#8221; align=&#8221;center&#8221; i_icon_fontawesome=&#8221;fas fa-file-pdf&#8221; add_icon=&#8221;true&#8221; link=&#8221;url:https%3A%2F%2Fwww.standard-industrie.com%2Fpt%2Fwp-content%2Fuploads%2Fsites%2F13%2F2024%2F03%2FBROCHURE_CONVEYOR_P-28022024.pdf|target:_blank&#8221; el_class=&#8221;btn-vert btn-animation&#8221;][\/vc_column][vc_column width=&#8221;1\/2&#8243;][vc_single_image image=&#8221;4418&#8243; img_size=&#8221;medium&#8221; alignment=&#8221;center&#8221;][vc_empty_space][\/vc_column][\/vc_row]<\/p>\n","protected":false},"excerpt":{"rendered":"<p>[vc_row][vc_column][vc_empty_space][vc_column_text el_class=&#8221;gros-titre fort trait-vert traits-gris-droite-gauche titre-centre vc_separator wpb_content_element vc_separator_align_center vc_sep_width_100 vc_sep_border_width_2 vc_sep_pos_align_center vc_separator-has-text&#8221;] OTIMIZAR A VEDA\u00c7\u00c3O DOS TRANSPORTADORES DE CORREIA [\/vc_column_text][\/vc_column][\/vc_row][vc_row el_class=&#8221;invert-block&#8221;][vc_column width=&#8221;1\/2&#8243;][vc_column_text]NOVO ACESS\u00d3RIO: Kit de<span class=\"excerpt-hellip\"> [\u2026]<\/span><\/p>\n","protected":false},"author":1,"featured_media":0,"parent":0,"menu_order":10,"comment_status":"closed","ping_status":"closed","template":"single-optimisation-convoyeurs-bande-light.php","meta":{"footnotes":""},"class_list":["post-4178","page","type-page","status-publish","hentry"],"_links":{"self":[{"href":"https:\/\/www.standard-industrie.com\/pt\/wp-json\/wp\/v2\/pages\/4178","targetHints":{"allow":["GET"]}}],"collection":[{"href":"https:\/\/www.standard-industrie.com\/pt\/wp-json\/wp\/v2\/pages"}],"about":[{"href":"https:\/\/www.standard-industrie.com\/pt\/wp-json\/wp\/v2\/types\/page"}],"author":[{"embeddable":true,"href":"https:\/\/www.standard-industrie.com\/pt\/wp-json\/wp\/v2\/users\/1"}],"replies":[{"embeddable":true,"href":"https:\/\/www.standard-industrie.com\/pt\/wp-json\/wp\/v2\/comments?post=4178"}],"version-history":[{"count":0,"href":"https:\/\/www.standard-industrie.com\/pt\/wp-json\/wp\/v2\/pages\/4178\/revisions"}],"wp:attachment":[{"href":"https:\/\/www.standard-industrie.com\/pt\/wp-json\/wp\/v2\/media?parent=4178"}],"curies":[{"name":"wp","href":"https:\/\/api.w.org\/{rel}","templated":true}]}}