{"id":4735,"date":"2022-11-18T10:59:42","date_gmt":"2022-11-18T09:59:42","guid":{"rendered":"https:\/\/www.standard-industrie.com\/pt\/?page_id=4735"},"modified":"2025-06-05T10:33:16","modified_gmt":"2025-06-05T09:33:16","slug":"defletor","status":"publish","type":"page","link":"https:\/\/www.standard-industrie.com\/pt\/defletor\/","title":{"rendered":"Acess\u00f3rios para AIRCHOC\u00ae"},"content":{"rendered":"<p>[vc_row][vc_column css=&#8221;.vc_custom_1668767480700{margin-top: 10px !important;}&#8221;][vc_column_text el_class=&#8221;btn-retour txt-rouge&#8221;]<\/p>\n<div class=\"vc_sep_holder vc_sep_holder_l\">\n<p class=\"vc_sep_line\" style=\"border-color: grey;\"><a href=\"https:\/\/www.standard-industrie.com\/pt\/eliminacao-das-obstrucoes-e-concrecoes\/\">&lt;Elimina\u00e7\u00e3o de entupimentos e concre\u00e7\u00f5es<\/a><\/p>\n<\/div>\n<p>[\/vc_column_text][\/vc_column][\/vc_row][vc_row][vc_column][vc_empty_space][vc_column_text el_class=&#8221;gros-titre fort trait-rouge traits-gris-droite-gauche titre-centre vc_separator wpb_content_element vc_separator_align_center vc_sep_width_100 vc_sep_border_width_2 vc_sep_pos_align_center vc_separator-has-text&#8221;]<\/p>\n<div class=\"vc_sep_holder vc_sep_holder_l\">\n<p class=\"vc_sep_line\" style=\"border-color: grey;\">\n<\/div>\n<h2 style=\"text-align: center;\">DEFLETORES PARA AIRCHOC\u00ae<\/h2>\n<div class=\"vc_sep_holder vc_sep_holder_r\">\n<p class=\"vc_sep_line\" style=\"border-color: grey;\">\n<\/div>\n<p>[\/vc_column_text][\/vc_column][\/vc_row][vc_row el_class=&#8221;invert-block&#8221;][vc_column width=&#8221;1\/2&#8243;][vc_column_text]<\/p>\n<div class=\"right\" dir=\"ltr\">\n<div class=\"texte\">\n<p><b>Direcionam o fluxo de ar para os pontos sens\u00edveis de obstru\u00e7\u00e3o. Os defletores s\u00e3o instalados principalmente em cimenteira no cora\u00e7\u00e3o do processo (refrigerador \u201ccooler\u201d, ciclone, caixa de fuma\u00e7a, dutos, \u2026).<\/b><\/p>\n<p>&nbsp;<\/p>\n<p>Que seja na vers\u00e3o alta ou baixa temperatura, os defletores est\u00e3o instalados para a limpeza em torres de pr\u00e9-aquecimento.<\/p>\n<p>&nbsp;<\/p>\n<p>Conforme esteja instalado o deflector, o ar do canh\u00e3o de ar ter\u00e1 um impacto direcional preciso para atingir os lugares complicados.<\/p>\n<p>&nbsp;<\/p>\n<p>Vers\u00e3o a\u00e7o ou inox refrat\u00e1rio<\/p>\n<p>&nbsp;<\/p>\n<p>Para toda sua gama de defletores, a Standard Industrie possui di\u00e2metros de sa\u00edda: DN100 e DN150.<\/p>\n<\/div>\n<\/div>\n<p>[\/vc_column_text][vc_btn title=&#8221;baixar o folheto&#8221; style=&#8221;custom&#8221; custom_background=&#8221;#c93742&#8243; custom_text=&#8221;#ffffff&#8221; shape=&#8221;square&#8221; align=&#8221;left&#8221; i_icon_fontawesome=&#8221;fas fa-file-pdf&#8221; add_icon=&#8221;true&#8221; link=&#8221;url:https%3A%2F%2Fwww.standard-industrie.com%2Fpt%2Fwp-content%2Fuploads%2Fsites%2F13%2F2023%2F04%2FBROCHURE_DECLOGGING_P-11042023.pdf|target:_blank&#8221; el_class=&#8221;btn-vert btn-animation&#8221;][\/vc_column][vc_column width=&#8221;1\/2&#8243;][vc_column_text]<style id=\"wp_carousel_dynamic_css4749\">#sp-wp-carousel-free-id-4749 .wpcp-swiper-dots {margin: 40px 0px 0px 0px;}.wpcp-wrapper-4749 .swiper-wrapper .swiper-slide-kenburn, .wpcp-wrapper-4749 .swiper-wrapper, .wpcp-wrapper-4749 .wpcpro-row{align-items: center;}#sp-wp-carousel-free-id-4749 .wpcp-single-item {box-shadow: 0px 0px 0px 0px #dddddd;transition: all .3s;margin: 0px;}#sp-wp-carousel-free-id-4749.swiper-flip .wpcp-single-item{margin: 0!important;}#sp-wp-carousel-free-id-4749 .wpcp-single-item:hover {box-shadow: 0px 0px 0px 0px #dddddd;}#sp-wp-carousel-free-id-4749.sp-wpcp-4749 .wpcp-single-item {border: 0px none #dddddd;}#sp-wp-carousel-free-id-4749.sp-wpcp-4749 .swiper-button-prev,#sp-wp-carousel-free-id-4749.sp-wpcp-4749 .swiper-button-next,#sp-wp-carousel-free-id-4749.sp-wpcp-4749 .swiper-button-prev:hover,#sp-wp-carousel-free-id-4749.sp-wpcp-4749 .swiper-button-next:hover {background: none;border: none;font-size: 30px;}#sp-wp-carousel-free-id-4749.sp-wpcp-4749 .swiper-button-prev i,#sp-wp-carousel-free-id-4749.sp-wpcp-4749 .swiper-button-next i {color: #aaa;}#sp-wp-carousel-free-id-4749.sp-wpcp-4749 .swiper-button-prev i:hover,#sp-wp-carousel-free-id-4749.sp-wpcp-4749 .swiper-button-next i:hover {color: #c72f37;}#sp-wp-carousel-free-id-4749.sp-wpcp-4749 .wpcp-swiper-dots .swiper-pagination-bullet {background-color: #cccccc;}#sp-wp-carousel-free-id-4749.sp-wpcp-4749 .wpcp-swiper-dots .swiper-pagination-bullet.swiper-pagination-bullet-active {background-color: #c72f37;} #sp-wp-carousel-free-id-4749.sp-wpcp-4749.wpcp-image-carousel .wpcp-single-item:hover img, #sp-wp-carousel-free-id-4749.sp-wpcp-4749.wpcp-post-carousel .wpcp-single-item:hover img, #sp-wp-carousel-free-id-4749.sp-wpcp-4749.wpcp-product-carousel .wpcp-single-item:hover img{-webkit-transform: scale(1.2);-moz-transform: scale(1.2);transform: scale(1.2);}@media screen and (max-width: 479px) {#sp-wp-carousel-free-id-4749.nav-vertical-center {padding: 0;margin:0;}#sp-wp-carousel-free-id-4749.nav-vertical-center .wpcp-next-button,#sp-wp-carousel-free-id-4749.nav-vertical-center .wpcp-prev-button {display: none;}}#sp-wp-carousel-free-id-4749 .wpcpro-row>[class*=\"wpcpro-col-\"] { padding: 0 10px; padding-bottom: 20px;} #sp-wp-carousel-free-id-4749 .swiper-slide .single-item-fade:not(:last-child) { margin-right: 20px;}@media (min-width: 480px) { .wpcpro-row .wpcpro-col-sm-1 { flex: 0 0 100%; max-width: 100%; } .wpcpro-row .wpcpro-col-sm-2 { flex: 0 0 50%; max-width: 50%; } .wpcpro-row .wpcpro-col-sm-2-5 { flex: 0 0 75%; max-width: 75%; } .wpcpro-row .wpcpro-col-sm-3 { flex: 0 0 33.333%; max-width: 33.333%; } .wpcpro-row .wpcpro-col-sm-4 { flex: 0 0 25%; max-width: 25%; } .wpcpro-row .wpcpro-col-sm-5 { flex: 0 0 20%; max-width: 20%; } .wpcpro-row .wpcpro-col-sm-6 { flex: 0 0 16.66666666666667%; max-width: 16.66666666666667%; } .wpcpro-row .wpcpro-col-sm-7 { flex: 0 0 14.28571428%; max-width: 14.28571428%; } .wpcpro-row .wpcpro-col-sm-8 { flex: 0 0 12.5%; max-width: 12.5%; } } @media (max-width: 480px) { .wpcpro-row .wpcpro-col-xs-1 { flex: 0 0 100%; max-width: 100%; } .wpcpro-row .wpcpro-col-xs-2 { flex: 0 0 50%; max-width: 50%; } .wpcpro-row .wpcpro-col-xs-3 { flex: 0 0 33.222%; max-width: 33.222%; } .wpcpro-row .wpcpro-col-xs-4 { flex: 0 0 25%; max-width: 25%; } .wpcpro-row .wpcpro-col-xs-5 { flex: 0 0 20%; max-width: 20%; } .wpcpro-row .wpcpro-col-xs-6 { flex: 0 0 16.6667%; max-width: 16.6667%; } .wpcpro-row .wpcpro-col-xs-7 { flex: 0 0 14.28571428%; max-width: 14.28571428%; } .wpcpro-row .wpcpro-col-xs-8 { flex: 0 0 12.5%; max-width: 12.5%; } } @media (min-width: 736px) { .wpcpro-row .wpcpro-col-md-1 { flex: 0 0 100%; max-width: 100%; } .wpcpro-row .wpcpro-col-md-2 { flex: 0 0 50%; max-width: 50%; } .wpcpro-row .wpcpro-col-md-2-5 { flex: 0 0 75%; max-width: 75%; } .wpcpro-row .wpcpro-col-md-3 { flex: 0 0 33.333%; max-width: 33.333%; } .wpcpro-row .wpcpro-col-md-4 { flex: 0 0 25%; max-width: 25%; } .wpcpro-row .wpcpro-col-md-5 { flex: 0 0 20%; max-width: 20%; } .wpcpro-row .wpcpro-col-md-6 { flex: 0 0 16.66666666666667%; max-width: 16.66666666666667%; } .wpcpro-row .wpcpro-col-md-7 { flex: 0 0 14.28571428%; max-width: 14.28571428%; } .wpcpro-row .wpcpro-col-md-8 { flex: 0 0 12.5%; max-width: 12.5%; } } @media (min-width: 980px) { .wpcpro-row .wpcpro-col-lg-1 { flex: 0 0 100%; max-width: 100%; } .wpcpro-row .wpcpro-col-lg-2 { flex: 0 0 50%; max-width: 50%; } .wpcpro-row .wpcpro-col-lg-3 { flex: 0 0 33.222%; max-width: 33.222%; } .wpcpro-row .wpcpro-col-lg-4 { flex: 0 0 25%; max-width: 25%; } .wpcpro-row .wpcpro-col-lg-5 { flex: 0 0 20%; max-width: 20%; } .wpcpro-row .wpcpro-col-lg-6 { flex: 0 0 16.6667%; max-width: 16.6667%; } .wpcpro-row .wpcpro-col-lg-7 { flex: 0 0 14.28571428%; max-width: 14.28571428%; } .wpcpro-row .wpcpro-col-lg-8 { flex: 0 0 12.5%; max-width: 12.5%; } } @media (min-width: 1200px) { .wpcpro-row .wpcpro-col-xl-1 { flex: 0 0 100%; max-width: 100%; } .wpcpro-row .wpcpro-col-xl-2 { flex: 0 0 50%; max-width: 50%; } .wpcpro-row .wpcpro-col-xl-3 { flex: 0 0 33.22222222%; max-width: 33.22222222%; } .wpcpro-row .wpcpro-col-xl-4 { flex: 0 0 25%; max-width: 25%; } .wpcpro-row .wpcpro-col-xl-5 { flex: 0 0 20%; max-width: 20%; } .wpcpro-row .wpcpro-col-xl-6 { flex: 0 0 16.66667%; max-width: 16.66667%; } .wpcpro-row .wpcpro-col-xl-7 { flex: 0 0 14.28571428%; max-width: 14.28571428%; } .wpcpro-row .wpcpro-col-xl-8 { flex: 0 0 12.5%; max-width: 12.5%; } }<\/style><div class=\"wpcp-carousel-wrapper wpcp-wrapper-4749\">\n\t<div id=\"wpcp-preloader-4749\" class=\"wpcp-carousel-preloader\"><img decoding=\"async\" src=\"https:\/\/www.standard-industrie.com\/pt\/wp-content\/plugins\/wp-carousel-free\/public\/css\/spinner.svg\" alt=\"Preloader Image\" \/><\/div>\t<div class=\"wpcp-carousel-content-wrapper\">\n\t<div id=\"sp-wp-carousel-free-id-4749\" class=\"wpcp-carousel-section sp-wpcp-4749  nav-vertical-center wpcp-image-carousel wpcp-preloader wpcp-standard\" data-swiper='{ &quot;accessibility&quot;:true, &quot;spaceBetween&quot;:20, &quot;arrows&quot;:true, &quot;freeMode&quot;: false, &quot;autoplay&quot;:true, &quot;effect&quot;: &quot;&quot;, &quot;centerMode&quot;: false, &quot;autoplaySpeed&quot;:3000, &quot;dots&quot;:true, &quot;infinite&quot;:true, &quot;speed&quot;:600, &quot;pauseOnHover&quot;:true,\n\t\t\t&quot;slidesToShow&quot;:{&quot;lg_desktop&quot;:1, &quot;desktop&quot;: 1, &quot;laptop&quot;: 1, &quot;tablet&quot;: 1, &quot;mobile&quot;: 1}, &quot;responsive&quot;:{&quot;desktop&quot;:1200, &quot;laptop&quot;: 980, &quot;tablet&quot;: 736, &quot;mobile&quot;: 480}, &quot;rtl&quot;:false, &quot;lazyLoad&quot;: &quot;false&quot;, &quot;swipe&quot;: true, &quot;draggable&quot;: true, &quot;swipeToSlide&quot;:false }' dir=\"ltr\">\n\t\t<div class=\"swiper-wrapper\">\n\t\t<div class=\"swiper-slide\">\n\t<div class=\"wpcp-single-item\">\n\t\t\t<div class=\"wpcp-slide-image\">\n\t\t<img loading=\"lazy\" decoding=\"async\" class=\"skip-lazy\" src=\"https:\/\/www.standard-industrie.com\/pt\/wp-content\/uploads\/sites\/13\/2022\/11\/deflecteur-type1-1.png\" alt=\"d\u00e9flecteur-type1 (1)\" width=\"800\" height=\"800\">\t<\/div>\n\t\t<\/div>\n<\/div>\n\t<div class=\"swiper-slide\">\n\t<div class=\"wpcp-single-item\">\n\t\t\t<div class=\"wpcp-slide-image\">\n\t\t<img loading=\"lazy\" decoding=\"async\" class=\"skip-lazy\" src=\"https:\/\/www.standard-industrie.com\/pt\/wp-content\/uploads\/sites\/13\/2022\/11\/deflecteur-type4-1.png\" alt=\"d\u00e9flecteur-type4 (1)\" width=\"800\" height=\"800\">\t<\/div>\n\t\t<\/div>\n<\/div>\n\t<div class=\"swiper-slide\">\n\t<div class=\"wpcp-single-item\">\n\t\t\t<div class=\"wpcp-slide-image\">\n\t\t<img loading=\"lazy\" decoding=\"async\" class=\"skip-lazy\" src=\"https:\/\/www.standard-industrie.com\/pt\/wp-content\/uploads\/sites\/13\/2023\/04\/1-4.jpg\" alt=\"DEFLECTEURS_DRR_397x397\" width=\"397\" height=\"397\">\t<\/div>\n\t\t<\/div>\n<\/div>\n\t<div class=\"swiper-slide\">\n\t<div class=\"wpcp-single-item\">\n\t\t\t<div class=\"wpcp-slide-image\">\n\t\t<img loading=\"lazy\" decoding=\"async\" class=\"skip-lazy\" src=\"https:\/\/www.standard-industrie.com\/pt\/wp-content\/uploads\/sites\/13\/2023\/04\/1-3.jpg\" alt=\"DEFLECTEURS_45_397x397\" width=\"397\" height=\"397\">\t<\/div>\n\t\t<\/div>\n<\/div>\n\t<div class=\"swiper-slide\">\n\t<div class=\"wpcp-single-item\">\n\t\t\t<div class=\"wpcp-slide-image\">\n\t\t<img loading=\"lazy\" decoding=\"async\" class=\"skip-lazy\" src=\"https:\/\/www.standard-industrie.com\/pt\/wp-content\/uploads\/sites\/13\/2022\/11\/1-2.jpg\" alt=\"\" width=\"600\" height=\"450\">\t<\/div>\n\t\t<\/div>\n<\/div>\n\t<div class=\"swiper-slide\">\n\t<div class=\"wpcp-single-item\">\n\t\t\t<div class=\"wpcp-slide-image\">\n\t\t<img loading=\"lazy\" decoding=\"async\" class=\"skip-lazy\" src=\"https:\/\/www.standard-industrie.com\/pt\/wp-content\/uploads\/sites\/13\/2022\/11\/deflecteur-airchoc-1.jpg\" alt=\"deflecteur-airchoc (1)\" width=\"800\" height=\"800\">\t<\/div>\n\t\t<\/div>\n<\/div>\n\t<div class=\"swiper-slide\">\n\t<div class=\"wpcp-single-item\">\n\t\t\t<div class=\"wpcp-slide-image\">\n\t\t<img loading=\"lazy\" decoding=\"async\" class=\"skip-lazy\" src=\"https:\/\/www.standard-industrie.com\/pt\/wp-content\/uploads\/sites\/13\/2022\/11\/AIRCHOC-avec-deflecteur-1-1.jpg\" alt=\"AIRCHOC-avec-d\u00e9flecteur-1 (1)\" width=\"800\" height=\"800\">\t<\/div>\n\t\t<\/div>\n<\/div>\n\t\t\t<\/div>\n\t\t\t\t\t<div class=\"wpcp-swiper-dots swiper-pagination\"><\/div>\n\t\t\t\t<!-- If we need navigation buttons -->\n\t\t\t\t\t<div class=\"wpcp-prev-button swiper-button-prev\"><i class=\"fa fa-angle-left\"><\/i><\/div>\n\t\t\t<div class=\"wpcp-next-button swiper-button-next\"><i class=\"fa fa-angle-right\"><\/i><\/div>\n\t\t\t<\/div>\n\t<\/div>\n<\/div>\n[\/vc_column_text][vc_empty_space][\/vc_column][\/vc_row][vc_row][vc_column][vc_tta_tabs style=&#8221;flat&#8221; shape=&#8221;square&#8221; color=&#8221;white&#8221; active_section=&#8221;1&#8243; el_class=&#8221;encart-plus-infos infos-rouge&#8221;][vc_tta_section title=&#8221;BENEF\u00cdCIOS&#8221; tab_id=&#8221;1663937971177-be64cebd-0221&#8243;][vc_row_inner][vc_column_inner width=&#8221;1\/2&#8243;][vc_column_text]<\/p>\n<ul>\n<li>Refrigera\u00e7\u00e3o efetiva<\/li>\n<li>Uso para fornos completos<\/li>\n<li>F\u00e1cil instala\u00e7\u00e3o e substitui\u00e7\u00e3o<\/li>\n<li>Dirigido a circunfer\u00eancia do forno<\/li>\n<\/ul>\n<p>[\/vc_column_text][\/vc_column_inner][vc_column_inner width=&#8221;1\/2&#8243;][vc_single_image image=&#8221;6331&#8243; img_size=&#8221;full&#8221; alignment=&#8221;center&#8221;][\/vc_column_inner][\/vc_row_inner][\/vc_tta_section][vc_tta_section title=&#8221;SERVI\u00c7OS RELACIONADOS&#8221; tab_id=&#8221;1663938142981-6b5d81f0-143c&#8221;][vc_row_inner][vc_column_inner width=&#8221;1\/2&#8243;][vc_column_text]<\/p>\n<ul>\n<li>Inspe\u00e7\u00f5es e recomenda\u00e7\u00f5es t\u00e9cnicas (dimensionamento e instala\u00e7\u00e3o)<\/li>\n<li>Fornecimento do plano de instala\u00e7\u00e3o<\/li>\n<li>Possibilidade de montagem, supervis\u00e3o e coloca\u00e7\u00e3o em funcionamento feitas por n\u00f3s<\/li>\n<\/ul>\n<p>[\/vc_column_text][\/vc_column_inner][vc_column_inner width=&#8221;1\/2&#8243;][vc_single_image image=&#8221;6331&#8243; img_size=&#8221;full&#8221; alignment=&#8221;center&#8221;][\/vc_column_inner][\/vc_row_inner][\/vc_tta_section][vc_tta_section title=&#8221;OP\u00c7\u00d5ES \/ ACESS\u00d3RIOS&#8221; tab_id=&#8221;1663938171381-dcb55700-be8e&#8221;][vc_row_inner][vc_column_inner width=&#8221;1\/6&#8243; offset=&#8221;vc_hidden-md vc_hidden-sm vc_hidden-xs&#8221;][\/vc_column_inner][vc_column_inner offset=&#8221;vc_col-lg-8&#8243;][vc_column_text]<\/p>\n<ul>\n<li>Material: A\u00e7o inoxid\u00e1vel refract\u00e1rio \/ A\u00e7o<\/li>\n<li>Fluido : ar comprimido ou g\u00e1s inerte<\/li>\n<li>Temperatura: 400 a 1200\u00b0C<\/li>\n<li>Tipo de fabrico: Moldado ou em caldeira<\/li>\n<li>Gama de aplica\u00e7\u00e3o: Recomendado para utiliza\u00e7\u00e3o a altas temperaturas, pode ser incorporado em bet\u00e3o refract\u00e1rio<\/li>\n<\/ul>\n<p>[\/vc_column_text][\/vc_column_inner][vc_column_inner width=&#8221;1\/6&#8243; offset=&#8221;vc_hidden-md vc_hidden-sm vc_hidden-xs&#8221;][\/vc_column_inner][\/vc_row_inner][\/vc_tta_section][\/vc_tta_tabs][\/vc_column][\/vc_row][vc_row][vc_column][vc_column_text el_class=&#8221;gros-titre fort trait-rouge traits-gris-droite-gauche titre-centre vc_separator wpb_content_element vc_separator_align_center vc_sep_width_100 vc_sep_border_width_2 vc_sep_pos_align_center vc_separator-has-text&#8221;]<\/p>\n<div class=\"vc_sep_holder vc_sep_holder_l\">\n<p class=\"vc_sep_line\" style=\"border-color: grey;\">\n<\/div>\n<h2 style=\"text-align: center;\">ISOLADOR PARA AIRCHOC\u00ae<\/h2>\n<div class=\"vc_sep_holder vc_sep_holder_r\">\n<p class=\"vc_sep_line\" style=\"border-color: grey;\">\n<\/div>\n<p>[\/vc_column_text][\/vc_column][\/vc_row][vc_row el_class=&#8221;invert-block&#8221;][vc_column width=&#8221;1\/2&#8243;][vc_column_text]<\/p>\n<div class=\"right\" dir=\"ltr\">\n<div class=\"texte\">\n<p><strong>O sistema AIRCHOC\u00ae<\/strong> torna poss\u00edvel isolar um barril a fim de efectuar a manuten\u00e7\u00e3o com toda a seguran\u00e7a.<br \/>\nProtege o AIRCHOC\u00ae durante opera\u00e7\u00f5es especiais no silo (explosivo, alta press\u00e3o) e evita a acumula\u00e7\u00e3o de produto na cabe\u00e7a ou na caldeira.<br \/>\nAcumula\u00e7\u00e3o de produto na cabe\u00e7a ou na caldeira. Estas acumula\u00e7\u00f5es de p\u00f3 s\u00e3o uma fonte de avarias ou mau desempenho do AIRCHOC\u00ae.<br \/>\nAIRCHOC\u00ae.<br \/>\n<b>O sistema pode ser instalado num tubo de sopro<\/b>, j\u00e1 no lugar, entre a flange do tubo de sopro e a flange do AIRCHOC\u00ae.<br \/>\nEst\u00e1 inclu\u00eddo um cadeado (poss\u00edvel cadeado de seguran\u00e7a) que permite isolar a entrada do tubo de sopro. O AIRCHOC\u00ae.<br \/>\npode ent\u00e3o ser removido em seguran\u00e7a do isolador sem o separar do tubo de sopro.<\/p>\n<\/div>\n<\/div>\n<p>[\/vc_column_text][vc_btn title=&#8221;baixar o folheto&#8221; style=&#8221;custom&#8221; custom_background=&#8221;#c93742&#8243; custom_text=&#8221;#ffffff&#8221; shape=&#8221;square&#8221; align=&#8221;left&#8221; i_icon_fontawesome=&#8221;fas fa-file-pdf&#8221; add_icon=&#8221;true&#8221; link=&#8221;url:https%3A%2F%2Fwww.standard-industrie.com%2Fpt%2Fwp-content%2Fuploads%2Fsites%2F13%2F2023%2F04%2FBROCHURE_DECLOGGING_P-11042023.pdf|target:_blank&#8221; el_class=&#8221;btn-vert btn-animation&#8221;][\/vc_column][vc_column width=&#8221;1\/2&#8243;][vc_single_image image=&#8221;6332&#8243;][vc_column_text]<strong>VANTAGENS<\/strong><\/p>\n<ul>\n<li><b>Protege o AIRCHOC\u00ae e os operadores de manuten\u00e7\u00e3o.<\/b><\/li>\n<li>Permanece preso ao tubo de sopro em caso de desmontagem do AIRHOC\u00ae.<\/li>\n<li>Funcionamento sem esfor\u00e7o gra\u00e7as \u00e0 elevada folga e ao baixo peso da pe\u00e7a em movimento.<\/li>\n<li>Espessura fina para manter o desempenho do AIRCHOC\u00ae.<\/li>\n<li>Instala\u00e7\u00e3o vertical ou horizontal poss\u00edvel<\/li>\n<li><strong>F\u00e1cil manuten\u00e7\u00e3o do isolador:<\/strong> possibilidade de remover a guilhotina em caso de bloqueio ou obstru\u00e7\u00e3o, pelas duas placas finais.<\/li>\n<\/ul>\n<p>[\/vc_column_text][\/vc_column][\/vc_row][vc_row][vc_column][vc_column_text el_class=&#8221;btn-retour txt-rouge&#8221;]<\/p>\n<div class=\"vc_sep_holder vc_sep_holder_l\">\n<p class=\"vc_sep_line\" style=\"border-color: grey;\"><a href=\"https:\/\/www.standard-industrie.com\/pt\/eliminacao-das-obstrucoes-e-concrecoes\/\">&lt;Elimina\u00e7\u00e3o de entupimentos e concre\u00e7\u00f5es<\/a><\/p>\n<\/div>\n<p>[\/vc_column_text][\/vc_column][\/vc_row]<\/p>\n","protected":false},"excerpt":{"rendered":"<p>[vc_row][vc_column css=&#8221;.vc_custom_1668767480700{margin-top: 10px !important;}&#8221;][vc_column_text el_class=&#8221;btn-retour txt-rouge&#8221;] &lt;Elimina\u00e7\u00e3o de entupimentos e concre\u00e7\u00f5es [\/vc_column_text][\/vc_column][\/vc_row][vc_row][vc_column][vc_empty_space][vc_column_text el_class=&#8221;gros-titre fort trait-rouge traits-gris-droite-gauche titre-centre vc_separator wpb_content_element vc_separator_align_center vc_sep_width_100 vc_sep_border_width_2 vc_sep_pos_align_center vc_separator-has-text&#8221;] DEFLETORES PARA<span class=\"excerpt-hellip\"> [\u2026]<\/span><\/p>\n","protected":false},"author":1,"featured_media":0,"parent":0,"menu_order":7,"comment_status":"closed","ping_status":"closed","template":"single-airchoc-light.php","meta":{"footnotes":""},"class_list":["post-4735","page","type-page","status-publish","hentry"],"_links":{"self":[{"href":"https:\/\/www.standard-industrie.com\/pt\/wp-json\/wp\/v2\/pages\/4735","targetHints":{"allow":["GET"]}}],"collection":[{"href":"https:\/\/www.standard-industrie.com\/pt\/wp-json\/wp\/v2\/pages"}],"about":[{"href":"https:\/\/www.standard-industrie.com\/pt\/wp-json\/wp\/v2\/types\/page"}],"author":[{"embeddable":true,"href":"https:\/\/www.standard-industrie.com\/pt\/wp-json\/wp\/v2\/users\/1"}],"replies":[{"embeddable":true,"href":"https:\/\/www.standard-industrie.com\/pt\/wp-json\/wp\/v2\/comments?post=4735"}],"version-history":[{"count":0,"href":"https:\/\/www.standard-industrie.com\/pt\/wp-json\/wp\/v2\/pages\/4735\/revisions"}],"wp:attachment":[{"href":"https:\/\/www.standard-industrie.com\/pt\/wp-json\/wp\/v2\/media?parent=4735"}],"curies":[{"name":"wp","href":"https:\/\/api.w.org\/{rel}","templated":true}]}}