{"id":4779,"date":"2022-11-18T16:30:15","date_gmt":"2022-11-18T15:30:15","guid":{"rendered":"https:\/\/www.standard-industrie.com\/pt\/?page_id=4779"},"modified":"2023-09-28T13:26:35","modified_gmt":"2023-09-28T12:26:35","slug":"macsys-wireless","status":"publish","type":"page","link":"https:\/\/www.standard-industrie.com\/pt\/macsys-wireless\/","title":{"rendered":"MACSYS WIRELESS"},"content":{"rendered":"<p>[vc_row][vc_column css=&#8221;.vc_custom_1668767480700{margin-top: 10px !important;}&#8221;][vc_column_text el_class=&#8221;btn-retour txt-rouge&#8221;]<\/p>\n<div class=\"vc_sep_holder vc_sep_holder_l\">\n<p class=\"vc_sep_line\" style=\"border-color: grey;\"><a href=\"\/pt\/eliminacao-das-obstrucoes-e-concrecoes\/\">&lt; Elimina\u00e7\u00e3o de entupimentos e concre\u00e7\u00f5es<\/a><\/p>\n<\/div>\n<p>[\/vc_column_text][\/vc_column][\/vc_row][vc_row][vc_column][vc_empty_space][vc_column_text el_class=&#8221;gros-titre fort trait-rouge traits-gris-droite-gauche titre-centre vc_separator wpb_content_element vc_separator_align_center vc_sep_width_100 vc_sep_border_width_2 vc_sep_pos_align_center vc_separator-has-text&#8221;]<\/p>\n<div class=\"vc_sep_holder vc_sep_holder_l\">\n<p class=\"vc_sep_line\" style=\"border-color: grey;\">\n<\/div>\n<h2 style=\"text-align: center;\">A SOLU\u00c7\u00c3O PARA PROBLEMAS DE ACESSO E DE \u00c1REAS A SEREM PROTEGIDAS<\/h2>\n<div class=\"vc_sep_holder vc_sep_holder_r\">\n<p class=\"vc_sep_line\" style=\"border-color: grey;\">\n<\/div>\n<p>[\/vc_column_text][\/vc_column][\/vc_row][vc_row el_class=&#8221;invert-block&#8221;][vc_column width=&#8221;1\/2&#8243;][vc_column_text]+ MANUTEN\u00c7\u00c3O SIMPLIFICADA E \u00c0 ALTURA DO PEITO.<\/p>\n<p>CARACTER\u00cdSTICAS do canh\u00e3o de ar comprimido com v\u00e1rias sa\u00eddas MACSYS<\/p>\n<ul>\n<li>N\u00famero de cabe\u00e7as de\u00a0<strong>2 a 8<\/strong><\/li>\n<li>Di\u00e2metro nominal de sa\u00edda de\u00a0<strong>100, 150, 200 mm<\/strong><\/li>\n<li>Capacidade do dep\u00f3sito de\u00a0<strong>200 L<\/strong><\/li>\n<li>Mangueiras\u00a0<strong>refor\u00e7adas met\u00e1licas ou de borracha<\/strong><\/li>\n<li>Adequado para altas temperaturas<\/li>\n<\/ul>\n<p>Toda a nossa linha de canh\u00f5es de ar com v\u00e1rias cabe\u00e7as foi desenvolvida com Wireless.<\/p>\n<p>Todas as instala\u00e7\u00f5es de MACSYS com fios s\u00e3o convers\u00edveis em Wireless.[\/vc_column_text][vc_single_image image=&#8221;6272&#8243; img_size=&#8221;full&#8221; alignment=&#8221;center&#8221; el_class=&#8221;not-biseau&#8221;][vc_btn title=&#8221;baixar o folheto&#8221; style=&#8221;custom&#8221; custom_background=&#8221;#c93742&#8243; custom_text=&#8221;#ffffff&#8221; shape=&#8221;square&#8221; align=&#8221;left&#8221; i_icon_fontawesome=&#8221;fas fa-file-pdf&#8221; add_icon=&#8221;true&#8221; link=&#8221;url:https%3A%2F%2Fwww.standard-industrie.com%2Fpt%2Fwp-content%2Fuploads%2Fsites%2F13%2F2023%2F04%2FBROCHURE_DECLOGGING_P-11042023.pdf|target:_blank&#8221; el_class=&#8221;btn-vert btn-animation&#8221;][\/vc_column][vc_column width=&#8221;1\/2&#8243;][vc_column_text]<style id=\"wp_carousel_dynamic_css4780\">#sp-wp-carousel-free-id-4780 .wpcp-swiper-dots {margin: 40px 0px 0px 0px;}.wpcp-wrapper-4780 .swiper-wrapper .swiper-slide-kenburn, .wpcp-wrapper-4780 .swiper-wrapper, .wpcp-wrapper-4780 .wpcpro-row{align-items: center;}#sp-wp-carousel-free-id-4780 .wpcp-single-item {box-shadow: 0px 0px 0px 0px #dddddd;transition: all .3s;margin: 0px;}#sp-wp-carousel-free-id-4780.swiper-flip .wpcp-single-item{margin: 0!important;}#sp-wp-carousel-free-id-4780 .wpcp-single-item:hover {box-shadow: 0px 0px 0px 0px #dddddd;}#sp-wp-carousel-free-id-4780.sp-wpcp-4780 .wpcp-single-item {border: 0px none #dddddd;}#sp-wp-carousel-free-id-4780.sp-wpcp-4780 .swiper-button-prev,#sp-wp-carousel-free-id-4780.sp-wpcp-4780 .swiper-button-next,#sp-wp-carousel-free-id-4780.sp-wpcp-4780 .swiper-button-prev:hover,#sp-wp-carousel-free-id-4780.sp-wpcp-4780 .swiper-button-next:hover {background: none;border: none;font-size: 30px;}#sp-wp-carousel-free-id-4780.sp-wpcp-4780 .swiper-button-prev i,#sp-wp-carousel-free-id-4780.sp-wpcp-4780 .swiper-button-next i {color: #aaa;}#sp-wp-carousel-free-id-4780.sp-wpcp-4780 .swiper-button-prev i:hover,#sp-wp-carousel-free-id-4780.sp-wpcp-4780 .swiper-button-next i:hover {color: #c93742;}#sp-wp-carousel-free-id-4780.sp-wpcp-4780 .wpcp-swiper-dots .swiper-pagination-bullet {background-color: #cccccc;}#sp-wp-carousel-free-id-4780.sp-wpcp-4780 .wpcp-swiper-dots .swiper-pagination-bullet.swiper-pagination-bullet-active {background-color: #c93742;} #sp-wp-carousel-free-id-4780.sp-wpcp-4780.wpcp-image-carousel .wpcp-single-item:hover img, #sp-wp-carousel-free-id-4780.sp-wpcp-4780.wpcp-post-carousel .wpcp-single-item:hover img, #sp-wp-carousel-free-id-4780.sp-wpcp-4780.wpcp-product-carousel .wpcp-single-item:hover img{-webkit-transform: scale(1.2);-moz-transform: scale(1.2);transform: scale(1.2);}@media screen and (max-width: 479px) {#sp-wp-carousel-free-id-4780.nav-vertical-center {padding: 0;margin:0;}#sp-wp-carousel-free-id-4780.nav-vertical-center .wpcp-next-button,#sp-wp-carousel-free-id-4780.nav-vertical-center .wpcp-prev-button {display: none;}}#sp-wp-carousel-free-id-4780 .wpcpro-row>[class*=\"wpcpro-col-\"] { padding: 0 10px; padding-bottom: 20px;} #sp-wp-carousel-free-id-4780 .swiper-slide .single-item-fade:not(:last-child) { margin-right: 20px;}@media (min-width: 480px) { .wpcpro-row .wpcpro-col-sm-1 { flex: 0 0 100%; max-width: 100%; } .wpcpro-row .wpcpro-col-sm-2 { flex: 0 0 50%; max-width: 50%; } .wpcpro-row .wpcpro-col-sm-2-5 { flex: 0 0 75%; max-width: 75%; } .wpcpro-row .wpcpro-col-sm-3 { flex: 0 0 33.333%; max-width: 33.333%; } .wpcpro-row .wpcpro-col-sm-4 { flex: 0 0 25%; max-width: 25%; } .wpcpro-row .wpcpro-col-sm-5 { flex: 0 0 20%; max-width: 20%; } .wpcpro-row .wpcpro-col-sm-6 { flex: 0 0 16.66666666666667%; max-width: 16.66666666666667%; } .wpcpro-row .wpcpro-col-sm-7 { flex: 0 0 14.28571428%; max-width: 14.28571428%; } .wpcpro-row .wpcpro-col-sm-8 { flex: 0 0 12.5%; max-width: 12.5%; } } @media (max-width: 480px) { .wpcpro-row .wpcpro-col-xs-1 { flex: 0 0 100%; max-width: 100%; } .wpcpro-row .wpcpro-col-xs-2 { flex: 0 0 50%; max-width: 50%; } .wpcpro-row .wpcpro-col-xs-3 { flex: 0 0 33.222%; max-width: 33.222%; } .wpcpro-row .wpcpro-col-xs-4 { flex: 0 0 25%; max-width: 25%; } .wpcpro-row .wpcpro-col-xs-5 { flex: 0 0 20%; max-width: 20%; } .wpcpro-row .wpcpro-col-xs-6 { flex: 0 0 16.6667%; max-width: 16.6667%; } .wpcpro-row .wpcpro-col-xs-7 { flex: 0 0 14.28571428%; max-width: 14.28571428%; } .wpcpro-row .wpcpro-col-xs-8 { flex: 0 0 12.5%; max-width: 12.5%; } } @media (min-width: 736px) { .wpcpro-row .wpcpro-col-md-1 { flex: 0 0 100%; max-width: 100%; } .wpcpro-row .wpcpro-col-md-2 { flex: 0 0 50%; max-width: 50%; } .wpcpro-row .wpcpro-col-md-2-5 { flex: 0 0 75%; max-width: 75%; } .wpcpro-row .wpcpro-col-md-3 { flex: 0 0 33.333%; max-width: 33.333%; } .wpcpro-row .wpcpro-col-md-4 { flex: 0 0 25%; max-width: 25%; } .wpcpro-row .wpcpro-col-md-5 { flex: 0 0 20%; max-width: 20%; } .wpcpro-row .wpcpro-col-md-6 { flex: 0 0 16.66666666666667%; max-width: 16.66666666666667%; } .wpcpro-row .wpcpro-col-md-7 { flex: 0 0 14.28571428%; max-width: 14.28571428%; } .wpcpro-row .wpcpro-col-md-8 { flex: 0 0 12.5%; max-width: 12.5%; } } @media (min-width: 980px) { .wpcpro-row .wpcpro-col-lg-1 { flex: 0 0 100%; max-width: 100%; } .wpcpro-row .wpcpro-col-lg-2 { flex: 0 0 50%; max-width: 50%; } .wpcpro-row .wpcpro-col-lg-3 { flex: 0 0 33.222%; max-width: 33.222%; } .wpcpro-row .wpcpro-col-lg-4 { flex: 0 0 25%; max-width: 25%; } .wpcpro-row .wpcpro-col-lg-5 { flex: 0 0 20%; max-width: 20%; } .wpcpro-row .wpcpro-col-lg-6 { flex: 0 0 16.6667%; max-width: 16.6667%; } .wpcpro-row .wpcpro-col-lg-7 { flex: 0 0 14.28571428%; max-width: 14.28571428%; } .wpcpro-row .wpcpro-col-lg-8 { flex: 0 0 12.5%; max-width: 12.5%; } } @media (min-width: 1200px) { .wpcpro-row .wpcpro-col-xl-1 { flex: 0 0 100%; max-width: 100%; } .wpcpro-row .wpcpro-col-xl-2 { flex: 0 0 50%; max-width: 50%; } .wpcpro-row .wpcpro-col-xl-3 { flex: 0 0 33.22222222%; max-width: 33.22222222%; } .wpcpro-row .wpcpro-col-xl-4 { flex: 0 0 25%; max-width: 25%; } .wpcpro-row .wpcpro-col-xl-5 { flex: 0 0 20%; max-width: 20%; } .wpcpro-row .wpcpro-col-xl-6 { flex: 0 0 16.66667%; max-width: 16.66667%; } .wpcpro-row .wpcpro-col-xl-7 { flex: 0 0 14.28571428%; max-width: 14.28571428%; } .wpcpro-row .wpcpro-col-xl-8 { flex: 0 0 12.5%; max-width: 12.5%; } }<\/style><div class=\"wpcp-carousel-wrapper wpcp-wrapper-4780\">\n\t<div id=\"wpcp-preloader-4780\" class=\"wpcp-carousel-preloader\"><img decoding=\"async\" src=\"https:\/\/www.standard-industrie.com\/pt\/wp-content\/plugins\/wp-carousel-free\/public\/css\/spinner.svg\" alt=\"Preloader Image\" \/><\/div>\t<div class=\"wpcp-carousel-content-wrapper\">\n\t<div id=\"sp-wp-carousel-free-id-4780\" class=\"wpcp-carousel-section sp-wpcp-4780  nav-vertical-center wpcp-image-carousel wpcp-preloader wpcp-standard\" data-swiper='{ &quot;accessibility&quot;:true, &quot;spaceBetween&quot;:20, &quot;arrows&quot;:true, &quot;freeMode&quot;: false, &quot;autoplay&quot;:true, &quot;effect&quot;: &quot;&quot;, &quot;centerMode&quot;: false, &quot;autoplaySpeed&quot;:3000, &quot;dots&quot;:true, &quot;infinite&quot;:true, &quot;speed&quot;:600, &quot;pauseOnHover&quot;:true,\n\t\t\t&quot;slidesToShow&quot;:{&quot;lg_desktop&quot;:1, &quot;desktop&quot;: 1, &quot;laptop&quot;: 1, &quot;tablet&quot;: 1, &quot;mobile&quot;: 1}, &quot;responsive&quot;:{&quot;desktop&quot;:1200, &quot;laptop&quot;: 980, &quot;tablet&quot;: 736, &quot;mobile&quot;: 480}, &quot;rtl&quot;:false, &quot;lazyLoad&quot;: &quot;false&quot;, &quot;swipe&quot;: true, &quot;draggable&quot;: true, &quot;swipeToSlide&quot;:false }' dir=\"ltr\">\n\t\t<div class=\"swiper-wrapper\">\n\t\t<div class=\"swiper-slide\">\n\t<div class=\"wpcp-single-item\">\n\t\t\t<div class=\"wpcp-slide-image\">\n\t\t<img loading=\"lazy\" decoding=\"async\" class=\"skip-lazy\" src=\"https:\/\/www.standard-industrie.com\/pt\/wp-content\/uploads\/sites\/13\/2022\/11\/01_MACSYS_WIRELESS2-1.jpg\" alt=\"01_MACSYS_WIRELESS2 (1)\" width=\"794\" height=\"794\">\t<\/div>\n\t\t<\/div>\n<\/div>\n\t<div class=\"swiper-slide\">\n\t<div class=\"wpcp-single-item\">\n\t\t\t<div class=\"wpcp-slide-image\">\n\t\t<img loading=\"lazy\" decoding=\"async\" class=\"skip-lazy\" src=\"https:\/\/www.standard-industrie.com\/pt\/wp-content\/uploads\/sites\/13\/2022\/11\/07_MACSYS_Cimenterie_Turquie.jpg\" alt=\"07_MACSYS_Cimenterie_Turquie\" width=\"794\" height=\"678\">\t<\/div>\n\t\t<\/div>\n<\/div>\n\t<div class=\"swiper-slide\">\n\t<div class=\"wpcp-single-item\">\n\t\t\t<div class=\"wpcp-slide-image\">\n\t\t<img loading=\"lazy\" decoding=\"async\" class=\"skip-lazy\" src=\"https:\/\/www.standard-industrie.com\/pt\/wp-content\/uploads\/sites\/13\/2022\/11\/06_MACSYS_usine_incineration_ordures.jpg\" alt=\"06_MACSYS_usine_incineration_ordures\" width=\"794\" height=\"678\">\t<\/div>\n\t\t<\/div>\n<\/div>\n\t<div class=\"swiper-slide\">\n\t<div class=\"wpcp-single-item\">\n\t\t\t<div class=\"wpcp-slide-image\">\n\t\t<img loading=\"lazy\" decoding=\"async\" class=\"skip-lazy\" src=\"https:\/\/www.standard-industrie.com\/pt\/wp-content\/uploads\/sites\/13\/2022\/11\/05_Macsys-1.jpg\" alt=\"05_Macsys (1)\" width=\"794\" height=\"794\">\t<\/div>\n\t\t<\/div>\n<\/div>\n\t<div class=\"swiper-slide\">\n\t<div class=\"wpcp-single-item\">\n\t\t\t<div class=\"wpcp-slide-image\">\n\t\t<img loading=\"lazy\" decoding=\"async\" class=\"skip-lazy\" src=\"https:\/\/www.standard-industrie.com\/pt\/wp-content\/uploads\/sites\/13\/2022\/11\/04_Macsys-1.jpg\" alt=\"04_Macsys (1)\" width=\"794\" height=\"794\">\t<\/div>\n\t\t<\/div>\n<\/div>\n\t<div class=\"swiper-slide\">\n\t<div class=\"wpcp-single-item\">\n\t\t\t<div class=\"wpcp-slide-image\">\n\t\t<img loading=\"lazy\" decoding=\"async\" class=\"skip-lazy\" src=\"https:\/\/www.standard-industrie.com\/pt\/wp-content\/uploads\/sites\/13\/2023\/05\/1-1.jpg\" alt=\"AZYU1140\" width=\"581\" height=\"800\">\t<\/div>\n\t\t<\/div>\n<\/div>\n\t<div class=\"swiper-slide\">\n\t<div class=\"wpcp-single-item\">\n\t\t\t<div class=\"wpcp-slide-image\">\n\t\t<img loading=\"lazy\" decoding=\"async\" class=\"skip-lazy\" src=\"https:\/\/www.standard-industrie.com\/pt\/wp-content\/uploads\/sites\/13\/2023\/05\/1-1.jpg\" alt=\"JPZU1301\" width=\"581\" height=\"800\">\t<\/div>\n\t\t<\/div>\n<\/div>\n\t\t\t<\/div>\n\t\t\t\t\t<div class=\"wpcp-swiper-dots swiper-pagination\"><\/div>\n\t\t\t\t<!-- If we need navigation buttons -->\n\t\t\t\t\t<div class=\"wpcp-prev-button swiper-button-prev\"><i class=\"fa fa-angle-left\"><\/i><\/div>\n\t\t\t<div class=\"wpcp-next-button swiper-button-next\"><i class=\"fa fa-angle-right\"><\/i><\/div>\n\t\t\t<\/div>\n\t<\/div>\n<\/div>\n[\/vc_column_text][vc_empty_space][\/vc_column][\/vc_row][vc_row][vc_column width=&#8221;1\/4&#8243;][\/vc_column][vc_column width=&#8221;1\/2&#8243;][vc_raw_html]JTNDZGl2JTIwY2xhc3MlM0QlMjJ5b3V0dWJlX3BsYXllciUyMiUyMHZpZGVvSUQlM0QlMjJCMnpRUk8xVUNqNCUyMiUyMHdpZHRoJTNEJTIyNjAwJTIyJTIwaGVpZ2h0JTNEJTIyNDAwJTIyJTIwdGhlbWUlM0QlMjJsaWdodCUyMiUyMHJlbCUzRCUyMjAlMjIlMjBjb250cm9scyUzRCUyMjAlMjIlMjBzaG93aW5mbyUzRCUyMjAlMjIlMjBhdXRvcGxheSUzRCUyMjElMjIlMjBtdXRlJTNEJTIyMSUyMiUyMCUyMGxvb3AlM0QlMjIxJTIyJTIwbG9hZGluZyUzRCUyMjElMjIlM0UlM0MlMkZkaXYlM0U=[\/vc_raw_html][\/vc_column][vc_column width=&#8221;1\/4&#8243;][\/vc_column][\/vc_row][vc_row][vc_column][vc_tta_tabs style=&#8221;flat&#8221; shape=&#8221;square&#8221; color=&#8221;white&#8221; active_section=&#8221;1&#8243; el_class=&#8221;encart-plus-infos infos-rouge&#8221;][vc_tta_section title=&#8221;BENEF\u00cdCIOS&#8221; tab_id=&#8221;1663937971177-be64cebd-0221&#8243;][vc_row_inner][vc_column_inner width=&#8221;1\/2&#8243;][vc_column_text]<\/p>\n<ul>\n<li>FOR\u00c7A DE IMPACTO :\u00a0Aerodinamismo da cabe\u00e7a\/Dep\u00f3sito de grande capacidade<\/li>\n<li>SEGURAN\u00c7A :\u00a0Sem disparos do MACSYS em caso de diminui\u00e7\u00e3o da press\u00e3o de ar<\/li>\n<li>ECONOMIA E GEST\u00c3O :\u00a0Cabe\u00e7as + Pe\u00e7as de reposi\u00e7\u00e3o e acess\u00f3rios comuns ao AIRCHOC\u00ae<\/li>\n<li>QUALIDADE :\u00a0Dep\u00f3sito galvanizado interno e externo\/Cabe\u00e7a em ferro fundido\/Vida \u00fatil de mais de 30 anos\/Arma\u00e7\u00e3o refor\u00e7ada m\u00f3vel com empilhadeira<\/li>\n<li>MANUTEN\u00c7\u00c3O :\u00a0Acesso direto ao mecanismo\/Funcionamento em modo degradado<\/li>\n<li>CONFIABILIDADE :\u00a0Purga de escape acelerada protegida\/Pist\u00e3o centralizador autom\u00e1tico<\/li>\n<li>INOVA\u00c7\u00c3O : Tempo reduzido de enchimento\/Possibilidade de disparos simult\u00e2neos\/Cabe\u00e7as orient\u00e1veis<\/li>\n<\/ul>\n<p>[\/vc_column_text][\/vc_column_inner][vc_column_inner width=&#8221;1\/2&#8243;][vc_single_image image=&#8221;4783&#8243; img_size=&#8221;full&#8221; alignment=&#8221;center&#8221;][\/vc_column_inner][\/vc_row_inner][\/vc_tta_section][vc_tta_section title=&#8221;SERVI\u00c7OS RELACIONADOS&#8221; tab_id=&#8221;1663938142981-6b5d81f0-143c&#8221;][vc_row_inner][vc_column_inner width=&#8221;1\/2&#8243;][vc_column_text]<\/p>\n<ul>\n<li>FOR\u00c7A DE IMPACTO :\u00a0Aerodinamismo da cabe\u00e7a\/Dep\u00f3sito de grande capacidade<\/li>\n<li>SEGURAN\u00c7A :\u00a0Sem disparos do MACSYS em caso de diminui\u00e7\u00e3o da press\u00e3o de ar<\/li>\n<li>ECONOMIA E GEST\u00c3O :\u00a0Cabe\u00e7as + Pe\u00e7as de reposi\u00e7\u00e3o e acess\u00f3rios comuns ao AIRCHOC\u00ae<\/li>\n<li>QUALIDADE :\u00a0Dep\u00f3sito galvanizado interno e externo\/Cabe\u00e7a em ferro fundido\/Vida \u00fatil de mais de 30 anos\/Arma\u00e7\u00e3o refor\u00e7ada m\u00f3vel com empilhadeira<\/li>\n<li>MANUTEN\u00c7\u00c3O :\u00a0Acesso direto ao mecanismo\/Funcionamento em modo degradado<\/li>\n<li>CONFIABILIDADE :\u00a0Purga de escape acelerada protegida\/Pist\u00e3o centralizador autom\u00e1tico<\/li>\n<li>INOVA\u00c7\u00c3O :\u00a0Tempo reduzido de enchimento\/Possibilidade de disparos simult\u00e2neos\/Cabe\u00e7as orient\u00e1veis<\/li>\n<\/ul>\n<p>[\/vc_column_text][\/vc_column_inner][vc_column_inner width=&#8221;1\/2&#8243;][vc_single_image image=&#8221;4782&#8243; img_size=&#8221;full&#8221; alignment=&#8221;center&#8221;][\/vc_column_inner][\/vc_row_inner][\/vc_tta_section][vc_tta_section title=&#8221;OP\u00c7\u00d5ES \/ ACESS\u00d3RIOS&#8221; tab_id=&#8221;1663938171381-dcb55700-be8e&#8221;][vc_row_inner][vc_column_inner width=&#8221;1\/6&#8243; offset=&#8221;vc_hidden-md vc_hidden-sm vc_hidden-xs&#8221;][\/vc_column_inner][vc_column_inner offset=&#8221;vc_col-lg-8&#8243;][vc_column_text]<\/p>\n<ul>\n<li>DEFLETORES :\u00a0Direcionam o fluxo de ar para os pontos sens\u00edveis de obstru\u00e7\u00e3o \u2013 Vers\u00e3o a\u00e7o ou inox refrat\u00e1rio<\/li>\n<li>DISPOSITIVOS DE CONTROLE AUTOM\u00c1TICO E C\u00cdCLICO :\u00a0DDisparam automaticamente os tiros do MACSYS (Controle at\u00e9 128 MACSYS)<\/li>\n<li>ISOLADOR :\u00a0Garante a prote\u00e7\u00e3o das opera\u00e7\u00f5es de manuten\u00e7\u00e3o: temperatura alta, produto agressivo, riscos de retorno do material<\/li>\n<li>DISPOSITIVOS DE SEGURAN\u00c7A :\u00a0Garantem a explora\u00e7\u00e3o e a manuten\u00e7\u00e3o dos MACSYS com toda a seguran\u00e7a (Man\u00f4metro, v\u00e1lvula de seguran\u00e7a, v\u00e1lvula de isolamento\u2026)<\/li>\n<li>KIT DE MANUTEN\u00c7\u00c3O :\u00a0Diminui o tempo de interven\u00e7\u00e3o e simplifica o gerenciamento do estoque&lt;<\/li>\n<li>RAMPA DE CONTROLE REMOTO :\u00a0Dispara \u00e0 dist\u00e2ncia tiros dos MACSYS (Eletrov\u00e1lvulas centralizadas e posicionadas \u00e0 altura do peito)<\/li>\n<li>DISTRIBUIDOR PNEUM\u00c1TICO\u00a0:\u00a0Ativa pneumaticamente os disparos de MACSYS<\/li>\n<\/ul>\n<p>[\/vc_column_text][\/vc_column_inner][vc_column_inner width=&#8221;1\/6&#8243; offset=&#8221;vc_hidden-md vc_hidden-sm vc_hidden-xs&#8221;][\/vc_column_inner][\/vc_row_inner][\/vc_tta_section][\/vc_tta_tabs][\/vc_column][\/vc_row][vc_row][vc_column][vc_column_text el_class=&#8221;gros-titre fort trait-rouge traits-gris-droite-gauche titre-gauche vc_sep_border_width_2 vc_separator wpb_content_element vc_separator_align_left vc_sep_width_100 vc_sep_pos_align_center vc_sep_color_grey vc_separator-has-text&#8221;]<\/p>\n<div class=\"vc_sep_holder vc_sep_holder_l\">\n<p class=\"vc_sep_line\" style=\"border-color: grey;\">\n<\/div>\n<h2>Casos de utiliza\u00e7\u00e3o Macsys wireless<\/h2>\n<div class=\"vc_sep_holder vc_sep_holder_r\">\n<p class=\"vc_sep_line\" style=\"border-color: grey;\">\n<\/div>\n<p>[\/vc_column_text][vc_basic_grid post_type=&#8221;estojo-de-utilizacao&#8221; max_items=&#8221;10&#8243; show_filter=&#8221;yes&#8221; item=&#8221;4303&#8243; grid_id=&#8221;vc_gid:1695903981237-ff7dcd2a-2fe1-7&#8243; taxonomies=&#8221;122&#8243; filter_source=&#8221;secteur&#8221;][\/vc_column][\/vc_row][vc_row][vc_column][vc_column_text el_class=&#8221;btn-retour txt-rouge&#8221;]<\/p>\n<div class=\"vc_sep_holder vc_sep_holder_l\">\n<p class=\"vc_sep_line\" style=\"border-color: grey;\"><a href=\"\/pt\/eliminacao-das-obstrucoes-e-concrecoes\/\">&lt; Elimina\u00e7\u00e3o de entupimentos e concre\u00e7\u00f5es<\/a><\/p>\n<\/div>\n<p>[\/vc_column_text][\/vc_column][\/vc_row]<\/p>\n","protected":false},"excerpt":{"rendered":"<p>[vc_row][vc_column css=&#8221;.vc_custom_1668767480700{margin-top: 10px !important;}&#8221;][vc_column_text el_class=&#8221;btn-retour txt-rouge&#8221;] &lt; Elimina\u00e7\u00e3o de entupimentos e concre\u00e7\u00f5es [\/vc_column_text][\/vc_column][\/vc_row][vc_row][vc_column][vc_empty_space][vc_column_text el_class=&#8221;gros-titre fort trait-rouge traits-gris-droite-gauche titre-centre vc_separator wpb_content_element vc_separator_align_center vc_sep_width_100 vc_sep_border_width_2 vc_sep_pos_align_center vc_separator-has-text&#8221;] A<span class=\"excerpt-hellip\"> [\u2026]<\/span><\/p>\n","protected":false},"author":1,"featured_media":0,"parent":0,"menu_order":6,"comment_status":"closed","ping_status":"closed","template":"single-airchoc-light.php","meta":{"footnotes":""},"class_list":["post-4779","page","type-page","status-publish","hentry"],"_links":{"self":[{"href":"https:\/\/www.standard-industrie.com\/pt\/wp-json\/wp\/v2\/pages\/4779","targetHints":{"allow":["GET"]}}],"collection":[{"href":"https:\/\/www.standard-industrie.com\/pt\/wp-json\/wp\/v2\/pages"}],"about":[{"href":"https:\/\/www.standard-industrie.com\/pt\/wp-json\/wp\/v2\/types\/page"}],"author":[{"embeddable":true,"href":"https:\/\/www.standard-industrie.com\/pt\/wp-json\/wp\/v2\/users\/1"}],"replies":[{"embeddable":true,"href":"https:\/\/www.standard-industrie.com\/pt\/wp-json\/wp\/v2\/comments?post=4779"}],"version-history":[{"count":0,"href":"https:\/\/www.standard-industrie.com\/pt\/wp-json\/wp\/v2\/pages\/4779\/revisions"}],"wp:attachment":[{"href":"https:\/\/www.standard-industrie.com\/pt\/wp-json\/wp\/v2\/media?parent=4779"}],"curies":[{"name":"wp","href":"https:\/\/api.w.org\/{rel}","templated":true}]}}