{"id":4790,"date":"2022-11-18T17:02:41","date_gmt":"2022-11-18T16:02:41","guid":{"rendered":"https:\/\/www.standard-industrie.com\/pt\/?page_id=4790"},"modified":"2023-09-28T13:26:50","modified_gmt":"2023-09-28T12:26:50","slug":"opcao-programa-de-manutencao-airchoc","status":"publish","type":"page","link":"https:\/\/www.standard-industrie.com\/pt\/opcao-programa-de-manutencao-airchoc\/","title":{"rendered":"OP\u00c7\u00c3O: PROGRAMA DE MANUTEN\u00c7\u00c3O AIRCHOC"},"content":{"rendered":"<p>[vc_row][vc_column css=&#8221;.vc_custom_1668767480700{margin-top: 10px !important;}&#8221;][vc_column_text el_class=&#8221;btn-retour txt-rouge&#8221;]<\/p>\n<div class=\"vc_sep_holder vc_sep_holder_l\">\n<p class=\"vc_sep_line\" style=\"border-color: grey;\"><a href=\"\/pt\/eliminacao-das-obstrucoes-e-concrecoes\/\">&lt; Elimina\u00e7\u00e3o de entupimentos e concre\u00e7\u00f5es<\/a><\/p>\n<\/div>\n<p>[\/vc_column_text][\/vc_column][\/vc_row][vc_row][vc_column][vc_empty_space][vc_column_text el_class=&#8221;gros-titre fort trait-rouge traits-gris-droite-gauche titre-centre vc_separator wpb_content_element vc_separator_align_center vc_sep_width_100 vc_sep_border_width_2 vc_sep_pos_align_center vc_separator-has-text&#8221;]<\/p>\n<div class=\"vc_sep_holder vc_sep_holder_l\">\n<p class=\"vc_sep_line\" style=\"border-color: grey;\">\n<\/div>\n<h2 style=\"text-align: center;\">A SOLU\u00c7\u00c3O MAIS ECON\u00d3MICA E UM AMBIENTE PRESERVADO<\/h2>\n<div class=\"vc_sep_holder vc_sep_holder_r\">\n<p class=\"vc_sep_line\" style=\"border-color: grey;\">\n<\/div>\n<p>[\/vc_column_text][\/vc_column][\/vc_row][vc_row el_class=&#8221;invert-block&#8221;][vc_column width=&#8221;1\/2&#8243;][vc_column_text]=&gt; Para eliminar o risco de paragem de produ\u00e7\u00e3o ou de tempo de espera excessivo para os operadores, a STANDARD INDUSTRIE desenvolveu um programa de manuten\u00e7\u00e3o:<\/p>\n<ul>\n<li>1 \u2013 Uma mala com um mecanismo completo de canh\u00e3o de ar comprimido Airchoc\u00ae \u00e9 mantida em stock pelo utilizador do Airchoc\u00ae.<\/li>\n<li>2 \u2013 Quando \u00e9 necess\u00e1ria uma manuten\u00e7\u00e3o, o mecanismo usado \u00e9 simplesmente substitu\u00eddo pelo mecanismo que se encontra na mala.<\/li>\n<li>3 \u2013 O mecanismo usado \u00e9, ent\u00e3o, simplesmente reintegrado na mala e expedido para a Standard Industrie para ser limpo e reparado pelos nossos t\u00e9cnicos especializados.<\/li>\n<li>4 \u2013 A mala \u00e9, por fim, novamente expedida para o utilizador para ser utilizada durante a pr\u00f3xima manuten\u00e7\u00e3o do canh\u00e3o de desobstru\u00e7\u00e3o.<\/li>\n<\/ul>\n<p>[\/vc_column_text][vc_btn title=&#8221;Descarregar a brochura&#8221; style=&#8221;custom&#8221; custom_background=&#8221;#c93742&#8243; custom_text=&#8221;#ffffff&#8221; shape=&#8221;square&#8221; align=&#8221;left&#8221; i_icon_fontawesome=&#8221;fas fa-file-pdf&#8221; add_icon=&#8221;true&#8221; link=&#8221;url:https%3A%2F%2Fwww.standard-industrie.com%2Fpt%2Fwp-content%2Fuploads%2Fsites%2F13%2F2023%2F04%2FBROCHURE_DECLOGGING_P-11042023.pdf|target:_blank&#8221; el_class=&#8221;btn-vert btn-animation&#8221;][vc_btn title=&#8221;TESTE O NOSSO PROGRAMA DE MANUTEN\u00c7\u00c3O!&#8221; style=&#8221;custom&#8221; custom_background=&#8221;#c93742&#8243; custom_text=&#8221;#ffffff&#8221; shape=&#8221;square&#8221; align=&#8221;left&#8221; i_icon_fontawesome=&#8221;fas fa-file-pdf&#8221; add_icon=&#8221;true&#8221; link=&#8221;url:%2Fformulaire-contact%2F&#8221; el_class=&#8221;btn-vert btn-animation&#8221;][\/vc_column][vc_column width=&#8221;1\/2&#8243;][vc_raw_html]JTNDZGl2JTIwY2xhc3MlM0QlMjJ5b3V0dWJlX3BsYXllciUyMiUyMHZpZGVvSUQlM0QlMjJ2JTNEbm5LUkx1TjZNckUlMjIlMjB3aWR0aCUzRCUyMjYwMCUyMiUyMGhlaWdodCUzRCUyMjQwMCUyMiUyMHRoZW1lJTNEJTIybGlnaHQlMjIlMjByZWwlM0QlMjIwJTIyJTIwY29udHJvbHMlM0QlMjIwJTIyJTIwc2hvd2luZm8lM0QlMjIwJTIyJTIwYXV0b3BsYXklM0QlMjIxJTIyJTIwbXV0ZSUzRCUyMjElMjIlMjAlMjBsb29wJTNEJTIyMSUyMiUyMGxvYWRpbmclM0QlMjIxJTIyJTNFJTNDJTJGZGl2JTNF[\/vc_raw_html][vc_empty_space][\/vc_column][\/vc_row][vc_row][vc_column][vc_tta_tabs style=&#8221;flat&#8221; shape=&#8221;square&#8221; color=&#8221;white&#8221; active_section=&#8221;1&#8243; el_class=&#8221;encart-plus-infos infos-rouge&#8221;][vc_tta_section title=&#8221;Vantagens&#8221; tab_id=&#8221;1663937971177-be64cebd-0221&#8243;][vc_row_inner][vc_column_inner width=&#8221;1\/2&#8243;][vc_column_text]<\/p>\n<ul>\n<li>VELOCIDADE DE INTERVEN\u00c7\u00c3O: Sem necessidade de esperar por um t\u00e9cnico. Isso significa que n\u00e3o h\u00e1 mais abrandamento da produ\u00e7\u00e3o devido a problemas nos canh\u00f5es de ar.<\/li>\n<li>RENTABILIDADE<\/li>\n<li>FACILIDADE: 10 minutos para substituir o mecanismo bloqueado<\/li>\n<\/ul>\n<p>[\/vc_column_text][\/vc_column_inner][vc_column_inner width=&#8221;1\/2&#8243;][vc_single_image image=&#8221;4793&#8243; img_size=&#8221;full&#8221; alignment=&#8221;center&#8221;][\/vc_column_inner][\/vc_row_inner][\/vc_tta_section][vc_tta_section title=&#8221;Servi\u00e7os associados :&#8221; tab_id=&#8221;1663938142981-6b5d81f0-143c&#8221;][vc_row_inner][vc_column_inner width=&#8221;1\/2&#8243;][vc_column_text]<\/p>\n<ul>\n<li>Visitas e recomenda\u00e7\u00f5es t\u00e9cnicas (dimensionamento e posicionamento)<\/li>\n<li>Fornecimento do plano de instala\u00e7\u00e3o<\/li>\n<li>Propomos a instala\u00e7\u00e3o completa dos nossos equipamentos, se necess\u00e1rio<\/li>\n<li>At\u00e9 3 anos de garantia<\/li>\n<li>Forma\u00e7\u00e3o interna e externa<\/li>\n<li>Contrato de servi\u00e7o p\u00f3s-venda e de manuten\u00e7\u00e3o<\/li>\n<li>Conformidade com as normas<\/li>\n<\/ul>\n<p>[\/vc_column_text][\/vc_column_inner][vc_column_inner width=&#8221;1\/2&#8243;][vc_single_image image=&#8221;4792&#8243; img_size=&#8221;full&#8221; alignment=&#8221;center&#8221;][\/vc_column_inner][\/vc_row_inner][\/vc_tta_section][vc_tta_section title=&#8221;Op\u00e7oes \/ Acessorios&#8221; tab_id=&#8221;1663938171381-dcb55700-be8e&#8221;][vc_row_inner][vc_column_inner width=&#8221;1\/6&#8243; offset=&#8221;vc_hidden-md vc_hidden-sm vc_hidden-xs&#8221;][\/vc_column_inner][vc_column_inner offset=&#8221;vc_col-lg-8&#8243;][vc_column_text]<\/p>\n<ul>\n<li>DEFLETORES: Orientar o fluxo de ar para os pontos sens\u00edveis de obstru\u00e7\u00e3o &#8211; Vers\u00e3o de a\u00e7o ou inox refrat\u00e1rio<\/li>\n<li>DISPOSITIVOS DE CONTROLO AUTOM\u00c1TICO E C\u00cdCLICO: Acionamento autom\u00e1tico dos disparos do AIRCHOC\u00ae (Controlo at\u00e9 128 AIRCHOC\u00ae)<\/li>\n<li>ISOLADOR: Protege as opera\u00e7\u00f5es de manuten\u00e7\u00e3o: temperatura elevada, produto agressivo, riscos de retorno de material<\/li>\n<li>DISPOSITIVOS DE SEGURAN\u00c7A: Garantem a explora\u00e7\u00e3o e a manuten\u00e7\u00e3o de AIRCHOC\u00ae com toda a seguran\u00e7a (Man\u00f3metro, v\u00e1lvula de seguran\u00e7a, v\u00e1lvula de isolamento&#8230;)<\/li>\n<li>KIT DE MANUTEN\u00c7\u00c3O: Reduz a dura\u00e7\u00e3o da interven\u00e7\u00e3o e simplifica a gest\u00e3o do stock<\/li>\n<li>PIST\u00c3O CHANFRADO EM INOX: Aumenta a vida \u00fatil e resiste \u00e0s atmosferas agressivas (qu\u00edmica, incinera\u00e7\u00e3o, f\u00e1brica de cimento)<\/li>\n<li>RAMPA DE COMANDO REMOTA: Aciona \u00e0 dist\u00e2ncia os disparos do AIRCHOC\u00ae (V\u00e1lvulas el\u00e9tricas centralizadas e posicionadas \u00e0 altura de um ser humano)<\/li>\n<li>DISTRIBUIDOR PNEUM\u00c1TICO: Ativa pneumaticamente os disparos do AIRCHOC\u00ae.<\/li>\n<\/ul>\n<p>[\/vc_column_text][\/vc_column_inner][vc_column_inner width=&#8221;1\/6&#8243; offset=&#8221;vc_hidden-md vc_hidden-sm vc_hidden-xs&#8221;][\/vc_column_inner][\/vc_row_inner][\/vc_tta_section][\/vc_tta_tabs][\/vc_column][\/vc_row][vc_row][vc_column][vc_column_text el_class=&#8221;gros-titre fort trait-rouge traits-gris-droite-gauche titre-gauche vc_sep_border_width_2 vc_separator wpb_content_element vc_separator_align_left vc_sep_width_100 vc_sep_pos_align_center vc_sep_color_grey vc_separator-has-text&#8221;]<\/p>\n<div class=\"vc_sep_holder vc_sep_holder_l\">\n<p class=\"vc_sep_line\" style=\"border-color: grey;\">\n<\/div>\n<h2>Casos de utiliza\u00e7\u00e3o de manuten\u00e7\u00e3o Standard Industrie International<\/h2>\n<div class=\"vc_sep_holder vc_sep_holder_r\">\n<p class=\"vc_sep_line\" style=\"border-color: grey;\">\n<\/div>\n<p>[\/vc_column_text][vc_basic_grid post_type=&#8221;estojo-de-utilizacao&#8221; max_items=&#8221;10&#8243; show_filter=&#8221;yes&#8221; item=&#8221;4303&#8243; grid_id=&#8221;vc_gid:1695903988445-66e8c3a4-eda1-3&#8243; taxonomies=&#8221;124&#8243; filter_source=&#8221;secteur&#8221;][\/vc_column][\/vc_row][vc_row][vc_column][vc_column_text el_class=&#8221;btn-retour txt-rouge&#8221;]<\/p>\n<div class=\"vc_sep_holder vc_sep_holder_l\">\n<p class=\"vc_sep_line\" style=\"border-color: grey;\"><a href=\"\/pt\/eliminacao-das-obstrucoes-e-concrecoes\/\">&lt; Elimina\u00e7\u00e3o de entupimentos e concre\u00e7\u00f5es<\/a><\/p>\n<\/div>\n<p>[\/vc_column_text][\/vc_column][\/vc_row]<\/p>\n","protected":false},"excerpt":{"rendered":"<p>[vc_row][vc_column css=&#8221;.vc_custom_1668767480700{margin-top: 10px !important;}&#8221;][vc_column_text el_class=&#8221;btn-retour txt-rouge&#8221;] &lt; Elimina\u00e7\u00e3o de entupimentos e concre\u00e7\u00f5es [\/vc_column_text][\/vc_column][\/vc_row][vc_row][vc_column][vc_empty_space][vc_column_text el_class=&#8221;gros-titre fort trait-rouge traits-gris-droite-gauche titre-centre vc_separator wpb_content_element vc_separator_align_center vc_sep_width_100 vc_sep_border_width_2 vc_sep_pos_align_center vc_separator-has-text&#8221;] A<span class=\"excerpt-hellip\"> [\u2026]<\/span><\/p>\n","protected":false},"author":1,"featured_media":0,"parent":0,"menu_order":5,"comment_status":"closed","ping_status":"closed","template":"single-airchoc-light.php","meta":{"footnotes":""},"class_list":["post-4790","page","type-page","status-publish","hentry"],"_links":{"self":[{"href":"https:\/\/www.standard-industrie.com\/pt\/wp-json\/wp\/v2\/pages\/4790","targetHints":{"allow":["GET"]}}],"collection":[{"href":"https:\/\/www.standard-industrie.com\/pt\/wp-json\/wp\/v2\/pages"}],"about":[{"href":"https:\/\/www.standard-industrie.com\/pt\/wp-json\/wp\/v2\/types\/page"}],"author":[{"embeddable":true,"href":"https:\/\/www.standard-industrie.com\/pt\/wp-json\/wp\/v2\/users\/1"}],"replies":[{"embeddable":true,"href":"https:\/\/www.standard-industrie.com\/pt\/wp-json\/wp\/v2\/comments?post=4790"}],"version-history":[{"count":0,"href":"https:\/\/www.standard-industrie.com\/pt\/wp-json\/wp\/v2\/pages\/4790\/revisions"}],"wp:attachment":[{"href":"https:\/\/www.standard-industrie.com\/pt\/wp-json\/wp\/v2\/media?parent=4790"}],"curies":[{"name":"wp","href":"https:\/\/api.w.org\/{rel}","templated":true}]}}