{"id":4983,"date":"2022-12-05T14:33:13","date_gmt":"2022-12-05T13:33:13","guid":{"rendered":"https:\/\/www.standard-industrie.com\/pt\/?page_id=4983"},"modified":"2024-10-04T16:07:09","modified_gmt":"2024-10-04T15:07:09","slug":"aspirador-centralizado-modulavel","status":"publish","type":"page","link":"https:\/\/www.standard-industrie.com\/pt\/aspirador-centralizado-modulavel\/","title":{"rendered":"ASPIRADOR CENTRALIZADO MODUL\u00c1VEL"},"content":{"rendered":"<p>[vc_row][vc_column css=&#8221;.vc_custom_1668767480700{margin-top: 10px !important;}&#8221;][vc_column_text el_class=&#8221;btn-retour txt-rouge&#8221;]<\/p>\n<div class=\"vc_sep_holder vc_sep_holder_l\">\n<p class=\"vc_sep_line\" style=\"border-color: grey;\"><a href=\"\/pt\/limpeza-industrial-por-aspiracao\/\">&lt; Limpeza industrial por aspira\u00e7\u00e3o<br \/>\n<\/a><\/p>\n<\/div>\n<p>[\/vc_column_text][\/vc_column][\/vc_row][vc_row][vc_column][vc_empty_space][vc_column_text el_class=&#8221;gros-titre fort trait-rouge traits-gris-droite-gauche titre-centre vc_separator wpb_content_element vc_separator_align_center vc_sep_width_100 vc_sep_border_width_2 vc_sep_pos_align_center vc_separator-has-text&#8221;]<\/p>\n<div class=\"vc_sep_holder vc_sep_holder_l\">\n<p class=\"vc_sep_line\" style=\"border-color: grey;\">\n<\/div>\n<h2 style=\"text-align: center;\">ASPIRADOR CENTRALIZADO MODUL\u00c1VEL<\/h2>\n<div class=\"vc_sep_holder vc_sep_holder_r\">\n<p class=\"vc_sep_line\" style=\"border-color: grey;\">\n<\/div>\n<p>[\/vc_column_text][\/vc_column][\/vc_row][vc_row el_class=&#8221;invert-block&#8221;][vc_column width=&#8221;1\/2&#8243;][vc_column_text]O aspirador centralizado modul\u00e1vel\u00a0SAM\u00a0\u00e9 ideal para opera\u00e7\u00f5es de limpeza, bombeamento ou aspira\u00e7\u00e3o industrial.<\/p>\n<ul>\n<li>Motoriza\u00e7\u00e3o :\u00a0El\u00e9trica<\/li>\n<li>Coleta :\u00a0Silo\u00a0ou\u00a0cont\u00eainer<\/li>\n<li>Operadores :\u00a0At\u00e9\u00a04<\/li>\n<li>Desempenho (produto densidade 1): At\u00e9\u00a013 toneladas\/hora<\/li>\n<li>Fluxo de ar :\u00a02500 m\u00b3\/hora<\/li>\n<li>Depress\u00e3o : At\u00e9\u00a03800 mmCE<\/li>\n<li>Capacidade de coleta :\u00a0At\u00e9\u00a01,5 m\u00b3<\/li>\n<li>Granulometria : At\u00e9\u00a040 mm<\/li>\n<\/ul>\n<p>[\/vc_column_text][vc_btn title=&#8221;baixar o folheto&#8221; style=&#8221;flat&#8221; shape=&#8221;square&#8221; align=&#8221;left&#8221; i_icon_fontawesome=&#8221;fas fa-file-pdf&#8221; add_icon=&#8221;true&#8221; link=&#8221;url:%2Fwp-content%2Fuploads%2F2022%2F11%2FBROCHURE_VACUUM_F-MKT4.pdf|target:_blank&#8221; el_class=&#8221;btn-vert btn-animation&#8221;][vc_btn title=&#8221;DESCUBRA NOSSAS M\u00c1QUINAS DE SUC\u00c7\u00c3O USADAS&#8221; style=&#8221;flat&#8221; shape=&#8221;square&#8221; align=&#8221;left&#8221; i_icon_fontawesome=&#8221;fas fa-file-pdf&#8221; add_icon=&#8221;true&#8221; link=&#8221;url:https%3A%2F%2Fwww.standard-industrie.com%2Fpt%2Fmaquinas-de-succao-de-segunda-mao%2F|title:Machines%20d%E2%80%99aspiration%20d%E2%80%99occasion&#8221; el_class=&#8221;btn-vert btn-animation&#8221;][\/vc_column][vc_column width=&#8221;1\/2&#8243;][vc_column_text]<\/p>\n<style id=\"wp_carousel_dynamic_css5831\">#sp-wp-carousel-free-id-5831 .wpcp-swiper-dots {margin: 40px 0px 0px 0px;}.wpcp-wrapper-5831 .swiper-wrapper .swiper-slide-kenburn, .wpcp-wrapper-5831 .swiper-wrapper, .wpcp-wrapper-5831 .wpcpro-row{align-items: center;}#sp-wp-carousel-free-id-5831 .wpcp-single-item {box-shadow: 0px 0px 0px 0px #dddddd;transition: all .3s;margin: 0px;}#sp-wp-carousel-free-id-5831.swiper-flip .wpcp-single-item{margin: 0!important;}#sp-wp-carousel-free-id-5831 .wpcp-single-item:hover {box-shadow: 0px 0px 0px 0px #dddddd;}#sp-wp-carousel-free-id-5831.sp-wpcp-5831 .wpcp-single-item {border: 0px none #dddddd;}#sp-wp-carousel-free-id-5831.sp-wpcp-5831 .swiper-button-prev,#sp-wp-carousel-free-id-5831.sp-wpcp-5831 .swiper-button-next,#sp-wp-carousel-free-id-5831.sp-wpcp-5831 .swiper-button-prev:hover,#sp-wp-carousel-free-id-5831.sp-wpcp-5831 .swiper-button-next:hover {background: none;border: none;font-size: 30px;}#sp-wp-carousel-free-id-5831.sp-wpcp-5831 .swiper-button-prev i,#sp-wp-carousel-free-id-5831.sp-wpcp-5831 .swiper-button-next i {color: #aaa;}#sp-wp-carousel-free-id-5831.sp-wpcp-5831 .swiper-button-prev i:hover,#sp-wp-carousel-free-id-5831.sp-wpcp-5831 .swiper-button-next i:hover {color: #ffc20a;}#sp-wp-carousel-free-id-5831.sp-wpcp-5831 .wpcp-swiper-dots .swiper-pagination-bullet {background-color: #cccccc;}#sp-wp-carousel-free-id-5831.sp-wpcp-5831 .wpcp-swiper-dots .swiper-pagination-bullet.swiper-pagination-bullet-active {background-color: #ffc20a;} #sp-wp-carousel-free-id-5831.sp-wpcp-5831.wpcp-image-carousel .wpcp-single-item:hover img, #sp-wp-carousel-free-id-5831.sp-wpcp-5831.wpcp-post-carousel .wpcp-single-item:hover img, #sp-wp-carousel-free-id-5831.sp-wpcp-5831.wpcp-product-carousel .wpcp-single-item:hover img{-webkit-transform: scale(1.2);-moz-transform: scale(1.2);transform: scale(1.2);}@media screen and (max-width: 479px) {#sp-wp-carousel-free-id-5831.nav-vertical-center {padding: 0;margin:0;}#sp-wp-carousel-free-id-5831.nav-vertical-center .wpcp-next-button,#sp-wp-carousel-free-id-5831.nav-vertical-center .wpcp-prev-button {display: none;}}#sp-wp-carousel-free-id-5831 .wpcpro-row>[class*=\"wpcpro-col-\"] { padding: 0 10px; padding-bottom: 20px;} #sp-wp-carousel-free-id-5831 .swiper-slide .single-item-fade:not(:last-child) { margin-right: 20px;}@media (min-width: 480px) { .wpcpro-row .wpcpro-col-sm-1 { flex: 0 0 100%; max-width: 100%; } .wpcpro-row .wpcpro-col-sm-2 { flex: 0 0 50%; max-width: 50%; } .wpcpro-row .wpcpro-col-sm-2-5 { flex: 0 0 75%; max-width: 75%; } .wpcpro-row .wpcpro-col-sm-3 { flex: 0 0 33.333%; max-width: 33.333%; } .wpcpro-row .wpcpro-col-sm-4 { flex: 0 0 25%; max-width: 25%; } .wpcpro-row .wpcpro-col-sm-5 { flex: 0 0 20%; max-width: 20%; } .wpcpro-row .wpcpro-col-sm-6 { flex: 0 0 16.66666666666667%; max-width: 16.66666666666667%; } .wpcpro-row .wpcpro-col-sm-7 { flex: 0 0 14.28571428%; max-width: 14.28571428%; } .wpcpro-row .wpcpro-col-sm-8 { flex: 0 0 12.5%; max-width: 12.5%; } } @media (max-width: 480px) { .wpcpro-row .wpcpro-col-xs-1 { flex: 0 0 100%; max-width: 100%; } .wpcpro-row .wpcpro-col-xs-2 { flex: 0 0 50%; max-width: 50%; } .wpcpro-row .wpcpro-col-xs-3 { flex: 0 0 33.222%; max-width: 33.222%; } .wpcpro-row .wpcpro-col-xs-4 { flex: 0 0 25%; max-width: 25%; } .wpcpro-row .wpcpro-col-xs-5 { flex: 0 0 20%; max-width: 20%; } .wpcpro-row .wpcpro-col-xs-6 { flex: 0 0 16.6667%; max-width: 16.6667%; } .wpcpro-row .wpcpro-col-xs-7 { flex: 0 0 14.28571428%; max-width: 14.28571428%; } .wpcpro-row .wpcpro-col-xs-8 { flex: 0 0 12.5%; max-width: 12.5%; } } @media (min-width: 736px) { .wpcpro-row .wpcpro-col-md-1 { flex: 0 0 100%; max-width: 100%; } .wpcpro-row .wpcpro-col-md-2 { flex: 0 0 50%; max-width: 50%; } .wpcpro-row .wpcpro-col-md-2-5 { flex: 0 0 75%; max-width: 75%; } .wpcpro-row .wpcpro-col-md-3 { flex: 0 0 33.333%; max-width: 33.333%; } .wpcpro-row .wpcpro-col-md-4 { flex: 0 0 25%; max-width: 25%; } .wpcpro-row .wpcpro-col-md-5 { flex: 0 0 20%; max-width: 20%; } .wpcpro-row .wpcpro-col-md-6 { flex: 0 0 16.66666666666667%; max-width: 16.66666666666667%; } .wpcpro-row .wpcpro-col-md-7 { flex: 0 0 14.28571428%; max-width: 14.28571428%; } .wpcpro-row .wpcpro-col-md-8 { flex: 0 0 12.5%; max-width: 12.5%; } } @media (min-width: 980px) { .wpcpro-row .wpcpro-col-lg-1 { flex: 0 0 100%; max-width: 100%; } .wpcpro-row .wpcpro-col-lg-2 { flex: 0 0 50%; max-width: 50%; } .wpcpro-row .wpcpro-col-lg-3 { flex: 0 0 33.222%; max-width: 33.222%; } .wpcpro-row .wpcpro-col-lg-4 { flex: 0 0 25%; max-width: 25%; } .wpcpro-row .wpcpro-col-lg-5 { flex: 0 0 20%; max-width: 20%; } .wpcpro-row .wpcpro-col-lg-6 { flex: 0 0 16.6667%; max-width: 16.6667%; } .wpcpro-row .wpcpro-col-lg-7 { flex: 0 0 14.28571428%; max-width: 14.28571428%; } .wpcpro-row .wpcpro-col-lg-8 { flex: 0 0 12.5%; max-width: 12.5%; } } @media (min-width: 1200px) { .wpcpro-row .wpcpro-col-xl-1 { flex: 0 0 100%; max-width: 100%; } .wpcpro-row .wpcpro-col-xl-2 { flex: 0 0 50%; max-width: 50%; } .wpcpro-row .wpcpro-col-xl-3 { flex: 0 0 33.22222222%; max-width: 33.22222222%; } .wpcpro-row .wpcpro-col-xl-4 { flex: 0 0 25%; max-width: 25%; } .wpcpro-row .wpcpro-col-xl-5 { flex: 0 0 20%; max-width: 20%; } .wpcpro-row .wpcpro-col-xl-6 { flex: 0 0 16.66667%; max-width: 16.66667%; } .wpcpro-row .wpcpro-col-xl-7 { flex: 0 0 14.28571428%; max-width: 14.28571428%; } .wpcpro-row .wpcpro-col-xl-8 { flex: 0 0 12.5%; max-width: 12.5%; } }<\/style><div class=\"wpcp-carousel-wrapper wpcp-wrapper-5831\">\n\t<div id=\"wpcp-preloader-5831\" class=\"wpcp-carousel-preloader\"><img decoding=\"async\" src=\"https:\/\/www.standard-industrie.com\/pt\/wp-content\/plugins\/wp-carousel-free\/public\/css\/spinner.svg\" alt=\"Preloader Image\" \/><\/div>\t<div class=\"wpcp-carousel-content-wrapper\">\n\t<div id=\"sp-wp-carousel-free-id-5831\" class=\"wpcp-carousel-section sp-wpcp-5831  nav-vertical-center wpcp-image-carousel wpcp-preloader wpcp-standard\" data-swiper='{ &quot;accessibility&quot;:true, &quot;spaceBetween&quot;:20, &quot;arrows&quot;:true, &quot;freeMode&quot;: false, &quot;autoplay&quot;:true, &quot;effect&quot;: &quot;&quot;, &quot;centerMode&quot;: false, &quot;autoplaySpeed&quot;:3000, &quot;dots&quot;:true, &quot;infinite&quot;:true, &quot;speed&quot;:600, &quot;pauseOnHover&quot;:true,\n\t\t\t&quot;slidesToShow&quot;:{&quot;lg_desktop&quot;:1, &quot;desktop&quot;: 1, &quot;laptop&quot;: 1, &quot;tablet&quot;: 1, &quot;mobile&quot;: 1}, &quot;responsive&quot;:{&quot;desktop&quot;:1200, &quot;laptop&quot;: 980, &quot;tablet&quot;: 736, &quot;mobile&quot;: 480}, &quot;rtl&quot;:false, &quot;lazyLoad&quot;: &quot;false&quot;, &quot;swipe&quot;: true, &quot;draggable&quot;: true, &quot;swipeToSlide&quot;:false }' dir=\"ltr\">\n\t\t<div class=\"swiper-wrapper\">\n\t\t<div class=\"swiper-slide\">\n\t<div class=\"wpcp-single-item\">\n\t\t\t<div class=\"wpcp-slide-image\">\n\t\t<img loading=\"lazy\" decoding=\"async\" class=\"skip-lazy\" src=\"https:\/\/www.standard-industrie.com\/pt\/wp-content\/uploads\/sites\/13\/2022\/11\/SAM.jpg\" alt=\"SAM\" width=\"600\" height=\"800\">\t<\/div>\n\t\t<\/div>\n<\/div>\n\t<div class=\"swiper-slide\">\n\t<div class=\"wpcp-single-item\">\n\t\t\t<div class=\"wpcp-slide-image\">\n\t\t<img loading=\"lazy\" decoding=\"async\" class=\"skip-lazy\" src=\"https:\/\/www.standard-industrie.com\/pt\/wp-content\/uploads\/sites\/13\/2022\/12\/01_SAM.jpg\" alt=\"01_SAM\" width=\"794\" height=\"794\">\t<\/div>\n\t\t<\/div>\n<\/div>\n\t<div class=\"swiper-slide\">\n\t<div class=\"wpcp-single-item\">\n\t\t\t<div class=\"wpcp-slide-image\">\n\t\t<img loading=\"lazy\" decoding=\"async\" class=\"skip-lazy\" src=\"https:\/\/www.standard-industrie.com\/pt\/wp-content\/uploads\/sites\/13\/2022\/12\/03_SAM.jpg\" alt=\"03_SAM\" width=\"794\" height=\"794\">\t<\/div>\n\t\t<\/div>\n<\/div>\n\t<div class=\"swiper-slide\">\n\t<div class=\"wpcp-single-item\">\n\t\t\t<div class=\"wpcp-slide-image\">\n\t\t<img loading=\"lazy\" decoding=\"async\" class=\"skip-lazy\" src=\"https:\/\/www.standard-industrie.com\/pt\/wp-content\/uploads\/sites\/13\/2022\/11\/04_SAM_VERRERIE_FRANCE.jpg\" alt=\"04_SAM_VERRERIE_FRANCE\" width=\"794\" height=\"678\">\t<\/div>\n\t\t<\/div>\n<\/div>\n\t\t\t<\/div>\n\t\t\t\t\t<div class=\"wpcp-swiper-dots swiper-pagination\"><\/div>\n\t\t\t\t<!-- If we need navigation buttons -->\n\t\t\t\t\t<div class=\"wpcp-prev-button swiper-button-prev\"><i class=\"fa fa-angle-left\"><\/i><\/div>\n\t\t\t<div class=\"wpcp-next-button swiper-button-next\"><i class=\"fa fa-angle-right\"><\/i><\/div>\n\t\t\t<\/div>\n\t<\/div>\n<\/div>\n\n<p>[\/vc_column_text][vc_empty_space][\/vc_column][\/vc_row][vc_row el_class=&#8221;invert-block&#8221;][vc_column width=&#8221;1\/4&#8243;][\/vc_column][vc_column width=&#8221;1\/2&#8243;][vc_raw_html]JTNDZGl2JTIwY2xhc3MlM0QlMjJ5b3V0dWJlX3BsYXllciUyMiUyMHZpZGVvSUQlM0QlMjJ0Zjl1Vzk1MU41USUyMiUyMHdpZHRoJTNEJTIyNjAwJTIyJTIwaGVpZ2h0JTNEJTIyNDAwJTIyJTIwdGhlbWUlM0QlMjJsaWdodCUyMiUyMHJlbCUzRCUyMjAlMjIlMjBjb250cm9scyUzRCUyMjAlMjIlMjBzaG93aW5mbyUzRCUyMjAlMjIlMjBhdXRvcGxheSUzRCUyMjElMjIlMjBtdXRlJTNEJTIyMSUyMiUyMCUyMGxvb3AlM0QlMjIxJTIyJTIwbG9hZGluZyUzRCUyMjElMjIlM0UlM0MlMkZkaXYlM0U=[\/vc_raw_html][\/vc_column][vc_column width=&#8221;1\/4&#8243;][\/vc_column][\/vc_row][vc_row][vc_column][vc_tta_tabs style=&#8221;flat&#8221; shape=&#8221;square&#8221; color=&#8221;white&#8221; active_section=&#8221;1&#8243; el_class=&#8221;encart-plus-infos infos-rouge&#8221;][vc_tta_section title=&#8221;BENEF\u00cdCIOS&#8221; tab_id=&#8221;1663937971177-be64cebd-0221&#8243;][vc_row_inner][vc_column_inner width=&#8221;1\/2&#8243;][vc_column_text]<\/p>\n<ul>\n<li>ECONOMIA E SIMPLICIDADE :\u00a0Aspirador centralizado m\u00f3vel com empilhadeira<\/li>\n<li>RAPIDEZ\u00a0de coloca\u00e7\u00e3o em funcionamento<\/li>\n<li>COMPACTO :\u00a0Equipamento compacto gra\u00e7as a uma capacidade de coleta integrada<\/li>\n<li>ADAPT\u00c1VEL:\u00a0Permite alcan\u00e7ar qualquer \u00e1rea de dif\u00edcil acesso com uma velocidade de a\u00e7\u00e3o r\u00e1pida<br \/>\n+ V\u00e1rias possibilidades de descarga com: cont\u00eainer, big-bag, barris, manuten\u00e7\u00e3o cont\u00ednua<\/li>\n<li>SEGURAN\u00c7A:\u00a0A tecnologia robusta e simples do grupo de aspira\u00e7\u00e3o GAD permite uma opera\u00e7\u00e3o em ambientes industriais pesados com o m\u00e1ximo de seguran\u00e7a e produtividade<\/li>\n<\/ul>\n<p>[\/vc_column_text][\/vc_column_inner][vc_column_inner width=&#8221;1\/2&#8243;][vc_single_image image=&#8221;5832&#8243; img_size=&#8221;full&#8221; alignment=&#8221;center&#8221;][\/vc_column_inner][\/vc_row_inner][\/vc_tta_section][vc_tta_section title=&#8221;SERVI\u00c7OS RELACIONADOS&#8221; tab_id=&#8221;1663938142981-6b5d81f0-143c&#8221;][vc_row_inner][vc_column_inner width=&#8221;1\/2&#8243;][vc_column_text]<\/p>\n<ul>\n<li>Inspe\u00e7\u00f5es e recomenda\u00e7\u00f5es<\/li>\n<li>Teste\/demonstra\u00e7\u00e3o no local<\/li>\n<li>Garantia de 1 ano<\/li>\n<li>Possibilidade de montagem, supervis\u00e3o e coloca\u00e7\u00e3o em funcionamento feitas por n\u00f3s<\/li>\n<li>1 inspe\u00e7\u00e3o realizada por um t\u00e9cnico de SPV gr\u00e1tis abrangida pela garantia<\/li>\n<li>Loca\u00e7\u00e3o e Leasing<\/li>\n<li>Extens\u00e3o de garantia<\/li>\n<li>Contrato de inspe\u00e7\u00e3o<\/li>\n<li>Contrato de manuten\u00e7\u00e3o<\/li>\n<li>Registro, estudo de rede, realiza\u00e7\u00e3o<\/li>\n<li>Forma\u00e7\u00e3o interna e externa (Instituto de Forma\u00e7\u00e3o STANDARD INDUSTRIA: IFSI \u2013 N\u00b0 acordo 31 59 05660 59 )<\/li>\n<\/ul>\n<p>[\/vc_column_text][\/vc_column_inner][vc_column_inner width=&#8221;1\/2&#8243;][vc_single_image image=&#8221;5835&#8243; img_size=&#8221;full&#8221; alignment=&#8221;center&#8221;][\/vc_column_inner][\/vc_row_inner][\/vc_tta_section][vc_tta_section title=&#8221;OP\u00c7\u00d5ES \/ ACESS\u00d3RIOS&#8221; tab_id=&#8221;1663938171381-dcb55700-be8e&#8221;][vc_row_inner][vc_column_inner width=&#8221;1\/6&#8243; offset=&#8221;vc_hidden-md vc_hidden-sm vc_hidden-xs&#8221;][\/vc_column_inner][vc_column_inner offset=&#8221;vc_col-lg-8&#8243;][vc_column_text]<u>OP\u00c7\u00d5ES<\/u>\u00a0:<\/p>\n<ul>\n<li>Dispositivo \u00e0 prova de explos\u00e3o :\u00a0sa\u00eddas de ar<\/li>\n<li>Vers\u00e3o ATEX zona 21<\/li>\n<li>Sacos de filtragem\u00a0hidr\u00f3fobos e oleof\u00f3bicos<\/li>\n<li>V\u00e1lvula de descarga manual, pneum\u00e1tica e cont\u00ednua<\/li>\n<\/ul>\n<p>ACESS\u00d3RIOS\u00a0:<\/p>\n<ul>\n<li>Mangueiras:\u00a0DN 120 a 50, borracha\/poliuretano\/PVC<\/li>\n<li>Sensores :\u00a0DN 100 a 50, a\u00e7o\/inox\/alum\u00ednio\/PVC<\/li>\n<li>Cabos, liga\u00e7\u00f5es\u2026<\/li>\n<\/ul>\n<p><a href=\"https:\/\/www.standard-industrie.com\/pt\/contacto\/\">Para mais informa\u00e7\u00f5es, visite nosso site<\/a>[\/vc_column_text][\/vc_column_inner][vc_column_inner width=&#8221;1\/6&#8243; offset=&#8221;vc_hidden-md vc_hidden-sm vc_hidden-xs&#8221;][\/vc_column_inner][\/vc_row_inner][\/vc_tta_section][\/vc_tta_tabs][\/vc_column][\/vc_row][vc_row][vc_column][vc_column_text el_class=&#8221;gros-titre fort trait-rouge traits-gris-droite-gauche titre-gauche vc_sep_border_width_2 vc_separator wpb_content_element vc_separator_align_left vc_sep_width_100 vc_sep_pos_align_center vc_sep_color_grey vc_separator-has-text&#8221;]<\/p>\n<div class=\"vc_sep_holder vc_sep_holder_l\">\n<p class=\"vc_sep_line\" style=\"border-color: grey;\">\n<\/div>\n<h2>ESTUDOS DE CASO<\/h2>\n<div class=\"vc_sep_holder vc_sep_holder_r\">\n<p class=\"vc_sep_line\" style=\"border-color: grey;\">\n<\/div>\n<p>[\/vc_column_text][vc_basic_grid post_type=&#8221;estojo-de-utilizacao&#8221; max_items=&#8221;10&#8243; show_filter=&#8221;yes&#8221; item=&#8221;4303&#8243; grid_id=&#8221;vc_gid:1728054172401-2628bd54-8d96-9&#8243; filter_source=&#8221;secteur&#8221; taxonomies=&#8221;134&#8243;][\/vc_column][\/vc_row][vc_row][vc_column css=&#8221;.vc_custom_1668767480700{margin-top: 10px !important;}&#8221;][vc_column_text el_class=&#8221;btn-retour txt-rouge&#8221;]<\/p>\n<div class=\"vc_sep_holder vc_sep_holder_l\">\n<p class=\"vc_sep_line\" style=\"border-color: grey;\"><a href=\"\/pt\/limpeza-industrial-por-aspiracao\/\">&lt; Limpeza industrial por aspira\u00e7\u00e3o<br \/>\n<\/a><\/p>\n<\/div>\n<p>[\/vc_column_text][\/vc_column][\/vc_row]<\/p>\n","protected":false},"excerpt":{"rendered":"<p>[vc_row][vc_column css=&#8221;.vc_custom_1668767480700{margin-top: 10px !important;}&#8221;][vc_column_text el_class=&#8221;btn-retour txt-rouge&#8221;] &lt; Limpeza industrial por aspira\u00e7\u00e3o [\/vc_column_text][\/vc_column][\/vc_row][vc_row][vc_column][vc_empty_space][vc_column_text el_class=&#8221;gros-titre fort trait-rouge traits-gris-droite-gauche titre-centre vc_separator wpb_content_element vc_separator_align_center vc_sep_width_100 vc_sep_border_width_2 vc_sep_pos_align_center vc_separator-has-text&#8221;] ASPIRADOR CENTRALIZADO<span class=\"excerpt-hellip\"> [\u2026]<\/span><\/p>\n","protected":false},"author":1,"featured_media":0,"parent":0,"menu_order":28,"comment_status":"closed","ping_status":"closed","template":"single-nettoyage-industriel-aspiration-light.php","meta":{"footnotes":""},"class_list":["post-4983","page","type-page","status-publish","hentry"],"_links":{"self":[{"href":"https:\/\/www.standard-industrie.com\/pt\/wp-json\/wp\/v2\/pages\/4983","targetHints":{"allow":["GET"]}}],"collection":[{"href":"https:\/\/www.standard-industrie.com\/pt\/wp-json\/wp\/v2\/pages"}],"about":[{"href":"https:\/\/www.standard-industrie.com\/pt\/wp-json\/wp\/v2\/types\/page"}],"author":[{"embeddable":true,"href":"https:\/\/www.standard-industrie.com\/pt\/wp-json\/wp\/v2\/users\/1"}],"replies":[{"embeddable":true,"href":"https:\/\/www.standard-industrie.com\/pt\/wp-json\/wp\/v2\/comments?post=4983"}],"version-history":[{"count":0,"href":"https:\/\/www.standard-industrie.com\/pt\/wp-json\/wp\/v2\/pages\/4983\/revisions"}],"wp:attachment":[{"href":"https:\/\/www.standard-industrie.com\/pt\/wp-json\/wp\/v2\/media?parent=4983"}],"curies":[{"name":"wp","href":"https:\/\/api.w.org\/{rel}","templated":true}]}}