{"id":5071,"date":"2022-12-06T14:54:00","date_gmt":"2022-12-06T13:54:00","guid":{"rendered":"https:\/\/www.standard-industrie.com\/pt\/?page_id=5071"},"modified":"2025-11-05T14:18:15","modified_gmt":"2025-11-05T13:18:15","slug":"limpeza-por-aspiracao","status":"publish","type":"page","link":"https:\/\/www.standard-industrie.com\/pt\/limpeza-por-aspiracao\/","title":{"rendered":"LIMPEZA POR ASPIRA\u00c7\u00c3O"},"content":{"rendered":"<p>[vc_row][vc_column css=&#8221;.vc_custom_1668767480700{margin-top: 10px !important;}&#8221;][vc_column_text el_class=&#8221;btn-retour txt-rouge&#8221;]<\/p>\n<div class=\"vc_sep_holder vc_sep_holder_l\">\n<p class=\"vc_sep_line\" style=\"border-color: grey;\"><a href=\"\/pt\/prestacoes-de-servicos-de-limpeza-de-silos-e-tremonhas\/\">&lt; Pr\u00e9-requisitos de limpeza de silos e tremores<\/a><\/p>\n<\/div>\n<p>[\/vc_column_text][\/vc_column][\/vc_row][vc_row][vc_column][vc_empty_space][vc_column_text el_class=&#8221;gros-titre fort trait-rouge traits-gris-droite-gauche titre-centre vc_separator wpb_content_element vc_separator_align_center vc_sep_width_100 vc_sep_border_width_2 vc_sep_pos_align_center vc_separator-has-text&#8221;]<\/p>\n<div class=\"vc_sep_holder vc_sep_holder_l\">\n<p class=\"vc_sep_line\" style=\"border-color: grey;\">\n<\/div>\n<h2 style=\"text-align: center;\">PRESTA\u00c7\u00c3O DE SERVI\u00c7OS DE ASPIRA\u00c7\u00c3O INDUSTRIAL PARA A RECUPERA\u00c7\u00c3O E REVALORIZA\u00c7\u00c3O DO MATERIAL<\/h2>\n<div class=\"vc_sep_holder vc_sep_holder_r\">\n<p class=\"vc_sep_line\" style=\"border-color: grey;\">\n<\/div>\n<p>[\/vc_column_text][\/vc_column][\/vc_row][vc_row el_class=&#8221;invert-block&#8221;][vc_column width=&#8221;1\/2&#8243;][vc_column_text]<\/p>\n<div class=\"right\" dir=\"ltr\">\n<div class=\"texte\">\n<p>De acordo com o volume aspirado, propomos v\u00e1rios tipos de servi\u00e7os de\u00a0<a href=\"https:\/\/www.standard-industrie.com\/nos-solutions\/prestations-de-nettoyage-silos-et-tremies\/\">manuten\u00e7\u00e3o industrial<\/a>\u00a0ou de aspira\u00e7\u00e3o com a ajuda de nossas solu\u00e7\u00f5es de aspira\u00e7\u00e3o, como o\u00a0<a href=\"https:\/\/www.standard-industrie.com\/produits\/gad\/\"><strong>GAD<\/strong><\/a>,\u00a0<a href=\"https:\/\/www.standard-industrie.com\/produits\/valnet\/\"><strong>VALNET<\/strong><\/a>\u00a0ou\u00a0<a href=\"https:\/\/www.standard-industrie.com\/produits\/cam\/\"><strong>CAMINH\u00c3O<\/strong><\/a>.<\/p>\n<p><strong>\u00a0<\/strong><\/p>\n<p><b>Vantagens de nosso servi\u00e7o de aspira\u00e7\u00e3o industrial<\/b><\/p>\n<ul>\n<li>Revaloriza\u00e7\u00e3o dos produtos limpos<\/li>\n<li>Evacua\u00e7\u00e3o em descarga, big-bag, coloca\u00e7\u00e3o em silos\u2026<\/li>\n<\/ul>\n<\/div>\n<\/div>\n<p>[\/vc_column_text][vc_btn title=&#8221;Baixar o folheto&#8221; style=&#8221;custom&#8221; custom_background=&#8221;#3e5d9e&#8221; custom_text=&#8221;#ffffff&#8221; shape=&#8221;square&#8221; align=&#8221;left&#8221; i_icon_fontawesome=&#8221;fas fa-file-pdf&#8221; add_icon=&#8221;true&#8221; link=&#8221;url:https%3A%2F%2Fwww.standard-industrie.com%2Fwp-content%2Fuploads%2F2022%2F12%2FBROCHURE_VACUUM_E-16052022.pdf|target:_blank&#8221; el_class=&#8221;btn-vert btn-animation&#8221;][\/vc_column][vc_column width=&#8221;1\/2&#8243;][vc_single_image image=&#8221;5072&#8243; img_size=&#8221;full&#8221; alignment=&#8221;center&#8221;][vc_empty_space][\/vc_column][\/vc_row][vc_row el_class=&#8221;invert-block&#8221;][vc_column width=&#8221;1\/6&#8243;][\/vc_column][vc_column width=&#8221;2\/3&#8243;][vc_raw_html]JTNDZGl2JTIwc3R5bGUlM0QlMjJ0ZXh0LWFsaWduJTNBJTIwY2VudGVyJTNCJTIyJTIwY2xhc3MlM0QlMjJ5b3V0dWJlX3BsYXllciUyMiUyMHZpZGVvSUQlM0QlMjJwWUxIWV9BbmJ0VSUyMiUyMHdpZHRoJTNEJTIyNjAwJTIyJTIwaGVpZ2h0JTNEJTIyNDAwJTIyJTIwdGhlbWUlM0QlMjJsaWdodCUyMiUyMHJlbCUzRCUyMjAlMjIlMjBjb250cm9scyUzRCUyMjAlMjIlMjBzaG93aW5mbyUzRCUyMjAlMjIlMjBhdXRvcGxheSUzRCUyMjElMjIlMjBtdXRlJTNEJTIyMSUyMiUyMCUyMGxvb3AlM0QlMjIxJTIyJTIwbG9hZGluZyUzRCUyMjElMjIlM0UlM0MlMkZkaXYlM0U=[\/vc_raw_html][\/vc_column][vc_column width=&#8221;1\/6&#8243;][\/vc_column][\/vc_row][vc_row][vc_column][vc_tta_tabs style=&#8221;flat&#8221; shape=&#8221;square&#8221; color=&#8221;white&#8221; active_section=&#8221;1&#8243; el_class=&#8221;encart-plus-infos infos-rouge&#8221;][vc_tta_section title=&#8221;BENEF\u00cdCIOS&#8221; tab_id=&#8221;1663937971177-be64cebd-0221&#8243;][vc_row_inner][vc_column_inner width=&#8221;1\/2&#8243;][vc_column_text]<\/p>\n<ul>\n<li><strong>RENTABILIDADE :\u00a0<\/strong>Sem perda de produto\/Revaloriza\u00e7\u00e3o do material recuperado no processo de fabrica\u00e7\u00e3o<\/li>\n<\/ul>\n<p>[\/vc_column_text][\/vc_column_inner][vc_column_inner width=&#8221;1\/2&#8243;][\/vc_column_inner][\/vc_row_inner][\/vc_tta_section][vc_tta_section title=&#8221;SERVI\u00c7OS RELACIONADOS&#8221; tab_id=&#8221;1663938142981-6b5d81f0-143c&#8221;][vc_row_inner][vc_column_inner width=&#8221;1\/2&#8243;][vc_column_text]<\/p>\n<ul>\n<li>Inspe\u00e7\u00f5es e recomenda\u00e7\u00f5es t\u00e9cnicas (dimensionamento e instala\u00e7\u00e3o)<\/li>\n<li>Fornecimento do plano de instala\u00e7\u00e3o<\/li>\n<li>Possibilidade de montagem, supervis\u00e3o e coloca\u00e7\u00e3o em funcionamento feitas por n\u00f3s<\/li>\n<li>Garantia at\u00e9 3 anos<\/li>\n<li>Forma\u00e7\u00e3o interna e externa (Instituto de Forma\u00e7\u00e3o STANDARD INDUSTRIA: IFSI \u2013 N\u00b0 31 59 05660 59)<\/li>\n<li>SPV e contrato de manuten\u00e7\u00e3o:<\/li>\n<li>Acompanhamentos Regulamentares<\/li>\n<\/ul>\n<p>[\/vc_column_text][\/vc_column_inner][vc_column_inner width=&#8221;1\/2&#8243;][\/vc_column_inner][\/vc_row_inner][\/vc_tta_section][vc_tta_section title=&#8221;Options \/ Accessoires&#8221; tab_id=&#8221;1663938171381-dcb55700-be8e&#8221;][vc_row_inner][vc_column_inner width=&#8221;1\/6&#8243; offset=&#8221;vc_hidden-md vc_hidden-sm vc_hidden-xs&#8221;][\/vc_column_inner][vc_column_inner offset=&#8221;vc_col-lg-8&#8243;][vc_column_text]<\/p>\n<p style=\"text-align: center;\"><a title=\"Formulaire de contact\" href=\"https:\/\/www.standard-industrie.com\/pt\/contact-standard-industrie\/\" target=\"_blank\" rel=\"noopener\"><span class=\"fort\">Pour plus d\u2019informations, nous consulter<\/span><\/a><\/p>\n<p>[\/vc_column_text][\/vc_column_inner][vc_column_inner width=&#8221;1\/6&#8243; offset=&#8221;vc_hidden-md vc_hidden-sm vc_hidden-xs&#8221;][\/vc_column_inner][\/vc_row_inner][\/vc_tta_section][\/vc_tta_tabs][\/vc_column][\/vc_row][vc_row][vc_column][vc_column_text el_class=&#8221;gros-titre fort trait-rouge traits-gris-droite-gauche titre-gauche vc_sep_border_width_2 vc_separator wpb_content_element vc_separator_align_left vc_sep_width_100 vc_sep_pos_align_center vc_sep_color_grey vc_separator-has-text&#8221;]<\/p>\n<div class=\"vc_sep_holder vc_sep_holder_l\">\n<p class=\"vc_sep_line\" style=\"border-color: grey;\">\n<\/div>\n<h2>ESTUDOS DE CASO<\/h2>\n<div class=\"vc_sep_holder vc_sep_holder_r\">\n<p class=\"vc_sep_line\" style=\"border-color: grey;\">\n<\/div>\n<p>[\/vc_column_text][vc_basic_grid post_type=&#8221;estojo-de-utilizacao&#8221; max_items=&#8221;10&#8243; show_filter=&#8221;yes&#8221; item=&#8221;4303&#8243; grid_id=&#8221;vc_gid:1762348666779-0fc180fde5981200b6dd8a9aed96c98c-1&#8243; taxonomies=&#8221;142&#8243; filter_source=&#8221;secteur&#8221;][\/vc_column][\/vc_row][vc_row][vc_column][vc_column_text el_class=&#8221;btn-retour txt-rouge&#8221;]<\/p>\n<div class=\"vc_sep_holder vc_sep_holder_l\">\n<p class=\"vc_sep_line\" style=\"border-color: grey;\"><a href=\"\/pt\/prestacoes-de-servicos-de-limpeza-de-silos-e-tremonhas\/\">&lt; Pr\u00e9-requisitos de limpeza de silos e tremores<\/a><\/p>\n<\/div>\n<p>[\/vc_column_text][\/vc_column][\/vc_row]<\/p>\n","protected":false},"excerpt":{"rendered":"<p>[vc_row][vc_column css=&#8221;.vc_custom_1668767480700{margin-top: 10px !important;}&#8221;][vc_column_text el_class=&#8221;btn-retour txt-rouge&#8221;] &lt; Pr\u00e9-requisitos de limpeza de silos e tremores [\/vc_column_text][\/vc_column][\/vc_row][vc_row][vc_column][vc_empty_space][vc_column_text el_class=&#8221;gros-titre fort trait-rouge traits-gris-droite-gauche titre-centre vc_separator wpb_content_element vc_separator_align_center vc_sep_width_100 vc_sep_border_width_2 vc_sep_pos_align_center<span class=\"excerpt-hellip\"> [\u2026]<\/span><\/p>\n","protected":false},"author":1,"featured_media":0,"parent":0,"menu_order":25,"comment_status":"closed","ping_status":"closed","template":"single-prestations-nettoyage-silos-tremies-light.php","meta":{"footnotes":""},"class_list":["post-5071","page","type-page","status-publish","hentry"],"_links":{"self":[{"href":"https:\/\/www.standard-industrie.com\/pt\/wp-json\/wp\/v2\/pages\/5071","targetHints":{"allow":["GET"]}}],"collection":[{"href":"https:\/\/www.standard-industrie.com\/pt\/wp-json\/wp\/v2\/pages"}],"about":[{"href":"https:\/\/www.standard-industrie.com\/pt\/wp-json\/wp\/v2\/types\/page"}],"author":[{"embeddable":true,"href":"https:\/\/www.standard-industrie.com\/pt\/wp-json\/wp\/v2\/users\/1"}],"replies":[{"embeddable":true,"href":"https:\/\/www.standard-industrie.com\/pt\/wp-json\/wp\/v2\/comments?post=5071"}],"version-history":[{"count":0,"href":"https:\/\/www.standard-industrie.com\/pt\/wp-json\/wp\/v2\/pages\/5071\/revisions"}],"wp:attachment":[{"href":"https:\/\/www.standard-industrie.com\/pt\/wp-json\/wp\/v2\/media?parent=5071"}],"curies":[{"name":"wp","href":"https:\/\/api.w.org\/{rel}","templated":true}]}}