{"id":5724,"date":"2022-12-12T16:00:07","date_gmt":"2022-12-12T15:00:07","guid":{"rendered":"https:\/\/www.standard-industrie.com\/pt\/?page_id=5724"},"modified":"2024-02-08T09:47:23","modified_gmt":"2024-02-08T08:47:23","slug":"estudos-de-caso","status":"publish","type":"page","link":"https:\/\/www.standard-industrie.com\/pt\/estudos-de-caso\/","title":{"rendered":"Estudos de caso"},"content":{"rendered":"<p>[vc_row][vc_column][vc_empty_space][\/vc_column][\/vc_row][vc_row][vc_column width=&#8221;1\/4&#8243;][\/vc_column][vc_column width=&#8221;1\/2&#8243;][vc_column_text]<\/p>\n<p style=\"text-align: center;\"><span lang=\"IT\">Nesta p\u00e1gina encontrar\u00e1 as nossas refer\u00eancias com muitos casos concretos de utiliza\u00e7\u00e3o das nossas solu\u00e7\u00f5es. Todos estes clientes beneficiaram de um estudo t\u00e9cnico no local e est\u00e3o satisfeitos com as recomenda\u00e7\u00f5es dos nossos peritos.<\/span><\/p>\n<p>[\/vc_column_text][\/vc_column][vc_column width=&#8221;1\/4&#8243;][\/vc_column][\/vc_row][vc_row el_class=&#8221;invert-block&#8221;][vc_column el_class=&#8221;partie-txt rouge&#8221;][vc_basic_grid post_type=&#8221;estojo-de-utilizacao&#8221; max_items=&#8221;200&#8243; show_filter=&#8221;yes&#8221; element_width=&#8221;3&#8243; orderby=&#8221;title&#8221; order=&#8221;ASC&#8221; filter_style=&#8221;dropdown&#8221; filter_size=&#8221;sm&#8221; item=&#8221;5726&#8243; grid_id=&#8221;vc_gid:1707382032274-4583ecfa-6a78-3&#8243; filter_source=&#8221;secteur&#8221;][\/vc_column][\/vc_row][vc_row][vc_column][vc_btn title=&#8221;Contacte-nos&#8221; style=&#8221;flat&#8221; shape=&#8221;square&#8221; color=&#8221;black&#8221; align=&#8221;center&#8221; link=&#8221;url:%2Fpt%2Fcontacto%2F|title:Contact%20Standard%20industrie&#8221;][\/vc_column][\/vc_row]<\/p>\n","protected":false},"excerpt":{"rendered":"<p>[vc_row][vc_column][vc_empty_space][\/vc_column][\/vc_row][vc_row][vc_column width=&#8221;1\/4&#8243;][\/vc_column][vc_column width=&#8221;1\/2&#8243;][vc_column_text] Nesta p\u00e1gina encontrar\u00e1 as nossas refer\u00eancias com muitos casos concretos de utiliza\u00e7\u00e3o das nossas solu\u00e7\u00f5es. Todos estes clientes beneficiaram de um estudo t\u00e9cnico<span class=\"excerpt-hellip\"> [\u2026]<\/span><\/p>\n","protected":false},"author":1,"featured_media":0,"parent":0,"menu_order":23,"comment_status":"closed","ping_status":"closed","template":"single-standard.php","meta":{"footnotes":""},"class_list":["post-5724","page","type-page","status-publish","hentry"],"_links":{"self":[{"href":"https:\/\/www.standard-industrie.com\/pt\/wp-json\/wp\/v2\/pages\/5724","targetHints":{"allow":["GET"]}}],"collection":[{"href":"https:\/\/www.standard-industrie.com\/pt\/wp-json\/wp\/v2\/pages"}],"about":[{"href":"https:\/\/www.standard-industrie.com\/pt\/wp-json\/wp\/v2\/types\/page"}],"author":[{"embeddable":true,"href":"https:\/\/www.standard-industrie.com\/pt\/wp-json\/wp\/v2\/users\/1"}],"replies":[{"embeddable":true,"href":"https:\/\/www.standard-industrie.com\/pt\/wp-json\/wp\/v2\/comments?post=5724"}],"version-history":[{"count":0,"href":"https:\/\/www.standard-industrie.com\/pt\/wp-json\/wp\/v2\/pages\/5724\/revisions"}],"wp:attachment":[{"href":"https:\/\/www.standard-industrie.com\/pt\/wp-json\/wp\/v2\/media?parent=5724"}],"curies":[{"name":"wp","href":"https:\/\/api.w.org\/{rel}","templated":true}]}}