{"id":6243,"date":"2023-02-15T12:04:32","date_gmt":"2023-02-15T11:04:32","guid":{"rendered":"https:\/\/www.standard-industrie.com\/pt\/?page_id=6243"},"modified":"2025-06-05T10:26:39","modified_gmt":"2025-06-05T09:26:39","slug":"fabrico-de-gesso","status":"publish","type":"page","link":"https:\/\/www.standard-industrie.com\/pt\/fabrico-de-gesso\/","title":{"rendered":"Fabrico de gesso"},"content":{"rendered":"<p>[vc_row][vc_column][vc_empty_space][vc_column_text el_class=&#8221;gros-titre fort trait-bleu traits-gris-droite-gauche titre-centre vc_separator wpb_content_element vc_separator_align_center vc_sep_width_100 vc_sep_border_width_2 vc_sep_pos_align_center vc_separator-has-text&#8221;]<\/p>\n<div class=\"vc_sep_holder vc_sep_holder_l\">\n<p class=\"vc_sep_line\" style=\"border-color: grey;\">\n<\/div>\n<h2 style=\"text-align: center;\">Presta\u00e7\u00e3o de servi\u00e7os de limpeza de silos e tremonha<\/h2>\n<div class=\"vc_sep_holder vc_sep_holder_r\">\n<p class=\"vc_sep_line\" style=\"border-color: grey;\">\n<\/div>\n<p>[\/vc_column_text][\/vc_column][\/vc_row][vc_row el_class=&#8221;invert-block&#8221;][vc_column width=&#8221;1\/2&#8243;][vc_column_text]Materiais tratados : Anidrita, gesso,<\/p>\n<p>Solu\u00e7\u00e3o proposta:<\/p>\n<p>O bra\u00e7o articulado da <a href=\"\/pt\/gironet\/\"><strong>GIRONET<\/strong><\/a> que roda 360\u00b0 elimina os problemas de obstru\u00e7\u00f5es ou de forma\u00e7\u00e3o de crostas de gesso.Esta solu\u00e7\u00e3o cumpre as normas de seguran\u00e7a mais rigorosas:\u00a0 Evita qualquer presen\u00e7a humana no interior dos silos.A interven\u00e7\u00e3o do <a href=\"\/pt\/gironet\/\">GIRONET<\/a> permite aumentar a capacidade de armazenamento.O GIRONET \u00e9 eficaz em obstru\u00e7\u00f5es de gesso. Pode ser utilizado sem parar a produ\u00e7\u00e3o.Recupera\u00e7\u00e3o poss\u00edvel do material extra\u00eddo.[\/vc_column_text][vc_column_text]<span class=\"fort\">Refer\u00eancia do cliente:<\/span><\/p>\n<p><u>PLACOPLATRE<\/u> (Fran\u00e7a)<br \/>\nUma infiltra\u00e7\u00e3o de \u00e1gua provocou o aparecimento de uma crosta nas paredes do silo de armazenamento de gesso. A limpeza do silo com o GIRONET pneum\u00e1tico permitiu eliminar a crosta nas paredes e recuperar a capacidade de armazenamento.[\/vc_column_text][\/vc_column][vc_column css_animation=&#8221;slideInRight&#8221; width=&#8221;1\/2&#8243;][vc_single_image image=&#8221;6015&#8243; img_size=&#8221;full&#8221; alignment=&#8221;center&#8221;][\/vc_column][\/vc_row][vc_row][vc_column][vc_btn title=&#8221;Contacto-nos&#8221; style=&#8221;flat&#8221; shape=&#8221;square&#8221; color=&#8221;black&#8221; align=&#8221;center&#8221; link=&#8221;url:%2Fpt%2Fcontacto%2F|title:Contact%20Standard%20industrie&#8221;][\/vc_column][\/vc_row][vc_row][vc_column][vc_empty_space][vc_column_text el_class=&#8221;gros-titre fort trait-bleu traits-gris-droite-gauche titre-centre vc_separator wpb_content_element vc_separator_align_center vc_sep_width_100 vc_sep_border_width_2 vc_sep_pos_align_center vc_separator-has-text&#8221;]<\/p>\n<div class=\"vc_sep_holder vc_sep_holder_l\">\n<p class=\"vc_sep_line\" style=\"border-color: grey;\">\n<\/div>\n<h2 style=\"text-align: center;\">Desobstru\u00e7\u00e3o por canh\u00e3o de ar airchoc<\/h2>\n<div class=\"vc_sep_holder vc_sep_holder_r\">\n<p class=\"vc_sep_line\" style=\"border-color: grey;\">\n<\/div>\n<p>[\/vc_column_text][\/vc_column][\/vc_row][vc_row el_class=&#8221;invert-block&#8221;][vc_column css_animation=&#8221;slideInLeft&#8221; width=&#8221;1\/2&#8243;][vc_single_image image=&#8221;6014&#8243; img_size=&#8221;full&#8221; alignment=&#8221;center&#8221;][\/vc_column][vc_column width=&#8221;1\/2&#8243;][vc_column_text]Solu\u00e7\u00e3o proposta:<\/p>\n<p>A <b>instala\u00e7\u00e3o de <a href=\"\/pt\/airchoc-wireless\/\">canh\u00f5es de ar AIRCHOC<\/a><\/b> em diferentes pontos estrat\u00e9gicos, ou seja, nas instala\u00e7\u00f5es no in\u00edcio do processo, onde o gesso ainda est\u00e1 no estado em p\u00f3, permite solucionar os problemas de escoamento, bem como uma extra\u00e7\u00e3o muito mais fluida do produto.[\/vc_column_text][vc_column_text]<span class=\"fort\">Refer\u00eancia do cliente:<\/span><\/p>\n<p><u>KNAUF<\/u> (Fran\u00e7a)<\/p>\n<p>O gesso que se encontra nos <b>silos e calhas<\/b> torna-se mais pegajoso e, portanto, mais aderente, dificultando a sua extra\u00e7\u00e3o. \u00c9 por isso que a empresa KNAUF optou pelo desempenho dos disparos de <a href=\"\/pt\/airchoc-wireless\/\">AIRCHOCS<\/a> colocados nas suas instala\u00e7\u00f5es. Foram instalados 3 tipos de canh\u00f5es de ar em fun\u00e7\u00e3o do conte\u00fado e da frequ\u00eancia de disparos necess\u00e1ria.[\/vc_column_text][\/vc_column][\/vc_row][vc_row][vc_column][vc_empty_space][vc_column_text el_class=&#8221;gros-titre fort trait-bleu traits-gris-droite-gauche titre-centre vc_separator wpb_content_element vc_separator_align_center vc_sep_width_100 vc_sep_border_width_2 vc_sep_pos_align_center vc_separator-has-text&#8221;]<\/p>\n<div class=\"vc_sep_holder vc_sep_holder_l\">\n<p class=\"vc_sep_line\" style=\"border-color: grey;\">\n<\/div>\n<h2 style=\"text-align: center;\">Apira\u00e7\u00e3o de poieras de gesso<\/h2>\n<div class=\"vc_sep_holder vc_sep_holder_r\">\n<p class=\"vc_sep_line\" style=\"border-color: grey;\">\n<\/div>\n<p>[\/vc_column_text][\/vc_column][\/vc_row][vc_row el_class=&#8221;invert-block&#8221;][vc_column width=&#8221;1\/2&#8243;][vc_column_text]Solu\u00e7\u00e3o proposta:<\/p>\n<p>O Grupo de Aspira\u00e7\u00e3o M\u00f3vel, ligado \u00e0 rede de aspira\u00e7\u00e3o da f\u00e1brica, permite alcan\u00e7ar todos os locais de dif\u00edcil acesso com uma velocidade de a\u00e7\u00e3o r\u00e1pida<\/p>\n<p>+ M\u00faltiplas possibilidades de esvaziamento gra\u00e7as a: recipiente, big-bag, barris, carrinhos, manuten\u00e7\u00e3o cont\u00ednua[\/vc_column_text][vc_column_text]<span class=\"&quot;fort\">Refer\u00eancia e contacto do cliente:<\/span><\/p>\n<p><u>BPB<\/u> (Reino Unido)<\/p>\n<p>A instala\u00e7\u00e3o nas zonas de produ\u00e7\u00e3o de um <a href=\"\/pt\/gad\/\"><b>GAD com caixa de isolamento<\/b><\/a> ac\u00fastico de elevado desempenho permite<a href=\"\/pt\/gad\/\"><b> reduzir a acumula\u00e7\u00e3o<\/b><\/a> de p\u00f3 e o n\u00edvel de ru\u00eddo abaixo de 81 dB.<\/p>\n<p>RIGIPS (Alemanha)<\/p>\n<p>Ap\u00f3s uma demonstra\u00e7\u00e3o do GAD50MVS, o cliente decidiu adquirir este material em segunda m\u00e3o para reduzir o seu investimento. Instalado na sua rede de aspira\u00e7\u00e3o existente, o GAD permite uma limpeza regular para garantir a seguran\u00e7a dos operadores. A m\u00e1quina est\u00e1 ligada a um pr\u00e9-separador. O material \u00e9 recuperado em big-bag.<\/p>\n<p>SINIAT (Fran\u00e7a)<\/p>\n<p>Para a <b>limpeza de toda a sua f\u00e1brica<\/b>, este cliente optou por um GAD alto vazio dada a dist\u00e2ncia das muitas curvas e a natureza dos produtos. Foi adicionada insonoriza\u00e7\u00e3o \u00e0 m\u00e1quina porque a f\u00e1brica fica perto de habita\u00e7\u00f5es. O cliente est\u00e1 satisfeito com os desempenhos e o n\u00edvel sonoro do GAD.[\/vc_column_text][\/vc_column][vc_column css_animation=&#8221;slideInRight&#8221; width=&#8221;1\/2&#8243;][vc_single_image image=&#8221;6013&#8243; img_size=&#8221;full&#8221; alignment=&#8221;center&#8221;][\/vc_column][\/vc_row][vc_row][vc_column][vc_btn title=&#8221;Contacte-nos&#8221; style=&#8221;flat&#8221; shape=&#8221;square&#8221; color=&#8221;black&#8221; align=&#8221;center&#8221; link=&#8221;url:%2Fpt%2Fcontacto%2F|title:Contact%20Standard%20industrie&#8221;][\/vc_column][\/vc_row][vc_row][vc_column][vc_empty_space][vc_column_text el_class=&#8221;gros-titre fort trait-bleu traits-gris-droite-gauche titre-centre vc_separator wpb_content_element vc_separator_align_center vc_sep_width_100 vc_sep_border_width_2 vc_sep_pos_align_center vc_separator-has-text&#8221;]<\/p>\n<div class=\"vc_sep_holder vc_sep_holder_l\">\n<p class=\"vc_sep_line\" style=\"border-color: grey;\">\n<\/div>\n<h2 style=\"text-align: center;\">Verda\u00e7\u00e3o de esteira de transporte de mat\u00e9rias-primas<\/h2>\n<div class=\"vc_sep_holder vc_sep_holder_r\">\n<p class=\"vc_sep_line\" style=\"border-color: grey;\">\n<\/div>\n<p>[\/vc_column_text][\/vc_column][\/vc_row][vc_row el_class=&#8221;invert-block&#8221;][vc_column css_animation=&#8221;slideInLeft&#8221;][vc_column_text]As m\u00e1s condi\u00e7\u00f5es climat\u00e9ricas podem provocar subidas de material a partir do transportador situado \u00e0 sa\u00edda da mina.<\/p>\n<p>Solu\u00e7\u00e3o proposta:<\/p>\n<p>O <a href=\"\/pt\/liftube\/\">LIFTUBE<\/a> colocado no transportador permite garantir a veda\u00e7\u00e3o e, desta forma, evitar que o produto seja esmagado entre a parede e a correia. O LIFTUBE impede a acumula\u00e7\u00e3o de material, podendo, a longo prazo, provocar um desvio da correia.<\/p>\n<p class=\"fort\">Poupan\u00e7a:<\/p>\n<ul>\n<li>Diminuir os custos &amp; a dura\u00e7\u00e3o da limpeza.<\/li>\n<li>Otimizar a extra\u00e7\u00e3o de anidrido ou de gesso.<\/li>\n<\/ul>\n<p class=\"fort\">Seguran\u00e7a:<\/p>\n<ul>\n<li>Garantir a limpeza das instala\u00e7\u00f5es e, assim, a seguran\u00e7a dos operadores.<\/li>\n<\/ul>\n<p class=\"fort\">Ambiente:<\/p>\n<ul>\n<li>Garantir a extra\u00e7\u00e3o sem produzir emiss\u00f5es de poeiras, nefastas para o ambiente.<\/li>\n<\/ul>\n<p>[\/vc_column_text][vc_column_text]<span class=\"fort\">Refer\u00eancia do cliente:<\/span><\/p>\n<p><u>KNAUF<\/u> (Alemanha)<\/p>\n<p>A instala\u00e7\u00e3o do LIFTUBE\u00ae na KNAUF Wilandsheim permitiu reduzir a dura\u00e7\u00e3o da limpeza 90 %. Deste modo, as instala\u00e7\u00f5es est\u00e3o limpas e o cliente j\u00e1 n\u00e3o tem de contratar uma empresa de limpeza. Al\u00e9m disso, as perdas de material e a contamina\u00e7\u00e3o do ambiente diminu\u00edram bastante.<\/p>\n<p><span class=\"fort\"><u>Os nossos clientes: <\/u><\/span>SAINT GOBAIN, KNAUF, SINIAT, OMYA, IMERYS, PAREXGROUP, PLACOPLATRE[\/vc_column_text][\/vc_column][\/vc_row][vc_row][vc_column][vc_images_carousel images=&#8221;6018,6019,6020,6021,6022,6023,6024&#8243; img_size=&#8221;full&#8221; speed=&#8221;2000&#8243; slides_per_view=&#8221;3&#8243; autoplay=&#8221;yes&#8221; hide_pagination_control=&#8221;yes&#8221;][\/vc_column][\/vc_row]<\/p>\n","protected":false},"excerpt":{"rendered":"<p>[vc_row][vc_column][vc_empty_space][vc_column_text el_class=&#8221;gros-titre fort trait-bleu traits-gris-droite-gauche titre-centre vc_separator wpb_content_element vc_separator_align_center vc_sep_width_100 vc_sep_border_width_2 vc_sep_pos_align_center vc_separator-has-text&#8221;] Presta\u00e7\u00e3o de servi\u00e7os de limpeza de silos e tremonha [\/vc_column_text][\/vc_column][\/vc_row][vc_row el_class=&#8221;invert-block&#8221;][vc_column width=&#8221;1\/2&#8243;][vc_column_text]Materiais tratados<span class=\"excerpt-hellip\"> [\u2026]<\/span><\/p>\n","protected":false},"author":1,"featured_media":0,"parent":0,"menu_order":0,"comment_status":"closed","ping_status":"closed","template":"","meta":{"footnotes":""},"class_list":["post-6243","page","type-page","status-publish","hentry"],"_links":{"self":[{"href":"https:\/\/www.standard-industrie.com\/pt\/wp-json\/wp\/v2\/pages\/6243","targetHints":{"allow":["GET"]}}],"collection":[{"href":"https:\/\/www.standard-industrie.com\/pt\/wp-json\/wp\/v2\/pages"}],"about":[{"href":"https:\/\/www.standard-industrie.com\/pt\/wp-json\/wp\/v2\/types\/page"}],"author":[{"embeddable":true,"href":"https:\/\/www.standard-industrie.com\/pt\/wp-json\/wp\/v2\/users\/1"}],"replies":[{"embeddable":true,"href":"https:\/\/www.standard-industrie.com\/pt\/wp-json\/wp\/v2\/comments?post=6243"}],"version-history":[{"count":0,"href":"https:\/\/www.standard-industrie.com\/pt\/wp-json\/wp\/v2\/pages\/6243\/revisions"}],"wp:attachment":[{"href":"https:\/\/www.standard-industrie.com\/pt\/wp-json\/wp\/v2\/media?parent=6243"}],"curies":[{"name":"wp","href":"https:\/\/api.w.org\/{rel}","templated":true}]}}