{"id":6355,"date":"2023-05-05T11:34:20","date_gmt":"2023-05-05T10:34:20","guid":{"rendered":"https:\/\/www.standard-industrie.com\/pt\/?page_id=6355"},"modified":"2025-06-05T10:27:07","modified_gmt":"2025-06-05T09:27:07","slug":"solucao-de-aspiracao-e-limpeza-para-a-industria-da-madeira","status":"publish","type":"page","link":"https:\/\/www.standard-industrie.com\/pt\/solucao-de-aspiracao-e-limpeza-para-a-industria-da-madeira\/","title":{"rendered":"Solu\u00e7\u00e3o de aspira\u00e7\u00e3o e limpeza para a ind\u00fastria da madeira"},"content":{"rendered":"<p>[vc_row][vc_column][vc_empty_space][vc_column_text el_class=&#8221;gros-titre fort trait-bleu traits-gris-droite-gauche titre-centre vc_separator wpb_content_element vc_separator_align_center vc_sep_width_100 vc_sep_border_width_2 vc_sep_pos_align_center vc_separator-has-text&#8221;]<\/p>\n<div class=\"vc_sep_holder vc_sep_holder_l\">\n<p class=\"vc_sep_line\" style=\"border-color: grey;\">\n<\/div>\n<h2 style=\"text-align: center;\">Solu\u00e7\u00e3o de desobstru\u00e7\u00e3o para a ind\u00fastria da madeira<\/h2>\n<div class=\"vc_sep_holder vc_sep_holder_r\">\n<p class=\"vc_sep_line\" style=\"border-color: grey;\">\n<\/div>\n<p>[\/vc_column_text][\/vc_column][\/vc_row][vc_row el_class=&#8221;invert-block&#8221;][vc_column width=&#8221;1\/2&#8243;][vc_column_text]Os nossos equipamentos de manuten\u00e7\u00e3o para serra\u00e7\u00f5es, marcenarias, f\u00e1bricas de biomassa, fabricantes de celulose, papel e cart\u00e3o, etc. permitiram aos nossos clientes da ind\u00fastria da madeira melhorar as suas condi\u00e7\u00f5es de funcionamento e obter ganhos de produtividade.<\/p>\n<p>A Standard Industrie prop\u00f5e-lhe solu\u00e7\u00f5es de limpeza com Canh\u00e3o de ar AIRCHOC para :<\/p>\n<ul>\n<li><b>Evitar o entupimento de silos<\/b>, tremonhas, dep\u00f3sitos de serradura, aparas de madeira, eucalipto, azeitona, celulose, pellets, briquetes, pellets, cinzas de madeira, biocombust\u00edveis comprimidos, etc.<\/li>\n<li><b>Eliminar os res\u00edduos de material nas tremonhas ou condutas<\/b> (caldeira de biomassa para o sector energ\u00e9tico da madeira). Por exemplo: elimina\u00e7\u00e3o das ab\u00f3badas formadas nas calhas de alimenta\u00e7\u00e3o da caldeira de biomassa. <a href=\"https:\/\/www.standard-industrie.com\/pt\/airchoc-wireless\/\" target=\"_blank\" rel=\"noopener\">O sistema de canh\u00e3o de ar<\/a> evita a forma\u00e7\u00e3o de dep\u00f3sitos na tremonha que cont\u00e9m o material vegetal que alimenta a caldeira e ajuda a manter limpos os feixes do economizador.<\/li>\n<li>Partes do circuito fechado: limpeza, varrimento de cinzas dos feixes nos economizadores e no arrefecedor.<\/li>\n<\/ul>\n<p>[\/vc_column_text][\/vc_column][vc_column css_animation=&#8221;slideInRight&#8221; width=&#8221;1\/2&#8243;][vc_single_image image=&#8221;6364&#8243; img_size=&#8221;full&#8221; alignment=&#8221;center&#8221;][\/vc_column][\/vc_row][vc_row][vc_column][vc_btn title=&#8221;Contactar-nos&#8221; style=&#8221;flat&#8221; shape=&#8221;square&#8221; color=&#8221;black&#8221; align=&#8221;center&#8221; link=&#8221;url:%2Fcontact%2F|title:Contact%20Standard%20industrie&#8221;][\/vc_column][\/vc_row][vc_row][vc_column][vc_empty_space][vc_column_text el_class=&#8221;gros-titre fort trait-bleu traits-gris-droite-gauche titre-centre vc_separator wpb_content_element vc_separator_align_center vc_sep_width_100 vc_sep_border_width_2 vc_sep_pos_align_center vc_separator-has-text&#8221;]<\/p>\n<div class=\"vc_sep_holder vc_sep_holder_l\">\n<p class=\"vc_sep_line\" style=\"border-color: grey;\">\n<\/div>\n<h2 style=\"text-align: center;\">Equipamos a sala de produ\u00e7\u00e3o com um sistema de aspira\u00e7\u00e3o industrial que permite :<\/h2>\n<div class=\"vc_sep_holder vc_sep_holder_r\">\n<p class=\"vc_sep_line\" style=\"border-color: grey;\">\n<\/div>\n<p>[\/vc_column_text][\/vc_column][\/vc_row][vc_row el_class=&#8221;invert-block&#8221;][vc_column css_animation=&#8221;slideInLeft&#8221; width=&#8221;1\/2&#8243;][vc_single_image image=&#8221;6365&#8243; img_size=&#8221;full&#8221; alignment=&#8221;center&#8221;][\/vc_column][vc_column width=&#8221;1\/2&#8243;][vc_column_text]<\/p>\n<ul>\n<li><b>Reduzir as emiss\u00f5es de p\u00f3 de madeira<\/b> e <b>limitar a forma\u00e7\u00e3o de camadas de p\u00f3 de madeira<\/b>.<\/li>\n<li><b>Reduzir o p\u00f3 de madeira sobre os equipamentos el\u00e9ctricos<\/b> para evitar qualquer risco de inc\u00eandio, a fim de respeitar as normas de seguro &#8211; Atex.<\/li>\n<li>Recuperar o material para o reintroduzir no circuito de produ\u00e7\u00e3o<\/li>\n<\/ul>\n<p>[\/vc_column_text][\/vc_column][\/vc_row][vc_row][vc_column][vc_empty_space][vc_column_text el_class=&#8221;gros-titre fort trait-bleu traits-gris-droite-gauche titre-centre vc_separator wpb_content_element vc_separator_align_center vc_sep_width_100 vc_sep_border_width_2 vc_sep_pos_align_center vc_separator-has-text&#8221;]<\/p>\n<div class=\"vc_sep_holder vc_sep_holder_l\"><\/div>\n<h2 style=\"text-align: center;\">O nosso sistema de cobertura de transportadores LIFTUBE\u00ae permite :<\/h2>\n<div class=\"vc_sep_holder vc_sep_holder_r\">\n<p class=\"vc_sep_line\" style=\"border-color: grey;\">\n<\/div>\n<p>[\/vc_column_text][\/vc_column][\/vc_row][vc_row el_class=&#8221;invert-block&#8221;][vc_column width=&#8221;1\/2&#8243;][vc_column_text]<\/p>\n<ul>\n<li>Reduzir a humidade optimizando os seus transportadores de correia que transportam pellets de madeira, serradura, pellets de madeira, etc.<\/li>\n<li><b>Limitar as emiss\u00f5es de poeiras de madeira<\/b><\/li>\n<li>Evitar os derrames e as perdas de material aquando do transporte de madeira por transportador.<\/li>\n<\/ul>\n<p>[\/vc_column_text][\/vc_column][vc_column css_animation=&#8221;slideInRight&#8221; width=&#8221;1\/2&#8243;][vc_single_image image=&#8221;6366&#8243; img_size=&#8221;full&#8221; alignment=&#8221;center&#8221;][\/vc_column][\/vc_row][vc_row][vc_column][vc_btn title=&#8221;Contactar-nos&#8221; style=&#8221;flat&#8221; shape=&#8221;square&#8221; color=&#8221;black&#8221; align=&#8221;center&#8221; link=&#8221;url:%2Fcontact%2F|title:Contact%20Standard%20industrie&#8221;][\/vc_column][\/vc_row]<\/p>\n","protected":false},"excerpt":{"rendered":"<p>[vc_row][vc_column][vc_empty_space][vc_column_text el_class=&#8221;gros-titre fort trait-bleu traits-gris-droite-gauche titre-centre vc_separator wpb_content_element vc_separator_align_center vc_sep_width_100 vc_sep_border_width_2 vc_sep_pos_align_center vc_separator-has-text&#8221;] Solu\u00e7\u00e3o de desobstru\u00e7\u00e3o para a ind\u00fastria da madeira [\/vc_column_text][\/vc_column][\/vc_row][vc_row el_class=&#8221;invert-block&#8221;][vc_column width=&#8221;1\/2&#8243;][vc_column_text]Os nossos equipamentos<span class=\"excerpt-hellip\"> [\u2026]<\/span><\/p>\n","protected":false},"author":1,"featured_media":0,"parent":0,"menu_order":0,"comment_status":"closed","ping_status":"closed","template":"","meta":{"footnotes":""},"class_list":["post-6355","page","type-page","status-publish","hentry"],"_links":{"self":[{"href":"https:\/\/www.standard-industrie.com\/pt\/wp-json\/wp\/v2\/pages\/6355","targetHints":{"allow":["GET"]}}],"collection":[{"href":"https:\/\/www.standard-industrie.com\/pt\/wp-json\/wp\/v2\/pages"}],"about":[{"href":"https:\/\/www.standard-industrie.com\/pt\/wp-json\/wp\/v2\/types\/page"}],"author":[{"embeddable":true,"href":"https:\/\/www.standard-industrie.com\/pt\/wp-json\/wp\/v2\/users\/1"}],"replies":[{"embeddable":true,"href":"https:\/\/www.standard-industrie.com\/pt\/wp-json\/wp\/v2\/comments?post=6355"}],"version-history":[{"count":0,"href":"https:\/\/www.standard-industrie.com\/pt\/wp-json\/wp\/v2\/pages\/6355\/revisions"}],"wp:attachment":[{"href":"https:\/\/www.standard-industrie.com\/pt\/wp-json\/wp\/v2\/media?parent=6355"}],"curies":[{"name":"wp","href":"https:\/\/api.w.org\/{rel}","templated":true}]}}