{"id":6403,"date":"2024-02-07T09:40:41","date_gmt":"2024-02-07T08:40:41","guid":{"rendered":"https:\/\/www.standard-industrie.com\/pt\/?page_id=6403"},"modified":"2025-06-05T10:27:27","modified_gmt":"2025-06-05T09:27:27","slug":"solucoes-limpeza-despoeiramento-para-industria-papel-cartao","status":"publish","type":"page","link":"https:\/\/www.standard-industrie.com\/pt\/solucoes-limpeza-despoeiramento-para-industria-papel-cartao\/","title":{"rendered":"Solu\u00e7\u00f5es de limpeza e despoeiramento para a ind\u00fastria do papel e do cart\u00e3o"},"content":{"rendered":"<p>[vc_row][vc_column][vc_empty_space][vc_column_text el_class=&#8221;gros-titre fort trait-bleu traits-gris-droite-gauche titre-centre vc_separator wpb_content_element vc_separator_align_center vc_sep_width_100 vc_sep_border_width_2 vc_sep_pos_align_center vc_separator-has-text&#8221;]<\/p>\n<div class=\"vc_sep_holder vc_sep_holder_l\">\n<p class=\"vc_sep_line\" style=\"border-color: grey;\">\n<\/div>\n<h2 style=\"text-align: center;\">Limpeza do economizador da caldeira para a ind\u00fastria do papel e do cart\u00e3o<\/h2>\n<div class=\"vc_sep_holder vc_sep_holder_r\">\n<p class=\"vc_sep_line\" style=\"border-color: grey;\">\n<\/div>\n<p>[\/vc_column_text][\/vc_column][\/vc_row][vc_row content_placement=&#8221;middle&#8221; el_class=&#8221;invert-block&#8221;][vc_column width=&#8221;1\/2&#8243;][vc_column_text]As caldeiras utilizadas na produ\u00e7\u00e3o de pasta de papel e de licor negro devem garantir uma elevada efici\u00eancia na produ\u00e7\u00e3o de vapor. \u00c9 por isso que a incrusta\u00e7\u00e3o dos economizadores da caldeira deve ser evitada. A solu\u00e7\u00e3o de limpeza com canh\u00e3o de ar <a href=\"\/pt\/canhao-de-ar-airchoc\/\">AIRCHOC<\/a> actua diretamente sobre os feixes de economizadores das caldeiras.[\/vc_column_text][\/vc_column][vc_column css_animation=&#8221;slideInRight&#8221; width=&#8221;1\/2&#8243;][vc_single_image image=&#8221;6404&#8243; img_size=&#8221;full&#8221; alignment=&#8221;center&#8221;][\/vc_column][\/vc_row][vc_row][vc_column][vc_btn title=&#8221;Contacte-nos&#8221; style=&#8221;flat&#8221; shape=&#8221;square&#8221; color=&#8221;black&#8221; align=&#8221;center&#8221; link=&#8221;url:%2Fpt%2Fcontacto%2F|title:Contact%20Standard%20industrie&#8221;][\/vc_column][\/vc_row][vc_row][vc_column][vc_empty_space][vc_column_text el_class=&#8221;gros-titre fort trait-bleu traits-gris-droite-gauche titre-centre vc_separator wpb_content_element vc_separator_align_center vc_sep_width_100 vc_sep_border_width_2 vc_sep_pos_align_center vc_separator-has-text&#8221;]<\/p>\n<div class=\"vc_sep_holder vc_sep_holder_l\">\n<p class=\"vc_sep_line\" style=\"border-color: grey;\">\n<\/div>\n<h2 style=\"text-align: center;\">Limpeza de f\u00e1bricas de pasta de papel<\/h2>\n<div class=\"vc_sep_holder vc_sep_holder_r\">\n<p class=\"vc_sep_line\" style=\"border-color: grey;\">\n<\/div>\n<p>[\/vc_column_text][\/vc_column][\/vc_row][vc_row content_placement=&#8221;middle&#8221; el_class=&#8221;invert-block&#8221;][vc_column css_animation=&#8221;slideInLeft&#8221; width=&#8221;1\/2&#8243;][vc_single_image image=&#8221;6405&#8243; img_size=&#8221;full&#8221; alignment=&#8221;center&#8221;][\/vc_column][vc_column width=&#8221;1\/2&#8243;][vc_column_text]A <b>produ\u00e7\u00e3o de papel e cart\u00e3o causa dep\u00f3sitos de p\u00f3 de celulose<\/b>.\u00a0 Isto requer uma limpeza regular, o que tem um impacto consider\u00e1vel nos custos operacionais.<\/p>\n<p>As solu\u00e7\u00f5es de aspira\u00e7\u00e3o industrial para as f\u00e1bricas de produ\u00e7\u00e3o de papel permitem aspirar o p\u00f3 gerado pela prepara\u00e7\u00e3o da mat\u00e9ria-prima. Uma <b>m\u00e1quina de aspira\u00e7\u00e3o<\/b> ligada em rede limita a polui\u00e7\u00e3o do ar interior e garante a seguran\u00e7a dos operadores, bem como a manuten\u00e7\u00e3o da produtividade da f\u00e1brica.[\/vc_column_text][\/vc_column][\/vc_row][vc_row][vc_column][vc_empty_space][vc_column_text el_class=&#8221;gros-titre fort trait-bleu traits-gris-droite-gauche titre-centre vc_separator wpb_content_element vc_separator_align_center vc_sep_width_100 vc_sep_border_width_2 vc_sep_pos_align_center vc_separator-has-text&#8221;]<\/p>\n<div class=\"vc_sep_holder vc_sep_holder_l\">\n<p class=\"vc_sep_line\" style=\"border-color: grey;\">\n<\/div>\n<h2 style=\"text-align: center;\">Veda\u00e7\u00e3o de transportadores de correia para a ind\u00fastria do papel e do cart\u00e3o<\/h2>\n<div class=\"vc_sep_holder vc_sep_holder_r\">\n<p class=\"vc_sep_line\" style=\"border-color: grey;\">\n<\/div>\n<p>[\/vc_column_text][\/vc_column][\/vc_row][vc_row content_placement=&#8221;middle&#8221; el_class=&#8221;invert-block&#8221;][vc_column width=&#8221;1\/2&#8243;][vc_column_text]Estes combust\u00edveis, muito finos e vol\u00e1teis, formam muita poeira no ambiente, se tornando perigoso para os operadores. Por conseguinte, \u00e9 necess\u00e1rio cobrir as correias que transportam os combust\u00edveis alternativos. A solu\u00e7\u00e3o <a href=\"\/pt\/liftube\/\">LIFTUBE<\/a> garante a estanquidade dos transportadores utilizados na produ\u00e7\u00e3o de papel e de cart\u00e3o: correias transportadoras de madeira, de res\u00edduos de papel, de combust\u00edveis alternativos e de biomassa, etc.[\/vc_column_text][\/vc_column][vc_column css_animation=&#8221;slideInRight&#8221; width=&#8221;1\/2&#8243;][vc_single_image image=&#8221;6406&#8243; img_size=&#8221;full&#8221; alignment=&#8221;center&#8221;][\/vc_column][\/vc_row][vc_row][vc_column][vc_btn title=&#8221;Contacte-nos&#8221; style=&#8221;flat&#8221; shape=&#8221;square&#8221; color=&#8221;black&#8221; align=&#8221;center&#8221; link=&#8221;url:%2Fpt%2Fcontacto%2F|title:Contact%20Standard%20industrie&#8221;][\/vc_column][\/vc_row]<\/p>\n","protected":false},"excerpt":{"rendered":"<p>[vc_row][vc_column][vc_empty_space][vc_column_text el_class=&#8221;gros-titre fort trait-bleu traits-gris-droite-gauche titre-centre vc_separator wpb_content_element vc_separator_align_center vc_sep_width_100 vc_sep_border_width_2 vc_sep_pos_align_center vc_separator-has-text&#8221;] Limpeza do economizador da caldeira para a ind\u00fastria do papel e do cart\u00e3o<span class=\"excerpt-hellip\"> [\u2026]<\/span><\/p>\n","protected":false},"author":1,"featured_media":0,"parent":0,"menu_order":0,"comment_status":"closed","ping_status":"closed","template":"","meta":{"footnotes":""},"class_list":["post-6403","page","type-page","status-publish","hentry"],"_links":{"self":[{"href":"https:\/\/www.standard-industrie.com\/pt\/wp-json\/wp\/v2\/pages\/6403","targetHints":{"allow":["GET"]}}],"collection":[{"href":"https:\/\/www.standard-industrie.com\/pt\/wp-json\/wp\/v2\/pages"}],"about":[{"href":"https:\/\/www.standard-industrie.com\/pt\/wp-json\/wp\/v2\/types\/page"}],"author":[{"embeddable":true,"href":"https:\/\/www.standard-industrie.com\/pt\/wp-json\/wp\/v2\/users\/1"}],"replies":[{"embeddable":true,"href":"https:\/\/www.standard-industrie.com\/pt\/wp-json\/wp\/v2\/comments?post=6403"}],"version-history":[{"count":0,"href":"https:\/\/www.standard-industrie.com\/pt\/wp-json\/wp\/v2\/pages\/6403\/revisions"}],"wp:attachment":[{"href":"https:\/\/www.standard-industrie.com\/pt\/wp-json\/wp\/v2\/media?parent=6403"}],"curies":[{"name":"wp","href":"https:\/\/api.w.org\/{rel}","templated":true}]}}