{"id":85,"date":"2014-05-20T10:58:02","date_gmt":"2014-05-20T09:58:02","guid":{"rendered":"https:\/\/www.standard-industrie.com\/pt\/?page_id=85"},"modified":"2023-02-23T16:11:04","modified_gmt":"2023-02-23T15:11:04","slug":"nossa-historia","status":"publish","type":"page","link":"https:\/\/www.standard-industrie.com\/pt\/nossa-historia\/","title":{"rendered":"NOSSA HIST\u00d3RIA"},"content":{"rendered":"<p>[vc_row][vc_column][vc_empty_space][vc_column_text el_class=&#8221;gros-titre fort traits-gris-droite-gauche titre-gauche vc_sep_border_width_2 vc_separator wpb_content_element vc_separator_align_left vc_sep_width_100 vc_sep_pos_align_center vc_sep_color_grey vc_separator-has-text&#8221;]<\/p>\n<div class=\"vc_sep_holder vc_sep_holder_l\">\n<p class=\"vc_sep_line\" style=\"border-color: grey;\">\n<\/div>\n<h2>UMA IDEIA AT\u00cdPICA: O PRINC\u00cdPIO DA DESCARGA DE \u00c1GUA<\/h2>\n<div class=\"vc_sep_holder vc_sep_holder_r\">\n<p class=\"vc_sep_line\" style=\"border-color: grey;\">\n<\/div>\n<p>[\/vc_column_text][\/vc_column][\/vc_row][vc_row el_class=&#8221;invert-block&#8221;][vc_column width=&#8221;1\/2&#8243;][vc_column_text]Em 1977, Herv\u00e9 Simo\u00ebns lidava com as limita\u00e7\u00f5es regulares da evacua\u00e7\u00e3o de materiais nas unidades de armazenamento de tipo silo ou tremonha. Na \u00e9poca, para resolver o problema, o painel infl\u00e1vel era a principal solu\u00e7\u00e3o. Era um princ\u00edpio eficaz, mas n\u00e3o se aplicava a todos os tipos de materiais. Al\u00e9m disso, acarretava custos consider\u00e1veis em termos de instala\u00e7\u00e3o e manuten\u00e7\u00e3o, assim como dificuldades de manuten\u00e7\u00e3o.<\/p>\n<p>&nbsp;<\/p>\n<p>A origem do canh\u00e3o de ar AIRCHOC\u00ae est\u00e1 baseada no princ\u00edpio da descarga de \u00e1gua. A ideia era desenvolver um mecanismo localizado fora de seu meio de interven\u00e7\u00e3o, no entanto a energia devia ser diferente. Na ind\u00fastria, o ar comprimido \u00e9 a energia menos prejudicial dispon\u00edvel em todos, ou quase todos, os lugares.[\/vc_column_text][vc_column_text]Durante v\u00e1rios meses, foram realizados testes e pesquisas basedos neste princ\u00edpio imaginando um sistema de abertura instant\u00e2nea. O conceito era promissor.<br \/>\nCom perseveran\u00e7a, Herv\u00e9 Simo\u00ebns registrou sua primeira patente do canh\u00e3o de ar AIRCHOC\u00ae em 1978 e criou a STANDARD INDUSTRIE International.<\/p>\n<p>&nbsp;<\/p>\n<p>Com sede no norte da Fran\u00e7a, primeiro, a empresa iniciou um processo de prospec\u00e7\u00e3o nesta regi\u00e3o. Os primeiros clientes a confiar nele foram:<\/p>\n<ul>\n<li>USINOR (atualmente ARCELOR)<\/li>\n<li>SURCHISTE, na sequ\u00eancia das Houill\u00e8res de Nord-Pas de Calais<\/li>\n<li>A empresa de cimento LAFARGE em Haubourdin<\/li>\n<li>VALRHONA<\/li>\n<\/ul>\n<p>Depressa estas refer\u00eancias geraram outros clientes provenientes de grupos ou setores semelhantes.<\/p>\n<p>Em 1981, a STANDARD INDUSTRIE International cruzou fronteiras. Controlando, at\u00e9 hoje, pedidos provenientes do pa\u00eds franc\u00eas, aplica seu know-how em proveito das empresas de cimento LAFARGE em MEQUINEZ (Marrocos)[\/vc_column_text][\/vc_column][vc_column css_animation=&#8221;slideInRight&#8221; width=&#8221;1\/2&#8243;][vc_raw_html]JTNDZGl2JTIwY2xhc3MlM0QlMjJ5b3V0dWJlX3BsYXllciUyMiUyMHZpZGVvSUQlM0QlMjJ6eGhucFQ1emJaYyUyMiUyMHdpZHRoJTNEJTIyNjAwJTIyJTIwaGVpZ2h0JTNEJTIyNDAwJTIyJTIwdGhlbWUlM0QlMjJsaWdodCUyMiUyMHJlbCUzRCUyMjAlMjIlMjBjb250cm9scyUzRCUyMjAlMjIlMjBzaG93aW5mbyUzRCUyMjAlMjIlMjBhdXRvcGxheSUzRCUyMjElMjIlMjBtdXRlJTNEJTIyMSUyMiUyMCUyMGxvb3AlM0QlMjIxJTIyJTIwbG9hZGluZyUzRCUyMjElMjIlM0UlM0MlMkZkaXYlM0U=[\/vc_raw_html][vc_empty_space][\/vc_column][\/vc_row][vc_row][vc_column][vc_btn title=&#8221;Contacte-nos&#8221; style=&#8221;flat&#8221; shape=&#8221;square&#8221; color=&#8221;black&#8221; align=&#8221;center&#8221; link=&#8221;url:%2Fpt%2Fcontacto%2F|title:Contact%20Standard%20industrie&#8221;][\/vc_column][\/vc_row][vc_row][vc_column][vc_empty_space][vc_column_text el_class=&#8221;gros-titre fort traits-gris-droite-gauche titre-gauche vc_sep_border_width_2 vc_separator wpb_content_element vc_separator_align_left vc_sep_width_100 vc_sep_pos_align_center vc_sep_color_grey vc_separator-has-text&#8221;]<\/p>\n<div class=\"vc_sep_holder vc_sep_holder_l\">\n<p class=\"vc_sep_line\" style=\"border-color: grey;\">\n<\/div>\n<h2>CRESCIMENTO DA STANDARD INDUSTRIE INTERNATIONAL<\/h2>\n<div class=\"vc_sep_holder vc_sep_holder_r\">\n<p class=\"vc_sep_line\" style=\"border-color: grey;\">\n<\/div>\n<p>[\/vc_column_text][\/vc_column][\/vc_row][vc_row el_class=&#8221;invert-block&#8221;][vc_column css_animation=&#8221;slideInLeft&#8221; width=&#8221;1\/2&#8243;][vc_single_image image=&#8221;4555&#8243; img_size=&#8221;full&#8221; alignment=&#8221;center&#8221;][vc_empty_space][\/vc_column][vc_column width=&#8221;1\/2&#8243;][vc_column_text]Gra\u00e7as a seu know-how emergente e a seu conhecimento do mercado, Herv\u00e9 Simo\u00ebns decide instalar filiais na Europa: Espanha, It\u00e1lia, B\u00e9lgica, Reino Unido e Alemanha. A partir dos anos de 1990, seu desenvolvimento se expande para o M\u00e9xico, \u00c1frica do Sul, Canad\u00e1 e China. Depois, em 2009, foi criado um escrit\u00f3rio de liga\u00e7\u00e3o em Cingapura e, em 2013, inaugurada uma filial nos EUA devido ao potencial do mercado americano.<\/p>\n<p>&nbsp;<\/p>\n<p>Para implementar a presen\u00e7a da STANDARD INDUSTRIE International em todos os territ\u00f3rios, foi instalada uma rede de vendedores de exporta\u00e7\u00e3o, refor\u00e7ada pela presen\u00e7a de agentes. Neste momento, cerca de 7 vendedores e 50 agentes atuam na Europa Oriental, Sudeste Asi\u00e1tico, Magrebe, Oriente M\u00e9dio e \u00c1frica Subsaariana.[\/vc_column_text][\/vc_column][\/vc_row][vc_row][vc_column][vc_empty_space][vc_column_text el_class=&#8221;gros-titre fort traits-gris-droite-gauche titre-gauche vc_sep_border_width_2 vc_separator wpb_content_element vc_separator_align_left vc_sep_width_100 vc_sep_pos_align_center vc_sep_color_grey vc_separator-has-text&#8221;]<\/p>\n<div class=\"vc_sep_holder vc_sep_holder_l\">\n<p class=\"vc_sep_line\" style=\"border-color: grey;\">\n<\/div>\n<h2>SOLU\u00c7\u00d5ES DIVERSIFICADAS QUE ATENDEM \u00c0 IND\u00daSTRIA A MAIOR<\/h2>\n<div class=\"vc_sep_holder vc_sep_holder_r\">\n<p class=\"vc_sep_line\" style=\"border-color: grey;\">\n<\/div>\n<p>[\/vc_column_text][\/vc_column][\/vc_row][vc_row el_class=&#8221;invert-block&#8221;][vc_column css_animation=&#8221;none&#8221;][vc_column_text]<span lang=\"pt\">Al\u00e9m de seu crescimento geogr\u00e1fico, a STANDARD INDUSTRIE International diversificou sua gama de solu\u00e7\u00f5es: \u00a0<\/span><\/p>\n<ul>\n<li><span lang=\"pt\">A canh\u00e3o de ar AIRCHOC\u00ae evoluiu: diferentes configura\u00e7\u00f5es, capacidades de tanques adaptadas \u00e0s necessidades de cada cliente, aplica\u00e7\u00f5es estendidas a muitos setores de atividade \u2026 A gama de canh\u00e3o de ar da STANDARD INDUSTRIE International, destinada a responder aos problemas de entupimentos e concre\u00e7\u00f5es, \u00e9 agora a mais ampla do mercado.<\/span><\/li>\n<li>No in\u00edcio dos anos 90, e resultante de uma inova\u00e7\u00e3o interna, a STANDARD INDUSTRIE International desenvolveu equipamentos destinados a realizar servi\u00e7os de limpeza de silos e tremonhas. Foi ent\u00e3o que a POWERNET e a GIRONET formaram a gama STANDARD INDUSTRIE International de \u201cservi\u00e7os de limpeza de silos e tremonhas\u201d.<\/li>\n<li>De 1995, a STANDARD INDUSTRIE International tornou-se revendedora de uma empresa especializada na fabrica\u00e7\u00e3o de m\u00e1quinas de suc\u00e7\u00e3o m\u00f3veis. 4 anos depois, este fabricante foi comprado e suas m\u00e1quinas integradas na atividade da STANDARD INDUSTRIE International: de l\u00e1 nasceu a linha \u201c<a href=\"\/pt\/limpeza-industrial-por-aspiracao\/\">LIMPEZA INDUSTRIAL POR ASPIRA\u00c7\u00c3O<\/a>\u201c.<\/li>\n<li><span lang=\"pt\">Em 2005, a Herv\u00e9 Simo\u00ebns decidiu enriquecer a atividade da STANDARD INDUSTRIE International adquirindo uma patente otimizando os tradicionais transportadores de correia. Ele comercializou esta solu\u00e7\u00e3o sob o nome de LIFTUBE\u00ae e, ao longo dos anos, desenvolveu-a em v\u00e1rias vers\u00f5es.<\/span><\/li>\n<li><span lang=\"pt\">Desde 1978, a STANDARD INDUSTRIE International se especializou e diversificou na concep\u00e7\u00e3o e fabrica\u00e7\u00e3o de equipamentos. Seu objetivo: facilitar o manuseio de produtos pulverulentos a granel, em total seguran\u00e7a e respeito ao meio ambiente. \u00a0<\/span><\/li>\n<\/ul>\n<p><span lang=\"pt\">Gra\u00e7as a seus processos, nada menos que 60 setores de neg\u00f3cios otimizam o desempenho de suas ferramentas de produ\u00e7\u00e3o, reduzindo seus custos de opera\u00e7\u00e3o e manuten\u00e7\u00e3o.<\/span>[\/vc_column_text][\/vc_column][\/vc_row][vc_row][vc_column][vc_btn title=&#8221;Contacte-nos&#8221; style=&#8221;flat&#8221; shape=&#8221;square&#8221; color=&#8221;black&#8221; align=&#8221;center&#8221; link=&#8221;url:%2Fpt%2Fcontacto%2F|title:Contact%20Standard%20industrie&#8221;][\/vc_column][\/vc_row]<\/p>\n","protected":false},"excerpt":{"rendered":"<p>[vc_row][vc_column][vc_empty_space][vc_column_text el_class=&#8221;gros-titre fort traits-gris-droite-gauche titre-gauche vc_sep_border_width_2 vc_separator wpb_content_element vc_separator_align_left vc_sep_width_100 vc_sep_pos_align_center vc_sep_color_grey vc_separator-has-text&#8221;] UMA IDEIA AT\u00cdPICA: O PRINC\u00cdPIO DA DESCARGA DE \u00c1GUA [\/vc_column_text][\/vc_column][\/vc_row][vc_row el_class=&#8221;invert-block&#8221;][vc_column width=&#8221;1\/2&#8243;][vc_column_text]Em 1977,<span class=\"excerpt-hellip\"> [\u2026]<\/span><\/p>\n","protected":false},"author":1,"featured_media":0,"parent":0,"menu_order":82,"comment_status":"open","ping_status":"open","template":"single-standard.php","meta":{"footnotes":""},"class_list":["post-85","page","type-page","status-publish","hentry"],"_links":{"self":[{"href":"https:\/\/www.standard-industrie.com\/pt\/wp-json\/wp\/v2\/pages\/85","targetHints":{"allow":["GET"]}}],"collection":[{"href":"https:\/\/www.standard-industrie.com\/pt\/wp-json\/wp\/v2\/pages"}],"about":[{"href":"https:\/\/www.standard-industrie.com\/pt\/wp-json\/wp\/v2\/types\/page"}],"author":[{"embeddable":true,"href":"https:\/\/www.standard-industrie.com\/pt\/wp-json\/wp\/v2\/users\/1"}],"replies":[{"embeddable":true,"href":"https:\/\/www.standard-industrie.com\/pt\/wp-json\/wp\/v2\/comments?post=85"}],"version-history":[{"count":0,"href":"https:\/\/www.standard-industrie.com\/pt\/wp-json\/wp\/v2\/pages\/85\/revisions"}],"wp:attachment":[{"href":"https:\/\/www.standard-industrie.com\/pt\/wp-json\/wp\/v2\/media?parent=85"}],"curies":[{"name":"wp","href":"https:\/\/api.w.org\/{rel}","templated":true}]}}