{"id":876,"date":"2014-06-09T14:31:05","date_gmt":"2014-06-09T13:31:05","guid":{"rendered":"https:\/\/www.standard-industrie.com\/pt\/?page_id=876"},"modified":"2025-06-05T11:16:36","modified_gmt":"2025-06-05T10:16:36","slug":"otimizacao-das-correias-transportadoras","status":"publish","type":"page","link":"https:\/\/www.standard-industrie.com\/pt\/otimizacao-das-correias-transportadoras\/","title":{"rendered":"OTIMIZA\u00c7\u00c3O DAS CORREIAS TRANSPORTADORAS"},"content":{"rendered":"<p>[vc_row][vc_column][vc_empty_space][vc_column_text el_class=&#8221;gros-titre fort trait-vert traits-gris-droite-gauche titre-centre vc_separator wpb_content_element vc_separator_align_center vc_sep_width_100 vc_sep_border_width_2 vc_sep_pos_align_center vc_separator-has-text&#8221;]<\/p>\n<div class=\"vc_sep_holder vc_sep_holder_l\">\n<p class=\"vc_sep_line\" style=\"border-color: grey;\">\n<\/div>\n<h2>NOSSA SOLU\u00c7\u00c3O<\/h2>\n<div class=\"vc_sep_holder vc_sep_holder_r\">\n<p class=\"vc_sep_line\" style=\"border-color: grey;\">\n<\/div>\n<p>[\/vc_column_text][vc_row_inner][vc_column_inner width=&#8221;1\/2&#8243;][vc_column_text]Nosso\u00a0<a href=\"\/pt\/liftube\/\">sistema patenteado LIFTUBE<\/a><a href=\"https:\/\/www.standard-industrie.com\/produits\/liftube\/\">\u00ae<\/a> que canaliza o material, se adapta aos transportadores novos ou j\u00e1 existentes de largura de correia de 500 a 1.400mm.[\/vc_column_text][vc_btn title=&#8221;BAIXE O FOLHETO&#8221; style=&#8221;custom&#8221; custom_background=&#8221;#1a7a54&#8243; custom_text=&#8221;#ffffff&#8221; shape=&#8221;square&#8221; size=&#8221;sm&#8221; align=&#8221;center&#8221; link=&#8221;url:https%3A%2F%2Fwww.standard-industrie.com%2Fpt%2Fwp-content%2Fuploads%2Fsites%2F13%2F2024%2F03%2FBROCHURE_CONVEYOR_P-28022024.pdf|target:_blank&#8221;][\/vc_column_inner][vc_column_inner width=&#8221;1\/2&#8243;][\/vc_column_inner][\/vc_row_inner][\/vc_column][\/vc_row][vc_row content_placement=&#8221;bottom&#8221; css_animation=&#8221;slideInUp&#8221;][vc_column width=&#8221;1\/2&#8243;][vc_row_inner equal_height=&#8221;yes&#8221; content_placement=&#8221;bottom&#8221; el_class=&#8221;range-5-block&#8221;][vc_column_inner width=&#8221;1\/2&#8243; offset=&#8221;vc_col-lg-4 vc_col-xs-6&#8243;][vc_single_image image=&#8221;4130&#8243; img_size=&#8221;full&#8221; onclick=&#8221;custom_link&#8221; el_class=&#8221;effect-slide-top-img-hover animation-trait-img-hover trait-vert img-trait-titre&#8221; link=&#8221;https:\/\/www.standard-industrie.com\/pt\/liftube\/&#8221; title=&#8221;LIFTUBE\u00ae&#8221;][\/vc_column_inner][\/vc_row_inner][\/vc_column][vc_column width=&#8221;1\/2&#8243;][vc_raw_html]JTNDZGl2JTIwY2xhc3MlM0QlMjJ5b3V0dWJlX3BsYXllciUyMiUyMHZpZGVvSUQlM0QlMjJFWk9sak5vZnpKcyUyMiUyMHdpZHRoJTNEJTIyNTAwJTIyJTIwaGVpZ2h0JTNEJTIyMjUwJTIyJTIwdGhlbWUlM0QlMjJsaWdodCUyMiUyMHJlbCUzRCUyMjAlMjIlMjBjb250cm9scyUzRCUyMjAlMjIlMjBzaG93aW5mbyUzRCUyMjAlMjIlMjBhdXRvcGxheSUzRCUyMjElMjIlMjBtdXRlJTNEJTIyMSUyMiUyMCUyMGxvb3AlM0QlMjIxJTIyJTIwbG9hZGluZyUzRCUyMjElMjIlM0UlM0MlMkZkaXYlM0U=[\/vc_raw_html][\/vc_column][\/vc_row][vc_row content_placement=&#8221;bottom&#8221;][vc_column][vc_empty_space height=&#8221;30px&#8221;][\/vc_column][\/vc_row][vc_row][vc_column css_animation=&#8221;slideInLeft&#8221; width=&#8221;1\/2&#8243;][vc_column_text el_class=&#8221;titre titre-long fort trait-vert traits-gris-droite-gauche titre-centre vc_separator wpb_content_element vc_separator_align_center vc_sep_width_100 vc_sep_border_width_2 vc_sep_pos_align_center vc_separator-has-text&#8221;]<\/p>\n<div class=\"vc_sep_holder vc_sep_holder_l\">\n<p class=\"vc_sep_line\" style=\"border-color: grey;\">\n<\/div>\n<h2 style=\"text-align: center;\">REDU\u00c7\u00c3O DAS PERDAS DE MATERIAL E DAS EMISS\u00d5ES DE POEIRA<\/h2>\n<div class=\"vc_sep_holder vc_sep_holder_r\">\n<p class=\"vc_sep_line\" style=\"border-color: grey;\">\n<\/div>\n<p>[\/vc_column_text][vc_column_text]Em algumas situa\u00e7\u00f5es, as correias transportadoras est\u00e3o sujeitas a derramamento de materiais ou ao desvio de poeira. Gra\u00e7as ao\u00a0<a href=\"\/pt\/liftube\/\">sistema LIFTUBE\u00ae<\/a>,\u00a0a perda de explora\u00e7\u00e3o, as emiss\u00f5es de poeira e a manuten\u00e7\u00e3o ser\u00e3o consideravelmente reduzidos.[\/vc_column_text][vc_images_carousel images=&#8221;4182,4183,4184&#8243; img_size=&#8221;medium&#8221; mode=&#8221;vertical&#8221; hide_pagination_control=&#8221;yes&#8221; wrap=&#8221;yes&#8221;][\/vc_column][vc_column css_animation=&#8221;slideInRight&#8221; width=&#8221;1\/2&#8243;][vc_empty_space height=&#8221;50px&#8221;][vc_column_text el_class=&#8221;titre titre-long fort trait-vert traits-gris-droite-gauche titre-centre vc_separator wpb_content_element vc_separator_align_center vc_sep_width_100 vc_sep_border_width_2 vc_sep_pos_align_center vc_separator-has-text&#8221;]<\/p>\n<div class=\"vc_sep_holder vc_sep_holder_l\">\n<p class=\"vc_sep_line\" style=\"border-color: grey;\">\n<\/div>\n<h2 style=\"text-align: center;\">SEGURAN\u00c7A E ALTO DESEMPENHO<\/h2>\n<div class=\"vc_sep_holder vc_sep_holder_r\">\n<p class=\"vc_sep_line\" style=\"border-color: grey;\">\n<\/div>\n<p>[\/vc_column_text][vc_column_text]Nosso\u00a0<a href=\"\/pt\/liftube\/\">sistema desmont\u00e1vel LIFTUBE\u00ae<\/a>, adequado ao transporte dos produtos com alta temperatura, est\u00e1 equipado com margens autoextingu\u00edveis e com acess\u00f3rios resistentes a temperaturas at\u00e9 300 \u00b0C. Com certificado ATEX e garantia de 3 anos, o\u00a0<a href=\"\/pt\/liftube\/\">LIFTUBE\u00ae<\/a>\u00a0alia tamb\u00e9m a prote\u00e7\u00e3o dos pontos c\u00f4ncavos e a diminui\u00e7\u00e3o dos riscos durante a manuten\u00e7\u00e3o.[\/vc_column_text][vc_btn title=&#8221;Contacte-nos&#8221; style=&#8221;custom&#8221; custom_background=&#8221;#1a7a54&#8243; custom_text=&#8221;#ffffff&#8221; shape=&#8221;square&#8221; size=&#8221;sm&#8221; align=&#8221;center&#8221; link=&#8221;url:%2Fpt%2Fcontacto%2F&#8221;][\/vc_column][\/vc_row][vc_row][vc_column][vc_empty_space][vc_column_text el_class=&#8221;gros-titre fort traits-gris-droite-gauche titre-centre vc_separator wpb_content_element vc_separator_align_center vc_sep_width_100 vc_sep_border_width_2 vc_sep_pos_align_center vc_separator-has-text&#8221;]<\/p>\n<div class=\"vc_sep_holder vc_sep_holder_l\">\n<p class=\"vc_sep_line\" style=\"border-color: grey;\">\n<\/div>\n<h2 style=\"text-align: center;\">Prote\u00e7\u00e3o do ambiente atrav\u00e9s do dom\u00ednio da acumula\u00e7\u00e3o de p\u00f3<\/h2>\n<div class=\"vc_sep_holder vc_sep_holder_r\">\n<p class=\"vc_sep_line\" style=\"border-color: grey;\">\n<\/div>\n<p>[\/vc_column_text][\/vc_column][\/vc_row][vc_row full_width=&#8221;stretch_row_content&#8221; equal_height=&#8221;yes&#8221;][vc_column offset=&#8221;vc_col-lg-6&#8243;][vc_row_inner][vc_column_inner el_class=&#8221;special-with-1240-1533&#8243; width=&#8221;1\/3&#8243; offset=&#8221;vc_hidden-md vc_hidden-sm vc_hidden-xs&#8221;][\/vc_column_inner][vc_column_inner offset=&#8221;vc_col-lg-8&#8243;][vc_column_text]A acumula\u00e7\u00e3o de p\u00f3 \u00e9 a presen\u00e7a de poeiras em suspens\u00e3o ou sedimentadas relacionadas com o funcionamento das explora\u00e7\u00f5es e com os processos de transforma\u00e7\u00e3o nas f\u00e1bricas. Estas poeiras podem acarretar consequ\u00eancias para o ambiente, para os operadores na f\u00e1brica e para a vizinhan\u00e7a.<\/p>\n<p>A polui\u00e7\u00e3o por p\u00f3 designa a concentra\u00e7\u00e3o de poeiras na atmosfera de trabalho e \u00e9 definida pelo C\u00f3digo do Trabalho com valores limite de exposi\u00e7\u00e3o profissional.<\/p>\n<p>Por exemplo, para as poeiras de s\u00edlica cristalina.<\/p>\n<p>Como dominar a acumula\u00e7\u00e3o de p\u00f3 e a polui\u00e7\u00e3o por p\u00f3 no polo de explora\u00e7\u00e3o ou de produ\u00e7\u00e3o?<\/p>\n<p>Prevenir a forma\u00e7\u00e3o de poluentes na fonte \u00e9 a atitude mais racional a adotar, independentemente de ser durante a conce\u00e7\u00e3o e implementa\u00e7\u00e3o dos processos industriais ou constru\u00e7\u00e3o de aparelhos.<\/p>\n<p>Por exemplo, para as pedreiras, as principais emiss\u00f5es de poeiras s\u00e3o difusas e devem-se \u00e0 extra\u00e7\u00e3o com m\u00e1quinas, \u00e0 rodagem nas pistas, aos stocks de materiais, \u00e0s detona\u00e7\u00f5es nas minas ou ao transporte de material.<\/p>\n<p>\u00c9 necess\u00e1rio tapar as bandas de borracha: trata-se de um modo de confinamento adequado para alguns pontos espec\u00edficos, por exemplo, a prote\u00e7\u00e3o de quedas de areia ou para proteger um transportador exposto ao vento.<\/p>\n<p>\u00c9 por isso que o LIFTUBE \u00e9 uma t\u00e9cnica de remo\u00e7\u00e3o de p\u00f3 industrial.[\/vc_column_text][vc_btn title=&#8221;Contacte-nos&#8221; style=&#8221;custom&#8221; custom_background=&#8221;#1a7a54&#8243; custom_text=&#8221;#ffffff&#8221; shape=&#8221;square&#8221; size=&#8221;sm&#8221; align=&#8221;center&#8221; link=&#8221;url:%2Fpt%2Fcontacto%2F&#8221;][\/vc_column_inner][\/vc_row_inner][\/vc_column][vc_column css_animation=&#8221;slideInRight&#8221; css=&#8221;.vc_custom_1667566399438{background-image: url(https:\/\/www.standard-industrie.com\/pt\/wp-content\/uploads\/sites\/13\/2022\/09\/LIFTUBE_Protection-du-convoyeur-dans-une-carriere-de-chaux-2.jpg?id=4236) !important;background-position: center !important;background-repeat: no-repeat !important;background-size: cover !important;}&#8221; offset=&#8221;vc_col-lg-6&#8243;][vc_row_inner][vc_column_inner][vc_empty_space height=&#8221;200px&#8221;][\/vc_column_inner][\/vc_row_inner][\/vc_column][\/vc_row]<\/p>\n","protected":false},"excerpt":{"rendered":"<p>[vc_row][vc_column][vc_empty_space][vc_column_text el_class=&#8221;gros-titre fort trait-vert traits-gris-droite-gauche titre-centre vc_separator wpb_content_element vc_separator_align_center vc_sep_width_100 vc_sep_border_width_2 vc_sep_pos_align_center vc_separator-has-text&#8221;] NOSSA SOLU\u00c7\u00c3O [\/vc_column_text][vc_row_inner][vc_column_inner width=&#8221;1\/2&#8243;][vc_column_text]Nosso\u00a0sistema patenteado LIFTUBE\u00ae que canaliza o material, se adapta aos<span class=\"excerpt-hellip\"> [\u2026]<\/span><\/p>\n","protected":false},"author":1,"featured_media":0,"parent":0,"menu_order":63,"comment_status":"closed","ping_status":"closed","template":"single-optimisation-convoyeurs-bande.php","meta":{"footnotes":""},"class_list":["post-876","page","type-page","status-publish","hentry"],"_links":{"self":[{"href":"https:\/\/www.standard-industrie.com\/pt\/wp-json\/wp\/v2\/pages\/876","targetHints":{"allow":["GET"]}}],"collection":[{"href":"https:\/\/www.standard-industrie.com\/pt\/wp-json\/wp\/v2\/pages"}],"about":[{"href":"https:\/\/www.standard-industrie.com\/pt\/wp-json\/wp\/v2\/types\/page"}],"author":[{"embeddable":true,"href":"https:\/\/www.standard-industrie.com\/pt\/wp-json\/wp\/v2\/users\/1"}],"replies":[{"embeddable":true,"href":"https:\/\/www.standard-industrie.com\/pt\/wp-json\/wp\/v2\/comments?post=876"}],"version-history":[{"count":0,"href":"https:\/\/www.standard-industrie.com\/pt\/wp-json\/wp\/v2\/pages\/876\/revisions"}],"wp:attachment":[{"href":"https:\/\/www.standard-industrie.com\/pt\/wp-json\/wp\/v2\/media?parent=876"}],"curies":[{"name":"wp","href":"https:\/\/api.w.org\/{rel}","templated":true}]}}