{"id":882,"date":"2014-06-09T14:40:54","date_gmt":"2014-06-09T13:40:54","guid":{"rendered":"https:\/\/www.standard-industrie.com\/pt\/?page_id=882"},"modified":"2025-06-05T11:24:25","modified_gmt":"2025-06-05T10:24:25","slug":"prestacoes-de-servicos-de-limpeza-de-silos-e-tremonhas","status":"publish","type":"page","link":"https:\/\/www.standard-industrie.com\/pt\/prestacoes-de-servicos-de-limpeza-de-silos-e-tremonhas\/","title":{"rendered":"PRESTA\u00c7\u00d5ES DE SERVI\u00c7OS DE LIMPEZA DE SILOS E TREMONHAS"},"content":{"rendered":"<p>[vc_row][vc_column][vc_empty_space][vc_column_text el_class=&#8221;gros-titre fort trait-bleu traits-gris-droite-gauche titre-centre vc_separator wpb_content_element vc_separator_align_center vc_sep_width_100 vc_sep_border_width_2 vc_sep_pos_align_center vc_separator-has-text&#8221;]<\/p>\n<div class=\"vc_sep_holder vc_sep_holder_l\">\n<p class=\"vc_sep_line\" style=\"border-color: grey;\">\n<\/div>\n<h2>NOSSAS SOLU\u00c7\u00d5ES<\/h2>\n<div class=\"vc_sep_holder vc_sep_holder_r\">\n<p class=\"vc_sep_line\" style=\"border-color: grey;\">\n<\/div>\n<p>[\/vc_column_text][\/vc_column][\/vc_row][vc_row][vc_column width=&#8221;1\/2&#8243;][vc_column_text]Com nosso\u00a0<em>know-how<\/em>\u00a0na \u00e1rea da limpeza de silos e tremonhas, oferecemos solu\u00e7\u00f5es adequadas que permitem resolver problemas de obstru\u00e7\u00e3o e concre\u00e7\u00e3o em suas unidades de armazenamento. Efetivamente, v\u00e1rios setores industriais que usam produtos em p\u00f3 a granel enfrentam, mais cedo ou mais tarde, problemas de obstru\u00e7\u00e3o. Os materiais impedir\u00e3o sua pr\u00f3pria evacua\u00e7\u00e3o aderindo \u00e0s paredes dos silos e tremonhas. \u00a0 Nossas solu\u00e7\u00f5es cumprem as normas de seguran\u00e7a muito estritas e permitem evitar<strong>\u00a0<\/strong><a href=\"https:\/\/www.standard-industrie.com\/pt\/prestacoes-de-servicos-de-limpeza-de-silos-e-tremonhas\/\">trabalhos acrob\u00e1ticos\/a><strong>\u00a0<\/strong>e, assim, a interven\u00e7\u00e3o humana dentro dos silos e tremonhas.[\/vc_column_text][vc_btn title=&#8221;BAIXE O FOLHETO&#8221; style=&#8221;custom&#8221; custom_background=&#8221;#3e5d9e&#8221; custom_text=&#8221;#ffffff&#8221; shape=&#8221;square&#8221; size=&#8221;sm&#8221; align=&#8221;center&#8221; link=&#8221;url:%2Fwp-content%2Fthemes%2Fstandardindustrie%2Fimg%2Fpdf%2FFR%2FBROCHURE_CLEANING_SERVICES_F-MKT3.pdf&#8221;][\/vc_column][vc_column width=&#8221;1\/2&#8243;][vc_row_inner][vc_column_inner width=&#8221;1\/3&#8243;][vc_single_image image=&#8221;4678&#8243; img_size=&#8221;full&#8221; onclick=&#8221;custom_link&#8221; el_class=&#8221;effect-slide-top-img-hover animation-trait-img-hover trait-bleu img-trait-titre&#8221; link=&#8221;https:\/\/www.standard-industrie.com\/pt\/gironet\/&#8221; title=&#8221;GIRONET&#8221;][\/vc_column_inner][vc_column_inner width=&#8221;1\/3&#8243;][vc_single_image image=&#8221;6317&#8243; img_size=&#8221;full&#8221; onclick=&#8221;custom_link&#8221; el_class=&#8221;effect-slide-top-img-hover animation-trait-img-hover trait-bleu img-trait-titre&#8221; link=&#8221;https:\/\/www.standard-industrie.com\/pt\/powernet\/&#8221; title=&#8221;POWERNET&#8221;][\/vc_column_inner][vc_column_inner width=&#8221;1\/3&#8243;][vc_single_image image=&#8221;4677&#8243; img_size=&#8221;full&#8221; onclick=&#8221;custom_link&#8221; el_class=&#8221;effect-slide-top-img-hover animation-trait-img-hover trait-bleu img-trait-titre&#8221; link=&#8221;https:\/\/www.standard-industrie.com\/pt\/limpeza-por-aspiracao\/&#8221; title=&#8221;LIMPEZA POR ASPIRA\u00c7\u00c3O&#8221;][\/vc_column_inner][\/vc_row_inner][\/vc_column][\/vc_row][vc_row content_placement=&#8221;bottom&#8221;][vc_column][vc_empty_space height=&#8221;30px&#8221;][\/vc_column][\/vc_row][vc_row][vc_column css_animation=&#8221;slideInLeft&#8221; width=&#8221;1\/2&#8243;][vc_single_image image=&#8221;6157&#8243; img_size=&#8221;full&#8221; alignment=&#8221;center&#8221;][\/vc_column][vc_column css_animation=&#8221;slideInRight&#8221; width=&#8221;1\/2&#8243;][vc_empty_space height=&#8221;50px&#8221;][vc_column_text el_class=&#8221;titre titre-long fort trait-bleu traits-gris-droite-gauche titre-centre vc_separator wpb_content_element vc_separator_align_center vc_sep_width_100 vc_sep_border_width_2 vc_sep_pos_align_center vc_separator-has-text&#8221;]<\/p>\n<div class=\"vc_sep_holder vc_sep_holder_l\">\n<p class=\"vc_sep_line\" style=\"border-color: grey;\">\n<\/div>\n<h2 style=\"text-align: center;\">ESTES PROBLEMAS ASSOCIADOS \u00c0 OBSTRU\u00c7\u00c3O DE MATERIAIS PODEM PROVOCAR:<\/h2>\n<div class=\"vc_sep_holder vc_sep_holder_r\">\n<p class=\"vc_sep_line\" style=\"border-color: grey;\">\n<\/div>\n<p>[\/vc_column_text][vc_column_text]<\/p>\n<ul>\n<li>Diminui\u00e7\u00e3o da produ\u00e7\u00e3o<\/li>\n<li>Diminui\u00e7\u00e3o do fluxo de extra\u00e7\u00e3o<\/li>\n<li>Redu\u00e7\u00e3o da capacidade de armazenamento<\/li>\n<li>Contamina\u00e7\u00e3o e fermenta\u00e7\u00e3o de produtos<\/li>\n<li>Riscos de explos\u00e3o<\/li>\n<li>Perda de material<\/li>\n<\/ul>\n<p>De acordo com seu problema, esteja ele relacionado com a obstru\u00e7\u00e3o do silo\/tremonha ou com o dep\u00f3sito de material natural ou acidental a ser evacuado, propomos 3 solu\u00e7\u00f5es de limpeza:[\/vc_column_text][\/vc_column][\/vc_row][vc_row][vc_column][vc_empty_space][vc_column_text el_class=&#8221;gros-titre fort traits-gris-droite-gauche titre-centre vc_separator wpb_content_element vc_separator_align_center vc_sep_width_100 vc_sep_border_width_2 vc_sep_pos_align_center vc_separator-has-text&#8221;]<\/p>\n<div class=\"vc_sep_holder vc_sep_holder_l\">\n<p class=\"vc_sep_line\" style=\"border-color: grey;\">\n<\/div>\n<h2 style=\"text-align: center;\">Oferecemos 3 solu\u00e7\u00f5es de limpeza industrial<\/h2>\n<div class=\"vc_sep_holder vc_sep_holder_r\">\n<p class=\"vc_sep_line\" style=\"border-color: grey;\">\n<\/div>\n<p>[\/vc_column_text][\/vc_column][\/vc_row][vc_row equal_height=&#8221;yes&#8221;][vc_column width=&#8221;1\/3&#8243;][vc_column_text]<\/p>\n<h3>DESOBSTRU\u00c7\u00c3O COM A SOLU\u00c7\u00c3O POWERNET<\/h3>\n<p>[\/vc_column_text][vc_column_text]A desobstru\u00e7\u00e3o com\u00a0<a href=\"https:\/\/www.standard-industrie.com\/pt\/powernet\/\">Powernet<\/a>\u00a0permitir\u00e1 resolver problemas de inclina\u00e7\u00e3o gra\u00e7as a uma perfura\u00e7\u00e3o em seguran\u00e7a do material a ser desobstru\u00eddo e facilitando seu escoamento. O uso do<strong>\u00a0<\/strong><a href=\"https:\/\/www.standard-industrie.com\/pt\/powernet\/\">Powernet<\/a>\u00a0interv\u00e9m antes do\u00a0<a href=\"https:\/\/www.standard-industrie.com\/pt\/gironet\/\"><strong>Gironet\u00a0<\/strong><\/a>quando a unidade de armazenamento est\u00e1 completamente obstru\u00edda.[\/vc_column_text][vc_single_image image=&#8221;4672&#8243; img_size=&#8221;full&#8221; alignment=&#8221;center&#8221;][\/vc_column][vc_column width=&#8221;1\/3&#8243;][vc_column_text]<\/p>\n<h3>DESOBSTRU\u00c7\u00c3O COM A SOLU\u00c7\u00c3O GIRONET<\/h3>\n<p>[\/vc_column_text][vc_column_text]O bra\u00e7o articulado e rotativo de 360\u00b0 do\u00a0<a href=\"https:\/\/www.standard-industrie.com\/pt\/gironet\/\">Gironet<\/a>\u00a0permite resolver os problemas de chamin\u00e9. Voc\u00ea poder\u00e1, assim, recuperar sua capacidade de armazenamento total em seguran\u00e7a e sem perturba\u00e7\u00f5es de seu processo industrial. O\u00a0<a href=\"https:\/\/www.standard-industrie.com\/pt\/gironet\/\">Gironet<\/a><strong>\u00a0<\/strong>\u00e9 apresentado em diferentes vers\u00f5es para se adaptar a qualquer tipo de material: vers\u00e3o pneum\u00e1tica, pneum\u00e1tica ATEX e hidr\u00e1ulica[\/vc_column_text][vc_single_image image=&#8221;4673&#8243; img_size=&#8221;full&#8221; alignment=&#8221;center&#8221;][\/vc_column][vc_column width=&#8221;1\/3&#8243;][vc_column_text]<\/p>\n<h3>LIMPEZA POR ASPIRA\u00c7\u00c3O<\/h3>\n<p>[\/vc_column_text][vc_column_text]<\/p>\n<ul>\n<li>De acordo com o volume a ser aspirado, nossa equipe propor\u00e1 solu\u00e7\u00f5es de aspira\u00e7\u00e3o entre as seguintes:\n<ul>\n<li><a href=\"https:\/\/www.standard-industrie.com\/pt\/gad\/\">Grupo de aspira\u00e7\u00e3o desloc\u00e1vel GAD<\/a><\/li>\n<li><a href=\"https:\/\/www.standard-industrie.com\/pt\/valnet\/\">Ve\u00edculo leve de aspira\u00e7\u00e3o VALNET<\/a><\/li>\n<\/ul>\n<\/li>\n<\/ul>\n<p>[\/vc_column_text][vc_single_image image=&#8221;4674&#8243; img_size=&#8221;full&#8221;][\/vc_column][\/vc_row]<\/p>\n","protected":false},"excerpt":{"rendered":"<p>[vc_row][vc_column][vc_empty_space][vc_column_text el_class=&#8221;gros-titre fort trait-bleu traits-gris-droite-gauche titre-centre vc_separator wpb_content_element vc_separator_align_center vc_sep_width_100 vc_sep_border_width_2 vc_sep_pos_align_center vc_separator-has-text&#8221;] NOSSAS SOLU\u00c7\u00d5ES [\/vc_column_text][\/vc_column][\/vc_row][vc_row][vc_column width=&#8221;1\/2&#8243;][vc_column_text]Com nosso\u00a0know-how\u00a0na \u00e1rea da limpeza de silos e tremonhas, oferecemos<span class=\"excerpt-hellip\"> [\u2026]<\/span><\/p>\n","protected":false},"author":1,"featured_media":0,"parent":0,"menu_order":64,"comment_status":"closed","ping_status":"closed","template":"single-prestations-nettoyage-silos-tremies.php","meta":{"footnotes":""},"class_list":["post-882","page","type-page","status-publish","hentry"],"_links":{"self":[{"href":"https:\/\/www.standard-industrie.com\/pt\/wp-json\/wp\/v2\/pages\/882","targetHints":{"allow":["GET"]}}],"collection":[{"href":"https:\/\/www.standard-industrie.com\/pt\/wp-json\/wp\/v2\/pages"}],"about":[{"href":"https:\/\/www.standard-industrie.com\/pt\/wp-json\/wp\/v2\/types\/page"}],"author":[{"embeddable":true,"href":"https:\/\/www.standard-industrie.com\/pt\/wp-json\/wp\/v2\/users\/1"}],"replies":[{"embeddable":true,"href":"https:\/\/www.standard-industrie.com\/pt\/wp-json\/wp\/v2\/comments?post=882"}],"version-history":[{"count":0,"href":"https:\/\/www.standard-industrie.com\/pt\/wp-json\/wp\/v2\/pages\/882\/revisions"}],"wp:attachment":[{"href":"https:\/\/www.standard-industrie.com\/pt\/wp-json\/wp\/v2\/media?parent=882"}],"curies":[{"name":"wp","href":"https:\/\/api.w.org\/{rel}","templated":true}]}}