{"id":889,"date":"2014-06-09T15:27:53","date_gmt":"2014-06-09T14:27:53","guid":{"rendered":"https:\/\/www.standard-industrie.com\/pt\/?page_id=889"},"modified":"2023-02-20T16:25:38","modified_gmt":"2023-02-20T15:25:38","slug":"noticias-juridicas","status":"publish","type":"page","link":"https:\/\/www.standard-industrie.com\/pt\/noticias-juridicas\/","title":{"rendered":"NOT\u00cdCIAS JUR\u00cdDICAS"},"content":{"rendered":"<p>[vc_row][vc_column][vc_empty_space][vc_column_text]<\/p>\n<h2>Informa\u00e7\u00f5es sobre o editor do s\u00edtio<\/h2>\n<h2>STANDARD INDUSTRIE<\/h2>\n<p>139-141, rue du Luxembourg &#8211; CS 50207<br \/>\n59054 Roubaix Cedex 1<br \/>\nFRANCE<\/p>\n<p>Telefone : +33 (0)3 20 28 32 32<br \/>\nFax : +33 (0)3 20 68 51 16<br \/>\nE-mail : info@www.standard-industrie.com\/pt<\/p>\n<p>Registado no Registo Comercial e Comercial de Lille Metropole sob o n\u00famero 312 479 769<\/p>\n<p>S.A.S. with a capital of 1 237 600 \u20ac.<\/p>\n<p>Presidente e CEO: Sr. Herv\u00e9 SIMOENS<\/p>\n<p>Information about the website host<\/p>\n<p>NAVAHO<br \/>\n41 rue de l&#8217;Echiquier<br \/>\n75010 Paris<br \/>\nFRANCE<\/p>\n<p>Telefone : \u00a00825 000 412<br \/>\nE-mail : info@navaho.fr<\/p>\n<p>Inscrito no Registo Comercial e Comercial de Paris sob o n\u00famero 799 422 126<br \/>\nSASU (sociedade an\u00f3nima simplificada) com um \u00fanico accionista<\/p>\n<h3>Referenciamento natural do s\u00edtio e cria\u00e7\u00e3o do site<\/h3>\n<p>Empresa: <a href=\"http:\/\/www.d2bconsulting.fr\/\">D2b Consulting<\/a>, consultoria em estrat\u00e9gia empresarial e endere\u00e7o de refer\u00eancia natural:\u00a03, rue Louis Gattefoss\u00e9 &#8211; 69800 St Priest.<\/p>\n<h3>Termos e condi\u00e7\u00f5es legais<\/h3>\n<p>As informa\u00e7\u00f5es publicadas neste site e, mais amplamente, sobre os nomes de dom\u00ednio pertencentes \u00e0 Standard Industrie s\u00e3o fornecidas apenas para fins informativos. A Standard Industrie compila e produz este conte\u00fado a partir de v\u00e1rias fontes concordantes. A Standard Industrie n\u00e3o pode ser considerada respons\u00e1vel pela veracidade e relev\u00e2ncia do conte\u00fado nem pela utiliza\u00e7\u00e3o e explora\u00e7\u00e3o que o utilizador do site possa fazer do mesmo. Qualquer reprodu\u00e7\u00e3o, modifica\u00e7\u00e3o, publica\u00e7\u00e3o, c\u00f3pia, total ou parcial dos conte\u00fados apresentados nos dom\u00ednios da Standard Industrie, por algum processo que seja e algum \u00e9 o suporte \u00e9 proibido.<\/p>\n<h3>Exclus\u00e3o de garantia<\/h3>\n<p>A Standard Industrie faz o seu melhor para assegurar a exactid\u00e3o e a actualiza\u00e7\u00e3o do conte\u00fado do site. No entanto, a Standard Industrie declina qualquer responsabilidade relativamente \u00e0s informa\u00e7\u00f5es que podem ser consultadas no ou a partir do s\u00edtio, em particular o seu conte\u00fado, a sua exaustividade, a sua exactid\u00e3o ou a sua fiabilidade. A Standard Industrie n\u00e3o d\u00e1 qualquer garantia, expressa ou impl\u00edcita, em particular quanto \u00e0 aus\u00eancia de interrup\u00e7\u00e3o ou erro no servi\u00e7o ou quanto ao desempenho ou resultados resultantes da utiliza\u00e7\u00e3o do site. As informa\u00e7\u00f5es contidas no site podem ser modificadas em qualquer altura. A Standard Industrie n\u00e3o pode garantir que a informa\u00e7\u00e3o seja completa, verdadeira ou actual.<\/p>\n<h3>Exclus\u00e3o de responsabilidade<\/h3>\n<p>A Standard Industrie n\u00e3o ser\u00e1 respons\u00e1vel perante o utilizador ou terceiros por quaisquer danos directos, indirectos ou consequentes decorrentes da utiliza\u00e7\u00e3o das informa\u00e7\u00f5es e materiais contidos no site ou outros conte\u00fados a que possa aceder atrav\u00e9s de liga\u00e7\u00f5es a partir do site. Os sites ligados directa ou indirectamente n\u00e3o est\u00e3o sob o controlo da Standard Industrie. Consequentemente, a Standard Industrie n\u00e3o assume qualquer responsabilidade pelas informa\u00e7\u00f5es publicadas nestes sites. As liga\u00e7\u00f5es a s\u00edtios externos s\u00e3o fornecidas apenas por conveni\u00eancia e n\u00e3o implicam qualquer endosso do seu conte\u00fado.<\/p>\n<h3>Protec\u00e7\u00e3o da vida privada<\/h3>\n<p>Os dados pessoais recolhidos destinam-se apenas a uso interno. Em nenhuma circunst\u00e2ncia estes dados ser\u00e3o fornecidos ou vendidos a terceiros. Em conformidade com a lei francesa, tem o direito de aceder, modificar, rectificar e apagar os dados que lhe dizem respeito. Para qualquer pedido, pode contactar-nos.<\/p>\n<h3>Disposi\u00e7\u00f5es do RGPD<\/h3>\n<p>A Standard Industrie \u00e9 respons\u00e1vel pelo processamento dos dados recolhidos no website standardindustrie.d2bconsulting.fr. O utilizador \u00e9 nomeadamente informado de que, em conformidade com a lei francesa sobre a protec\u00e7\u00e3o de dados de 6 de Janeiro de 1978, na sua vers\u00e3o alterada, e o regulamento geral sobre a protec\u00e7\u00e3o de dados de 27 de Abril de 2016, as informa\u00e7\u00f5es que comunica atrav\u00e9s dos formul\u00e1rios presentes no site Standard Industrie s\u00e3o necess\u00e1rias para responder ao seu pedido e destinam-se aos servi\u00e7os encarregados de responder ao seu pedido para efeitos de seguimento do mesmo. Em conformidade com a lei francesa sobre a protec\u00e7\u00e3o de dados de 6 de Janeiro de 1978 na sua \u00faltima vers\u00e3o e o regulamento geral sobre a protec\u00e7\u00e3o de dados (RGPD) de 27 de Abril de 2016, o utilizador tem o direito de acesso, rectifica\u00e7\u00e3o, supress\u00e3o, limita\u00e7\u00e3o, oposi\u00e7\u00e3o e porto das informa\u00e7\u00f5es que lhe dizem respeito, Este direito pode ser exercido contactando Standard Industrie, 139-141, rue du Luxembourg &#8211; CS 50207 &#8211; 59054 Roubaix Cedex 1 &#8211; FRAN\u00c7A, ou enviando um e-mail para info@www.standard-industrie.com, especificando &#8220;Personal rights&#8221; na linha de assunto e anexando uma c\u00f3pia da sua prova de identidade. Tem tamb\u00e9m o direito de dar instru\u00e7\u00f5es sobre o destino dos seus dados ap\u00f3s a sua morte. O utilizador \u00e9 informado de que durante as suas visitas ao site www.standard-industrie.com, um cookie pode ser instalado no seu navegador, uma vez que tenha dado o seu consentimento. As informa\u00e7\u00f5es recolhidas neste site ser\u00e3o guardadas por um per\u00edodo de tr\u00eas anos. O cookie \u00e9 um bloco de dados que n\u00e3o identifica os utilizadores, mas \u00e9 utilizado para registar informa\u00e7\u00f5es sobre a navega\u00e7\u00e3o do mesmo no site. O utilizador tem o direito de aceder, retirar e modificar os dados pessoais comunicados atrav\u00e9s de cookies, nas condi\u00e7\u00f5es acima indicadas. O utilizador do site Standard Industrie \u00e9 obrigado a respeitar as disposi\u00e7\u00f5es da lei francesa sobre a protec\u00e7\u00e3o de dados de 6 de Janeiro de 1978, conforme alterada, cuja viola\u00e7\u00e3o est\u00e1 sujeita a san\u00e7\u00f5es penais. Em particular, deve abster-se de recolher ou utilizar qualquer informa\u00e7\u00e3o pessoal a que aceda e, em geral, qualquer acto que possa infringir a vida privada ou a reputa\u00e7\u00e3o das pessoas. Gest\u00e3o de bolos<\/p>\n<p>&nbsp;<\/p>\n<h3>Liga\u00e7\u00f5es de e para este conte\u00fado<\/h3>\n<p>O conte\u00fado dos dom\u00ednios da Standard Industrie pode incluir links para outros sites ou outros conte\u00fados da Internet, n\u00e3o pertencentes \u00e0 Standard Industrie. Consequentemente, a Standard Industrie n\u00e3o pode ser considerada respons\u00e1vel por estes conte\u00fados e pelo funcionamento destes sites (cookies, recolha de dados pessoais, &#8230;). \u00c9 poss\u00edvel criar links para conte\u00fados compilados ou produzidos pela Standard Industrie. A fim de optimizar estes links em benef\u00edcio de ambos os sites, a Standard Industrie pode solicitar uma modifica\u00e7\u00e3o na cria\u00e7\u00e3o do link (palavras-chave, URL, &#8230;).<\/p>\n<h3>Direitos de autor<\/h3>\n<p>Todos os direitos de reprodu\u00e7\u00e3o e distribui\u00e7\u00e3o reservados. Standard Industrie 2022.[\/vc_column_text][\/vc_column][\/vc_row]<\/p>\n","protected":false},"excerpt":{"rendered":"<p>[vc_row][vc_column][vc_empty_space][vc_column_text] Informa\u00e7\u00f5es sobre o editor do s\u00edtio STANDARD INDUSTRIE 139-141, rue du Luxembourg &#8211; CS 50207 59054 Roubaix Cedex 1 FRANCE Telefone : +33 (0)3 20<span class=\"excerpt-hellip\"> [\u2026]<\/span><\/p>\n","protected":false},"author":1,"featured_media":0,"parent":0,"menu_order":62,"comment_status":"open","ping_status":"open","template":"","meta":{"footnotes":""},"class_list":["post-889","page","type-page","status-publish","hentry"],"_links":{"self":[{"href":"https:\/\/www.standard-industrie.com\/pt\/wp-json\/wp\/v2\/pages\/889","targetHints":{"allow":["GET"]}}],"collection":[{"href":"https:\/\/www.standard-industrie.com\/pt\/wp-json\/wp\/v2\/pages"}],"about":[{"href":"https:\/\/www.standard-industrie.com\/pt\/wp-json\/wp\/v2\/types\/page"}],"author":[{"embeddable":true,"href":"https:\/\/www.standard-industrie.com\/pt\/wp-json\/wp\/v2\/users\/1"}],"replies":[{"embeddable":true,"href":"https:\/\/www.standard-industrie.com\/pt\/wp-json\/wp\/v2\/comments?post=889"}],"version-history":[{"count":0,"href":"https:\/\/www.standard-industrie.com\/pt\/wp-json\/wp\/v2\/pages\/889\/revisions"}],"wp:attachment":[{"href":"https:\/\/www.standard-industrie.com\/pt\/wp-json\/wp\/v2\/media?parent=889"}],"curies":[{"name":"wp","href":"https:\/\/api.w.org\/{rel}","templated":true}]}}