{"id":94,"date":"2014-05-20T15:36:20","date_gmt":"2014-05-20T14:36:20","guid":{"rendered":"https:\/\/www.standard-industrie.com\/pt\/?page_id=94"},"modified":"2023-06-07T11:03:55","modified_gmt":"2023-06-07T10:03:55","slug":"nossos-clientes","status":"publish","type":"page","link":"https:\/\/www.standard-industrie.com\/pt\/nossos-clientes\/","title":{"rendered":"NOSSOS CLIENTES"},"content":{"rendered":"<p>[vc_row][vc_column][vc_empty_space][\/vc_column][\/vc_row][vc_row][vc_column width=&#8221;1\/4&#8243;][\/vc_column][vc_column width=&#8221;1\/2&#8243;][vc_column_text]<\/p>\n<p style=\"text-align: center;\">As nossas solu\u00e7\u00f5es destinam-se a todos os industriais, em mais de 90 pa\u00edses, que armazenam e trabalham com produtos em p\u00f3&#8230; ou seja, mais de 60 sectores de actividade, incluindo: f\u00e1bricas de cimento, fundi\u00e7\u00f5es, f\u00e1bricas de cer\u00e2mica e de vidro, moinhos, ind\u00fastrias alimentares, siderurgia e siderurgia, f\u00e1bricas de cal, minas e pedreiras, empresas de limpeza, coquerias, empresas qu\u00edmicas, centrais t\u00e9rmicas e de biomassa, incinera\u00e7\u00e3o, etc&#8230;<\/p>\n<p style=\"text-align: center;\"><a href=\"https:\/\/www.standard-industrie.com\/pt\/estudos-de-caso\/\" target=\"_blank\" rel=\"noopener\"><strong>ver os nossos estudos de caso<\/strong><\/a><\/p>\n<p>[\/vc_column_text][\/vc_column][vc_column width=&#8221;1\/4&#8243;][\/vc_column][\/vc_row][vc_row el_class=&#8221;invert-block&#8221;][vc_column el_class=&#8221;partie-txt rouge&#8221;][vc_basic_grid post_type=&#8221;logo_client&#8221; max_items=&#8221;200&#8243; show_filter=&#8221;yes&#8221; element_width=&#8221;3&#8243; orderby=&#8221;title&#8221; order=&#8221;ASC&#8221; filter_style=&#8221;dropdown&#8221; filter_size=&#8221;sm&#8221; item=&#8221;5372&#8243; grid_id=&#8221;vc_gid:1686132205382-e5099483-d89a-7&#8243; filter_source=&#8221;secteur_activite&#8221; el_class=&#8221;logo-clients&#8221;][\/vc_column][\/vc_row][vc_row][vc_column][vc_btn title=&#8221;Contacte-nos&#8221; style=&#8221;flat&#8221; shape=&#8221;square&#8221; color=&#8221;black&#8221; align=&#8221;center&#8221; link=&#8221;url:http%3A%2F%2Fwww.standard-industrie.com\/pt%2Fcontact-standard-industrie%2F|title:Contact%20Standard%20industrie&#8221;][\/vc_column][\/vc_row]<\/p>\n","protected":false},"excerpt":{"rendered":"<p>[vc_row][vc_column][vc_empty_space][\/vc_column][\/vc_row][vc_row][vc_column width=&#8221;1\/4&#8243;][\/vc_column][vc_column width=&#8221;1\/2&#8243;][vc_column_text] As nossas solu\u00e7\u00f5es destinam-se a todos os industriais, em mais de 90 pa\u00edses, que armazenam e trabalham com produtos em p\u00f3&#8230; ou seja,<span class=\"excerpt-hellip\"> [\u2026]<\/span><\/p>\n","protected":false},"author":1,"featured_media":0,"parent":0,"menu_order":79,"comment_status":"closed","ping_status":"closed","template":"single-standard.php","meta":{"footnotes":""},"class_list":["post-94","page","type-page","status-publish","hentry"],"_links":{"self":[{"href":"https:\/\/www.standard-industrie.com\/pt\/wp-json\/wp\/v2\/pages\/94","targetHints":{"allow":["GET"]}}],"collection":[{"href":"https:\/\/www.standard-industrie.com\/pt\/wp-json\/wp\/v2\/pages"}],"about":[{"href":"https:\/\/www.standard-industrie.com\/pt\/wp-json\/wp\/v2\/types\/page"}],"author":[{"embeddable":true,"href":"https:\/\/www.standard-industrie.com\/pt\/wp-json\/wp\/v2\/users\/1"}],"replies":[{"embeddable":true,"href":"https:\/\/www.standard-industrie.com\/pt\/wp-json\/wp\/v2\/comments?post=94"}],"version-history":[{"count":0,"href":"https:\/\/www.standard-industrie.com\/pt\/wp-json\/wp\/v2\/pages\/94\/revisions"}],"wp:attachment":[{"href":"https:\/\/www.standard-industrie.com\/pt\/wp-json\/wp\/v2\/media?parent=94"}],"curies":[{"name":"wp","href":"https:\/\/api.w.org\/{rel}","templated":true}]}}