{"id":96,"date":"2014-05-20T15:36:35","date_gmt":"2014-05-20T14:36:35","guid":{"rendered":"https:\/\/www.standard-industrie.com\/pt\/?page_id=96"},"modified":"2023-02-23T16:11:52","modified_gmt":"2023-02-23T15:11:52","slug":"nossa-atividade","status":"publish","type":"page","link":"https:\/\/www.standard-industrie.com\/pt\/nossa-atividade\/","title":{"rendered":"NOSSA ATIVIDADE"},"content":{"rendered":"<p>[vc_row][vc_column][vc_empty_space][\/vc_column][\/vc_row][vc_row][vc_column][vc_column_text el_class=&#8221;gros-titre fort traits-gris-droite-gauche titre-gauche vc_sep_border_width_2 vc_separator wpb_content_element vc_separator_align_left vc_sep_width_100 vc_sep_pos_align_center vc_sep_color_grey vc_separator-has-text&#8221;]<\/p>\n<div class=\"vc_sep_holder vc_sep_holder_l\">\n<p class=\"vc_sep_line\" style=\"border-color: grey;\">\n<\/div>\n<h2>STANDARD INDUSTRIE INTERNATIONAL<\/h2>\n<div class=\"vc_sep_holder vc_sep_holder_r\">\n<p class=\"vc_sep_line\" style=\"border-color: grey;\">\n<\/div>\n<p>[\/vc_column_text][vc_row_inner][vc_column_inner width=&#8221;1\/6&#8243;][\/vc_column_inner][vc_column_inner width=&#8221;2\/3&#8243;][vc_column_text]<\/p>\n<p style=\"text-align: center;\">A STANDARD INDUSTRIE\u00a0International \u00e9, desde 1978, especialista no projeto e fabrica\u00e7\u00e3o de equipamentos que facilitam a limpeza industrial, a manuten\u00e7\u00e3o dos silos e a manuten\u00e7\u00e3o dos produtos em p\u00f3 a granel em seguran\u00e7a e respeitando o meio ambiente.<\/p>\n<p style=\"text-align: center;\">Com nossos procedimentos, voc\u00ea pode melhorar os desempenhos de suas ferramentas de produ\u00e7\u00e3o reduzindo custos de explora\u00e7\u00e3o e manuten\u00e7\u00e3o.<\/p>\n<p style=\"text-align: center;\">4 \u00e1reas de atividade a seu servi\u00e7o:<\/p>\n<p>[\/vc_column_text][\/vc_column_inner][vc_column_inner width=&#8221;1\/6&#8243;][\/vc_column_inner][\/vc_row_inner][\/vc_column][\/vc_row][vc_row el_class=&#8221;invert-block&#8221;][vc_column width=&#8221;1\/2&#8243; el_class=&#8221;partie-txt rouge&#8221;][vc_column_text el_class=&#8221;gros-titre fort traits-gris-droite-gauche titre-gauche vc_sep_border_width_2 vc_separator wpb_content_element vc_separator_align_left vc_sep_width_100 vc_sep_pos_align_center vc_sep_color_grey vc_separator-has-text trait-rouge&#8221;]<\/p>\n<div class=\"vc_sep_holder vc_sep_holder_l\">\n<p class=\"vc_sep_line\" style=\"border-color: grey;\">\n<\/div>\n<h2>ELIMINA\u00c7\u00c3O DAS OBSTRU\u00c7\u00d5ES E CONCRE\u00c7\u00d5ES<\/h2>\n<div class=\"vc_sep_holder vc_sep_holder_r\">\n<p class=\"vc_sep_line\" style=\"border-color: grey;\">\n<\/div>\n<p>[\/vc_column_text][vc_column_text]A STANDARD INDUSTRIE International oferece tecnologias adequadas aos diferentes tipos de obstru\u00e7\u00f5es. Estas solu\u00e7\u00f5es preventivas permitem melhorar a produtividade ajudando voc\u00ea a recuperar sua capacidade total de armazenamento.<\/p>\n<p>Produtos:\u00a0<a href=\"\/pt\/airchoc-wireless\/\">Canh\u00e3o de ar AIRCHOC\u00ae\u00a0Wireless<\/a>\u00a0e\u00a0<a href=\"\/pt\/macsys-wireless\/\">Canh\u00e3o de ar v\u00e1rias sa\u00eddas MACSYS Wireless<\/a>.[\/vc_column_text][\/vc_column][vc_column css_animation=&#8221;slideInRight&#8221; width=&#8221;1\/2&#8243;][vc_single_image image=&#8221;5876&#8243; img_size=&#8221;full&#8221; alignment=&#8221;center&#8221;][\/vc_column][\/vc_row][vc_row][vc_column][vc_btn title=&#8221;Contacte-nos&#8221; style=&#8221;flat&#8221; shape=&#8221;square&#8221; color=&#8221;black&#8221; align=&#8221;center&#8221; link=&#8221;url:%2Fpt%2Fcontacto%2F|title:Contact%20Standard%20industrie&#8221;][\/vc_column][\/vc_row][vc_row el_class=&#8221;invert-block&#8221;][vc_column css_animation=&#8221;slideInLeft&#8221; width=&#8221;1\/2&#8243;][vc_single_image image=&#8221;5877&#8243; img_size=&#8221;full&#8221; alignment=&#8221;center&#8221;][\/vc_column][vc_column width=&#8221;1\/2&#8243; el_class=&#8221;partie-txt jaune&#8221;][vc_column_text el_class=&#8221;gros-titre fort trait-jaune traits-gris-droite-gauche titre-gauche vc_sep_border_width_2 vc_separator wpb_content_element vc_separator_align_left vc_sep_width_100 vc_sep_pos_align_center vc_sep_color_grey vc_separator-has-text&#8221;]<\/p>\n<div class=\"vc_sep_holder vc_sep_holder_l\">\n<p class=\"vc_sep_line\" style=\"border-color: grey;\">\n<\/div>\n<h2>LIMPEZA INDUSTRIAL POR ASPIRA\u00c7\u00c3O<\/h2>\n<div class=\"vc_sep_holder vc_sep_holder_r\">\n<p class=\"vc_sep_line\" style=\"border-color: grey;\">\n<\/div>\n<p>[\/vc_column_text][vc_column_text]A STANDARD INDUSTRIE International oferece uma ampla linha de material industrial de aspira\u00e7\u00e3o para responder a todas as suas necessidades de limpeza, bombeamento e reciclagem: de 4 a 300 kw \u2013 el\u00e9trico \u2013 unidade fixa, m\u00f3vel ou caminh\u00e3o.<\/p>\n<p>&nbsp;<\/p>\n<p>Produtos:\u00a0<a href=\"\/pt\/valnet\/\">VALNET<\/a>,\u00a0<a href=\"\/pt\/uma-compact\/\">UMA Compact<\/a>,\u00a0<a href=\"\/pt\/inc\/\">INC<\/a>,\u00a0<a href=\"\/pt\/gad\/\">GAD<\/a>,\u00a0<a href=\"\/pt\/aspirador-centralizado-modulavel\/\">SAM<\/a>,\u00a0<a href=\"\/pt\/pad\/\">PAD<\/a>,\u00a0<a href=\"\/pt\/pre-separadores\/\">Pr\u00e9-separadores<\/a>.[\/vc_column_text][\/vc_column][\/vc_row][vc_row el_class=&#8221;invert-block&#8221;][vc_column width=&#8221;1\/2&#8243; el_class=&#8221;partie-txt vert&#8221;][vc_column_text el_class=&#8221;gros-titre fort traits-gris-droite-gauche titre-gauche vc_sep_border_width_2 vc_separator wpb_content_element vc_separator_align_left vc_sep_width_100 vc_sep_pos_align_center vc_sep_color_grey vc_separator-has-text trait-vert&#8221;]<\/p>\n<div class=\"vc_sep_holder vc_sep_holder_l\">\n<p class=\"vc_sep_line\" style=\"border-color: grey;\">\n<\/div>\n<h2>OTIMIZA\u00c7\u00c3O DAS CORREIAS TRANSPORTADORAS<\/h2>\n<div class=\"vc_sep_holder vc_sep_holder_r\">\n<p class=\"vc_sep_line\" style=\"border-color: grey;\">\n<\/div>\n<p>[\/vc_column_text][vc_column_text]A STANDARD INDUSTRIE International oferece um sistema inovador que melhora a estanqueidade de qualquer correia transportadora. Seus problemas de seguran\u00e7a, de redu\u00e7\u00e3o de emiss\u00f5es de poeiras e de seus custos de manuten\u00e7\u00e3o podem ser resolvidos gra\u00e7as a nosso sistema patenteado.<\/p>\n<p>&nbsp;<\/p>\n<p>Produtos:\u00a0<a href=\"\/pt\/liftube\/\">LIFTUBE\u00ae<\/a>[\/vc_column_text][\/vc_column][vc_column css_animation=&#8221;slideInRight&#8221; width=&#8221;1\/2&#8243;][vc_single_image image=&#8221;5878&#8243; img_size=&#8221;full&#8221; alignment=&#8221;center&#8221;][\/vc_column][\/vc_row][vc_row el_class=&#8221;invert-block&#8221;][vc_column css_animation=&#8221;slideInLeft&#8221; width=&#8221;1\/2&#8243;][vc_single_image image=&#8221;5879&#8243; img_size=&#8221;full&#8221; alignment=&#8221;center&#8221;][\/vc_column][vc_column width=&#8221;1\/2&#8243; el_class=&#8221;partie-txt bleu&#8221;][vc_column_text el_class=&#8221;gros-titre fort trait-bleu-fonce traits-gris-droite-gauche titre-gauche vc_sep_border_width_2 vc_separator wpb_content_element vc_separator_align_left vc_sep_width_100 vc_sep_pos_align_center vc_sep_color_grey vc_separator-has-text&#8221;]<\/p>\n<div class=\"vc_sep_holder vc_sep_holder_l\">\n<p class=\"vc_sep_line\" style=\"border-color: grey;\">\n<\/div>\n<h2>PRESTA\u00c7\u00c3O DE SERVI\u00c7OS DE LIMPEZA DE SILOS E TREMONHAS<\/h2>\n<div class=\"vc_sep_holder vc_sep_holder_r\">\n<p class=\"vc_sep_line\" style=\"border-color: grey;\">\n<\/div>\n<p>[\/vc_column_text][vc_column_text]A STANDARD INDUSTRIE International tamb\u00e9m presta servi\u00e7os e oferece opera\u00e7\u00f5es de limpeza e aspira\u00e7\u00e3o de silos e de tremonhas em seguran\u00e7a e sem interven\u00e7\u00e3o humana dentro de suas unidades de armazenamento.<\/p>\n<p>&nbsp;<\/p>\n<p>Produtos:\u00a0<a href=\"\/pt\/powernet\/\">POWERNET<\/a>,\u00a0<a href=\"\/pt\/gironet\/\">GIRONET<\/a>,\u00a0<a href=\"\/pt\/prestacoes-de-servicos-de-limpeza-de-silos-e-tremonhas\/\">Presta\u00e7\u00e3o de servi\u00e7os de limpeza por aspira\u00e7\u00e3o: CAM, VALNET, GAD<\/a>[\/vc_column_text][\/vc_column][\/vc_row][vc_row][vc_column][vc_btn title=&#8221;Contacte-nos&#8221; style=&#8221;flat&#8221; shape=&#8221;square&#8221; color=&#8221;black&#8221; align=&#8221;center&#8221; link=&#8221;url:%2Fpt%2Fcontacto%2F|title:Contact%20Standard%20industrie&#8221;][\/vc_column][\/vc_row]<\/p>\n","protected":false},"excerpt":{"rendered":"<p>[vc_row][vc_column][vc_empty_space][\/vc_column][\/vc_row][vc_row][vc_column][vc_column_text el_class=&#8221;gros-titre fort traits-gris-droite-gauche titre-gauche vc_sep_border_width_2 vc_separator wpb_content_element vc_separator_align_left vc_sep_width_100 vc_sep_pos_align_center vc_sep_color_grey vc_separator-has-text&#8221;] STANDARD INDUSTRIE INTERNATIONAL [\/vc_column_text][vc_row_inner][vc_column_inner width=&#8221;1\/6&#8243;][\/vc_column_inner][vc_column_inner width=&#8221;2\/3&#8243;][vc_column_text] A STANDARD INDUSTRIE\u00a0International \u00e9, desde 1978, especialista<span class=\"excerpt-hellip\"> [\u2026]<\/span><\/p>\n","protected":false},"author":1,"featured_media":0,"parent":0,"menu_order":80,"comment_status":"open","ping_status":"open","template":"single-standard.php","meta":{"footnotes":""},"class_list":["post-96","page","type-page","status-publish","hentry"],"_links":{"self":[{"href":"https:\/\/www.standard-industrie.com\/pt\/wp-json\/wp\/v2\/pages\/96","targetHints":{"allow":["GET"]}}],"collection":[{"href":"https:\/\/www.standard-industrie.com\/pt\/wp-json\/wp\/v2\/pages"}],"about":[{"href":"https:\/\/www.standard-industrie.com\/pt\/wp-json\/wp\/v2\/types\/page"}],"author":[{"embeddable":true,"href":"https:\/\/www.standard-industrie.com\/pt\/wp-json\/wp\/v2\/users\/1"}],"replies":[{"embeddable":true,"href":"https:\/\/www.standard-industrie.com\/pt\/wp-json\/wp\/v2\/comments?post=96"}],"version-history":[{"count":0,"href":"https:\/\/www.standard-industrie.com\/pt\/wp-json\/wp\/v2\/pages\/96\/revisions"}],"wp:attachment":[{"href":"https:\/\/www.standard-industrie.com\/pt\/wp-json\/wp\/v2\/media?parent=96"}],"curies":[{"name":"wp","href":"https:\/\/api.w.org\/{rel}","templated":true}]}}