{"id":98,"date":"2014-05-20T15:36:46","date_gmt":"2014-05-20T14:36:46","guid":{"rendered":"https:\/\/www.standard-industrie.com\/pt\/?page_id=98"},"modified":"2024-02-20T17:31:19","modified_gmt":"2024-02-20T16:31:19","slug":"filiais","status":"publish","type":"page","link":"https:\/\/www.standard-industrie.com\/pt\/filiais\/","title":{"rendered":"As nossas filiais"},"content":{"rendered":"<p>[vc_row][vc_column][vc_empty_space][\/vc_column][\/vc_row][vc_row gap=&#8221;35&#8243;][vc_column width=&#8221;1\/2&#8243;][vc_column_text el_class=&#8221;gros-titre fort trait-bleu traits-gris-droite-gauche titre-gauche vc_sep_border_width_2 vc_separator wpb_content_element vc_separator_align_left vc_sep_width_100 vc_sep_pos_align_center vc_sep_color_grey vc_separator-has-text&#8221;]<\/p>\n<div class=\"vc_sep_holder vc_sep_holder_l\">\n<p class=\"vc_sep_line\" style=\"border-color: grey;\">\n<\/div>\n<h2>Sede social<\/h2>\n<div class=\"vc_sep_holder vc_sep_holder_r\">\n<p class=\"vc_sep_line\" style=\"border-color: grey;\">\n<\/div>\n<p>[\/vc_column_text][vc_raw_html]JTNDc3Ryb25nJTNFU1RBTkRBUkQlMjBJTkRVU1RSSUUlM0MlMkZzdHJvbmclM0UlM0NiciUzRSUwQSUzQ3N0cm9uZyUzRUludGVybmF0aW9uYWwlM0MlMkZzdHJvbmclM0UlM0NiciUzRSUwQSUzQ2JyJTNFJTBBMTM5JTIwLTE0MSUyMHJ1ZSUyMGRlJTIwTHV4ZW1ib3VyZyUzQ2JyJTNFJTBBQ1MlMjA1MDIwNyUzQ2JyJTNFJTBBNTkwNTQlMjBST1VCQUlYJTIwQ2VkZXglMjAxJTNDYnIlM0UlMEFGUkFOQ0UlM0NiciUzRSUwQSUzQ2JyJTNFJTBBJTNDYSUyMGNsYXNzJTNEJTIydGVsZXBob25lJTIyJTIwaHJlZiUzRCUyMnRlbCUzQSUyQjMzMzIwMjgzMjMyJTIyJTIwb25jbGljayUzRCUyMl9wYXEucHVzaCUyOCU1QiUyN3RyYWNrTGluayUyNyUyQyUyMCUyN2h0dHBzJTNBJTJGJTJGc3RhbmRhcmQtaW5kdXN0cmllLmNvbSUyRmNsaWMtdGVsJTJGZnIlMjclMkMlMjAlMjdsaW5rJTI3JTVEJTI5JTNCJTIyJTNFVGVsJTIwJTNBJTIwJTJCMzMlMjAlMjgwJTI5MyUyMDIwJTIwMjglMjAzMiUyMDMyJTNDJTJGYSUzRSUzQ2JyJTNFJTBBRmF4JTIwJTNBJTIwJTJCMzMlMjAlMjgwJTI5MyUyMDIwJTIwNjglMjA1MSUyMDE2JTNDYnIlM0UlMEElM0NhJTIwY2xhc3MlM0QlMjJtYWlsJTIyJTIwaHJlZiUzRCUyMm1haWx0byUzQW1hcmtldCU0MHN0YW5kYXJkLWluZHVzdHJpZS5jb20lMjIlMjBvbmNsaWNrJTNEJTIyX3BhcS5wdXNoJTI4JTVCJTI3dHJhY2tMaW5rJTI3JTJDJTIwJTI3aHR0cHMlM0ElMkYlMkZzdGFuZGFyZC1pbmR1c3RyaWUuY29tJTJGY2xpYy1tYWlsJTJGZnIlMjclMkMlMjAlMjdsaW5rJTI3JTVEJTI5JTNCJTIyJTNFRW1haWwlMjAlM0ElMjBtYXJrZXQlNDBzdGFuZGFyZC1pbmR1c3RyaWUuY29tJTNDJTJGYSUzRQ==[\/vc_raw_html][\/vc_column][vc_column width=&#8221;1\/2&#8243;][vc_single_image image=&#8221;6314&#8243; img_size=&#8221;full&#8221; alignment=&#8221;center&#8221; css_animation=&#8221;fadeInRight&#8221;][\/vc_column][\/vc_row][vc_row gap=&#8221;35&#8243;][vc_column][vc_column_text el_class=&#8221;gros-titre fort trait-bleu traits-gris-droite-gauche titre-gauche vc_sep_border_width_2 vc_separator wpb_content_element vc_separator_align_left vc_sep_width_100 vc_sep_pos_align_center vc_sep_color_grey vc_separator-has-text&#8221;]<\/p>\n<div class=\"vc_sep_holder vc_sep_holder_l\">\n<p class=\"vc_sep_line\" style=\"border-color: grey;\">\n<\/div>\n<h2>Subsidi\u00e1ria<\/h2>\n<div class=\"vc_sep_holder vc_sep_holder_r\">\n<p class=\"vc_sep_line\" style=\"border-color: grey;\">\n<\/div>\n<p>[\/vc_column_text][\/vc_column][\/vc_row][vc_row gap=&#8221;35&#8243; equal_height=&#8221;yes&#8221; content_placement=&#8221;top&#8221;][vc_column width=&#8221;1\/3&#8243;][vc_column_text el_class=&#8221;pays&#8221;]Alemanha \/ \u00c1ustria \/ Su\u00ed\u00e7a[\/vc_column_text][vc_raw_html]JTNDc3Ryb25nJTNFU1RBTkRBUkQlMjBJTkRVU1RSSUUlMjBHTUJIJTNDJTJGc3Ryb25nJTNFJTNDYnIlM0UlMEElM0NiciUzRSUwQUhvcm5pc2dyaW5kZXN0cmFzc2UlMjA4MSUzQ2JyJTNFJTBBNzc4NjYlMjBSSEVJTkFVLU1FTVBSRUNIVFNIT0ZFTiUzQ2JyJTNFJTBBREVVVFNDSExBTkQlM0NiciUzRSUwQSUzQ2JyJTNFJTBBJTNDYSUyMGNsYXNzJTNEJTIydGVsZXBob25lJTIyJTIwaHJlZiUzRCUyMnRlbCUzQSUyQjQ5Nzg0NDkxMTQ2OCUyMiUyMG9uY2xpY2slM0QlMjJfcGFxLnB1c2glMjglNUIlMjd0cmFja0xpbmslMjclMkMlMjAlMjdodHRwcyUzQSUyRiUyRnN0YW5kYXJkLWluZHVzdHJpZS5jb20lMkZjbGljLXRlbCUyRkRFJTI3JTJDJTIwJTI3bGluayUyNyU1RCUyOSUzQiUyMiUzRVQlMjAlM0ElMjAlMkI0OSUyMCUyODAlMjk3ODQ0JTIwJTJGJTIwOTElMjAxNCUyMDY4JTNDJTJGYSUzRSUzQ2JyJTNFJTBBRiUyMCUzQSUyMCUyQjQ5JTIwJTI4MCUyOTc4NDQlMjAlMkYlMjA5MSUyMDEzJTIwNDglM0NiciUzRSUwQSUzQ2ElMjBjbGFzcyUzRCUyMm1haWwlMjIlMjBocmVmJTNEJTIybWFpbHRvJTNBbWFya2V0JTQwc3RhbmRhcmQtaW5kdXN0cmllLmNvbSUyMiUyMG9uY2xpY2slM0QlMjJfcGFxLnB1c2glMjglNUIlMjd0cmFja0xpbmslMjclMkMlMjAlMjdodHRwcyUzQSUyRiUyRnN0YW5kYXJkLWluZHVzdHJpZS5jb20lMkZjbGljLW1haWwlMkZERSUyNyUyQyUyMCUyN2xpbmslMjclNUQlMjklM0IlMjIlM0VtYXJrZXQlNDBzdGFuZGFyZC1pbmR1c3RyaWUuY29tJTNDJTJGYSUzRQ==[\/vc_raw_html][\/vc_column][vc_column width=&#8221;1\/3&#8243; css=&#8221;.vc_custom_1678806624377{border-right-width: 2px !important;border-left-width: 2px !important;padding-top: 0px !important;border-left-color: #5aa1e3 !important;border-left-style: solid !important;border-right-color: #5aa1e3 !important;border-right-style: solid !important;}&#8221;][vc_column_text el_class=&#8221;pays&#8221;]Angola \/ Botsuana \/ Lesoto \/ Madag\u00e1scar \/ Maur\u00edcia \/ Nam\u00edbia \/ \u00c1frica do Sul \/ Suazil\u00e2ndia \/ Z\u00e2mbia \/ Zimbabu\u00e9[\/vc_column_text][vc_raw_html]JTNDc3Ryb25nJTNFRklMSUFMRSUyMFNUQU5EQVJEJTIwSU5EVVNUUklFJTIwSW50ZXJuYXRpb25hbCUzQyUyRnN0cm9uZyUzRSUzQ2JyJTNFJTBBJTNDYnIlM0UlMEExNTIlMjBFZHdhcmQlMjBBdmVudWUlMjAtJTIwSGVubm9wc3BhcmslM0NiciUzRSUwQUNFTlRVUklPTiUyMDAwNDYlM0NiciUzRSUwQVNPVVRIJTIwQUZSSUNBJTNDYnIlM0UlMEElM0NiciUzRSUwQSUzQ2ElMjBjbGFzcyUzRCUyMnRlbGVwaG9uZSUyMiUyMGhyZWYlM0QlMjJ0ZWwlM0ElMkIyNzEyNjUzMTM3OSUyMiUyMG9uY2xpY2slM0QlMjJfcGFxLnB1c2glMjglNUIlMjd0cmFja0xpbmslMjclMkMlMjAlMjdodHRwJTNBJTJGJTJGc3RhbmRhcmQtaW5kdXN0cmllLmQyYmNvbnN1bHRpbmcuZnIlMkZjbGljLXRlbCUyRlpBJTI3JTJDJTIwJTI3bGluayUyNyU1RCUyOSUzQiUyMiUzRVQlMjAlM0ElMjAlMkIlMjAyNyUyMCUyODAlMjklMjAxMiUyMDY1MyUyMDEzNzklM0MlMkZhJTNFJTNDYnIlM0UlMEFGJTIwJTNBJTIwJTJCJTIwMjclMjAlMjgwJTI5MTIlMjA2NTMlMjAyNDM1JTNDYnIlM0UlMEElM0NhJTIwY2xhc3MlM0QlMjJtYWlsJTIyJTIwaHJlZiUzRCUyMm1haWx0byUzQW1hcmtldCU0MHN0YW5kYXJkLWluZHVzdHJpZS5jb20lMjIlMjBvbmNsaWNrJTNEJTIyX3BhcS5wdXNoJTI4JTVCJTI3dHJhY2tMaW5rJTI3JTJDJTIwJTI3aHR0cCUzQSUyRiUyRnN0YW5kYXJkLWluZHVzdHJpZS5kMmJjb25zdWx0aW5nLmZyJTJGY2xpYy1tYWlsJTJGWkElMjclMkMlMjAlMjdsaW5rJTI3JTVEJTI5JTNCJTIyJTNFbWFya2V0JTQwc3RhbmRhcmQtaW5kdXN0cmllLmNvbSUzQyUyRmElM0U=[\/vc_raw_html][\/vc_column][vc_column width=&#8221;1\/3&#8243;][vc_column_text el_class=&#8221;pays&#8221;]Argentina \/ Barbados \/ Belize \/ Bol\u00edvia \/ Chile \/ Col\u00f4mbia \/ Cuba \/ Guatemala \/ Guiana \/ Haiti \/ Honduras \/ Jamaica \/ M\u00e9xico \/ Ilhas Virgens de Porto Rico \/ Rep\u00fablica Dominicana. Rep\u00fablica Dominicana \/ El Salvador[\/vc_column_text][vc_raw_html]JTNDc3Ryb25nJTNFRklMSUFMRSUyMERVJTIwR1JPVVBFJTIwU1RBTkRBUkQlMjBJTkRVU1RSSUUlMjBTQSUyMERFJTIwQ1YlM0MlMkZzdHJvbmclM0UlM0NiciUzRSUwQSUzQ2JyJTNFJTBBQ2FsbGUlMjAyJTIwTiVDMiVCMDEyOSUyME5hdmUlMjAxMyUzQ2JyJTNFJTBBUGFycXVlJTIwSW5kdXN0cmlhbCUyMEp1cmljYSUzQ2JyJTNFJTBBQ1AlMjA3NjEwMCUyMFFVRVIlQzMlODlUQVJPJTJDJTIwUVJPJTNDYnIlM0UlMEFNRVhJQ08lM0NiciUzRSUwQSUzQ2JyJTNFJTBBJTNDYSUyMGNsYXNzJTNEJTIydGVsZXBob25lJTIyJTIwaHJlZiUzRCUyMnRlbCUzQSUyQjUyNDQyMjE4NDAwMiUyMiUyMG9uY2xpY2slM0QlMjJfcGFxLnB1c2glMjglNUIlMjd0cmFja0xpbmslMjclMkMlMjAlMjdodHRwcyUzQSUyRiUyRnN0YW5kYXJkLWluZHVzdHJpZS5jb20lMkZjbGljLXRlbCUyRk1YJTI3JTJDJTIwJTI3bGluayUyNyU1RCUyOSUzQiUyMiUzRVQlMjAlM0ElMjAlMkI1MiUyMCUyODQ0MiUyOSUyMDIxOCUyMDQwJTIwMDIlM0MlMkZhJTNFJTNDYnIlM0UlMEFGJTIwJTNBJTIwJTJCNTIlMjAlMjg0NDIlMjklMjAyMTglMjA0MCUyMDA4JTNDYnIlM0UlMEElM0NhJTIwY2xhc3MlM0QlMjJtYWlsJTIyJTIwaHJlZiUzRCUyMm1haWx0byUzQW1hcmtldCU0MHN0YW5kYXJkLWluZHVzdHJpZS5jb20lMjIlMjBvbmNsaWNrJTNEJTIyX3BhcS5wdXNoJTI4JTVCJTI3dHJhY2tMaW5rJTI3JTJDJTIwJTI3aHR0cHMlM0ElMkYlMkZzdGFuZGFyZC1pbmR1c3RyaWUuY29tJTJGY2xpYy1tYWlsJTJGTVglMjclMkMlMjAlMjdsaW5rJTI3JTVEJTI5JTNCJTIyJTNFbWFya2V0JTQwc3RhbmRhcmQtaW5kdXN0cmllLmNvbSUzQyUyRmElM0U=[\/vc_raw_html][\/vc_column][\/vc_row][vc_row][vc_column][vc_separator color=&#8221;sky&#8221; border_width=&#8221;2&#8243; el_width=&#8221;60&#8243; css_animation=&#8221;appear&#8221;][\/vc_column][\/vc_row][vc_row gap=&#8221;35&#8243; equal_height=&#8221;yes&#8221; content_placement=&#8221;top&#8221;][vc_column width=&#8221;1\/3&#8243;][vc_column_text]Canad\u00e1 \/ Estados Unidos \/ Bahamas[\/vc_column_text][vc_raw_html]JTNDc3Ryb25nJTNFU1RBTkFNJTIwSU5EVVNUUklFUyUyMEluYy4lM0MlMkZzdHJvbmclM0UlM0NiciUzRSUwQSUzQ2JyJTNFJTBBMTI4NDUlMjBVUyUyMEhpZ2h3YXklMkMlMjAxOSUyME5vcnRoJTNDYnIlM0UlMEFDTEVBUldBVEVSJTIwMzM3NjQlMjBGTCUzQ2JyJTNFJTBBVVNBJTNDYnIlM0UlMEElM0NiciUzRSUwQSUzQ2ElMjBjbGFzcyUzRCUyMnRlbGVwaG9uZSUyMiUyMGhyZWYlM0QlMjJ0ZWwlM0ElMkIxNzI3NTM4MjI5OSUyMiUyMG9uY2xpY2slM0QlMjJfcGFxLnB1c2glMjglNUIlMjd0cmFja0xpbmslMjclMkMlMjAlMjdodHRwcyUzQSUyRiUyRnN0YW5kYXJkLWluZHVzdHJpZS5jb20lMkZjbGljLXRlbCUyRlVTJTI3JTJDJTIwJTI3bGluayUyNyU1RCUyOSUzQiUyMiUzRVQlMjAlM0ElMjAlMjg3MjclMjklMjA1MzglMjAyMjk5JTNDJTJGYSUzRSUzQ2JyJTNFJTBBJTNDYSUyMGNsYXNzJTNEJTIydGVsZXBob25lLWZyZWUlMjIlMjBocmVmJTNEJTIydGVsJTNBJTJCMTg1NTgxNDk2NjAlMjIlMjBvbmNsaWNrJTNEJTIyX3BhcS5wdXNoJTI4JTVCJTI3dHJhY2tMaW5rJTI3JTJDJTIwJTI3aHR0cHMlM0ElMkYlMkZzdGFuZGFyZC1pbmR1c3RyaWUuY29tJTJGY2xpYy10ZWwtZnJlZSUyRlVTJTI3JTJDJTIwJTI3bGluayUyNyU1RCUyOSUzQiUyMiUzRVRvbGwlMjBGcmVlJTIwJTNBJTIwMS04NTUtODE0LTk2NjAlM0MlMkZhJTNFJTNDYnIlM0UlMEElM0NhJTIwY2xhc3MlM0QlMjJtYWlsJTIyJTIwaHJlZiUzRCUyMm1haWx0byUzQW1hcmtldCU0MHN0YW5kYXJkLWluZHVzdHJpZS5jb20lMjIlMjBvbmNsaWNrJTNEJTIyX3BhcS5wdXNoJTI4JTVCJTI3dHJhY2tMaW5rJTI3JTJDJTIwJTI3aHR0cHMlM0ElMkYlMkZzdGFuZGFyZC1pbmR1c3RyaWUuY29tJTJGY2xpYy1tYWlsJTJGVVMlMjclMkMlMjAlMjdsaW5rJTI3JTVEJTI5JTNCJTIyJTNFbWFya2V0JTQwc3RhbmRhcmQtaW5kdXN0cmllLmNvbSUzQyUyRmElM0UlMEElM0NiciUzRSUwQTI5NSUyMFJvYmluc29uJTIwU3RyZWV0JTNDYnIlM0UlMEFTdWl0ZSUyMDEwMCUyQyUyME9ha3ZpbGxlJTNDYnIlM0UlMEFDQU5BREElM0NiciUzRSUwQSUzQ2JyJTNF[\/vc_raw_html][\/vc_column][vc_column width=&#8221;1\/3&#8243; css=&#8221;.vc_custom_1678806635880{border-right-width: 2px !important;border-left-width: 2px !important;padding-top: 0px !important;border-left-color: #5aa1e3 !important;border-left-style: solid !important;border-right-color: #5aa1e3 !important;border-right-style: solid !important;}&#8221;][vc_column_text]It\u00e1lia \/ San Marino[\/vc_column_text][vc_raw_html]JTNDc3Ryb25nJTNFU1RBTkRBUkQlMjBJTkRVU1RSSUUlM0MlMkZzdHJvbmclM0UlM0NiciUzRSUwQSUzQ2JyJTNFJTBBVmlhJTIwRG9uJTIwTHVpZ2klMjBTdHVyem8lMkMlMjA2JTNDYnIlM0UlMEEyMDAxNiUyMFBlcm8lMjAlMjhNSUxBTiUyOSUyQyUyMExvbWJhcmRpYSUzQ2JyJTNFJTBBSVRBTElBJTNDYnIlM0UlMEElM0NiciUzRSUwQSUzQ2ElMjBjbGFzcyUzRCUyMnRlbGVwaG9uZSUyMiUyMGhyZWYlM0QlMjJ0ZWwlM0ElMkIzOTMzNTcwNjgwNzYlMjIlMjBvbmNsaWNrJTNEJTIyX3BhcS5wdXNoJTI4JTVCJTI3dHJhY2tMaW5rJTI3JTJDJTIwJTI3aHR0cHMlM0ElMkYlMkZzdGFuZGFyZC1pbmR1c3RyaWUuY29tJTJGY2xpYy10ZWwlMkZCaXJtYW5pZSUyNyUyQyUyMCUyN2xpbmslMjclNUQlMjklM0IlMjIlM0VUJTIwJTNBJTIwJTJCMzklMjAzMzUlMjA3MDY4MDc2JTNDJTJGYSUzRSUzQ2JyJTNFJTBBJTNDYSUyMGNsYXNzJTNEJTIydGVsZXBob25lLTIlMjIlMjBocmVmJTNEJTIydGVsJTNBJTJCMzkzMzU0NTk1NTclMjIlMjBvbmNsaWNrJTNEJTIyX3BhcS5wdXNoJTI4JTVCJTI3dHJhY2tMaW5rJTI3JTJDJTIwJTI3aHR0cHMlM0ElMkYlMkZzdGFuZGFyZC1pbmR1c3RyaWUuY29tJTJGY2xpYy10ZWwlMkZCaXJtYW5pZSUyNyUyQyUyMCUyN2xpbmslMjclNUQlMjklM0IlMjIlM0VUJTIwJTNBJTIwJTJCMzklMjAzMzUlMjA0NTk1NTclM0MlMkZhJTNFJTNDYnIlM0UlMEElM0NhJTIwY2xhc3MlM0QlMjJ0ZWxlcGhvbmUtMyUyMiUyMGhyZWYlM0QlMjJ0ZWwlM0ElMkIzMzMyMDI4MzIyOCUyMiUyMG9uY2xpY2slM0QlMjJfcGFxLnB1c2glMjglNUIlMjd0cmFja0xpbmslMjclMkMlMjAlMjdodHRwcyUzQSUyRiUyRnN0YW5kYXJkLWluZHVzdHJpZS5jb20lMkZjbGljLXRlbCUyRkJpcm1hbmllJTI3JTJDJTIwJTI3bGluayUyNyU1RCUyOSUzQiUyMiUzRVQlMjAlM0ElMjAlMkIzMyUyMDMyMDI4MzIyOCUzQyUyRmElM0UlM0NiciUzRSUwQSUzQ2ElMjBjbGFzcyUzRCUyMm1haWwlMjIlMjBocmVmJTNEJTIybWFpbHRvJTNBbWFya2V0JTQwc3RhbmRhcmQtaW5kdXN0cmllLmNvbSUyMiUyMG9uY2xpY2slM0QlMjJfcGFxLnB1c2glMjglNUIlMjd0cmFja0xpbmslMjclMkMlMjAlMjdodHRwcyUzQSUyRiUyRnN0YW5kYXJkLWluZHVzdHJpZS5jb20lMkZjbGljLW1haWwlMkZCaXJtYW5pZSUyNyUyQyUyMCUyN2xpbmslMjclNUQlMjklM0IlMjIlM0VtYXJrZXQlNDBzdGFuZGFyZC1pbmR1c3RyaWUuY29tJTNDJTJGYSUzRQ==[\/vc_raw_html][\/vc_column][vc_column width=&#8221;1\/3&#8243;][vc_column_text]Birm\u00e2nia \/ Rep. da Coreia \/ Singapura[\/vc_column_text][vc_raw_html]JTNDc3Ryb25nJTNFU1RBTkRBUkQlMjBJTkRVU1RSSUUlMjBTSU5HQVBPUkUlMjBQVEUlMjBMVEQlM0MlMkZzdHJvbmclM0UlM0NiciUzRSUwQSUzQ2JyJTNFJTBBN2glMjBXb28lMjBNb24lMjBDaGV3JTIwUm9hZCUzQ2JyJTNFJTBBR3JhY2UlMjBjb3VydCUyMGFwcGFydG1lbnQlM0NiciUzRSUwQVNJTkdBUE9SRSUyMDQ1NTA1OSUzQ2JyJTNFJTBBU0lOR0FQT1JFJTNDYnIlM0UlMEElM0NiciUzRSUwQSUzQ2ElMjBjbGFzcyUzRCUyMnRlbGVwaG9uZSUyMiUyMGhyZWYlM0QlMjJ0ZWwlM0ElMkI2NTk3MjU3NDE2JTIyJTIwb25jbGljayUzRCUyMl9wYXEucHVzaCUyOCU1QiUyN3RyYWNrTGluayUyNyUyQyUyMCUyN2h0dHAlM0ElMkYlMkZzdGFuZGFyZC1pbmR1c3RyaWUuZDJiY29uc3VsdGluZy5mciUyRmNsaWMtdGVsJTJGU0clMjclMkMlMjAlMjdsaW5rJTI3JTVEJTI5JTNCJTIyJTNFVCUyMCUzQSUyMCUyQjY1JTIwOTclMjAyNSUyMDc0JTIwMTYlM0MlMkZhJTNFJTNDYnIlM0UlMEElM0NhJTIwY2xhc3MlM0QlMjJtYWlsJTIyJTIwaHJlZiUzRCUyMm1haWx0byUzQW1hcmtldCU0MHN0YW5kYXJkLWluZHVzdHJpZS5jb20lMjIlMjBvbmNsaWNrJTNEJTIyX3BhcS5wdXNoJTI4JTVCJTI3dHJhY2tMaW5rJTI3JTJDJTIwJTI3aHR0cCUzQSUyRiUyRnN0YW5kYXJkLWluZHVzdHJpZS5kMmJjb25zdWx0aW5nLmZyJTJGY2xpYy1tYWlsJTJGU0clMjclMkMlMjAlMjdsaW5rJTI3JTVEJTI5JTNCJTIyJTNFbWFya2V0JTQwc3RhbmRhcmQtaW5kdXN0cmllLmNvbSUzQyUyRmElM0U=[\/vc_raw_html][\/vc_column][\/vc_row][vc_row][vc_column][vc_separator color=&#8221;sky&#8221; border_width=&#8221;2&#8243; el_width=&#8221;60&#8243; css_animation=&#8221;appear&#8221;][\/vc_column][\/vc_row][vc_row gap=&#8221;35&#8243; equal_height=&#8221;yes&#8221; content_placement=&#8221;top&#8221;][vc_column width=&#8221;1\/3&#8243;][vc_column_text]China[\/vc_column_text][vc_raw_html]JTNDc3Ryb25nJTNFR1VBTkdaSE9VJTIwQUlSQ0hPQyUyMElORFVTVFJJQUwlMjBFUVVJUE1FTlQlMjBDTy4lMjBMVEQlM0MlMkZzdHJvbmclM0UlM0NiciUzRSUwQSUzQ2JyJTNFJTBBUm9vbSUyMDIwMS0yMDMlMkMlMjBOby43MjAlMkMlMjBZdW4lMjBDaGVuZyUyMFhpJTIwUm9hZCUyMCUyOEJhaVl1biUyMFdhbmRhJTIwUGxhemElMjBDNCUyMGJ1aWxkaW5nJTIwMjAxLTIwMyUyOSUzQ2JyJTNFJTBBQmFpWXVuJTIwRGlzdHJpY3QlMjBEb25nJTIwUGluZyUyMFNvdXRoJTNDYnIlM0UlMEFHVUFOR1pIT1UlMjBDaXR5JTIwNTEwNDAzJTNDYnIlM0UlMEFDSElOQSUzQ2JyJTNFJTBBJTNDYnIlM0UlMEElM0NhJTIwY2xhc3MlM0QlMjJ0ZWxlcGhvbmUlMjIlMjBocmVmJTNEJTIydGVsJTNBJTJCODYwMjAzNjIxNDg3NCUyMiUyMG9uY2xpY2slM0QlMjJfcGFxLnB1c2glMjglNUIlMjd0cmFja0xpbmslMjclMkMlMjAlMjdodHRwJTNBJTJGJTJGc3RhbmRhcmQtaW5kdXN0cmllLmQyYmNvbnN1bHRpbmcuZnIlMkZjbGljLXRlbCUyRkNOJTI3JTJDJTIwJTI3bGluayUyNyU1RCUyOSUzQiUyMiUzRVQlMjAlM0ElMjAlMkI4NiUyMDAyMCUyMDM2MiUyMDE0OCUyMDc0JTNDJTJGYSUzRSUzQ2JyJTNFJTBBRiUyMCUzQSUyMCUyQiUyMDg2JTIwMDIwJTIwMzYyJTIwMTQxJTIwNTQlM0NiciUzRSUwQSUzQ2ElMjBjbGFzcyUzRCUyMm1haWwlMjIlMjBocmVmJTNEJTIybWFpbHRvJTNBbWFya2V0JTQwc3RhbmRhcmQtaW5kdXN0cmllLmNvbSUyMiUyMG9uY2xpY2slM0QlMjJfcGFxLnB1c2glMjglNUIlMjd0cmFja0xpbmslMjclMkMlMjAlMjdodHRwJTNBJTJGJTJGc3RhbmRhcmQtaW5kdXN0cmllLmQyYmNvbnN1bHRpbmcuZnIlMkZjbGljLW1haWwlMkZDTiUyNyUyQyUyMCUyN2xpbmslMjclNUQlMjklM0IlMjIlM0VtYXJrZXQlNDBzdGFuZGFyZC1pbmR1c3RyaWUuY29tJTNDJTJGYSUzRQ==[\/vc_raw_html][\/vc_column][vc_column width=&#8221;1\/3&#8243; css=&#8221;.vc_custom_1678806645530{border-right-width: 2px !important;border-left-width: 2px !important;padding-top: 0px !important;border-left-color: #5aa1e3 !important;border-left-style: solid !important;border-right-color: #5aa1e3 !important;border-right-style: solid !important;}&#8221;][vc_column_text]Espanha \/ Portugal[\/vc_column_text][vc_raw_html]JTNDc3Ryb25nJTNFU1RBTkRBUkQlMjBJTkRVU1RSSUElMjBTLkElM0MlMkZzdHJvbmclM0UlM0NiciUzRSUwQSUzQ2JyJTNFJTBBTGElMjB0cmF2ZXMlQzMlQURhJTIwZGUlMjBUJUMzJUE5bGxleiUyMG4lQzIlQjA0JTNDYnIlM0UlMEEyODAwNyUyME1BRFJJRCUzQ2JyJTNFJTBBRVNQQSVDMyU5MUElM0NiciUzRSUwQSUzQ2JyJTNFJTBBJTNDYSUyMGNsYXNzJTNEJTIydGVsZXBob25lJTIyJTIwaHJlZiUzRCUyMnRlbCUzQSUyQjM0OTE1NTQ0NjYxJTIyJTIwb25jbGljayUzRCUyMl9wYXEucHVzaCUyOCU1QiUyN3RyYWNrTGluayUyNyUyQyUyMCUyN2h0dHBzJTNBJTJGJTJGc3RhbmRhcmQtaW5kdXN0cmllLmNvbSUyRmNsaWMtdGVsJTJGRVMlMjclMkMlMjAlMjdsaW5rJTI3JTVEJTI5JTNCJTIyJTNFVCUyMCUzQSUyMCUyQjM0JTIwOTElMjA1NTQlMjA0NiUyMDYxJTNDJTJGYSUzRSUzQ2JyJTNFJTBBJTNDYSUyMGNsYXNzJTNEJTIybWFpbCUyMiUyMGhyZWYlM0QlMjJtYWlsdG8lM0FtYXJrZXQlNDBzdGFuZGFyZC1pbmR1c3RyaWUuY29tJTIyJTIwb25jbGljayUzRCUyMl9wYXEucHVzaCUyOCU1QiUyN3RyYWNrTGluayUyNyUyQyUyMCUyN2h0dHBzJTNBJTJGJTJGc3RhbmRhcmQtaW5kdXN0cmllLmNvbSUyRmNsaWMtbWFpbCUyRkVTJTI3JTJDJTIwJTI3bGluayUyNyU1RCUyOSUzQiUyMiUzRW1hcmtldCU0MHN0YW5kYXJkLWluZHVzdHJpZS5jb20lM0MlMkZhJTNF[\/vc_raw_html][\/vc_column][\/vc_row][vc_row][vc_column][vc_separator color=&#8221;sky&#8221; border_width=&#8221;2&#8243; el_width=&#8221;60&#8243; css_animation=&#8221;appear&#8221;][\/vc_column][\/vc_row][vc_row gap=&#8221;35&#8243; equal_height=&#8221;yes&#8221; content_placement=&#8221;top&#8221;][vc_column width=&#8221;2\/3&#8243;][vc_column_text]Afeganist\u00e3o \/ Alb\u00e2nia \/ Arg\u00e9lia \/ Andorra \/ Arm\u00e9nia \/ Austr\u00e1lia \/ Azerbaij\u00e3o \/ Bar\u00e9m \/ Bangladeche \/ Benim \/ But\u00e3o \/ Bielorr\u00fassia \/ B\u00f3snia \/ Brasil \/ Brunei \/ Bulg\u00e1ria \/ Burkina Faso \/ Burundi \/ Camboja \/ Camar\u00f5es \/ Cabo Verde Costa Rica \/ Costa do Marfim \/ Cro\u00e1cia \/ Dinamarca \/ Djibuti \/ Equador \/ Egipto \/ Est\u00f3nia \/ Eti\u00f3pia \/ Fiji \/ Finl\u00e2ndia \/ Gab\u00e3o \/ \/ G\u00e2mbia \/ Ge\u00f3rgia \/ Gana \/ Gr\u00e9cia \/ Guin\u00e9 \/ Guin\u00e9 Bissau \/ Guin\u00e9 Equatorial \/ Hong Kong \/ Hungria \/ \u00cdndia \/ Indon\u00e9sia \/ Ir\u00e3o \/ Iraque \/ Irlanda \/ Indon\u00e9sia \/ Ir\u00e3o \/ Iraque \/ Isl\u00e2ndia \/ Irlanda \/ Israel \/ Jap\u00e3o \/ Jord\u00e2nia \/ Cazaquist\u00e3o \/ Qu\u00e9nia \/ Quirguizist\u00e3o \/ Kosovo \/ Kuwait \/ Laos \/ Let\u00f3nia \/ L\u00edbano \/ Lib\u00e9ria \/ L\u00edbia \/ Litu\u00e2nia \/ Macau \/ Maced\u00f3nia \/ Mal\u00e1sia \/ Malawi \/ Maldivas \/ Mali \/ Malta \/ Maurit\u00e2nia \/ Marrocos \/ Mold\u00e1via \/ M\u00f3naco \/ Mong\u00f3lia \/ Montenegro \/ Marrocos \/ Mo\u00e7ambique \/ Nepal \/ Nicar\u00e1gua \/ N\u00edger \/ Nig\u00e9ria \/ Nova Zel\u00e2ndia \/ Om\u00e3 \/ Paquist\u00e3o \/ Panam\u00e1 \/ Papua Nova Guin\u00e9 \/ Paraguai \/ Peru \/ Filipinas \/ Pol\u00f3nia \/ Qatar \/ Rep. Centro-Africana Rep\u00fablica Centro-Africana \/ Rep. Democr\u00e1tica Rep\u00fablica Democr\u00e1tica do Congo \/ Rep. Eslovaca \/ Rep\u00fablica Democr\u00e1tica do Congo \/ Rep\u00fablica Eslovaca \/ Rep\u00fablica do Congo \/ Rep\u00fablica Democr\u00e1tica do Congo \/ Rep\u00fablica Eslovaca Eslov\u00e1quia \/ Rep. Checa \/ Rep\u00fablica Democr\u00e1tica do Congo Rom\u00e9nia \/ R\u00fassia \/ Ruanda \/ Senegal \/ S\u00e9rvia \/ Seicheles \/ Serra Leoa \/ Eslov\u00e9nia \/ Sul do Sud\u00e3o \/ Sri Lanka \/ Su\u00e9cia \/ Suriname \/ S\u00edria \/ Tajiquist\u00e3o \/ Taiwan \/ Tanz\u00e2nia \/ Chade \/ Tail\u00e2ndia \/ Timor Leste \/ Togo \/ Tun\u00edsia \/ Turquia \/ Ucr\u00e2nia \/ Reino Unido \/ Uruguai \/ Venezuela \/ Vietname \/[\/vc_column_text][vc_column_text]<a href=\"\/pt\/contacto\/\">Por favor contacte o escrit\u00f3rio central<\/a>[\/vc_column_text][\/vc_column][\/vc_row]<\/p>\n","protected":false},"excerpt":{"rendered":"<p>[vc_row][vc_column][vc_empty_space][\/vc_column][\/vc_row][vc_row gap=&#8221;35&#8243;][vc_column width=&#8221;1\/2&#8243;][vc_column_text el_class=&#8221;gros-titre fort trait-bleu traits-gris-droite-gauche titre-gauche vc_sep_border_width_2 vc_separator wpb_content_element vc_separator_align_left vc_sep_width_100 vc_sep_pos_align_center vc_sep_color_grey vc_separator-has-text&#8221;] Sede social [\/vc_column_text][vc_raw_html]JTNDc3Ryb25nJTNFU1RBTkRBUkQlMjBJTkRVU1RSSUUlM0MlMkZzdHJvbmclM0UlM0NiciUzRSUwQSUzQ3N0cm9uZyUzRUludGVybmF0aW9uYWwlM0MlMkZzdHJvbmclM0UlM0NiciUzRSUwQSUzQ2JyJTNFJTBBMTM5JTIwLTE0MSUyMHJ1ZSUyMGRlJTIwTHV4ZW1ib3VyZyUzQ2JyJTNFJTBBQ1MlMjA1MDIwNyUzQ2JyJTNFJTBBNTkwNTQlMjBST1VCQUlYJTIwQ2VkZXglMjAxJTNDYnIlM0UlMEFGUkFOQ0UlM0NiciUzRSUwQSUzQ2JyJTNFJTBBJTNDYSUyMGNsYXNzJTNEJTIydGVsZXBob25lJTIyJTIwaHJlZiUzRCUyMnRlbCUzQSUyQjMzMzIwMjgzMjMyJTIyJTIwb25jbGljayUzRCUyMl9wYXEucHVzaCUyOCU1QiUyN3RyYWNrTGluayUyNyUyQyUyMCUyN2h0dHBzJTNBJTJGJTJGc3RhbmRhcmQtaW5kdXN0cmllLmNvbSUyRmNsaWMtdGVsJTJGZnIlMjclMkMlMjAlMjdsaW5rJTI3JTVEJTI5JTNCJTIyJTNFVGVsJTIwJTNBJTIwJTJCMzMlMjAlMjgwJTI5MyUyMDIwJTIwMjglMjAzMiUyMDMyJTNDJTJGYSUzRSUzQ2JyJTNFJTBBRmF4JTIwJTNBJTIwJTJCMzMlMjAlMjgwJTI5MyUyMDIwJTIwNjglMjA1MSUyMDE2JTNDYnIlM0UlMEElM0NhJTIwY2xhc3MlM0QlMjJtYWlsJTIyJTIwaHJlZiUzRCUyMm1haWx0byUzQW1hcmtldCU0MHN0YW5kYXJkLWluZHVzdHJpZS5jb20lMjIlMjBvbmNsaWNrJTNEJTIyX3BhcS5wdXNoJTI4JTVCJTI3dHJhY2tMaW5rJTI3JTJDJTIwJTI3aHR0cHMlM0ElMkYlMkZzdGFuZGFyZC1pbmR1c3RyaWUuY29tJTJGY2xpYy1tYWlsJTJGZnIlMjclMkMlMjAlMjdsaW5rJTI3JTVEJTI5JTNCJTIyJTNFRW1haWwlMjAlM0ElMjBtYXJrZXQlNDBzdGFuZGFyZC1pbmR1c3RyaWUuY29tJTNDJTJGYSUzRQ==[\/vc_raw_html][\/vc_column][vc_column width=&#8221;1\/2&#8243;][vc_single_image image=&#8221;6314&#8243; img_size=&#8221;full&#8221; alignment=&#8221;center&#8221; css_animation=&#8221;fadeInRight&#8221;][\/vc_column][\/vc_row][vc_row gap=&#8221;35&#8243;][vc_column][vc_column_text el_class=&#8221;gros-titre<span class=\"excerpt-hellip\"> [\u2026]<\/span><\/p>\n","protected":false},"author":1,"featured_media":0,"parent":0,"menu_order":59,"comment_status":"closed","ping_status":"closed","template":"single-standard.php","meta":{"footnotes":""},"class_list":["post-98","page","type-page","status-publish","hentry"],"_links":{"self":[{"href":"https:\/\/www.standard-industrie.com\/pt\/wp-json\/wp\/v2\/pages\/98","targetHints":{"allow":["GET"]}}],"collection":[{"href":"https:\/\/www.standard-industrie.com\/pt\/wp-json\/wp\/v2\/pages"}],"about":[{"href":"https:\/\/www.standard-industrie.com\/pt\/wp-json\/wp\/v2\/types\/page"}],"author":[{"embeddable":true,"href":"https:\/\/www.standard-industrie.com\/pt\/wp-json\/wp\/v2\/users\/1"}],"replies":[{"embeddable":true,"href":"https:\/\/www.standard-industrie.com\/pt\/wp-json\/wp\/v2\/comments?post=98"}],"version-history":[{"count":0,"href":"https:\/\/www.standard-industrie.com\/pt\/wp-json\/wp\/v2\/pages\/98\/revisions"}],"wp:attachment":[{"href":"https:\/\/www.standard-industrie.com\/pt\/wp-json\/wp\/v2\/media?parent=98"}],"curies":[{"name":"wp","href":"https:\/\/api.w.org\/{rel}","templated":true}]}}